{"id":184,"date":"2019-02-06T05:14:07","date_gmt":"2019-02-06T04:14:07","guid":{"rendered":"https:\/\/firmafotografen.no\/?page_id=184"},"modified":"2019-04-15T04:00:05","modified_gmt":"2019-04-15T02:00:05","slug":"bedriftsansatte-portretter","status":"publish","type":"page","link":"https:\/\/firmafotografen.no\/en\/bedriftsfotografering\/bedriftsansatte-portretter\/","title":{"rendered":"Bedriftsansatte Portretter"},"content":{"rendered":"<div id=\"pl-184\" class=\"panel-layout\">\r\n<div id=\"pg-184-0\" class=\"panel-grid panel-no-style\" data-style=\"{&quot;background_display&quot;:&quot;tile&quot;,&quot;cell_alignment&quot;:&quot;flex-start&quot;}\">\r\n<div id=\"pgc-184-0-0\" class=\"panel-grid-cell\" data-style=\"{&quot;background_display&quot;:&quot;tile&quot;,&quot;vertical_alignment&quot;:&quot;auto&quot;}\" data-weight=\"0.38184931506849\">\r\n<div id=\"panel-184-0-0-0\" class=\"so-panel widget widget_sow-editor panel-first-child panel-last-child\" data-index=\"0\" data-style=\"{&quot;background_display&quot;:&quot;tile&quot;}\">\r\n<div class=\"so-widget-sow-editor so-widget-sow-editor-base\">\r\n<div class=\"siteorigin-widget-tinymce textwidget\">\r\n<h2>Bilder av ansatte portrett for nettside<\/h2>\r\n<p>Om du skulle trenge bilder av dine ansatte for ID kort, webside kan vi v\u00e6re behjelpelige med h\u00f8y oppl\u00f8sningsbilder som egner seg b\u00e5de til ID kort og web presentasjon.<\/p>\r\n<p>Det er bevist at bilder av ansatte skaper tillitt hos webside-bes\u00f8kende, og det anbefalles av marketingeksperter \u00e5 legge relevante gruppebilder og enkle bilder av ansatte p\u00e5 forskjellige steder i hjemmesiden, der usikkerhet kan oppst\u00e5.<\/p>\r\n<p>Kombiner portrettfotografering av ansatte og ledelse med gruppebilder og introduksjonsbilder av deres lokaler og hva dere driver med.<\/p>\r\n<p><img decoding=\"async\" loading=\"lazy\" class=\"alignnone  wp-image-185\" src=\"https:\/\/firmafotografen.no\/assets\/uploads\/happy.jpg\" alt=\"\" width=\"383\" height=\"255\" srcset=\"https:\/\/firmafotografen.no\/assets\/uploads\/happy.jpg 600w, https:\/\/firmafotografen.no\/assets\/uploads\/happy-430x287.jpg 430w, https:\/\/firmafotografen.no\/assets\/uploads\/happy-150x100.jpg 150w\" sizes=\"(max-width: 383px) 100vw, 383px\" \/><\/p>\r\n<h3>F\u00c5 ET TILBUD P\u00c5 PORTRETTFOTOGRAFERING FOR DIN BEDRIFT<\/h3>\r\n<div class=\"caldera-grid\" id=\"caldera_form_1\" data-cf-ver=\"1.9.5\" data-cf-form-id=\"CF5ca2fb589a2c6\"><div id=\"caldera_notices_1\" data-spinner=\"https:\/\/firmafotografen.no\/wp-admin\/images\/spinner.gif\"><\/div><form data-instance=\"1\" class=\"CF5ca2fb589a2c6 caldera_forms_form cfajax-trigger\" method=\"POST\" enctype=\"multipart\/form-data\" id=\"CF5ca2fb589a2c6_1\" data-form-id=\"CF5ca2fb589a2c6\" aria-label=\"Bedriftsportrett tilbud\" data-target=\"#caldera_notices_1\" data-template=\"#cfajax_CF5ca2fb589a2c6-tmpl\" data-cfajax=\"CF5ca2fb589a2c6\" data-load-element=\"_parent\" data-load-class=\"cf_processing\" data-post-disable=\"0\" data-action=\"cf_process_ajax_submit\" data-request=\"https:\/\/firmafotografen.no\/en\/cf-api\/CF5ca2fb589a2c6\" data-hiderows=\"true\">\r\n<input type=\"hidden\" id=\"_cf_verify_CF5ca2fb589a2c6\" name=\"_cf_verify\" value=\"14df9572c8\"  data-nonce-time=\"1775494179\" \/><input type=\"hidden\" name=\"_wp_http_referer\" value=\"\/en\/wp-json\/wp\/v2\/pages\/184\" \/><div id=\"cf2-CF5ca2fb589a2c6_1\"><\/div><input type=\"hidden\" name=\"_cf_frm_id\" value=\"CF5ca2fb589a2c6\">\r\n<input type=\"hidden\" name=\"_cf_frm_ct\" value=\"1\">\r\n<input type=\"hidden\" name=\"cfajax\" value=\"CF5ca2fb589a2c6\">\r\n<input type=\"hidden\" name=\"_cf_cr_pst\" value=\"184\">\r\n<div class=\"hide\" style=\"display:none; overflow:hidden;height:0;width:0;\">\r\n<label>Web Site<\/label><input type=\"text\" name=\"web_site\" value=\"\" autocomplete=\"off\">\r\n<\/div><div id=\"CF5ca2fb589a2c6_1-row-1\"  class=\"row  first_row\"><div  class=\"col-sm-6  first_col\"><div data-field-wrapper=\"fld_6496615\" class=\"form-group\" id=\"fld_6496615_1-wrap\">\r\n\t<label id=\"fld_6496615Label\" for=\"fld_6496615_1\" class=\"control-label\">Antall ansatte <span aria-hidden=\"true\" role=\"presentation\" class=\"field_required\" style=\"color:#ee0000;\">*<\/span><\/label>\r\n\t<div class=\"\">\r\n\t\t<input   required type=\"number\" data-field=\"fld_6496615\" class=\" form-control\" id=\"fld_6496615_1\" name=\"fld_6496615\" value=\"3\" data-type=\"number\" min=\"3\" step=\"1\" data-parsley-type=\"number\" aria-required=\"true\"   aria-labelledby=\"fld_6496615Label\" >\t\t\t<\/div>\r\n<\/div>\r\n\n<div data-field-wrapper=\"fld_3424080\" class=\"form-group\" id=\"fld_3424080_1-wrap\">\r\n\t<label id=\"fld_3424080Label\" for=\"fld_3424080_1\" class=\"control-label\">Hvilken dato? (Velg n\u00e6rmeste dersom usikker)<\/label>\r\n\t<div class=\"\">\r\n\t\t<input  type=\"text\" data-provide=\"cfdatepicker\" name=\"fld_3424080\" value=\"06-04-2026\" id=\"fld_3424080_1\" data-field=\"fld_3424080\" class=\"form-control cfdatepicker is-cfdatepicker\" data-date-format=\"dd-mm-yyyy\" data-date-start-view=\"month\"  data-date-start-date=\"+1d\" data-date-end-date=\"+2m\" data-date-language=\"no\" data-date-autoclose=\"true\"   aria-labelledby=\"fld_3424080Label\" aria-describedby=\"fld_3424080Caption\"   \/>\n\t\t<span id=\"fld_3424080Caption\" class=\"help-block\">Trykk over for \u00e5 velge<\/span>\r\n\t<\/div>\r\n<\/div>\r\n<div data-field-wrapper=\"fld_3323689\" class=\"form-group\" id=\"fld_3323689_1-wrap\">\r\n\t<label id=\"fld_3323689Label\" for=\"fld_3323689_1\" class=\"control-label\">Dele opp fotografering over flere dager?<\/label>\r\n\t<div class=\"\">\r\n\t\t\t\t\t\t\t\t\t\t\t<div class=\"checkbox\">\n\t\t\t\t\n                <label                         for=\"fld_3323689_1_opt1672231\"\n                >\n                            <input\n                                                                type=\"checkbox\"\n                                data-label=\"Ja\"\n                                data-field=\"fld_3323689\"\n                                id=\"fld_3323689_1_opt1672231\"\n                                class=\"fld_3323689_1\"\n                                name=\"fld_3323689[opt1672231]\"\n                                value=\"Ja\"\n                                                                data-type=\"checkbox\"\n                                data-checkbox-field=\"fld_3323689_1\"\n                                                                data-calc-value=\"Ja\"\n                            >\n                    Ja                <\/label>\n\n                \t\t\t\t\t<\/div>\n\t\t\t\t\t\t\t\t\t\t<span id=\"fld_3323689Caption\" class=\"help-block\">Lurt dersom det er ansatte som er: P\u00e5 reise, syke, p\u00e5 ferie, permissjon m.m..<\/span>\r\n\t<\/div>\r\n<\/div>\r\n<\/div><div  class=\"col-sm-3 \"><div data-field-wrapper=\"fld_6800632\" class=\"form-group\" id=\"fld_6800632_1-wrap\">\r\n<label id=\"fld_6800632Label\" for=\"fld_6800632_1\" class=\"control-label\">Fargevalg<\/label>\r\n<div class=\"\">\r\n\t\t\t\t<label class=\"radio-inline\" data-label=\"Farger\" for=\"fld_6800632_1_opt1652132\"><input type=\"radio\" id=\"fld_6800632_1_opt1652132\" data-field=\"fld_6800632\" class=\"fld_6800632_1\" name=\"fld_6800632\" value=\"Farger\" checked=\"checked\"   data-radio-field=\"fld_6800632_1\" data-type=\"radio\" data-calc-value=\"Farger\" \/>\n\t\t\tFarger\t\t<\/label>\n\t\t\t\t\t\t\t\t<label class=\"radio-inline\" data-label=\"Svart-hvitt\" for=\"fld_6800632_1_opt2069539\"><input type=\"radio\" id=\"fld_6800632_1_opt2069539\" data-field=\"fld_6800632\" class=\"fld_6800632_1\" name=\"fld_6800632\" value=\"Svart-hvitt\"    data-radio-field=\"fld_6800632_1\" data-type=\"radio\" data-calc-value=\"Svart-hvitt\" \/>\n\t\t\tSvart-hvitt\t\t<\/label>\n\t\t\t\t\t\t\t\t<label class=\"radio-inline\" data-label=\"Begge\" for=\"fld_6800632_1_opt1906771\"><input type=\"radio\" id=\"fld_6800632_1_opt1906771\" data-field=\"fld_6800632\" class=\"fld_6800632_1\" name=\"fld_6800632\" value=\"Begge\"    data-radio-field=\"fld_6800632_1\" data-type=\"radio\" data-calc-value=\"Begge\" \/>\n\t\t\tBegge\t\t<\/label>\n\t\t\t\t<\/div>\r\n<\/div>\r\n<div data-field-wrapper=\"fld_8883141\" class=\"form-group caldera25px\" id=\"fld_8883141_1-wrap\">\r\n<label id=\"fld_8883141Label\" for=\"fld_8883141_1\" class=\"control-label\">Bakgrunn<\/label>\r\n<div class=\"\">\r\n\t\t\t\t\t<div class=\"radio\">\n\t\t\t\t<label data-label=\"Naturlig, duset\/uklart\" for=\"fld_8883141_1_opt2069539\"><input type=\"radio\" id=\"fld_8883141_1_opt2069539\" data-field=\"fld_8883141\" class=\"fld_8883141_1\" name=\"fld_8883141\" value=\"bokeh\" checked=\"checked\"   data-radio-field=\"fld_8883141_1\" data-type=\"radio\" data-calc-value=\"bokeh\" \/>\n\t\t\tNaturlig, duset\/uklart\t\t<\/label>\n\t\t\t\t\t<\/div>\n\t\t\t\t\t\t\t\t\t<div class=\"radio\">\n\t\t\t\t<label data-label=\"Hvit\/lys\" for=\"fld_8883141_1_opt1652132\"><input type=\"radio\" id=\"fld_8883141_1_opt1652132\" data-field=\"fld_8883141\" class=\"fld_8883141_1\" name=\"fld_8883141\" value=\"hvit-lys\"    data-radio-field=\"fld_8883141_1\" data-type=\"radio\" data-calc-value=\"hvit-lys\" \/>\n\t\t\tHvit\/lys\t\t<\/label>\n\t\t\t\t\t<\/div>\n\t\t\t\t\t\t\t\t\t<div class=\"radio\">\n\t\t\t\t<label data-label=\"Helt hvit\" for=\"fld_8883141_1_opt1621708\"><input type=\"radio\" id=\"fld_8883141_1_opt1621708\" data-field=\"fld_8883141\" class=\"fld_8883141_1\" name=\"fld_8883141\" value=\"helt_hvit\"    data-radio-field=\"fld_8883141_1\" data-type=\"radio\" data-calc-value=\"helt_hvit\" \/>\n\t\t\tHelt hvit\t\t<\/label>\n\t\t\t\t\t<\/div>\n\t\t\t\t\t\t\t\t\t<div class=\"radio\">\n\t\t\t\t<label data-label=\"Gr\u00e5\" for=\"fld_8883141_1_opt1906771\"><input type=\"radio\" id=\"fld_8883141_1_opt1906771\" data-field=\"fld_8883141\" class=\"fld_8883141_1\" name=\"fld_8883141\" value=\"gra\"    data-radio-field=\"fld_8883141_1\" data-type=\"radio\" data-calc-value=\"gra\" \/>\n\t\t\tGr\u00e5\t\t<\/label>\n\t\t\t\t\t<\/div>\n\t\t\t\t\t\t\t\t\t<div class=\"radio\">\n\t\t\t\t<label data-label=\"Annet\" for=\"fld_8883141_1_opt1308886\"><input type=\"radio\" id=\"fld_8883141_1_opt1308886\" data-field=\"fld_8883141\" class=\"fld_8883141_1\" name=\"fld_8883141\" value=\"Annet\"    data-radio-field=\"fld_8883141_1\" data-type=\"radio\" data-calc-value=\"Annet\" \/>\n\t\t\tAnnet\t\t<\/label>\n\t\t\t\t\t<\/div>\n\t\t\t\t<\/div>\r\n<\/div>\r\n<div data-field-wrapper=\"fld_2256419\" class=\"form-group\" id=\"fld_2256419_1-wrap\">\r\n<label id=\"fld_2256419Label\" for=\"fld_2256419_1\" class=\"control-label\">Bildeorientering<\/label>\r\n<div class=\"\">\r\n\t\t\t\t\t<div class=\"radio\">\n\t\t\t\t<label data-label=\"Vertikal [o]\" for=\"fld_2256419_1_opt2069539\"><input type=\"radio\" id=\"fld_2256419_1_opt2069539\" data-field=\"fld_2256419\" class=\"fld_2256419_1\" name=\"fld_2256419\" value=\"vertikal\" checked=\"checked\"   data-radio-field=\"fld_2256419_1\" data-type=\"radio\" data-calc-value=\"vertikal\" \/>\n\t\t\tVertikal [o]\t\t<\/label>\n\t\t\t\t\t<\/div>\n\t\t\t\t\t\t\t\t\t<div class=\"radio\">\n\t\t\t\t<label data-label=\"Horisontal [-o-]\" for=\"fld_2256419_1_opt1652132\"><input type=\"radio\" id=\"fld_2256419_1_opt1652132\" data-field=\"fld_2256419\" class=\"fld_2256419_1\" name=\"fld_2256419\" value=\"horisontal\"    data-radio-field=\"fld_2256419_1\" data-type=\"radio\" data-calc-value=\"horisontal\" \/>\n\t\t\tHorisontal [-o-]\t\t<\/label>\n\t\t\t\t\t<\/div>\n\t\t\t\t<\/div>\r\n<\/div>\r\n<\/div><div  class=\"col-sm-3  last_col\"><div data-field-wrapper=\"fld_2504211\" class=\"form-group\" id=\"fld_2504211_1-wrap\">\r\n\t<label id=\"fld_2504211Label\" for=\"fld_2504211_1\" class=\"control-label\">Tjenester som kan v\u00e6re interessant<\/label>\r\n\t<div class=\"\">\r\n\t\t\t\t\t\t\t\t\t\t\t<div class=\"checkbox\">\n\t\t\t\t\n                <label                         for=\"fld_2504211_1_opt1836665\"\n                >\n                            <input\n                                                                type=\"checkbox\"\n                                data-label=\"Gruppebilde\"\n                                data-field=\"fld_2504211\"\n                                id=\"fld_2504211_1_opt1836665\"\n                                class=\"fld_2504211_1\"\n                                name=\"fld_2504211[opt1836665]\"\n                                value=\"Gruppebilde\"\n                                                                data-type=\"checkbox\"\n                                data-checkbox-field=\"fld_2504211_1\"\n                                                                data-calc-value=\"Gruppebilde\"\n                            >\n                    Gruppebilde                <\/label>\n\n                \t\t\t\t\t<\/div>\n\t\t\t\t\t\t\t\t\t\t\t\t\t\t\t\t\t<div class=\"checkbox\">\n\t\t\t\t\n                <label                         for=\"fld_2504211_1_opt1301095\"\n                >\n                            <input\n                                                                type=\"checkbox\"\n                                data-label=\"Team bilde\"\n                                data-field=\"fld_2504211\"\n                                id=\"fld_2504211_1_opt1301095\"\n                                class=\"fld_2504211_1\"\n                                name=\"fld_2504211[opt1301095]\"\n                                value=\"Team bilde\"\n                                                                data-type=\"checkbox\"\n                                data-checkbox-field=\"fld_2504211_1\"\n                                                                data-calc-value=\"Team bilde\"\n                            >\n                    Team bilde                <\/label>\n\n                \t\t\t\t\t<\/div>\n\t\t\t\t\t\t\t\t\t\t\t\t\t\t\t\t\t<div class=\"checkbox\">\n\t\t\t\t\n                <label                         for=\"fld_2504211_1_opt1773303\"\n                >\n                            <input\n                                                                type=\"checkbox\"\n                                data-label=\"Milj\u00f8bilder\"\n                                data-field=\"fld_2504211\"\n                                id=\"fld_2504211_1_opt1773303\"\n                                class=\"fld_2504211_1\"\n                                name=\"fld_2504211[opt1773303]\"\n                                value=\"Milj\u00f8bilder\"\n                                                                data-type=\"checkbox\"\n                                data-checkbox-field=\"fld_2504211_1\"\n                                                                data-calc-value=\"Milj\u00f8bilder\"\n                            >\n                    Milj\u00f8bilder                <\/label>\n\n                \t\t\t\t\t<\/div>\n\t\t\t\t\t\t\t\t\t\t<span id=\"fld_2504211Caption\" class=\"help-block\">Rabatterte priser ved portrettfoto bestillinger<\/span>\r\n\t<\/div>\r\n<\/div>\r\n<\/div><\/div><div id=\"CF5ca2fb589a2c6_1-row-2\"  class=\"row \"><div  class=\"col-sm-3  first_col\"><div data-field-wrapper=\"fld_6892512\" class=\"form-group\" id=\"fld_6892512_1-wrap\">\r\n\t<label id=\"fld_6892512Label\" for=\"fld_6892512_1\" class=\"control-label\">Bedriftens navn <span aria-hidden=\"true\" role=\"presentation\" class=\"field_required\" style=\"color:#ee0000;\">*<\/span><\/label>\r\n\t<div class=\"\">\r\n\t\t<input   required type=\"text\" data-field=\"fld_6892512\" class=\" form-control\" id=\"fld_6892512_1\" name=\"fld_6892512\" value=\"\" data-type=\"text\" aria-required=\"true\"   aria-labelledby=\"fld_6892512Label\" >\t\t\t<\/div>\r\n<\/div>\r\n<div data-field-wrapper=\"fld_8624467\" class=\"form-group\" id=\"fld_8624467_1-wrap\">\r\n\t<label id=\"fld_8624467Label\" for=\"fld_8624467_1\" class=\"control-label\">Adresse<\/label>\r\n\t<div class=\"\">\r\n\t\t<input placeholder=\"Deres adresse\"   type=\"text\" data-field=\"fld_8624467\" class=\" form-control\" id=\"fld_8624467_1\" name=\"fld_8624467\" value=\"\" data-type=\"text\"   aria-labelledby=\"fld_8624467Label\" >\t\t\t<\/div>\r\n<\/div>\r\n<div data-field-wrapper=\"fld_5840165\" class=\"form-group\" id=\"fld_5840165_1-wrap\">\r\n\t<label id=\"fld_5840165Label\" for=\"fld_5840165_1\" class=\"control-label\">Sted<\/label>\r\n\t<div class=\"\">\r\n\t\t<input placeholder=\"By, sted\"   type=\"text\" data-field=\"fld_5840165\" class=\" form-control\" id=\"fld_5840165_1\" name=\"fld_5840165\" value=\"\" data-type=\"text\"   aria-labelledby=\"fld_5840165Label\" >\t\t\t<\/div>\r\n<\/div>\r\n<\/div><div  class=\"col-sm-3 \"><div data-field-wrapper=\"fld_8338786\" class=\"form-group\" id=\"fld_8338786_1-wrap\">\r\n\t<label id=\"fld_8338786Label\" for=\"fld_8338786_1\" class=\"control-label\">Ditt navn<\/label>\r\n\t<div class=\"\">\r\n\t\t<input    type=\"text\" data-field=\"fld_8338786\" class=\" form-control\" id=\"fld_8338786_1\" name=\"fld_8338786\" value=\"\" data-type=\"text\"   aria-labelledby=\"fld_8338786Label\" >\t\t\t<\/div>\r\n<\/div>\r\n<div data-field-wrapper=\"fld_185917\" class=\"form-group fa fa-envelope\" id=\"fld_185917_1-wrap\">\r\n\t<label id=\"fld_185917Label\" for=\"fld_185917_1\" class=\"control-label\">E-post <span aria-hidden=\"true\" role=\"presentation\" class=\"field_required\" style=\"color:#ee0000;\">*<\/span><\/label>\r\n\t<div class=\"\">\r\n\t\t<input   required type=\"email\" data-field=\"fld_185917\" class=\" form-control\" id=\"fld_185917_1\" name=\"fld_185917\" value=\"\" data-type=\"email\" aria-required=\"true\"   aria-labelledby=\"fld_185917Label\" >\t\t\t<\/div>\r\n<\/div>\r\n<div data-field-wrapper=\"fld_2254781\" class=\"form-group fa fa-phone\" id=\"fld_2254781_1-wrap\">\r\n\t<label id=\"fld_2254781Label\" for=\"fld_2254781_1\" class=\"control-label\">Telefon<\/label>\r\n\t<div class=\"\">\r\n\t\t<input    type=\"number\" data-field=\"fld_2254781\" class=\" form-control\" id=\"fld_2254781_1\" name=\"fld_2254781\" value=\"\" data-type=\"number\" min=\"8\" data-parsley-type=\"number\"   aria-labelledby=\"fld_2254781Label\" >\t\t\t<\/div>\r\n<\/div>\r\n<\/div><div  class=\"col-sm-6  last_col\"><\/div><\/div><div id=\"CF5ca2fb589a2c6_1-row-3\"  class=\"row  last_row\"><div  class=\"col-sm-6  first_col\"><div data-field-wrapper=\"fld_4089741\" class=\"form-group\" id=\"fld_4089741_1-wrap\">\r\n\t<label id=\"fld_4089741Label\" for=\"fld_4089741_1\" class=\"control-label\">Kommentar eller sp\u00f8rsm\u00e5l<\/label>\r\n\t<div class=\"\">\r\n\t\t<textarea name=\"fld_4089741\" value=\"\" data-field=\"fld_4089741\" class=\"form-control\" id=\"fld_4089741_1\" rows=\"2\"    aria-labelledby=\"fld_4089741Label\" ><\/textarea>\n\t\t\t<\/div>\r\n<\/div>\r\n<div data-field-wrapper=\"fld_5249538\" class=\"form-group accept\" id=\"fld_5249538_1-wrap\">\r\n<label id=\"fld_5249538Label\" for=\"fld_5249538_1\" class=\"control-label screen-reader-text sr-only\">g-recaptcha-response<\/label>\r\n<div class=\"\">\r\n\t<input type=\"hidden\" name=\"fld_5249538\" value=\"fld_5249538_1\" data-field=\"fld_5249538\">\n\t<div id=\"capfld_5249538_1\" class=\"g-recaptcha\" data-theme=\"light\" data-sitekey=\"6Ld31E0pAAAAAI1SdU9Z0d1pvdUDX4cHQal2g3cg\"><\/div>\n\n\t<\/div>\r\n<\/div>\r\n<div data-field-wrapper=\"fld_7167496\" class=\"form-group\" id=\"fld_7167496_1-wrap\">\r\n<div class=\"\">\r\n\t<input  class=\"btn btn-default\" type=\"submit\" name=\"fld_7167496\" id=\"fld_7167496_1\" value=\"F\u00e5 et tilbud\" data-field=\"fld_7167496\"  >\n<\/div>\r\n<\/div>\r\n\t<input class=\"button_trigger_1\" type=\"hidden\" name=\"fld_7167496\" id=\"fld_7167496_1_btn\" value=\"\" data-field=\"fld_7167496\"  \/>\n<\/div><div  class=\"col-sm-6  last_col\"><\/div><\/div><\/form>\r\n<\/div>\r\n\r\n<p>&nbsp;<\/p>\r\n<h4>ENDRE BAKGRUNN &#8211; PORTRETTBILDER<\/h4>\r\n<p>Som et av de f\u00e5 fotografbedriftene i Oslo med bred Photoshop og Lightroom erfaring, har vi mulighet til \u00e5 bidra med endringer til allerede eksisterende portrett bilder som dere har.<\/p>\r\n<p>Da portrett fotografering kan v\u00e6re krevende b\u00e5de tidsmessig og prismessig, kan det l\u00f8nne seg \u00e5 endre og optimalisere eldre bilder.<\/p>\r\n<p>Vi kan v\u00e6re behjelpelig med endring av farger p\u00e5 kl\u00e6r, h\u00e5r, bakgrunn og fjerning av u\u00f8nskede elementer.<\/p>\r\n<p>Valgene vil da v\u00e6re avhengige av hvilken farger som er p\u00e5 bildene og oppl\u00f8sningen p\u00e5 disse.<\/p>\r\n<p>Det er ofte bare fantasien som setter begrensningene n\u00e5r det gjelder portrettfoto. Vi kan for eksempel endre bakgrunn og legge til deres kontorer eller noe annet som kan v\u00e6re relevant.<\/p>\r\n<p><img decoding=\"async\" loading=\"lazy\" class=\"alignnone size-full wp-image-186\" src=\"https:\/\/firmafotografen.no\/assets\/uploads\/portrett-bedrift.jpg\" alt=\"\" width=\"399\" height=\"399\" srcset=\"https:\/\/firmafotografen.no\/assets\/uploads\/portrett-bedrift.jpg 399w, https:\/\/firmafotografen.no\/assets\/uploads\/portrett-bedrift-150x150.jpg 150w, https:\/\/firmafotografen.no\/assets\/uploads\/portrett-bedrift-300x300.jpg 300w\" sizes=\"(max-width: 399px) 100vw, 399px\" \/><\/p>\r\n<\/div>\r\n<\/div>\r\n<\/div>\r\n<\/div>\r\n<div id=\"pgc-184-0-1\" class=\"panel-grid-cell\" data-weight=\"0.61815068493151\">\r\n<div id=\"panel-184-0-1-0\" class=\"so-panel widget widget_sow-editor panel-first-child panel-last-child\" data-index=\"1\" data-style=\"{&quot;background_display&quot;:&quot;tile&quot;}\">\r\n<div class=\"so-widget-sow-editor so-widget-sow-editor-base\">\r\n<div class=\"siteorigin-widget-tinymce textwidget\">\r\n<h4>PORTRETTBILDER AV ANSATTE FOR WEB OG DIGITAL BRUK<\/h4>\r\n<p><img decoding=\"async\" loading=\"lazy\" class=\" wp-image-174 alignleft\" src=\"https:\/\/firmafotografen.no\/assets\/uploads\/portretter-av-ansatte-bedriftsfotografering.jpg\" alt=\"\" width=\"470\" height=\"585\" srcset=\"https:\/\/firmafotografen.no\/assets\/uploads\/portretter-av-ansatte-bedriftsfotografering.jpg 400w, https:\/\/firmafotografen.no\/assets\/uploads\/portretter-av-ansatte-bedriftsfotografering-150x187.jpg 150w\" sizes=\"(max-width: 470px) 100vw, 470px\" \/>Med standariseringen av bedriftssider p\u00e5 nett har nye muligheter for presentasjon av ansatte og konsulenter kommet fram. Mange store bedrifter velger \u00e5 legge bilder av sine ansatte sammen med kontakt info. Bilder som er realistiske og ikke overdrevent perfekte skaper tillitt hos bes\u00f8kende og \u00f8ker kontaktsjansen. Med Photoshop har vi fine muligheter til \u00e5 redigere bakgrunn og sm\u00e5feil fra de som avbildes.<\/p>\r\n<p>Vi tilbyr komplette pakker med monokrom, farge og bakgrunnsediterte bilder av portrettbilder av ansatte, samarbeidspartnere og konsulenter. Kontakt oss for pris og mer informasjon.<\/p>\r\n<p>En total digitalisering av dine ansatte og konsulenter, f\u00e5 en&nbsp;digital portrett portfolie som er et solid investering p\u00e5 selskapets markedsf\u00f8ringspotensiale.<\/p>\r\n<p>Bilder beriker alle typer sider og bringer visualisering til teksten som oppf\u00f8res.<\/p>\r\n<p>N\u00e5r selskapet ditt velger \u00e5 bestille en portrett pakke hos oss, slipper du stressen ved planlegging, optimalisering og cropping av bilder.<\/p>\r\n<p>Vi m\u00f8ter opp i dine lokaler og setter opp en liten studio hvor vi tar bilder av ansatte. Vi hjelper til med hele prossessen og leverer brukerklare bilder b\u00e5de til web, pdf, epost og print.<\/p>\r\n<p>Dimensjoner kan du selv velge og bildene leveres i forskjellige formater etter foresp\u00f8rsel.&nbsp;Vi har ogs\u00e5 en online database der du kan ha tilgang til bilder av ansatte hvor enn du er.<\/p>\r\n<p>Dersom du skulle ha spesielle \u00f8nsker som store portrett til plakater, reklamer eller hele websider kan vi ogs\u00e5 tilfredstille disse.<\/p>\r\n<p>Ta kontakt med oss for en uforpliktende tilbud p\u00e5 portrett av ansatte og ta f\u00f8rste skritt til digitalisering av dine ansatte.<\/p>\r\n<h4>PORTRETT-KONVERTERING AV EGNE BILDER FOR BEDRIFTER<\/h4>\r\n<p>Ofte s\u00e5 har ansatte allerede bilder som kan tas i bruk eller kanskje \u00f8nsker dere \u00e5 ta disse selv.<\/p>\r\n<p>Vi tilbyr gode muligheter p\u00e5 convertering av disse til webvennlig format og kan gi r\u00e5d om weboptimalisering, slik at bildene vises ved s\u00f8k p\u00e5 s\u00f8kemotorer.<\/p>\r\n<p>V\u00e5r avdeling kan ogs\u00e5 v\u00e6re til tjeneste n\u00e5r det gjelder allerede eksistende nettsider, der bilder p\u00e5 siden ikke kommer fram riktig i s\u00f8k. Det er mulig \u00e5 f\u00e5 pakketilbud med rabatt for bedrifter som er p\u00e5 en stram budsjett.<\/p>\r\n<h4>BEVEGENDE BILDER I GIF ( GRAPHICS INTERCHANGE FORMAT) FOR PORTRETTFOTO<\/h4>\r\n<p>Du har kanskje sett litt mer interaktive bilder og presentasjoner som \u00f8ker presentasjonen av ansatte.<\/p>\r\n<p>Slike bevegende bilder kan gj\u00f8res i Gif format eller med HTML5 og CSS3 kombinasjon.<\/p>\r\n<p>Bilder vil da kunne endre oppl\u00f8sning eller st\u00f8rrelse ved klikk\\mouseover.<\/p>\r\n<p>Disse l\u00f8sningene implementeres vannligis direkte inn p\u00e5 bedriftswebsider og om du har sp\u00f8rsm\u00e5l om pris og utf\u00f8relse av lignende oppgaver, kan du alltid kontakte oss for mer informasjon.<\/p>\r\n<h2><a class=\"art-button\" href=\"\/kontakt-oslo-fotograf\">BE OM TILBUD P\u00c5 PORTRETTFOTOGRAFERING<\/a><\/h2>\r\n<\/div>\r\n<\/div>\r\n<\/div>\r\n<\/div>\r\n<\/div>\r\n<\/div>","protected":false},"excerpt":{"rendered":"<p>Bilder av ansatte portrett for nettside Om du skulle trenge bilder av dine ansatte for ID kort, webside kan vi<a class=\"ninja_pages_read_more\"  href=\"https:\/\/firmafotografen.no\/en\/bedriftsfotografering\/bedriftsansatte-portretter\/\"><\/a><\/p>\n","protected":false},"author":1,"featured_media":1132,"parent":18,"menu_order":0,"comment_status":"closed","ping_status":"closed","template":"","meta":{"_lmt_disableupdate":"no","_lmt_disable":""},"_links":{"self":[{"href":"https:\/\/firmafotografen.no\/en\/wp-json\/wp\/v2\/pages\/184"}],"collection":[{"href":"https:\/\/firmafotografen.no\/en\/wp-json\/wp\/v2\/pages"}],"about":[{"href":"https:\/\/firmafotografen.no\/en\/wp-json\/wp\/v2\/types\/page"}],"author":[{"embeddable":true,"href":"https:\/\/firmafotografen.no\/en\/wp-json\/wp\/v2\/users\/1"}],"replies":[{"embeddable":true,"href":"https:\/\/firmafotografen.no\/en\/wp-json\/wp\/v2\/comments?post=184"}],"version-history":[{"count":3,"href":"https:\/\/firmafotografen.no\/en\/wp-json\/wp\/v2\/pages\/184\/revisions"}],"predecessor-version":[{"id":4333,"href":"https:\/\/firmafotografen.no\/en\/wp-json\/wp\/v2\/pages\/184\/revisions\/4333"}],"up":[{"embeddable":true,"href":"https:\/\/firmafotografen.no\/en\/wp-json\/wp\/v2\/pages\/18"}],"wp:featuredmedia":[{"embeddable":true,"href":"https:\/\/firmafotografen.no\/en\/wp-json\/wp\/v2\/media\/1132"}],"wp:attachment":[{"href":"https:\/\/firmafotografen.no\/en\/wp-json\/wp\/v2\/media?parent=184"}],"curies":[{"name":"wp","href":"https:\/\/api.w.org\/{rel}","templated":true}]}}