{"id":190,"date":"2017-07-06T05:22:18","date_gmt":"2017-07-06T05:22:18","guid":{"rendered":"https:\/\/firmafotografen.no\/?page_id=190"},"modified":"2020-09-12T09:48:40","modified_gmt":"2020-09-12T07:48:40","slug":"presentasjon-foredrag-fotografering","status":"publish","type":"page","link":"https:\/\/firmafotografen.no\/en\/bedriftsfotografering\/presentasjon-foredrag-fotografering\/","title":{"rendered":"Presentasjon &#8211; tale &#8211; foredrag &#8211; konferanse fotografering"},"content":{"rendered":"<h3><span style=\"font-size: 18pt;\">FOTOGRAF TIL PRESENTASJON &#8211; FOREDRAG &#8211; PRESSEBILDER &#8211; NYHETER<\/span><br \/><img decoding=\"async\" loading=\"lazy\" class=\"size-full wp-image-191 alignleft\" src=\"https:\/\/firmafotografen.no\/assets\/uploads\/konferanse-tale-fotograf.jpg\" alt=\"\" width=\"600\" height=\"400\" srcset=\"https:\/\/firmafotografen.no\/assets\/uploads\/konferanse-tale-fotograf.jpg 600w, https:\/\/firmafotografen.no\/assets\/uploads\/konferanse-tale-fotograf-430x287.jpg 430w, https:\/\/firmafotografen.no\/assets\/uploads\/konferanse-tale-fotograf-150x100.jpg 150w\" sizes=\"(max-width: 600px) 100vw, 600px\" \/><br \/>Vi kan tilby dyktige fotografer til din bedriftspresentasjoner, pressemeldinger, taler og pressemeldinger.<\/h3>\r\n<p>Med gode eller d\u00e5rlige nyheter, kan det v\u00e6re lurt \u00e5 ha tilgang til egne bilder som kan brukes av selskapet til publisering p\u00e5 egne nettsider, aviser og andre media. Ved \u00e5 bestille fotografering fra oss, f\u00e5r du full bruksrett p\u00e5 alle bilder uten begrensning.<\/p>\r\n<p>Dette kan v\u00e6re lurt for bedriften \u00e5 ha en egen arkiv av proffe bilder av talspersoner, ansatte og ledere for bruk i media.<\/p>\r\n<p>Med riktig fotograf til riktig type fotografering, kan vi tilby best mulig resultat i alle oppdrag. Bildene leveres digitalt, DVD format eller i minnenpenn.<\/p>\r\n<p>Bildene er da klargjort for webbruk og print med komprimert st\u00f8rrelser i jpg eller png format. Du velger selv hvor lenge du \u00f8nsker fotograf tilstedev\u00e6relse eller g\u00e5 for en av v\u00e5re bedriftspakker til rabattert pris.<\/p>\r\n<p>Vi har noen meget gode referanser, ta kontakt for referansebilder<\/p>\r\n<p>&nbsp;<\/p>\r\n<style>#jtg-12577 .item .icon { color:#ffffff }#jtg-12577 .item .caption { background-color: #ffffff; }#jtg-12577 .item .caption { background-color: rgba(0, 0, 0, 0.8); }#jtg-12577 .item .caption { color: #ffffff; }#jtg-12577 .items { width:100%; height:500px }<\/style><div class='mikado' id='jtg-12577'><div itemscope itemtype='http:\/\/schema.org\/ImageObject'><meta itemprop='author' content='firmafotografen.no'><div class='items'><div class='item   with-text'><a title='Bestill fotograf til alle typer arrangementer i Oslo og andre storbyer.'   rel='jtg-12577'  class='tile-inner mikado-lightbox' href='\/assets\/uploads\/konferanse-taler-foredrag-presentasjon-fotograf-18.jpg'><img data-valign='middle' data-halign='center' class='pic' src='\/assets\/uploads\/konferanse-taler-foredrag-presentasjon-fotograf-18.jpg' itemprop='contentUrl' \/><span class='caption'><span class='text' >Bestill fotograf til alle typer arrangementer i Oslo og andre storbyer.<\/span><\/span><\/a><meta itemprop='name' content='1360' \/><meta itemprop='description' content='Bestill fotograf til alle typer arrangementer i Oslo og andre storbyer.' \/><meta itemprop='description' content='Bestill fotograf til alle typer arrangementer i Oslo og andre storbyer.' \/> <\/div><div class='item   with-text'><a title='Bestill fotograf til alle typer arrangementer i Oslo og andre storbyer.'   rel='jtg-12577'  class='tile-inner mikado-lightbox' href='\/assets\/uploads\/konferanse-taler-foredrag-presentasjon-fotograf-10.jpg'><img data-valign='middle' data-halign='center' class='pic' src='\/assets\/uploads\/konferanse-taler-foredrag-presentasjon-fotograf-10.jpg' itemprop='contentUrl' \/><span class='caption'><span class='text' >Bestill fotograf til alle typer arrangementer i Oslo og andre storbyer.<\/span><\/span><\/a><meta itemprop='name' content='1356' \/><meta itemprop='description' content='Bestill fotograf til alle typer arrangementer i Oslo og andre storbyer.' \/><meta itemprop='description' content='Bestill fotograf til alle typer arrangementer i Oslo og andre storbyer.' \/> <\/div><div class='item   with-text'><a title='Bestill fotograf til alle typer arrangementer i Oslo og andre storbyer.'   rel='jtg-12577'  class='tile-inner mikado-lightbox' href='\/assets\/uploads\/konferanse-taler-foredrag-presentasjon-fotograf-6.jpg'><img data-valign='middle' data-halign='center' class='pic' src='\/assets\/uploads\/konferanse-taler-foredrag-presentasjon-fotograf-6.jpg' itemprop='contentUrl' \/><span class='caption'><span class='text' >Bestill fotograf til alle typer arrangementer i Oslo og andre storbyer.<\/span><\/span><\/a><meta itemprop='name' content='1354' \/><meta itemprop='description' content='Bestill fotograf til alle typer arrangementer i Oslo og andre storbyer.' \/><meta itemprop='description' content='Bestill fotograf til alle typer arrangementer i Oslo og andre storbyer.' \/> <\/div><div class='item   with-text'><a title='Bestill fotograf til alle typer arrangementer i Oslo og andre storbyer.'   rel='jtg-12577'  class='tile-inner mikado-lightbox' href='\/assets\/uploads\/konferanse-taler-foredrag-presentasjon-fotograf-14.jpg'><img data-valign='middle' data-halign='center' class='pic' src='\/assets\/uploads\/konferanse-taler-foredrag-presentasjon-fotograf-14.jpg' itemprop='contentUrl' \/><span class='caption'><span class='text' >Bestill fotograf til alle typer arrangementer i Oslo og andre storbyer.<\/span><\/span><\/a><meta itemprop='name' content='1358' \/><meta itemprop='description' content='Bestill fotograf til alle typer arrangementer i Oslo og andre storbyer.' \/><meta itemprop='description' content='Bestill fotograf til alle typer arrangementer i Oslo og andre storbyer.' \/> <\/div><div class='item   with-text'><a title='Bestill fotograf til alle typer arrangementer i Oslo og andre storbyer.'   rel='jtg-12577'  class='tile-inner mikado-lightbox' href='\/assets\/uploads\/konferanse-taler-foredrag-presentasjon-fotograf-20.jpg'><img data-valign='middle' data-halign='center' class='pic' src='\/assets\/uploads\/konferanse-taler-foredrag-presentasjon-fotograf-20.jpg' itemprop='contentUrl' \/><span class='caption'><span class='text' >Bestill fotograf til alle typer arrangementer i Oslo og andre storbyer.<\/span><\/span><\/a><meta itemprop='name' content='1361' \/><meta itemprop='description' content='Bestill fotograf til alle typer arrangementer i Oslo og andre storbyer.' \/><meta itemprop='description' content='Bestill fotograf til alle typer arrangementer i Oslo og andre storbyer.' \/> <\/div><div class='item   no-text'><a title=''   rel='jtg-12577'  class='tile-inner mikado-lightbox' href='\/assets\/uploads\/Erna_Solberg-intervju-1024x684.jpg'><img data-valign='middle' data-halign='center' class='pic' src='\/assets\/uploads\/Erna_Solberg-intervju-1024x684.jpg' itemprop='contentUrl' \/><\/a><meta itemprop='name' content='20484' \/><meta itemprop='description' content='' \/><meta itemprop='description' content='' \/> <\/div><div class='item   with-text'><a title='Bestill fotograf til alle typer arrangementer i Oslo og andre storbyer.'   rel='jtg-12577'  class='tile-inner mikado-lightbox' href='\/assets\/uploads\/konferanse-taler-foredrag-presentasjon-fotograf-8.jpg'><img data-valign='middle' data-halign='center' class='pic' src='\/assets\/uploads\/konferanse-taler-foredrag-presentasjon-fotograf-8.jpg' itemprop='contentUrl' \/><span class='caption'><span class='text' >Bestill fotograf til alle typer arrangementer i Oslo og andre storbyer.<\/span><\/span><\/a><meta itemprop='name' content='1355' \/><meta itemprop='description' content='Bestill fotograf til alle typer arrangementer i Oslo og andre storbyer.' \/><meta itemprop='description' content='Bestill fotograf til alle typer arrangementer i Oslo og andre storbyer.' \/> <\/div><div class='item   with-text'><a title='Bestill fotograf til alle typer arrangementer i Oslo og andre storbyer.'   rel='jtg-12577'  class='tile-inner mikado-lightbox' href='\/assets\/uploads\/konferanse-taler-foredrag-presentasjon-fotograf-12.jpg'><img data-valign='middle' data-halign='center' class='pic' src='\/assets\/uploads\/konferanse-taler-foredrag-presentasjon-fotograf-12.jpg' itemprop='contentUrl' \/><span class='caption'><span class='text' >Bestill fotograf til alle typer arrangementer i Oslo og andre storbyer.<\/span><\/span><\/a><meta itemprop='name' content='1357' \/><meta itemprop='description' content='Bestill fotograf til alle typer arrangementer i Oslo og andre storbyer.' \/><meta itemprop='description' content='Bestill fotograf til alle typer arrangementer i Oslo og andre storbyer.' \/> <\/div><div class='item   with-text'><a title='Bestill fotograf til alle typer arrangementer i Oslo og andre storbyer.'   rel='jtg-12577'  class='tile-inner mikado-lightbox' href='\/assets\/uploads\/konferanse-taler-foredrag-presentasjon-fotograf-2-768x512.jpg'><img data-valign='middle' data-halign='center' class='pic' src='\/assets\/uploads\/konferanse-taler-foredrag-presentasjon-fotograf-2-768x512.jpg' itemprop='contentUrl' \/><span class='caption'><span class='text' >Bestill fotograf til alle typer arrangementer i Oslo og andre storbyer.<\/span><\/span><\/a><meta itemprop='name' content='1353' \/><meta itemprop='description' content='Bestill fotograf til alle typer arrangementer i Oslo og andre storbyer.' \/><meta itemprop='description' content='Bestill fotograf til alle typer arrangementer i Oslo og andre storbyer.' \/> <\/div><div class='item   with-text'><a title='Bestill fotograf til alle typer arrangementer i Oslo og andre storbyer.'   rel='jtg-12577'  class='tile-inner mikado-lightbox' href='\/assets\/uploads\/konferanse-taler-foredrag-presentasjon-fotograf-16.jpg'><img data-valign='middle' data-halign='center' class='pic' src='\/assets\/uploads\/konferanse-taler-foredrag-presentasjon-fotograf-16.jpg' itemprop='contentUrl' \/><span class='caption'><span class='text' >Bestill fotograf til alle typer arrangementer i Oslo og andre storbyer.<\/span><\/span><\/a><meta itemprop='name' content='1359' \/><meta itemprop='description' content='Bestill fotograf til alle typer arrangementer i Oslo og andre storbyer.' \/><meta itemprop='description' content='Bestill fotograf til alle typer arrangementer i Oslo og andre storbyer.' \/> <\/div><\/div><\/div><\/div><script type='text\/javascript'>jQuery('#jtg-12577').tilesGallery2({margin: 10,captionEffectDuration: 250,captionEffect: 'fade',captionEasing: 'swing',keepArea: false,enableTwitter: false,enableFacebook: false,enablePinterest: false,enableGplus: false,scrollEffect: ''});jQuery(function () {jQuery('#jtg-12577 .tile a.mikado-lightbox').fancybox({});});<\/script>\r\n<h2><span style=\"font-size: 20px;\">VANGLIGE SP\u00d8RSM\u00c5L &#8211; BEDRIFTSFOTOGRAFERING<\/span><\/h2>\r\n\t\t<section class=\"sc_fs_faq sc_card \">\n\t\t\t<div>\n\t\t\t\t<h2>Hvordan leveres bildene?<\/h2>\t\t\t\t<div>\n\t\t\t\t\t\t\t\t\t\t<p>\n\t\t\t\t\t\tBilder leveres i digital format via v\u00e5r nettbaserte, sikre bildeserver. Disse kan lastes ned enkeltvis eller samlet i komprimert ZIP fil.\t\t\t\t\t<\/p>\n\t\t\t\t<\/div>\n\t\t\t<\/div>\n\t\t<\/section>\n\t\t\t\t<section class=\"sc_fs_faq sc_card \">\n\t\t\t<div>\n\t\t\t\t<h2>Hva koster fotograferingen?<\/h2>\t\t\t\t<div>\n\t\t\t\t\t\t\t\t\t\t<p>\n\t\t\t\t\t\tPris vil avhenge av hva slags bilder som \u00f8nskes og antall bilder. Vi tilbyr priser fra 2500,- og tilbyr noen av landets beste priser.\t\t\t\t\t<\/p>\n\t\t\t\t<\/div>\n\t\t\t<\/div>\n\t\t<\/section>\n\t\t\t\t<section class=\"sc_fs_faq sc_card \">\n\t\t\t<div>\n\t\t\t\t<h2>F\u00f8lger etter behandling av bilder med i prisen?<\/h2>\t\t\t\t<div>\n\t\t\t\t\t\t\t\t\t\t<p>\n\t\t\t\t\t\tAlle bilder som vi leverer inkluderer etterbehandling og optimalisering.\t\t\t\t\t<\/p>\n\t\t\t\t<\/div>\n\t\t\t<\/div>\n\t\t<\/section>\n\t\t\t\t<section class=\"sc_fs_faq sc_card \">\n\t\t\t<div>\n\t\t\t\t<h2>Hvor tidlig m\u00e5 fotografering bestilles<\/h2>\t\t\t\t<div>\n\t\t\t\t\t\t\t\t\t\t<p>\n\t\t\t\t\t\tVi anbefaller \u00e5 booke fotograf minimum 2 uker f\u00f8r fotografering. Vi kan selvsagt ta imot oppdrag p\u00e5 kortere varsel, dersom det er ledig kapasistet.\t\t\t\t\t<\/p>\n\t\t\t\t<\/div>\n\t\t\t<\/div>\n\t\t<\/section>\n\t\t\t\t<section class=\"sc_fs_faq sc_card \">\n\t\t\t<div>\n\t\t\t\t<h2>Vannmerker dere bilder med logo eller signatur av fotograf<\/h2>\t\t\t\t<div>\n\t\t\t\t\t\t\t\t\t\t<p>\n\t\t\t\t\t\tSom standard merkes ikke v\u00e5re bilder med logosignatur. Ved utvalg av bilder der kunde \u00f8nsker \u00e5 velge \u00f8nskede bilder, blir bildene vannmerket, men endelige produkt leveres uten noen form for merking.\t\t\t\t\t<\/p>\n\t\t\t\t<\/div>\n\t\t\t<\/div>\n\t\t<\/section>\n\t\t\t\t<section class=\"sc_fs_faq sc_card \">\n\t\t\t<div>\n\t\t\t\t<h2>Kan dere fotografere i v\u00e5re lokaler?<\/h2>\t\t\t\t<div>\n\t\t\t\t\t\t\t\t\t\t<p>\n\t\t\t\t\t\tSelvsagt, s\u00e5fremt dere har tilgjengelig plass. For portretter m\u00e5 dere ha minimum 10kvm med plass.\t\t\t\t\t<\/p>\n\t\t\t\t<\/div>\n\t\t\t<\/div>\n\t\t<\/section>\n\t\t\t\t<section class=\"sc_fs_faq sc_card \">\n\t\t\t<div>\n\t\t\t\t<h2>Tar dere reisetillegg?<\/h2>\t\t\t\t<div>\n\t\t\t\t\t\t\t\t\t\t<p>\n\t\t\t\t\t\tVi tar reisetillegg basert p\u00e5 estimerte kostnader som parkering og reiseutgifter. Ofte inkluderer vi reisekostnader i totalprisen\t\t\t\t\t<\/p>\n\t\t\t\t<\/div>\n\t\t\t<\/div>\n\t\t<\/section>\n\t\t\t\t<section class=\"sc_fs_faq sc_card \">\n\t\t\t<div>\n\t\t\t\t<h2>M\u00e5 vi hente samtykke fra ansatte som fotograferes?<\/h2>\t\t\t\t<div>\n\t\t\t\t\t\t\t\t\t\t<p>\n\t\t\t\t\t\tDere b\u00f8r absolutt innhente skriftlig samtykke fra ansatte og informere hvordan bildene vil brukes. Husk at samtykke ogs\u00e5 n\u00e5r som helst kan tilbaketrekkes.\t\t\t\t\t<\/p>\n\t\t\t\t<\/div>\n\t\t\t<\/div>\n\t\t<\/section>\n\t\t\t\t<section class=\"sc_fs_faq sc_card \">\n\t\t\t<div>\n\t\t\t\t<h2>Hva er situasjonsbilder?<\/h2>\t\t\t\t<div>\n\t\t\t\t\t\t\t\t\t\t<p>\n\t\t\t\t\t\tSituasjonsbilder er en illustrasjon av en handling eller handling med bilder\t\t\t\t\t<\/p>\n\t\t\t\t<\/div>\n\t\t\t<\/div>\n\t\t<\/section>\n\t\t\t\t<section class=\"sc_fs_faq sc_card \">\n\t\t\t<div>\n\t\t\t\t<h2>Hva er milj\u00f8bilder?<\/h2>\t\t\t\t<div>\n\t\t\t\t\t\t\t\t\t\t<p>\n\t\t\t\t\t\tMilj\u00f8bilder er bilder viser atmosf\u00e6re og sosiale omgivelser med eller uten mennesker\t\t\t\t\t<\/p>\n\t\t\t\t<\/div>\n\t\t\t<\/div>\n\t\t<\/section>\n\t\t\n<script type=\"application\/ld+json\">\n\t{\n\t\t\"@context\": \"https:\/\/schema.org\",\n\t\t\"@type\": \"FAQPage\",\n\t\t\"mainEntity\": [\n\t\t\t\t\t{\n\t\t\t\t\"@type\": \"Question\",\n\t\t\t\t\"name\": \"Hvordan leveres bildene?\",\n\t\t\t\t\"acceptedAnswer\": {\n\t\t\t\t\t\"@type\": \"Answer\",\n\t\t\t\t\t\"text\": \"Bilder leveres i digital format via v\u00e5r nettbaserte, sikre bildeserver. Disse kan lastes ned enkeltvis eller samlet i komprimert ZIP fil.\"\n\t\t\t\t\t\t\t\t\t}\n\t\t\t}\n\t\t\t,\t\t\t\t{\n\t\t\t\t\"@type\": \"Question\",\n\t\t\t\t\"name\": \"Hva koster fotograferingen?\",\n\t\t\t\t\"acceptedAnswer\": {\n\t\t\t\t\t\"@type\": \"Answer\",\n\t\t\t\t\t\"text\": \"Pris vil avhenge av hva slags bilder som \u00f8nskes og antall bilder. Vi tilbyr priser fra 2500,- og tilbyr noen av landets beste priser.\"\n\t\t\t\t\t\t\t\t\t}\n\t\t\t}\n\t\t\t,\t\t\t\t{\n\t\t\t\t\"@type\": \"Question\",\n\t\t\t\t\"name\": \"F\u00f8lger etter behandling av bilder med i prisen?\",\n\t\t\t\t\"acceptedAnswer\": {\n\t\t\t\t\t\"@type\": \"Answer\",\n\t\t\t\t\t\"text\": \"Alle bilder som vi leverer inkluderer etterbehandling og optimalisering.\"\n\t\t\t\t\t\t\t\t\t}\n\t\t\t}\n\t\t\t,\t\t\t\t{\n\t\t\t\t\"@type\": \"Question\",\n\t\t\t\t\"name\": \"Hvor tidlig m\u00e5 fotografering bestilles\",\n\t\t\t\t\"acceptedAnswer\": {\n\t\t\t\t\t\"@type\": \"Answer\",\n\t\t\t\t\t\"text\": \"Vi anbefaller \u00e5 booke fotograf minimum 2 uker f\u00f8r fotografering. Vi kan selvsagt ta imot oppdrag p\u00e5 kortere varsel, dersom det er ledig kapasistet.\"\n\t\t\t\t\t\t\t\t\t}\n\t\t\t}\n\t\t\t,\t\t\t\t{\n\t\t\t\t\"@type\": \"Question\",\n\t\t\t\t\"name\": \"Vannmerker dere bilder med logo eller signatur av fotograf\",\n\t\t\t\t\"acceptedAnswer\": {\n\t\t\t\t\t\"@type\": \"Answer\",\n\t\t\t\t\t\"text\": \"Som standard merkes ikke v\u00e5re bilder med logosignatur. Ved utvalg av bilder der kunde \u00f8nsker \u00e5 velge \u00f8nskede bilder, blir bildene vannmerket, men endelige produkt leveres uten noen form for merking.\"\n\t\t\t\t\t\t\t\t\t}\n\t\t\t}\n\t\t\t,\t\t\t\t{\n\t\t\t\t\"@type\": \"Question\",\n\t\t\t\t\"name\": \"Kan dere fotografere i v\u00e5re lokaler?\",\n\t\t\t\t\"acceptedAnswer\": {\n\t\t\t\t\t\"@type\": \"Answer\",\n\t\t\t\t\t\"text\": \"Selvsagt, s\u00e5fremt dere har tilgjengelig plass. For portretter m\u00e5 dere ha minimum 10kvm med plass.\"\n\t\t\t\t\t\t\t\t\t}\n\t\t\t}\n\t\t\t,\t\t\t\t{\n\t\t\t\t\"@type\": \"Question\",\n\t\t\t\t\"name\": \"Tar dere reisetillegg?\",\n\t\t\t\t\"acceptedAnswer\": {\n\t\t\t\t\t\"@type\": \"Answer\",\n\t\t\t\t\t\"text\": \"Vi tar reisetillegg basert p\u00e5 estimerte kostnader som parkering og reiseutgifter. Ofte inkluderer vi reisekostnader i totalprisen\"\n\t\t\t\t\t\t\t\t\t}\n\t\t\t}\n\t\t\t,\t\t\t\t{\n\t\t\t\t\"@type\": \"Question\",\n\t\t\t\t\"name\": \"M\u00e5 vi hente samtykke fra ansatte som fotograferes?\",\n\t\t\t\t\"acceptedAnswer\": {\n\t\t\t\t\t\"@type\": \"Answer\",\n\t\t\t\t\t\"text\": \"Dere b\u00f8r absolutt innhente skriftlig samtykke fra ansatte og informere hvordan bildene vil brukes. Husk at samtykke ogs\u00e5 n\u00e5r som helst kan tilbaketrekkes.\"\n\t\t\t\t\t\t\t\t\t}\n\t\t\t}\n\t\t\t,\t\t\t\t{\n\t\t\t\t\"@type\": \"Question\",\n\t\t\t\t\"name\": \"Hva er situasjonsbilder?\",\n\t\t\t\t\"acceptedAnswer\": {\n\t\t\t\t\t\"@type\": \"Answer\",\n\t\t\t\t\t\"text\": \"Situasjonsbilder er en illustrasjon av en handling eller handling med bilder\"\n\t\t\t\t\t\t\t\t\t}\n\t\t\t}\n\t\t\t,\t\t\t\t{\n\t\t\t\t\"@type\": \"Question\",\n\t\t\t\t\"name\": \"Hva er milj\u00f8bilder?\",\n\t\t\t\t\"acceptedAnswer\": {\n\t\t\t\t\t\"@type\": \"Answer\",\n\t\t\t\t\t\"text\": \"Milj\u00f8bilder er bilder viser atmosf\u00e6re og sosiale omgivelser med eller uten mennesker\"\n\t\t\t\t\t\t\t\t\t}\n\t\t\t}\n\t\t\t\t\t\t]\n\t}\n<\/script>\n\r\n<h3>MESSER &#8211; KICKOFF &#8211; PROMOSJON &#8211; TEKNOLOGI<\/h3>\r\n<p>Vi tar oppdrag med timeavtale eller&nbsp;<a href=\"\/priser\">fulldagsfotografering<\/a>. Antall bilder som blir levert varierer og sender du oss litt mer informasjon om deres event, vil vi kunne gi en n\u00f8yaktig estimat.<\/p>\r\n<p>&nbsp;<\/p>\r\n<h3>VIDEO OG FILM OPPTAK FOR BEDRIFTEVENTER<\/h3>\r\n<p>Altnet kan ogs\u00e5 stille opp med filmcrew for opptak av deler eller hele eventer. Se filmproduksjon for mer info.<\/p>","protected":false},"excerpt":{"rendered":"<p>FOTOGRAF TIL PRESENTASJON &#8211; FOREDRAG &#8211; PRESSEBILDER &#8211; NYHETERVi kan tilby dyktige fotografer til din bedriftspresentasjoner, pressemeldinger, taler og pressemeldinger.<a class=\"ninja_pages_read_more\"  href=\"https:\/\/firmafotografen.no\/en\/bedriftsfotografering\/presentasjon-foredrag-fotografering\/\"><\/a><\/p>\n","protected":false},"author":1,"featured_media":655,"parent":18,"menu_order":0,"comment_status":"closed","ping_status":"closed","template":"","meta":{"_lmt_disableupdate":"no","_lmt_disable":""},"_links":{"self":[{"href":"https:\/\/firmafotografen.no\/en\/wp-json\/wp\/v2\/pages\/190"}],"collection":[{"href":"https:\/\/firmafotografen.no\/en\/wp-json\/wp\/v2\/pages"}],"about":[{"href":"https:\/\/firmafotografen.no\/en\/wp-json\/wp\/v2\/types\/page"}],"author":[{"embeddable":true,"href":"https:\/\/firmafotografen.no\/en\/wp-json\/wp\/v2\/users\/1"}],"replies":[{"embeddable":true,"href":"https:\/\/firmafotografen.no\/en\/wp-json\/wp\/v2\/comments?post=190"}],"version-history":[{"count":1,"href":"https:\/\/firmafotografen.no\/en\/wp-json\/wp\/v2\/pages\/190\/revisions"}],"predecessor-version":[{"id":20541,"href":"https:\/\/firmafotografen.no\/en\/wp-json\/wp\/v2\/pages\/190\/revisions\/20541"}],"up":[{"embeddable":true,"href":"https:\/\/firmafotografen.no\/en\/wp-json\/wp\/v2\/pages\/18"}],"wp:featuredmedia":[{"embeddable":true,"href":"https:\/\/firmafotografen.no\/en\/wp-json\/wp\/v2\/media\/655"}],"wp:attachment":[{"href":"https:\/\/firmafotografen.no\/en\/wp-json\/wp\/v2\/media?parent=190"}],"curies":[{"name":"wp","href":"https:\/\/api.w.org\/{rel}","templated":true}]}}