{"id":194,"date":"2017-07-06T05:24:15","date_gmt":"2017-07-06T05:24:15","guid":{"rendered":"https:\/\/firmafotografen.no\/?page_id=194"},"modified":"2020-10-05T18:44:09","modified_gmt":"2020-10-05T16:44:09","slug":"julebordsfotografering-for-bedrifter","status":"publish","type":"page","link":"https:\/\/firmafotografen.no\/en\/bedriftsfotografering\/julebordsfotografering-for-bedrifter\/","title":{"rendered":"Julebordsfotografering for bedrifter"},"content":{"rendered":"<h1><img decoding=\"async\" loading=\"lazy\" class=\"size-full wp-image-195 alignleft\" src=\"https:\/\/firmafotografen.no\/assets\/uploads\/julebord.jpg\" alt=\"\" width=\"275\" height=\"183\" srcset=\"https:\/\/firmafotografen.no\/assets\/uploads\/julebord.jpg 275w, https:\/\/firmafotografen.no\/assets\/uploads\/julebord-150x100.jpg 150w\" sizes=\"(max-width: 275px) 100vw, 275px\" \/><span style=\"font-size: 14pt;\">FOTOGRAF TIL JULEBORD OG \u00c5RSFEST<\/span><\/h1>\r\n<p>Julebord hos bedriften er en spennende og g\u00f8yal event for de fleste ansatte med mange g\u00f8yale minner. God mat, dessert og alkohol f\u00e5r de fleste ansatte til \u00e5 bli mer sosiale og mindre sjenerte.<\/p>\r\n<p>Julebord gir ofte noen meget gode bilder til viderebruk av bedriften, der ansatte vises som sosiale og glade, som videre kan brukes til markedsf\u00f8ring eller rett og slett minner for ansatte selv.<\/p>\r\n<p>Du bestemmer selv hvor lenge du \u00f8nsker fotografering og vi tilbyr rimelige pakker som har en varighet fra 1 time eller dekning fra start til slutt.<\/p>\r\n<p>&nbsp;<\/p>\r\n<p>&nbsp;<\/p>\r\n<p>&nbsp;<\/p>\r\n<p>&nbsp;<\/p>\r\n<p>&nbsp;<\/p>\r\n<style>#jtg-13963 .item .icon { color:#ffffff }#jtg-13963 .item .caption { background-color: #ffffff; }#jtg-13963 .item .caption { background-color: rgba(0, 0, 0, 0.8); }#jtg-13963 .item .caption { color: #ffffff; }#jtg-13963 .items { width:100%; height:500px }<\/style><div class='mikado' id='jtg-13963'><div itemscope itemtype='http:\/\/schema.org\/ImageObject'><meta itemprop='author' content='firmafotografen.no'><div class='items'><div class='item   no-text'><a title=''   rel='jtg-13963'  class='tile-inner mikado-lightbox' href='\/assets\/uploads\/konferanse-taler-foredrag-presentasjon-fotograf-9.jpg'><img data-valign='middle' data-halign='center' class='pic' src='\/assets\/uploads\/konferanse-taler-foredrag-presentasjon-fotograf-9.jpg' itemprop='contentUrl' \/><\/a><meta itemprop='name' content='1366' \/><meta itemprop='description' content='' \/><meta itemprop='description' content='' \/> <\/div><div class='item   no-text'><a title=''   rel='jtg-13963'  class='tile-inner mikado-lightbox' href='\/assets\/uploads\/konferanse-taler-foredrag-presentasjon-fotograf-15.jpg'><img data-valign='middle' data-halign='center' class='pic' src='\/assets\/uploads\/konferanse-taler-foredrag-presentasjon-fotograf-15.jpg' itemprop='contentUrl' \/><\/a><meta itemprop='name' content='1369' \/><meta itemprop='description' content='' \/><meta itemprop='description' content='' \/> <\/div><div class='item   with-text'><a title='Fotograf: Aksel Lian'   rel='jtg-13963'  class='tile-inner mikado-lightbox' href='\/assets\/uploads\/Erna_Solberg-tale-1024x684.jpg'><img data-valign='middle' data-halign='center' class='pic' src='\/assets\/uploads\/Erna_Solberg-tale-1024x684.jpg' itemprop='contentUrl' \/><span class='caption'><span class='text' >Fotograf: Aksel Lian<\/span><\/span><\/a><meta itemprop='name' content='20485' \/><meta itemprop='description' content='Fotograf: Aksel Lian' \/><meta itemprop='description' content='Fotograf: Aksel Lian' \/> <\/div><div class='item   no-text'><a title=''   rel='jtg-13963'  class='tile-inner mikado-lightbox' href='\/assets\/uploads\/konferanse-taler-foredrag-presentasjon-fotograf-1.jpg'><img data-valign='middle' data-halign='center' class='pic' src='\/assets\/uploads\/konferanse-taler-foredrag-presentasjon-fotograf-1.jpg' itemprop='contentUrl' \/><\/a><meta itemprop='name' content='1363' \/><meta itemprop='description' content='' \/><meta itemprop='description' content='' \/> <\/div><div class='item   no-text'><a title=''   rel='jtg-13963'  class='tile-inner mikado-lightbox' href='\/assets\/uploads\/konferanse-taler-foredrag-presentasjon-fotograf-7.jpg'><img data-valign='middle' data-halign='center' class='pic' src='\/assets\/uploads\/konferanse-taler-foredrag-presentasjon-fotograf-7.jpg' itemprop='contentUrl' \/><\/a><meta itemprop='name' content='1365' \/><meta itemprop='description' content='' \/><meta itemprop='description' content='' \/> <\/div><div class='item   with-text'><a title='Fotograf: Aksel Lian'   rel='jtg-13963'  class='tile-inner mikado-lightbox' href='\/assets\/uploads\/konferanse-taler-foredrag-presentasjon-fotograf-13.jpg'><img data-valign='middle' data-halign='center' class='pic' src='\/assets\/uploads\/konferanse-taler-foredrag-presentasjon-fotograf-13.jpg' itemprop='contentUrl' \/><span class='caption'><span class='text' >Fotograf: Aksel Lian<\/span><\/span><\/a><meta itemprop='name' content='1368' \/><meta itemprop='description' content='Fotograf: Aksel Lian' \/><meta itemprop='description' content='Fotograf: Aksel Lian' \/> <\/div><div class='item   no-text'><a title=''   rel='jtg-13963'  class='tile-inner mikado-lightbox' href='\/assets\/uploads\/konferanse-taler-foredrag-presentasjon-fotograf-11.jpg'><img data-valign='middle' data-halign='center' class='pic' src='\/assets\/uploads\/konferanse-taler-foredrag-presentasjon-fotograf-11.jpg' itemprop='contentUrl' \/><\/a><meta itemprop='name' content='1367' \/><meta itemprop='description' content='' \/><meta itemprop='description' content='' \/> <\/div><div class='item   no-text'><a title=''   rel='jtg-13963'  class='tile-inner mikado-lightbox' href='\/assets\/uploads\/konferanse-taler-foredrag-presentasjon-fotograf-19.jpg'><img data-valign='middle' data-halign='center' class='pic' src='\/assets\/uploads\/konferanse-taler-foredrag-presentasjon-fotograf-19.jpg' itemprop='contentUrl' \/><\/a><meta itemprop='name' content='1371' \/><meta itemprop='description' content='' \/><meta itemprop='description' content='' \/> <\/div><div class='item   no-text'><a title=''   rel='jtg-13963'  class='tile-inner mikado-lightbox' href='\/assets\/uploads\/konferanse-taler-foredrag-presentasjon-fotograf-17.jpg'><img data-valign='middle' data-halign='center' class='pic' src='\/assets\/uploads\/konferanse-taler-foredrag-presentasjon-fotograf-17.jpg' itemprop='contentUrl' \/><\/a><meta itemprop='name' content='1370' \/><meta itemprop='description' content='' \/><meta itemprop='description' content='' \/> <\/div><div class='item   with-text'><a title='Fotograf: Aksel Lian'   rel='jtg-13963'  class='tile-inner mikado-lightbox' href='\/assets\/uploads\/konferanse-taler-foredrag-presentasjon-fotograf-3.jpg'><img data-valign='middle' data-halign='center' class='pic' src='\/assets\/uploads\/konferanse-taler-foredrag-presentasjon-fotograf-3.jpg' itemprop='contentUrl' \/><span class='caption'><span class='text' >Fotograf: Aksel Lian<\/span><\/span><\/a><meta itemprop='name' content='1364' \/><meta itemprop='description' content='Fotograf: Aksel Lian' \/><meta itemprop='description' content='Fotograf: Aksel Lian' \/> <\/div><\/div><\/div><\/div><script type='text\/javascript'>jQuery('#jtg-13963').tilesGallery2({margin: 10,captionEffectDuration: 250,captionEffect: 'fade',captionEasing: 'swing',keepArea: false,enableTwitter: false,enableFacebook: false,enablePinterest: false,enableGplus: false,scrollEffect: ''});jQuery(function () {jQuery('#jtg-13963 .tile a.mikado-lightbox').swipebox({});});<\/script>\r\n","protected":false},"excerpt":{"rendered":"<p>FOTOGRAF TIL JULEBORD OG \u00c5RSFEST Julebord hos bedriften er en spennende og g\u00f8yal event for de fleste ansatte med mange<a class=\"ninja_pages_read_more\"  href=\"https:\/\/firmafotografen.no\/en\/bedriftsfotografering\/julebordsfotografering-for-bedrifter\/\"><\/a><\/p>\n","protected":false},"author":1,"featured_media":655,"parent":18,"menu_order":0,"comment_status":"closed","ping_status":"closed","template":"","meta":{"_lmt_disableupdate":"no","_lmt_disable":""},"_links":{"self":[{"href":"https:\/\/firmafotografen.no\/en\/wp-json\/wp\/v2\/pages\/194"}],"collection":[{"href":"https:\/\/firmafotografen.no\/en\/wp-json\/wp\/v2\/pages"}],"about":[{"href":"https:\/\/firmafotografen.no\/en\/wp-json\/wp\/v2\/types\/page"}],"author":[{"embeddable":true,"href":"https:\/\/firmafotografen.no\/en\/wp-json\/wp\/v2\/users\/1"}],"replies":[{"embeddable":true,"href":"https:\/\/firmafotografen.no\/en\/wp-json\/wp\/v2\/comments?post=194"}],"version-history":[{"count":1,"href":"https:\/\/firmafotografen.no\/en\/wp-json\/wp\/v2\/pages\/194\/revisions"}],"predecessor-version":[{"id":20701,"href":"https:\/\/firmafotografen.no\/en\/wp-json\/wp\/v2\/pages\/194\/revisions\/20701"}],"up":[{"embeddable":true,"href":"https:\/\/firmafotografen.no\/en\/wp-json\/wp\/v2\/pages\/18"}],"wp:featuredmedia":[{"embeddable":true,"href":"https:\/\/firmafotografen.no\/en\/wp-json\/wp\/v2\/media\/655"}],"wp:attachment":[{"href":"https:\/\/firmafotografen.no\/en\/wp-json\/wp\/v2\/media?parent=194"}],"curies":[{"name":"wp","href":"https:\/\/api.w.org\/{rel}","templated":true}]}}