{"id":197,"date":"2017-07-06T05:26:04","date_gmt":"2017-07-06T05:26:04","guid":{"rendered":"https:\/\/firmafotografen.no\/?page_id=197"},"modified":"2018-08-08T16:10:26","modified_gmt":"2018-08-08T16:10:26","slug":"firmafest-fotograf","status":"publish","type":"page","link":"https:\/\/firmafotografen.no\/en\/bedriftsfotografering\/firmafest-fotograf\/","title":{"rendered":"FIRMAFEST FOTOGRAF"},"content":{"rendered":"<p><img decoding=\"async\" loading=\"lazy\" class=\"alignright wp-image-198\" src=\"https:\/\/firmafotografen.no\/assets\/uploads\/firmaevent.jpg\" alt=\"\" width=\"341\" height=\"300\" srcset=\"https:\/\/firmafotografen.no\/assets\/uploads\/firmaevent.jpg 800w, https:\/\/firmafotografen.no\/assets\/uploads\/firmaevent-430x377.jpg 430w, https:\/\/firmafotografen.no\/assets\/uploads\/firmaevent-150x132.jpg 150w, https:\/\/firmafotografen.no\/assets\/uploads\/firmaevent-700x614.jpg 700w\" sizes=\"(max-width: 341px) 100vw, 341px\" \/><\/p>\r\n<p><strong>BILDER FRA FEST<\/strong><\/p>\r\n<p>Vi kan tilby dyktige fotografer til din bedriftsfest eller arrangement med markedsledende priser.<\/p>\r\n<p>Alle bildene leveres ferdig redigert og klare til publisering i websider, epost eller print.<\/p>\r\n<p>Du bestemmer selv hvor mange bilder som skal tas og varighet av fotograf tilstedsv\u00e6relsen. Vi tar gode oversiktsbilder av middagseventer, taler og h\u00f8ydepunkter. Dersom du \u00f8nsker <a href=\"\/fotograf-bedrift\/filmproduksjon-bedrift\">video av taler<\/a> eller spesielle h\u00f8ydepunkter kan dette ogs\u00e5 avtales.<\/p>\r\n<p>Ikke risiker ubrukelige bilder tatt av ansatte og selv om bilder ikke kan erstatte tilstedsv\u00e6relse, er gode bilder ofte en godt nok erstatning.<\/p>\r\n<p>Vi har noen meget gode referanser, ta kontakt for referansebilder.<\/p>\r\n<h3>FOTOGRAF TIL MESSER &#8211; KICKOFF &#8211; PROMOSJON &#8211; TEKNOLOGI<\/h3>\r\n<p>Vi tar oppdrag med timeavtale eller <a href=\"\/priser\">fulldagsfotografering<\/a>. Antall bilder som blir levert varierer og sender du oss litt mer informasjon om deres event, vil vi kunne gi en n\u00f8yaktig estimat.<\/p>\r\n<p>&nbsp;<\/p>\r\n<p>&nbsp;<\/p>\r\n<p>&nbsp;<\/p>\r\n<style>#jtg-15592 .item .icon { color:#ffffff }#jtg-15592 .item .caption { background-color: #ffffff; }#jtg-15592 .item .caption { background-color: rgba(0, 0, 0, 0.8); }#jtg-15592 .item .caption { color: #ffffff; }#jtg-15592 .items { width:100%; height:500px }<\/style><div class='mikado' id='jtg-15592'><div itemscope itemtype='http:\/\/schema.org\/ImageObject'><meta itemprop='author' content='firmafotografen.no'><div class='items'><div class='item   no-text'><a title=''   rel='jtg-15592'  class='tile-inner mikado-lightbox' href='\/assets\/uploads\/konsert-firmafest-musikk-fotograf-15.jpg'><img data-valign='middle' data-halign='center' class='pic' src='\/assets\/uploads\/konsert-firmafest-musikk-fotograf-15.jpg' itemprop='contentUrl' \/><\/a><meta itemprop='name' content='1381' \/><meta itemprop='description' content='' \/><meta itemprop='description' content='' \/> <\/div><div class='item   no-text'><a title=''   rel='jtg-15592'  class='tile-inner mikado-lightbox' href='\/assets\/uploads\/konsert-firmafest-musikk-fotograf-5.jpg'><img data-valign='middle' data-halign='center' class='pic' src='\/assets\/uploads\/konsert-firmafest-musikk-fotograf-5.jpg' itemprop='contentUrl' \/><\/a><meta itemprop='name' content='1376' \/><meta itemprop='description' content='' \/><meta itemprop='description' content='' \/> <\/div><div class='item   no-text'><a title=''   rel='jtg-15592'  class='tile-inner mikado-lightbox' href='\/assets\/uploads\/konsert-firmafest-musikk-fotograf-31.jpg'><img data-valign='middle' data-halign='center' class='pic' src='\/assets\/uploads\/konsert-firmafest-musikk-fotograf-31.jpg' itemprop='contentUrl' \/><\/a><meta itemprop='name' content='1389' \/><meta itemprop='description' content='' \/><meta itemprop='description' content='' \/> <\/div><div class='item   no-text'><a title=''   rel='jtg-15592'  class='tile-inner mikado-lightbox' href='\/assets\/uploads\/konsert-firmafest-musikk-fotograf-33.jpg'><img data-valign='middle' data-halign='center' class='pic' src='\/assets\/uploads\/konsert-firmafest-musikk-fotograf-33.jpg' itemprop='contentUrl' \/><\/a><meta itemprop='name' content='1390' \/><meta itemprop='description' content='' \/><meta itemprop='description' content='' \/> <\/div><div class='item   no-text'><a title=''   rel='jtg-15592'  class='tile-inner mikado-lightbox' href='\/assets\/uploads\/konsert-firmafest-musikk-fotograf-7.jpg'><img data-valign='middle' data-halign='center' class='pic' src='\/assets\/uploads\/konsert-firmafest-musikk-fotograf-7.jpg' itemprop='contentUrl' \/><\/a><meta itemprop='name' content='1377' \/><meta itemprop='description' content='' \/><meta itemprop='description' content='' \/> <\/div><div class='item   with-text'><a title='Fotograf: Aksel Lian'   rel='jtg-15592'  class='tile-inner mikado-lightbox' href='\/assets\/uploads\/konsert-firmafest-musikk-fotograf-39.jpg'><img data-valign='middle' data-halign='center' class='pic' src='\/assets\/uploads\/konsert-firmafest-musikk-fotograf-39.jpg' itemprop='contentUrl' \/><span class='caption'><span class='text' >Fotograf: Aksel Lian<\/span><\/span><\/a><meta itemprop='name' content='1393' \/><meta itemprop='description' content='Fotograf: Aksel Lian' \/><meta itemprop='description' content='Fotograf: Aksel Lian' \/> <\/div><div class='item   no-text'><a title=''   rel='jtg-15592'  class='tile-inner mikado-lightbox' href='\/assets\/uploads\/konsert-firmafest-musikk-fotograf-1.jpg'><img data-valign='middle' data-halign='center' class='pic' src='\/assets\/uploads\/konsert-firmafest-musikk-fotograf-1.jpg' itemprop='contentUrl' \/><\/a><meta itemprop='name' content='1374' \/><meta itemprop='description' content='' \/><meta itemprop='description' content='' \/> <\/div><div class='item   no-text'><a title=''   rel='jtg-15592'  class='tile-inner mikado-lightbox' href='\/assets\/uploads\/konsert-firmafest-musikk-fotograf-29.jpg'><img data-valign='middle' data-halign='center' class='pic' src='\/assets\/uploads\/konsert-firmafest-musikk-fotograf-29.jpg' itemprop='contentUrl' \/><\/a><meta itemprop='name' content='1388' \/><meta itemprop='description' content='' \/><meta itemprop='description' content='' \/> <\/div><div class='item   no-text'><a title=''   rel='jtg-15592'  class='tile-inner mikado-lightbox' href='\/assets\/uploads\/konsert-firmafest-musikk-fotograf-19.jpg'><img data-valign='middle' data-halign='center' class='pic' src='\/assets\/uploads\/konsert-firmafest-musikk-fotograf-19.jpg' itemprop='contentUrl' \/><\/a><meta itemprop='name' content='1383' \/><meta itemprop='description' content='' \/><meta itemprop='description' content='' \/> <\/div><div class='item   no-text'><a title=''   rel='jtg-15592'  class='tile-inner mikado-lightbox' href='\/assets\/uploads\/konsert-firmafest-musikk-fotograf-9.jpg'><img data-valign='middle' data-halign='center' class='pic' src='\/assets\/uploads\/konsert-firmafest-musikk-fotograf-9.jpg' itemprop='contentUrl' \/><\/a><meta itemprop='name' content='1378' \/><meta itemprop='description' content='' \/><meta itemprop='description' content='' \/> <\/div><div class='item   no-text'><a title=''   rel='jtg-15592'  class='tile-inner mikado-lightbox' href='\/assets\/uploads\/konsert-firmafest-musikk-fotograf-13.jpg'><img data-valign='middle' data-halign='center' class='pic' src='\/assets\/uploads\/konsert-firmafest-musikk-fotograf-13.jpg' itemprop='contentUrl' \/><\/a><meta itemprop='name' content='1380' \/><meta itemprop='description' content='' \/><meta itemprop='description' content='' \/> <\/div><div class='item   no-text'><a title=''   rel='jtg-15592'  class='tile-inner mikado-lightbox' href='\/assets\/uploads\/konsert-firmafest-musikk-fotograf-3.jpg'><img data-valign='middle' data-halign='center' class='pic' src='\/assets\/uploads\/konsert-firmafest-musikk-fotograf-3.jpg' itemprop='contentUrl' \/><\/a><meta itemprop='name' content='1375' \/><meta itemprop='description' content='' \/><meta itemprop='description' content='' \/> <\/div><div class='item   no-text'><a title=''   rel='jtg-15592'  class='tile-inner mikado-lightbox' href='\/assets\/uploads\/konsert-firmafest-musikk-fotograf-23.jpg'><img data-valign='middle' data-halign='center' class='pic' src='\/assets\/uploads\/konsert-firmafest-musikk-fotograf-23.jpg' itemprop='contentUrl' \/><\/a><meta itemprop='name' content='1385' \/><meta itemprop='description' content='' \/><meta itemprop='description' content='' \/> <\/div><div class='item   no-text'><a title=''   rel='jtg-15592'  class='tile-inner mikado-lightbox' href='\/assets\/uploads\/konsert-firmafest-musikk-fotograf-17.jpg'><img data-valign='middle' data-halign='center' class='pic' src='\/assets\/uploads\/konsert-firmafest-musikk-fotograf-17.jpg' itemprop='contentUrl' \/><\/a><meta itemprop='name' content='1382' \/><meta itemprop='description' content='' \/><meta itemprop='description' content='' \/> <\/div><div class='item   with-text'><a title='Fotograf: Aksel Lian'   rel='jtg-15592'  class='tile-inner mikado-lightbox' href='\/assets\/uploads\/konsert-firmafest-musikk-fotograf-27.jpg'><img data-valign='middle' data-halign='center' class='pic' src='\/assets\/uploads\/konsert-firmafest-musikk-fotograf-27.jpg' itemprop='contentUrl' \/><span class='caption'><span class='text' >Fotograf: Aksel Lian<\/span><\/span><\/a><meta itemprop='name' content='1387' \/><meta itemprop='description' content='Fotograf: Aksel Lian' \/><meta itemprop='description' content='Fotograf: Aksel Lian' \/> <\/div><div class='item   no-text'><a title=''   rel='jtg-15592'  class='tile-inner mikado-lightbox' href='\/assets\/uploads\/konsert-firmafest-musikk-fotograf-11.jpg'><img data-valign='middle' data-halign='center' class='pic' src='\/assets\/uploads\/konsert-firmafest-musikk-fotograf-11.jpg' itemprop='contentUrl' \/><\/a><meta itemprop='name' content='1379' \/><meta itemprop='description' content='' \/><meta itemprop='description' content='' \/> <\/div><div class='item   no-text'><a title=''   rel='jtg-15592'  class='tile-inner mikado-lightbox' href='\/assets\/uploads\/konsert-firmafest-musikk-fotograf-21.jpg'><img data-valign='middle' data-halign='center' class='pic' src='\/assets\/uploads\/konsert-firmafest-musikk-fotograf-21.jpg' itemprop='contentUrl' \/><\/a><meta itemprop='name' content='1384' \/><meta itemprop='description' content='' \/><meta itemprop='description' content='' \/> <\/div><div class='item   no-text'><a title=''   rel='jtg-15592'  class='tile-inner mikado-lightbox' href='\/assets\/uploads\/konsert-firmafest-musikk-fotograf-37.jpg'><img data-valign='middle' data-halign='center' class='pic' src='\/assets\/uploads\/konsert-firmafest-musikk-fotograf-37.jpg' itemprop='contentUrl' \/><\/a><meta itemprop='name' content='1392' \/><meta itemprop='description' content='' \/><meta itemprop='description' content='' \/> <\/div><div class='item   no-text'><a title=''   rel='jtg-15592'  class='tile-inner mikado-lightbox' href='\/assets\/uploads\/konsert-firmafest-musikk-fotograf-25.jpg'><img data-valign='middle' data-halign='center' class='pic' src='\/assets\/uploads\/konsert-firmafest-musikk-fotograf-25.jpg' itemprop='contentUrl' \/><\/a><meta itemprop='name' content='1386' \/><meta itemprop='description' content='' \/><meta itemprop='description' content='' \/> <\/div><div class='item   with-text'><a title='Fotograf: Aksel Lian'   rel='jtg-15592'  class='tile-inner mikado-lightbox' href='\/assets\/uploads\/konsert-firmafest-musikk-fotograf-35.jpg'><img data-valign='middle' data-halign='center' class='pic' src='\/assets\/uploads\/konsert-firmafest-musikk-fotograf-35.jpg' itemprop='contentUrl' \/><span class='caption'><span class='text' >Fotograf: Aksel Lian<\/span><\/span><\/a><meta itemprop='name' content='1391' \/><meta itemprop='description' content='Fotograf: Aksel Lian' \/><meta itemprop='description' content='Fotograf: Aksel Lian' \/> <\/div><\/div><\/div><\/div><script type='text\/javascript'>jQuery('#jtg-15592').tilesGallery2({margin: 10,captionEffectDuration: 250,captionEffect: 'fade',captionEasing: 'swing',keepArea: false,enableTwitter: false,enableFacebook: false,enablePinterest: false,enableGplus: false,scrollEffect: ''});jQuery(function () {jQuery('#jtg-15592 .tile a.mikado-lightbox').swipebox({});});<\/script>\r\n<h3>VIDEO OG FILM OPPTAK FOR BEDRIFTEVENTER<\/h3>\r\n<p>Altnet kan ogs\u00e5 stille opp med filmcrew for opptak av deler eller hele eventer. Se filmproduksjon for mer info.<\/p>","protected":false},"excerpt":{"rendered":"<p>BILDER FRA FEST Vi kan tilby dyktige fotografer til din bedriftsfest eller arrangement med markedsledende priser. Alle bildene leveres ferdig<a class=\"ninja_pages_read_more\"  href=\"https:\/\/firmafotografen.no\/en\/bedriftsfotografering\/firmafest-fotograf\/\"><\/a><\/p>\n","protected":false},"author":1,"featured_media":2983,"parent":18,"menu_order":0,"comment_status":"closed","ping_status":"closed","template":"","meta":{"_lmt_disableupdate":"","_lmt_disable":""},"_links":{"self":[{"href":"https:\/\/firmafotografen.no\/en\/wp-json\/wp\/v2\/pages\/197"}],"collection":[{"href":"https:\/\/firmafotografen.no\/en\/wp-json\/wp\/v2\/pages"}],"about":[{"href":"https:\/\/firmafotografen.no\/en\/wp-json\/wp\/v2\/types\/page"}],"author":[{"embeddable":true,"href":"https:\/\/firmafotografen.no\/en\/wp-json\/wp\/v2\/users\/1"}],"replies":[{"embeddable":true,"href":"https:\/\/firmafotografen.no\/en\/wp-json\/wp\/v2\/comments?post=197"}],"version-history":[{"count":0,"href":"https:\/\/firmafotografen.no\/en\/wp-json\/wp\/v2\/pages\/197\/revisions"}],"up":[{"embeddable":true,"href":"https:\/\/firmafotografen.no\/en\/wp-json\/wp\/v2\/pages\/18"}],"wp:featuredmedia":[{"embeddable":true,"href":"https:\/\/firmafotografen.no\/en\/wp-json\/wp\/v2\/media\/2983"}],"wp:attachment":[{"href":"https:\/\/firmafotografen.no\/en\/wp-json\/wp\/v2\/media?parent=197"}],"curies":[{"name":"wp","href":"https:\/\/api.w.org\/{rel}","templated":true}]}}