{"id":208,"date":"2018-11-06T05:33:12","date_gmt":"2018-11-06T04:33:12","guid":{"rendered":"https:\/\/firmafotografen.no\/?page_id=208"},"modified":"2020-07-23T22:44:24","modified_gmt":"2020-07-23T20:44:24","slug":"portrett-av-ledelse-og-styre","status":"publish","type":"page","link":"https:\/\/firmafotografen.no\/en\/portrett-av-ledelse-og-styre\/","title":{"rendered":"Portrett av ledelse og styre"},"content":{"rendered":"<h3>F\u00c5 ET TILBUD P\u00c5 PORTRETTFOTOGRAFERING FOR DIN BEDRIFT<\/h3>\r\n<h1><span style=\"font-size: 14pt;\"><strong>Ledelse og styre &#8211; Bedriftsfotografering<\/strong><\/span><img decoding=\"async\" loading=\"lazy\" class=\" wp-image-209 alignright\" src=\"https:\/\/firmafotografen.no\/assets\/uploads\/portrett-bedrifter-2.jpg\" alt=\"\" width=\"236\" height=\"345\" srcset=\"https:\/\/firmafotografen.no\/assets\/uploads\/portrett-bedrifter-2.jpg 258w, https:\/\/firmafotografen.no\/assets\/uploads\/portrett-bedrifter-2-150x219.jpg 150w\" sizes=\"(max-width: 236px) 100vw, 236px\" \/><\/h1>\r\n<p>Flere og flere bedrifter ser fordelene med \u00e5 bruke gode portrettbilder som kan hjelpe bedriften med \u00e5 introdusere ansatte, ledere og styret i en bedrift eller kommune. Bilder som blir tatt kan brukes til alt i fra om oss sider, ansattes profil, til bedriftsstruktur over ansatte.<\/p>\r\n<div class=\"caldera-grid\" id=\"caldera_form_1\" data-cf-ver=\"1.9.5\" data-cf-form-id=\"CF5ca2fb589a2c6\"><div id=\"caldera_notices_1\" data-spinner=\"https:\/\/firmafotografen.no\/wp-admin\/images\/spinner.gif\"><\/div><form data-instance=\"1\" class=\"CF5ca2fb589a2c6 caldera_forms_form cfajax-trigger\" method=\"POST\" enctype=\"multipart\/form-data\" id=\"CF5ca2fb589a2c6_1\" data-form-id=\"CF5ca2fb589a2c6\" aria-label=\"Bedriftsportrett tilbud\" data-target=\"#caldera_notices_1\" data-template=\"#cfajax_CF5ca2fb589a2c6-tmpl\" data-cfajax=\"CF5ca2fb589a2c6\" data-load-element=\"_parent\" data-load-class=\"cf_processing\" data-post-disable=\"0\" data-action=\"cf_process_ajax_submit\" data-request=\"https:\/\/firmafotografen.no\/en\/cf-api\/CF5ca2fb589a2c6\" data-hiderows=\"true\">\r\n<input type=\"hidden\" id=\"_cf_verify_CF5ca2fb589a2c6\" name=\"_cf_verify\" value=\"14df9572c8\"  data-nonce-time=\"1775500513\" \/><input type=\"hidden\" name=\"_wp_http_referer\" value=\"\/en\/wp-json\/wp\/v2\/pages\/208\" \/><div id=\"cf2-CF5ca2fb589a2c6_1\"><\/div><input type=\"hidden\" name=\"_cf_frm_id\" value=\"CF5ca2fb589a2c6\">\r\n<input type=\"hidden\" name=\"_cf_frm_ct\" value=\"1\">\r\n<input type=\"hidden\" name=\"cfajax\" value=\"CF5ca2fb589a2c6\">\r\n<input type=\"hidden\" name=\"_cf_cr_pst\" value=\"208\">\r\n<div class=\"hide\" style=\"display:none; overflow:hidden;height:0;width:0;\">\r\n<label>Name<\/label><input type=\"text\" name=\"name\" value=\"\" autocomplete=\"off\">\r\n<\/div><div id=\"CF5ca2fb589a2c6_1-row-1\"  class=\"row  first_row\"><div  class=\"col-sm-6  first_col\"><div data-field-wrapper=\"fld_6496615\" class=\"form-group\" id=\"fld_6496615_1-wrap\">\r\n\t<label id=\"fld_6496615Label\" for=\"fld_6496615_1\" class=\"control-label\">Antall ansatte <span aria-hidden=\"true\" role=\"presentation\" class=\"field_required\" style=\"color:#ee0000;\">*<\/span><\/label>\r\n\t<div class=\"\">\r\n\t\t<input   required type=\"number\" data-field=\"fld_6496615\" class=\" form-control\" id=\"fld_6496615_1\" name=\"fld_6496615\" value=\"3\" data-type=\"number\" min=\"3\" step=\"1\" data-parsley-type=\"number\" aria-required=\"true\"   aria-labelledby=\"fld_6496615Label\" >\t\t\t<\/div>\r\n<\/div>\r\n\n<div data-field-wrapper=\"fld_3424080\" class=\"form-group\" id=\"fld_3424080_1-wrap\">\r\n\t<label id=\"fld_3424080Label\" for=\"fld_3424080_1\" class=\"control-label\">Hvilken dato? (Velg n\u00e6rmeste dersom usikker)<\/label>\r\n\t<div class=\"\">\r\n\t\t<input  type=\"text\" data-provide=\"cfdatepicker\" name=\"fld_3424080\" value=\"06-04-2026\" id=\"fld_3424080_1\" data-field=\"fld_3424080\" class=\"form-control cfdatepicker is-cfdatepicker\" data-date-format=\"dd-mm-yyyy\" data-date-start-view=\"month\"  data-date-start-date=\"+1d\" data-date-end-date=\"+2m\" data-date-language=\"no\" data-date-autoclose=\"true\"   aria-labelledby=\"fld_3424080Label\" aria-describedby=\"fld_3424080Caption\"   \/>\n\t\t<span id=\"fld_3424080Caption\" class=\"help-block\">Trykk over for \u00e5 velge<\/span>\r\n\t<\/div>\r\n<\/div>\r\n<div data-field-wrapper=\"fld_3323689\" class=\"form-group\" id=\"fld_3323689_1-wrap\">\r\n\t<label id=\"fld_3323689Label\" for=\"fld_3323689_1\" class=\"control-label\">Dele opp fotografering over flere dager?<\/label>\r\n\t<div class=\"\">\r\n\t\t\t\t\t\t\t\t\t\t\t<div class=\"checkbox\">\n\t\t\t\t\n                <label                         for=\"fld_3323689_1_opt1672231\"\n                >\n                            <input\n                                                                type=\"checkbox\"\n                                data-label=\"Ja\"\n                                data-field=\"fld_3323689\"\n                                id=\"fld_3323689_1_opt1672231\"\n                                class=\"fld_3323689_1\"\n                                name=\"fld_3323689[opt1672231]\"\n                                value=\"Ja\"\n                                                                data-type=\"checkbox\"\n                                data-checkbox-field=\"fld_3323689_1\"\n                                                                data-calc-value=\"Ja\"\n                            >\n                    Ja                <\/label>\n\n                \t\t\t\t\t<\/div>\n\t\t\t\t\t\t\t\t\t\t<span id=\"fld_3323689Caption\" class=\"help-block\">Lurt dersom det er ansatte som er: P\u00e5 reise, syke, p\u00e5 ferie, permissjon m.m..<\/span>\r\n\t<\/div>\r\n<\/div>\r\n<\/div><div  class=\"col-sm-3 \"><div data-field-wrapper=\"fld_6800632\" class=\"form-group\" id=\"fld_6800632_1-wrap\">\r\n<label id=\"fld_6800632Label\" for=\"fld_6800632_1\" class=\"control-label\">Fargevalg<\/label>\r\n<div class=\"\">\r\n\t\t\t\t<label class=\"radio-inline\" data-label=\"Farger\" for=\"fld_6800632_1_opt1652132\"><input type=\"radio\" id=\"fld_6800632_1_opt1652132\" data-field=\"fld_6800632\" class=\"fld_6800632_1\" name=\"fld_6800632\" value=\"Farger\" checked=\"checked\"   data-radio-field=\"fld_6800632_1\" data-type=\"radio\" data-calc-value=\"Farger\" \/>\n\t\t\tFarger\t\t<\/label>\n\t\t\t\t\t\t\t\t<label class=\"radio-inline\" data-label=\"Svart-hvitt\" for=\"fld_6800632_1_opt2069539\"><input type=\"radio\" id=\"fld_6800632_1_opt2069539\" data-field=\"fld_6800632\" class=\"fld_6800632_1\" name=\"fld_6800632\" value=\"Svart-hvitt\"    data-radio-field=\"fld_6800632_1\" data-type=\"radio\" data-calc-value=\"Svart-hvitt\" \/>\n\t\t\tSvart-hvitt\t\t<\/label>\n\t\t\t\t\t\t\t\t<label class=\"radio-inline\" data-label=\"Begge\" for=\"fld_6800632_1_opt1906771\"><input type=\"radio\" id=\"fld_6800632_1_opt1906771\" data-field=\"fld_6800632\" class=\"fld_6800632_1\" name=\"fld_6800632\" value=\"Begge\"    data-radio-field=\"fld_6800632_1\" data-type=\"radio\" data-calc-value=\"Begge\" \/>\n\t\t\tBegge\t\t<\/label>\n\t\t\t\t<\/div>\r\n<\/div>\r\n<div data-field-wrapper=\"fld_8883141\" class=\"form-group caldera25px\" id=\"fld_8883141_1-wrap\">\r\n<label id=\"fld_8883141Label\" for=\"fld_8883141_1\" class=\"control-label\">Bakgrunn<\/label>\r\n<div class=\"\">\r\n\t\t\t\t\t<div class=\"radio\">\n\t\t\t\t<label data-label=\"Naturlig, duset\/uklart\" for=\"fld_8883141_1_opt2069539\"><input type=\"radio\" id=\"fld_8883141_1_opt2069539\" data-field=\"fld_8883141\" class=\"fld_8883141_1\" name=\"fld_8883141\" value=\"bokeh\" checked=\"checked\"   data-radio-field=\"fld_8883141_1\" data-type=\"radio\" data-calc-value=\"bokeh\" \/>\n\t\t\tNaturlig, duset\/uklart\t\t<\/label>\n\t\t\t\t\t<\/div>\n\t\t\t\t\t\t\t\t\t<div class=\"radio\">\n\t\t\t\t<label data-label=\"Hvit\/lys\" for=\"fld_8883141_1_opt1652132\"><input type=\"radio\" id=\"fld_8883141_1_opt1652132\" data-field=\"fld_8883141\" class=\"fld_8883141_1\" name=\"fld_8883141\" value=\"hvit-lys\"    data-radio-field=\"fld_8883141_1\" data-type=\"radio\" data-calc-value=\"hvit-lys\" \/>\n\t\t\tHvit\/lys\t\t<\/label>\n\t\t\t\t\t<\/div>\n\t\t\t\t\t\t\t\t\t<div class=\"radio\">\n\t\t\t\t<label data-label=\"Helt hvit\" for=\"fld_8883141_1_opt1621708\"><input type=\"radio\" id=\"fld_8883141_1_opt1621708\" data-field=\"fld_8883141\" class=\"fld_8883141_1\" name=\"fld_8883141\" value=\"helt_hvit\"    data-radio-field=\"fld_8883141_1\" data-type=\"radio\" data-calc-value=\"helt_hvit\" \/>\n\t\t\tHelt hvit\t\t<\/label>\n\t\t\t\t\t<\/div>\n\t\t\t\t\t\t\t\t\t<div class=\"radio\">\n\t\t\t\t<label data-label=\"Gr\u00e5\" for=\"fld_8883141_1_opt1906771\"><input type=\"radio\" id=\"fld_8883141_1_opt1906771\" data-field=\"fld_8883141\" class=\"fld_8883141_1\" name=\"fld_8883141\" value=\"gra\"    data-radio-field=\"fld_8883141_1\" data-type=\"radio\" data-calc-value=\"gra\" \/>\n\t\t\tGr\u00e5\t\t<\/label>\n\t\t\t\t\t<\/div>\n\t\t\t\t\t\t\t\t\t<div class=\"radio\">\n\t\t\t\t<label data-label=\"Annet\" for=\"fld_8883141_1_opt1308886\"><input type=\"radio\" id=\"fld_8883141_1_opt1308886\" data-field=\"fld_8883141\" class=\"fld_8883141_1\" name=\"fld_8883141\" value=\"Annet\"    data-radio-field=\"fld_8883141_1\" data-type=\"radio\" data-calc-value=\"Annet\" \/>\n\t\t\tAnnet\t\t<\/label>\n\t\t\t\t\t<\/div>\n\t\t\t\t<\/div>\r\n<\/div>\r\n<div data-field-wrapper=\"fld_2256419\" class=\"form-group\" id=\"fld_2256419_1-wrap\">\r\n<label id=\"fld_2256419Label\" for=\"fld_2256419_1\" class=\"control-label\">Bildeorientering<\/label>\r\n<div class=\"\">\r\n\t\t\t\t\t<div class=\"radio\">\n\t\t\t\t<label data-label=\"Vertikal [o]\" for=\"fld_2256419_1_opt2069539\"><input type=\"radio\" id=\"fld_2256419_1_opt2069539\" data-field=\"fld_2256419\" class=\"fld_2256419_1\" name=\"fld_2256419\" value=\"vertikal\" checked=\"checked\"   data-radio-field=\"fld_2256419_1\" data-type=\"radio\" data-calc-value=\"vertikal\" \/>\n\t\t\tVertikal [o]\t\t<\/label>\n\t\t\t\t\t<\/div>\n\t\t\t\t\t\t\t\t\t<div class=\"radio\">\n\t\t\t\t<label data-label=\"Horisontal [-o-]\" for=\"fld_2256419_1_opt1652132\"><input type=\"radio\" id=\"fld_2256419_1_opt1652132\" data-field=\"fld_2256419\" class=\"fld_2256419_1\" name=\"fld_2256419\" value=\"horisontal\"    data-radio-field=\"fld_2256419_1\" data-type=\"radio\" data-calc-value=\"horisontal\" \/>\n\t\t\tHorisontal [-o-]\t\t<\/label>\n\t\t\t\t\t<\/div>\n\t\t\t\t<\/div>\r\n<\/div>\r\n<\/div><div  class=\"col-sm-3  last_col\"><div data-field-wrapper=\"fld_2504211\" class=\"form-group\" id=\"fld_2504211_1-wrap\">\r\n\t<label id=\"fld_2504211Label\" for=\"fld_2504211_1\" class=\"control-label\">Tjenester som kan v\u00e6re interessant<\/label>\r\n\t<div class=\"\">\r\n\t\t\t\t\t\t\t\t\t\t\t<div class=\"checkbox\">\n\t\t\t\t\n                <label                         for=\"fld_2504211_1_opt1836665\"\n                >\n                            <input\n                                                                type=\"checkbox\"\n                                data-label=\"Gruppebilde\"\n                                data-field=\"fld_2504211\"\n                                id=\"fld_2504211_1_opt1836665\"\n                                class=\"fld_2504211_1\"\n                                name=\"fld_2504211[opt1836665]\"\n                                value=\"Gruppebilde\"\n                                                                data-type=\"checkbox\"\n                                data-checkbox-field=\"fld_2504211_1\"\n                                                                data-calc-value=\"Gruppebilde\"\n                            >\n                    Gruppebilde                <\/label>\n\n                \t\t\t\t\t<\/div>\n\t\t\t\t\t\t\t\t\t\t\t\t\t\t\t\t\t<div class=\"checkbox\">\n\t\t\t\t\n                <label                         for=\"fld_2504211_1_opt1301095\"\n                >\n                            <input\n                                                                type=\"checkbox\"\n                                data-label=\"Team bilde\"\n                                data-field=\"fld_2504211\"\n                                id=\"fld_2504211_1_opt1301095\"\n                                class=\"fld_2504211_1\"\n                                name=\"fld_2504211[opt1301095]\"\n                                value=\"Team bilde\"\n                                                                data-type=\"checkbox\"\n                                data-checkbox-field=\"fld_2504211_1\"\n                                                                data-calc-value=\"Team bilde\"\n                            >\n                    Team bilde                <\/label>\n\n                \t\t\t\t\t<\/div>\n\t\t\t\t\t\t\t\t\t\t\t\t\t\t\t\t\t<div class=\"checkbox\">\n\t\t\t\t\n                <label                         for=\"fld_2504211_1_opt1773303\"\n                >\n                            <input\n                                                                type=\"checkbox\"\n                                data-label=\"Milj\u00f8bilder\"\n                                data-field=\"fld_2504211\"\n                                id=\"fld_2504211_1_opt1773303\"\n                                class=\"fld_2504211_1\"\n                                name=\"fld_2504211[opt1773303]\"\n                                value=\"Milj\u00f8bilder\"\n                                                                data-type=\"checkbox\"\n                                data-checkbox-field=\"fld_2504211_1\"\n                                                                data-calc-value=\"Milj\u00f8bilder\"\n                            >\n                    Milj\u00f8bilder                <\/label>\n\n                \t\t\t\t\t<\/div>\n\t\t\t\t\t\t\t\t\t\t<span id=\"fld_2504211Caption\" class=\"help-block\">Rabatterte priser ved portrettfoto bestillinger<\/span>\r\n\t<\/div>\r\n<\/div>\r\n<\/div><\/div><div id=\"CF5ca2fb589a2c6_1-row-2\"  class=\"row \"><div  class=\"col-sm-3  first_col\"><div data-field-wrapper=\"fld_6892512\" class=\"form-group\" id=\"fld_6892512_1-wrap\">\r\n\t<label id=\"fld_6892512Label\" for=\"fld_6892512_1\" class=\"control-label\">Bedriftens navn <span aria-hidden=\"true\" role=\"presentation\" class=\"field_required\" style=\"color:#ee0000;\">*<\/span><\/label>\r\n\t<div class=\"\">\r\n\t\t<input   required type=\"text\" data-field=\"fld_6892512\" class=\" form-control\" id=\"fld_6892512_1\" name=\"fld_6892512\" value=\"\" data-type=\"text\" aria-required=\"true\"   aria-labelledby=\"fld_6892512Label\" >\t\t\t<\/div>\r\n<\/div>\r\n<div data-field-wrapper=\"fld_8624467\" class=\"form-group\" id=\"fld_8624467_1-wrap\">\r\n\t<label id=\"fld_8624467Label\" for=\"fld_8624467_1\" class=\"control-label\">Adresse<\/label>\r\n\t<div class=\"\">\r\n\t\t<input placeholder=\"Deres adresse\"   type=\"text\" data-field=\"fld_8624467\" class=\" form-control\" id=\"fld_8624467_1\" name=\"fld_8624467\" value=\"\" data-type=\"text\"   aria-labelledby=\"fld_8624467Label\" >\t\t\t<\/div>\r\n<\/div>\r\n<div data-field-wrapper=\"fld_5840165\" class=\"form-group\" id=\"fld_5840165_1-wrap\">\r\n\t<label id=\"fld_5840165Label\" for=\"fld_5840165_1\" class=\"control-label\">Sted<\/label>\r\n\t<div class=\"\">\r\n\t\t<input placeholder=\"By, sted\"   type=\"text\" data-field=\"fld_5840165\" class=\" form-control\" id=\"fld_5840165_1\" name=\"fld_5840165\" value=\"\" data-type=\"text\"   aria-labelledby=\"fld_5840165Label\" >\t\t\t<\/div>\r\n<\/div>\r\n<\/div><div  class=\"col-sm-3 \"><div data-field-wrapper=\"fld_8338786\" class=\"form-group\" id=\"fld_8338786_1-wrap\">\r\n\t<label id=\"fld_8338786Label\" for=\"fld_8338786_1\" class=\"control-label\">Ditt navn<\/label>\r\n\t<div class=\"\">\r\n\t\t<input    type=\"text\" data-field=\"fld_8338786\" class=\" form-control\" id=\"fld_8338786_1\" name=\"fld_8338786\" value=\"\" data-type=\"text\"   aria-labelledby=\"fld_8338786Label\" >\t\t\t<\/div>\r\n<\/div>\r\n<div data-field-wrapper=\"fld_185917\" class=\"form-group fa fa-envelope\" id=\"fld_185917_1-wrap\">\r\n\t<label id=\"fld_185917Label\" for=\"fld_185917_1\" class=\"control-label\">E-post <span aria-hidden=\"true\" role=\"presentation\" class=\"field_required\" style=\"color:#ee0000;\">*<\/span><\/label>\r\n\t<div class=\"\">\r\n\t\t<input   required type=\"email\" data-field=\"fld_185917\" class=\" form-control\" id=\"fld_185917_1\" name=\"fld_185917\" value=\"\" data-type=\"email\" aria-required=\"true\"   aria-labelledby=\"fld_185917Label\" >\t\t\t<\/div>\r\n<\/div>\r\n<div data-field-wrapper=\"fld_2254781\" class=\"form-group fa fa-phone\" id=\"fld_2254781_1-wrap\">\r\n\t<label id=\"fld_2254781Label\" for=\"fld_2254781_1\" class=\"control-label\">Telefon<\/label>\r\n\t<div class=\"\">\r\n\t\t<input    type=\"number\" data-field=\"fld_2254781\" class=\" form-control\" id=\"fld_2254781_1\" name=\"fld_2254781\" value=\"\" data-type=\"number\" min=\"8\" data-parsley-type=\"number\"   aria-labelledby=\"fld_2254781Label\" >\t\t\t<\/div>\r\n<\/div>\r\n<\/div><div  class=\"col-sm-6  last_col\"><\/div><\/div><div id=\"CF5ca2fb589a2c6_1-row-3\"  class=\"row  last_row\"><div  class=\"col-sm-6  first_col\"><div data-field-wrapper=\"fld_4089741\" class=\"form-group\" id=\"fld_4089741_1-wrap\">\r\n\t<label id=\"fld_4089741Label\" for=\"fld_4089741_1\" class=\"control-label\">Kommentar eller sp\u00f8rsm\u00e5l<\/label>\r\n\t<div class=\"\">\r\n\t\t<textarea name=\"fld_4089741\" value=\"\" data-field=\"fld_4089741\" class=\"form-control\" id=\"fld_4089741_1\" rows=\"2\"    aria-labelledby=\"fld_4089741Label\" ><\/textarea>\n\t\t\t<\/div>\r\n<\/div>\r\n<div data-field-wrapper=\"fld_5249538\" class=\"form-group accept\" id=\"fld_5249538_1-wrap\">\r\n<label id=\"fld_5249538Label\" for=\"fld_5249538_1\" class=\"control-label screen-reader-text sr-only\">g-recaptcha-response<\/label>\r\n<div class=\"\">\r\n\t<input type=\"hidden\" name=\"fld_5249538\" value=\"fld_5249538_1\" data-field=\"fld_5249538\">\n\t<div id=\"capfld_5249538_1\" class=\"g-recaptcha\" data-theme=\"light\" data-sitekey=\"6Ld31E0pAAAAAI1SdU9Z0d1pvdUDX4cHQal2g3cg\"><\/div>\n\n\t<\/div>\r\n<\/div>\r\n<div data-field-wrapper=\"fld_7167496\" class=\"form-group\" id=\"fld_7167496_1-wrap\">\r\n<div class=\"\">\r\n\t<input  class=\"btn btn-default\" type=\"submit\" name=\"fld_7167496\" id=\"fld_7167496_1\" value=\"F\u00e5 et tilbud\" data-field=\"fld_7167496\"  >\n<\/div>\r\n<\/div>\r\n\t<input class=\"button_trigger_1\" type=\"hidden\" name=\"fld_7167496\" id=\"fld_7167496_1_btn\" value=\"\" data-field=\"fld_7167496\"  \/>\n<\/div><div  class=\"col-sm-6  last_col\"><\/div><\/div><\/form>\r\n<\/div>\r\n\r\n<p>Fotograferingen kan gj\u00f8res i studio eller deres arbeidslokaler og avhengig av antall ansatte fra 1 time til en hel dag. Bildene behandles etter bedrifttens \u00f8nsker og bakgrunns-profil kan endres etter \u00f8nske. Etter behandling leveres bildene digitalt via v\u00e5r nettl\u00f8sning som kan deles med deres samarbeidspartner for webutvikling eller markedsf\u00f8ringsavdelingen.<\/p>\r\n<p>Vi gir stor frihet n\u00e5r det gjelder bruk av bilder og som standard gjelder dette ethvert form\u00e5l som bedriften m\u00e5tte se fordeler i.<\/p>\r\n<p>&nbsp;<\/p>\r\n<h3><strong>Ansatte Portrett fotografering for webside, sosiale medier<br><\/strong><\/h3>\r\n<p>Med flere meget dyktige portrett fotografer kan vi tilby din bedrift de beste portrett bildene av dine ansatte med skreddersydde resultateter, klartgjort for publisering p\u00e5 dine nettsider eller print.<\/p>\r\n<p>Vi m\u00f8ter opp til avtalt tid og rigger opp en feltstudio med chroma eller \u00f8nsket bakgrunn.<\/p>\r\n<p>Selskapet ditt f\u00e5r full brukstilgang til alle bildene og slipper dermed \u00e5 m\u00e5tte forhandle om bruksrettigheter og konflikter som oppleves med mange fotografer i dag.<\/p>\r\n<p>Ansatte og ledelsen har da proffe bilder til <strong>media, linkedin og print<\/strong><\/p>\r\n<p>&nbsp;<\/p>\r\n<p><a href=\"https:\/\/firmafotografen.no\/kontakt-oslo-fotograf\/\">Kontakt oss for bedriftsledelse portrett fotografering<\/a><\/p>\r\n<div class=\"SnapLinksContainer\" style=\"margin-left: 0px; margin-top: 0px; display: none;\">\r\n<div class=\"SL_SelectionRect\">\r\n<div class=\"SL_SelectionLabel\">&nbsp;<\/div>\r\n<\/div>\r\n<p><!-- Used for easily cloning the properly namespaced rect --><\/p>\r\n<\/div>\r\n<div class=\"SnapLinksContainer\" style=\"margin-left: 0px; margin-top: 0px; display: none;\">\r\n<div class=\"SL_SelectionRect\">\r\n<div class=\"SL_SelectionLabel\">&nbsp;<\/div>\r\n<\/div>\r\n<p><!-- Used for easily cloning the properly namespaced rect --><\/p>\r\n<\/div>","protected":false},"excerpt":{"rendered":"<p>F\u00c5 ET TILBUD P\u00c5 PORTRETTFOTOGRAFERING FOR DIN BEDRIFT Ledelse og styre &#8211; Bedriftsfotografering Flere og flere bedrifter ser fordelene med<a class=\"ninja_pages_read_more\"  href=\"https:\/\/firmafotografen.no\/en\/portrett-av-ledelse-og-styre\/\"><\/a><\/p>\n","protected":false},"author":1,"featured_media":174,"parent":0,"menu_order":0,"comment_status":"closed","ping_status":"closed","template":"","meta":{"_lmt_disableupdate":"no","_lmt_disable":""},"_links":{"self":[{"href":"https:\/\/firmafotografen.no\/en\/wp-json\/wp\/v2\/pages\/208"}],"collection":[{"href":"https:\/\/firmafotografen.no\/en\/wp-json\/wp\/v2\/pages"}],"about":[{"href":"https:\/\/firmafotografen.no\/en\/wp-json\/wp\/v2\/types\/page"}],"author":[{"embeddable":true,"href":"https:\/\/firmafotografen.no\/en\/wp-json\/wp\/v2\/users\/1"}],"replies":[{"embeddable":true,"href":"https:\/\/firmafotografen.no\/en\/wp-json\/wp\/v2\/comments?post=208"}],"version-history":[{"count":5,"href":"https:\/\/firmafotografen.no\/en\/wp-json\/wp\/v2\/pages\/208\/revisions"}],"predecessor-version":[{"id":20067,"href":"https:\/\/firmafotografen.no\/en\/wp-json\/wp\/v2\/pages\/208\/revisions\/20067"}],"wp:featuredmedia":[{"embeddable":true,"href":"https:\/\/firmafotografen.no\/en\/wp-json\/wp\/v2\/media\/174"}],"wp:attachment":[{"href":"https:\/\/firmafotografen.no\/en\/wp-json\/wp\/v2\/media?parent=208"}],"curies":[{"name":"wp","href":"https:\/\/api.w.org\/{rel}","templated":true}]}}