{"id":221,"date":"2017-07-06T05:42:42","date_gmt":"2017-07-06T05:42:42","guid":{"rendered":"https:\/\/firmafotografen.no\/?p=221"},"modified":"2019-04-13T00:44:19","modified_gmt":"2019-04-12T22:44:19","slug":"fotografering-av-menyer-mat-dessert","status":"publish","type":"page","link":"https:\/\/firmafotografen.no\/en\/bedriftsfotografering\/fotografering-av-menyer-mat-dessert\/","title":{"rendered":"Fotografering av Menyer &#8211; Mat &#8211; Dessert"},"content":{"rendered":"<h1><span style=\"font-size: 14pt;\">MATFOTOGRAF<\/span><\/h1>\r\n<h3><span style=\"font-size: 12pt;\">Dette kan vi tilby innen matfotografering<br><\/span><\/h3>\r\n<p>Altnet AS tilbyr erfarne fotografer for menybilder, fotografering av alle typer mat, frukt, dessert og alt som m\u00e5tte falle inn i kategorien mat.<br>Som fotograf bedrift kan v\u00e5re fotografer hjelpe deg med alt fra bloggbilder av mat, kjederestaurant bilder eller kampanjebilder for reklamer av mat.<br>Vi kan v\u00e6re behjelpelige med fullstendig meny fotografering av alle deres retter, dessert og fristelser inkudert drikkevarer. For en fullstendig portfolio av v\u00e5re oppdrag og referansebilder ser vi fram til din henvendelse.<\/p>\r\n<h2><a class=\"art-button\" href=\"\/kontakt-oslo-fotograf\">Kontakt oss for matfotograf og referanser<\/a><\/h2>\r\n<div id=\"pgc-221-0-1\" class=\"panel-grid-cell\" data-weight=\"0.33333333333333\">\r\n<div id=\"panel-221-0-1-0\" class=\"so-panel widget widget_sow-editor panel-first-child panel-last-child\" data-index=\"1\" data-style=\"{&quot;background_display&quot;:&quot;tile&quot;}\">\r\n<div class=\"so-widget-sow-editor so-widget-sow-editor-base\">\r\n<div class=\"siteorigin-widget-tinymce textwidget\">\r\n<h3>Hva gj\u00f8r matfotografen f\u00f8r fotograferingen?<\/h3>\r\n<p>For \u00e5 ta gode og fristende matbilder spiller lys og farger en stor rolle. Fotografen tar som regel seg frihet til \u00e5 velge den beste lokasjonen for hvert enkelt bilde. Luksusrestauranter vet hvor viktig det er med gode &nbsp;bilder som reflekterer menyens fristelser p\u00e5 en god m\u00e5te.<\/p>\r\n<style>#jtg-3347 .item .icon { color:#ffffff }#jtg-3347 .item .caption { background-color: #ffffff; }#jtg-3347 .item .caption { background-color: rgba(0, 0, 0, 0.8); }#jtg-3347 .item .caption { color: #ffffff; }#jtg-3347 .items { width:100%; height:500px }<\/style><div class='mikado' id='jtg-3347'><div itemscope itemtype='http:\/\/schema.org\/ImageObject'><meta itemprop='author' content='firmafotografen.no'><div class='items'><div class='item   with-text'><a title='matfotograf -dessert-Oslo'   rel='jtg-3347'  class='tile-inner mikado-lightbox' href='\/assets\/uploads\/matfotograf-dessert-Oslo.jpg'><img data-valign='middle' data-halign='center' class='pic' src='\/assets\/uploads\/matfotograf-dessert-Oslo.jpg' itemprop='contentUrl' \/><span class='caption'><span class='text' >matfotograf -dessert-Oslo<\/span><\/span><\/a><meta itemprop='name' content='549' \/><meta itemprop='description' content='matfotograf -dessert-Oslo' \/><meta itemprop='description' content='matfotograf -dessert-Oslo' \/> <\/div><div class='item   with-text'><a title='matfotograf -delikatesser'   rel='jtg-3347'  class='tile-inner mikado-lightbox' href='\/assets\/uploads\/matfotograf-delikatesser.jpg'><img data-valign='middle' data-halign='center' class='pic' src='\/assets\/uploads\/matfotograf-delikatesser.jpg' itemprop='contentUrl' \/><span class='caption'><span class='text' >matfotograf -delikatesser<\/span><\/span><\/a><meta itemprop='name' content='554' \/><meta itemprop='description' content='matfotograf -delikatesser' \/><meta itemprop='description' content='matfotograf -delikatesser' \/> <\/div><div class='item   with-text'><a title='Matfotograf - matbilder - matfotografering'   rel='jtg-3347'  class='tile-inner mikado-lightbox' href='\/assets\/uploads\/matfotografering-4-1024x576.jpg'><img data-valign='middle' data-halign='center' class='pic' src='\/assets\/uploads\/matfotografering-4-1024x576.jpg' itemprop='contentUrl' \/><span class='caption'><span class='text' >Matfotograf - matbilder - matfotografering<\/span><\/span><\/a><meta itemprop='name' content='4231' \/><meta itemprop='description' content='Matfotograf - matbilder - matfotografering' \/><meta itemprop='description' content='Matfotograf - matbilder - matfotografering' \/> <\/div><div class='item   with-text'><a title='Matfotograf - matbilder - matfotografering'   rel='jtg-3347'  class='tile-inner mikado-lightbox' href='\/assets\/uploads\/matfotografering-1-1024x576.jpg'><img data-valign='middle' data-halign='center' class='pic' src='\/assets\/uploads\/matfotografering-1-1024x576.jpg' itemprop='contentUrl' \/><span class='caption'><span class='text' >Matfotograf - matbilder - matfotografering<\/span><\/span><\/a><meta itemprop='name' content='4233' \/><meta itemprop='description' content='Matfotograf - matbilder - matfotografering' \/><meta itemprop='description' content='Matfotograf - matbilder - matfotografering' \/> <\/div><div class='item   with-text'><a title='Matfotograf - matbilder - matfotografering'   rel='jtg-3347'  class='tile-inner mikado-lightbox' href='\/assets\/uploads\/matfotograf-1024x683.jpg'><img data-valign='middle' data-halign='center' class='pic' src='\/assets\/uploads\/matfotograf-1024x683.jpg' itemprop='contentUrl' \/><span class='caption'><span class='text' >Matfotograf - matbilder - matfotografering<\/span><\/span><\/a><meta itemprop='name' content='4228' \/><meta itemprop='description' content='Matfotograf - matbilder - matfotografering' \/><meta itemprop='description' content='Matfotograf - matbilder - matfotografering' \/> <\/div><div class='item   with-text'><a title='Matfotograf - matbilder - matfotografering'   rel='jtg-3347'  class='tile-inner mikado-lightbox' href='\/assets\/uploads\/matfotograf-3-1024x682.jpg'><img data-valign='middle' data-halign='center' class='pic' src='\/assets\/uploads\/matfotograf-3-1024x682.jpg' itemprop='contentUrl' \/><span class='caption'><span class='text' >Matfotograf - matbilder - matfotografering<\/span><\/span><\/a><meta itemprop='name' content='4230' \/><meta itemprop='description' content='Matfotograf - matbilder - matfotografering' \/><meta itemprop='description' content='Matfotograf - matbilder - matfotografering' \/> <\/div><div class='item   with-text'><a title='Matfotograf - matbilder - matfotografering'   rel='jtg-3347'  class='tile-inner mikado-lightbox' href='\/assets\/uploads\/matfotograf-5-1024x683.jpg'><img data-valign='middle' data-halign='center' class='pic' src='\/assets\/uploads\/matfotograf-5-1024x683.jpg' itemprop='contentUrl' \/><span class='caption'><span class='text' >Matfotograf - matbilder - matfotografering<\/span><\/span><\/a><meta itemprop='name' content='4227' \/><meta itemprop='description' content='Matfotograf - matbilder - matfotografering' \/><meta itemprop='description' content='Matfotograf - matbilder - matfotografering' \/> <\/div><div class='item   with-text'><a title='menyfotograf-matstylist-Oslo'   rel='jtg-3347'  class='tile-inner mikado-lightbox' href='\/assets\/uploads\/menyfotograf-matstylist-Oslo.jpg'><img data-valign='middle' data-halign='center' class='pic' src='\/assets\/uploads\/menyfotograf-matstylist-Oslo.jpg' itemprop='contentUrl' \/><span class='caption'><span class='text' >menyfotograf-matstylist-Oslo<\/span><\/span><\/a><meta itemprop='name' content='552' \/><meta itemprop='description' content='menyfotograf-matstylist-Oslo' \/><meta itemprop='description' content='menyfotograf-matstylist-Oslo' \/> <\/div><div class='item   with-text'><a title='mat-drikkefotografering'   rel='jtg-3347'  class='tile-inner mikado-lightbox' href='\/assets\/uploads\/mat-drikkefotografering.jpg'><img data-valign='middle' data-halign='center' class='pic' src='\/assets\/uploads\/mat-drikkefotografering.jpg' itemprop='contentUrl' \/><span class='caption'><span class='text' >mat-drikkefotografering<\/span><\/span><\/a><meta itemprop='name' content='553' \/><meta itemprop='description' content='mat-drikkefotografering' \/><meta itemprop='description' content='mat-drikkefotografering' \/> <\/div><div class='item   with-text'><a title='matfotograf-meny-stylist-bilder'   rel='jtg-3347'  class='tile-inner mikado-lightbox' href='\/assets\/uploads\/matfotograf-meny-stylist-bilder.jpg'><img data-valign='middle' data-halign='center' class='pic' src='\/assets\/uploads\/matfotograf-meny-stylist-bilder.jpg' itemprop='contentUrl' \/><span class='caption'><span class='text' >matfotograf-meny-stylist-bilder<\/span><\/span><\/a><meta itemprop='name' content='551' \/><meta itemprop='description' content='matfotograf-meny-stylist-bilder' \/><meta itemprop='description' content='matfotograf-meny-stylist-bilder' \/> <\/div><div class='item   with-text'><a title='Matfotograf - matbilder - matfotografering'   rel='jtg-3347'  class='tile-inner mikado-lightbox' href='\/assets\/uploads\/matfotograf-2-1024x684.jpg'><img data-valign='middle' data-halign='center' class='pic' src='\/assets\/uploads\/matfotograf-2-1024x684.jpg' itemprop='contentUrl' \/><span class='caption'><span class='text' >Matfotograf - matbilder - matfotografering<\/span><\/span><\/a><meta itemprop='name' content='4229' \/><meta itemprop='description' content='Matfotograf - matbilder - matfotografering' \/><meta itemprop='description' content='Matfotograf - matbilder - matfotografering' \/> <\/div><div class='item   with-text'><a title='Matfotograf - matbilder - matfotografering'   rel='jtg-3347'  class='tile-inner mikado-lightbox' href='\/assets\/uploads\/matfotografering-1.2-1024x576.jpg'><img data-valign='middle' data-halign='center' class='pic' src='\/assets\/uploads\/matfotografering-1.2-1024x576.jpg' itemprop='contentUrl' \/><span class='caption'><span class='text' >Matfotograf - matbilder - matfotografering<\/span><\/span><\/a><meta itemprop='name' content='4232' \/><meta itemprop='description' content='Matfotograf - matbilder - matfotografering' \/><meta itemprop='description' content='Matfotograf - matbilder - matfotografering' \/> <\/div><div class='item   with-text'><a title='matfotograf-dessert-matstylist-Oslo'   rel='jtg-3347'  class='tile-inner mikado-lightbox' href='\/assets\/uploads\/matfotograf-dessert-matstylist-Oslo.jpg'><img data-valign='middle' data-halign='center' class='pic' src='\/assets\/uploads\/matfotograf-dessert-matstylist-Oslo.jpg' itemprop='contentUrl' \/><span class='caption'><span class='text' >matfotograf-dessert-matstylist-Oslo<\/span><\/span><\/a><meta itemprop='name' content='550' \/><meta itemprop='description' content='matfotograf-dessert-matstylist-Oslo' \/><meta itemprop='description' content='matfotograf-dessert-matstylist-Oslo' \/> <\/div><div class='item   with-text'><a title='Matfotograf - matbilder - matfotografering'   rel='jtg-3347'  class='tile-inner mikado-lightbox' href='\/assets\/uploads\/matfotograf-4-1024x682.jpg'><img data-valign='middle' data-halign='center' class='pic' src='\/assets\/uploads\/matfotograf-4-1024x682.jpg' itemprop='contentUrl' \/><span class='caption'><span class='text' >Matfotograf - matbilder - matfotografering<\/span><\/span><\/a><meta itemprop='name' content='4226' \/><meta itemprop='description' content='Matfotograf - matbilder - matfotografering' \/><meta itemprop='description' content='Matfotograf - matbilder - matfotografering' \/> <\/div><\/div><\/div><\/div><script type='text\/javascript'>jQuery('#jtg-3347').tilesGallery2({margin: 10,captionEffectDuration: 250,captionEffect: 'slide-top',captionEasing: 'easeInQuad',keepArea: false,enableTwitter: false,enableFacebook: false,enablePinterest: false,enableGplus: false,scrollEffect: ''});jQuery(function () {jQuery('#jtg-3347 .tile a.mikado-lightbox').swipebox({});});<\/script>\r\n<h3>Mat Meny, Desserter, Drikkemeny fotografering<\/h3>\r\n<p>F\u00f8r bestilling av fotograf til matfotografering vil det l\u00f8nne seg \u00e5 planlegge hvilken retter som det skal tas bilder av. Selv om det er mulighet til \u00e5 ta bilder av alle deres retter, kan det v\u00e6re en bedre l\u00f8sning \u00e5 fokusere p\u00e5 retter som dere \u00f8nsker \u00e5 selge mest.<\/p>\r\n<\/div>\r\n<\/div>\r\n<\/div>\r\n<\/div>\r\n<div id=\"pgc-221-0-2\" class=\"panel-grid-cell\" data-weight=\"0.33333333333333\">\r\n<div id=\"panel-221-0-2-0\" class=\"so-panel widget widget_sow-editor panel-first-child panel-last-child\" data-index=\"2\" data-style=\"{&quot;background_display&quot;:&quot;tile&quot;}\">\r\n<div class=\"so-widget-sow-editor so-widget-sow-editor-base\">\r\n<div class=\"siteorigin-widget-tinymce textwidget\">\r\n<p><strong>Leveringstid p\u00e5 bilder<\/strong><\/p>\r\n<p>Etter endt sesjon leveres bildene innen 2-3 virkedager. For st\u00f8rre matfotografering f\u00e5r du en eksakt leveringsdato og f\u00e5r bildene levert ferdig optimalisert for web bruk og print.<\/p>\r\n<p>&nbsp;<\/p>\r\n<\/div>\r\n<\/div>\r\n<\/div>\r\n<\/div>\r\n<h3>Hva koster en matfotograf?<\/h3>\r\n<p>Pris p\u00e5 fotografering vil variere fra oppdrag til oppdrag, men du kan regne med 30minutters fotografering inkludert redigering for<strong> ca. 3500,-<\/strong><br>Du f\u00e5r da 10 bilder, som er utvalgt fra dagens photoshoot, og det er mulig \u00e5 bestille flere for et lite tillegg i pris.<\/p>\r\n<p>&nbsp;<\/p>\r\n<h4>Priser p\u00e5 matfotograf (prisliste)<\/h4>\r\n<p>Priser oppgitt er inkludert reise, oppm\u00f8te og eventuell rigging on-site, eksl. mva.<\/p>\r\n<p>10 bilder, 30 min &#8211; <strong>3500,-<\/strong><\/p>\r\n<p>15 bilder &#8211; 45min &#8211; <strong>4200<\/strong><\/p>\r\n<p>20 bilder, 1 time &#8211; <strong>4900,-<\/strong><\/p>\r\n<p>For variasjon p\u00e5 din tilbud, ber vi deg ta kontakt \ud83d\ude42<\/p>\r\n<p>&nbsp;<\/p>\r\n<h4>Tips til gode mat bilder<\/h4>\r\n<p>For \u00e5 f\u00e5 til gode bilder, er det viktig at du velger et tidspunkt som egner seg til fotografering.<br>Dersom fotografering skjer i \u00e5pningstid, er det mulig \u00e5 ta bilder av mat som serveres kunder, fra distanse.<\/p>\r\n<p>Det vil v\u00e6re lurt \u00e5 v\u00e6re klar n\u00e5r fotografen kommer, jo flere bilder som vi kan ta uten \u00e5 vente, jo bedre resultater kan du forvente.<\/p>\r\n<p><img decoding=\"async\" loading=\"lazy\" class=\"alignnone wp-image-2954\" src=\"\/assets\/uploads\/matfotograf-dessert-is-800px-6430.jpg\" alt=\"\" width=\"642\" height=\"361\" srcset=\"https:\/\/firmafotografen.no\/assets\/uploads\/matfotograf-dessert-is-800px-6430.jpg 800w, https:\/\/firmafotografen.no\/assets\/uploads\/matfotograf-dessert-is-800px-6430-430x242.jpg 430w, https:\/\/firmafotografen.no\/assets\/uploads\/matfotograf-dessert-is-800px-6430-150x84.jpg 150w, https:\/\/firmafotografen.no\/assets\/uploads\/matfotograf-dessert-is-800px-6430-700x394.jpg 700w, https:\/\/firmafotografen.no\/assets\/uploads\/matfotograf-dessert-is-800px-6430-300x169.jpg 300w, https:\/\/firmafotografen.no\/assets\/uploads\/matfotograf-dessert-is-800px-6430-768x432.jpg 768w, https:\/\/firmafotografen.no\/assets\/uploads\/matfotograf-dessert-is-800px-6430-267x150.jpg 267w, https:\/\/firmafotografen.no\/assets\/uploads\/matfotograf-dessert-is-800px-6430-500x281.jpg 500w, https:\/\/firmafotografen.no\/assets\/uploads\/matfotograf-dessert-is-800px-6430-600x338.jpg 600w\" sizes=\"(max-width: 642px) 100vw, 642px\" \/><\/p>\r\n<h4><strong>Trenger vi en matstylist?<\/strong><\/h4>\r\n<p>Det sp\u00f8rs hvor mange bilder som \u00f8nskes og hva form\u00e5let med bildeneer. Dersom dette gjelder markedsf\u00f8ring, tvreklame eller st\u00f8rre annonser, kan det v\u00e6re lurt \u00e5 booke en matstylist som kan gj\u00f8re klar mat som skal fotograferes.<\/p>\r\n<p>For meny fotografering er ofte samarbeid med deres kokk mer enn tilstrekkelig. Det er viktig \u00e5 huske at menybilder, skal v\u00e6re basert p\u00e5 hva kunden f\u00e5r servert og dette b\u00f8r reflekteres i bildene.<\/p>\r\n<p>R\u00e5varebilder med ferske r\u00e5varer, marinade og krydring kan v\u00e6re gode alternativer dersom tilberedet rett ikke er tilgjengelig. Sj\u00f8mat og kj\u00f8tt egner seg utmerket til r\u00e5varefotografering.&nbsp;<\/p>\r\n<p>V\u00e5re fotografer har lang erfaring fra mat fotografering, s\u00e5 det er absolutt mulig \u00e5 be om r\u00e5d og tips, og f\u00e5 hjelp underveis.<\/p>\r\n<h4><img decoding=\"async\" loading=\"lazy\" class=\"alignnone size-full wp-image-4325\" src=\"\/assets\/uploads\/matfotograf-matbilder.jpg\" alt=\"Fotograf til kampanjer og matfoto\" width=\"1600\" height=\"1067\" srcset=\"https:\/\/firmafotografen.no\/assets\/uploads\/matfotograf-matbilder.jpg 1600w, https:\/\/firmafotografen.no\/assets\/uploads\/matfotograf-matbilder-430x287.jpg 430w, https:\/\/firmafotografen.no\/assets\/uploads\/matfotograf-matbilder-150x100.jpg 150w, https:\/\/firmafotografen.no\/assets\/uploads\/matfotograf-matbilder-700x467.jpg 700w, https:\/\/firmafotografen.no\/assets\/uploads\/matfotograf-matbilder-300x200.jpg 300w, https:\/\/firmafotografen.no\/assets\/uploads\/matfotograf-matbilder-768x512.jpg 768w, https:\/\/firmafotografen.no\/assets\/uploads\/matfotograf-matbilder-1024x683.jpg 1024w, https:\/\/firmafotografen.no\/assets\/uploads\/matfotograf-matbilder-600x400.jpg 600w, https:\/\/firmafotografen.no\/assets\/uploads\/matfotograf-matbilder-200x133.jpg 200w, https:\/\/firmafotografen.no\/assets\/uploads\/matfotograf-matbilder-272x182.jpg 272w\" sizes=\"(max-width: 1600px) 100vw, 1600px\" \/><\/h4>\r\n<div id=\"pl-221\" class=\"panel-layout\">\r\n<div id=\"pg-221-0\" class=\"panel-grid panel-no-style\" data-style=\"{&quot;background_display&quot;:&quot;tile&quot;,&quot;cell_alignment&quot;:&quot;flex-start&quot;}\">\r\n<div id=\"pgc-221-0-2\" class=\"panel-grid-cell\" data-weight=\"0.33333333333333\">\r\n<div id=\"panel-221-0-2-0\" class=\"so-panel widget widget_sow-editor panel-first-child panel-last-child\" data-index=\"2\" data-style=\"{&quot;background_display&quot;:&quot;tile&quot;}\">\r\n<div class=\"so-widget-sow-editor so-widget-sow-editor-base\">\r\n<div class=\"siteorigin-widget-tinymce textwidget\">\r\n<p>For en skreddersydd pristilbud p\u00e5 din restaurant, kan du kontakte oss p\u00e5 tlf: <span style=\"color: #ff9900;\">400 935 45<\/span> eller sende oss en epost til matfotograf@dropp.no<\/p>\r\n<\/div>\r\n<\/div>\r\n<\/div>\r\n<\/div>\r\n<\/div>\r\n<\/div>","protected":false},"excerpt":{"rendered":"<p>MATFOTOGRAF Dette kan vi tilby innen matfotografering Altnet AS tilbyr erfarne fotografer for menybilder, fotografering av alle typer mat, frukt,<a class=\"ninja_pages_read_more\"  href=\"https:\/\/firmafotografen.no\/en\/bedriftsfotografering\/fotografering-av-menyer-mat-dessert\/\"><\/a><\/p>\n","protected":false},"author":1,"featured_media":550,"parent":18,"menu_order":0,"comment_status":"open","ping_status":"open","template":"","meta":{"_lmt_disableupdate":"no","_lmt_disable":""},"_links":{"self":[{"href":"https:\/\/firmafotografen.no\/en\/wp-json\/wp\/v2\/pages\/221"}],"collection":[{"href":"https:\/\/firmafotografen.no\/en\/wp-json\/wp\/v2\/pages"}],"about":[{"href":"https:\/\/firmafotografen.no\/en\/wp-json\/wp\/v2\/types\/page"}],"author":[{"embeddable":true,"href":"https:\/\/firmafotografen.no\/en\/wp-json\/wp\/v2\/users\/1"}],"replies":[{"embeddable":true,"href":"https:\/\/firmafotografen.no\/en\/wp-json\/wp\/v2\/comments?post=221"}],"version-history":[{"count":3,"href":"https:\/\/firmafotografen.no\/en\/wp-json\/wp\/v2\/pages\/221\/revisions"}],"predecessor-version":[{"id":4327,"href":"https:\/\/firmafotografen.no\/en\/wp-json\/wp\/v2\/pages\/221\/revisions\/4327"}],"up":[{"embeddable":true,"href":"https:\/\/firmafotografen.no\/en\/wp-json\/wp\/v2\/pages\/18"}],"wp:featuredmedia":[{"embeddable":true,"href":"https:\/\/firmafotografen.no\/en\/wp-json\/wp\/v2\/media\/550"}],"wp:attachment":[{"href":"https:\/\/firmafotografen.no\/en\/wp-json\/wp\/v2\/media?parent=221"}],"curies":[{"name":"wp","href":"https:\/\/api.w.org\/{rel}","templated":true}]}}