{"id":237,"date":"2017-07-06T05:55:30","date_gmt":"2017-07-06T05:55:30","guid":{"rendered":"https:\/\/firmafotografen.no\/?page_id=237"},"modified":"2018-10-18T16:21:36","modified_gmt":"2018-10-18T16:21:36","slug":"produkt-mote-fashion-sko","status":"publish","type":"page","link":"https:\/\/firmafotografen.no\/en\/bedriftsfotografering\/produkt-mote-fashion-sko\/","title":{"rendered":"Produkt, Mote-Fashion fotografering &#8211; Bedrift"},"content":{"rendered":"<h2>Produktfotografering Mote, Fashion, Sko<\/h2>\r\n<p>Vi tilbyr gode avtaler p\u00e5 reklame fotografering innen mote, kl\u00e6r, plagg og sko. Du f\u00e5r en fast fotograf \u00e5 forholde deg til og vi tar oss av alt fra fotografering, bildebehandling og klargj\u00f8relse til print og publishing.<\/p>\r\n<p>Dersom du er en st\u00f8rre bedrift med behov for fast foto avtale for reklamer og plakater kan vi tilby prisgunstige pakker for din brand.<\/p>\r\n<p>Bildene leveres direkte via nett og det er mulighet til \u00e5 etterbestille redigering f\u00f8r publisering. For prisliste kan du kontakte oss p\u00e5 <a href=\"mailto:reklamefotografering@dropp.no\">reklamefotografering<\/a><\/p>\r\n<h2 style=\"text-align: center;\">\u00a0<span style=\"font-weight: bold; font-size: 18px;\">Har du sp\u00f8rsm\u00e5l?<\/span><\/h2>\r\n<p style=\"text-align: center;\">Du kan kontakte oss p\u00e5 tlf:\u00a0<span style=\"color: #128097;\">400 935 45<\/span>\u00a0eller\u00a0<span style=\"color: #128097;\">bedriftsfoto@dropp.no<\/span><\/p>\r\n<p style=\"text-align: center;\">Alternativt kan du bruke v\u00e5r\u00a0<a href=\"\/kontakt-oslo-fotograf\">kontaktskjema &#8211; fotograf<\/a><\/p>\r\n<p><a href=\"https:\/\/firmafotografen.no\/modell-fotograf-mote-fashion\/\">Se referansebilder<\/a><\/p>\r\n<style>#jtg-3484 .item .icon { color:#ffffff }#jtg-3484 .item .caption { background-color: #ffffff; }#jtg-3484 .item .caption { background-color: rgba(0, 0, 0, 0.8); }#jtg-3484 .item .caption { color: #ffffff; }#jtg-3484 .items { width:100%; height:500px }<\/style><div class='mikado' id='jtg-3484'><div itemscope itemtype='http:\/\/schema.org\/ImageObject'><meta itemprop='author' content='firmafotografen.no'><div class='items'><div class='item   no-text'><a title=''   rel='jtg-3484'  class='tile-inner mikado-lightbox' href='\/assets\/uploads\/Modell-bilder-mote-fashion-fotograf-klaer-sko-norge-fotobyraa10-1024x683.jpg'><img data-valign='middle' data-halign='center' class='pic' src='\/assets\/uploads\/Modell-bilder-mote-fashion-fotograf-klaer-sko-norge-fotobyraa10-1024x683.jpg' itemprop='contentUrl' \/><\/a><meta itemprop='name' content='3345' \/><meta itemprop='description' content='' \/><meta itemprop='description' content='' \/> <\/div><div class='item   no-text'><a title=''   rel='jtg-3484'  class='tile-inner mikado-lightbox' href='\/assets\/uploads\/Modell-bilder-mote-fashion-fotograf-klaer-sko-norge-fotobyraa14-683x1024.jpg'><img data-valign='middle' data-halign='center' class='pic' src='\/assets\/uploads\/Modell-bilder-mote-fashion-fotograf-klaer-sko-norge-fotobyraa14-683x1024.jpg' itemprop='contentUrl' \/><\/a><meta itemprop='name' content='3349' \/><meta itemprop='description' content='' \/><meta itemprop='description' content='' \/> <\/div><div class='item   no-text'><a title=''   rel='jtg-3484'  class='tile-inner mikado-lightbox' href='\/assets\/uploads\/Modell-bilder-mote-fashion-fotograf-klaer-sko-norge-fotobyraa13-1024x683.jpg'><img data-valign='middle' data-halign='center' class='pic' src='\/assets\/uploads\/Modell-bilder-mote-fashion-fotograf-klaer-sko-norge-fotobyraa13-1024x683.jpg' itemprop='contentUrl' \/><\/a><meta itemprop='name' content='3348' \/><meta itemprop='description' content='' \/><meta itemprop='description' content='' \/> <\/div><div class='item   no-text'><a title=''   rel='jtg-3484'  class='tile-inner mikado-lightbox' href='\/assets\/uploads\/Modell-bilder-mote-fashion-fotograf-klaer-sko-norge-fotobyraa09-1024x683.jpg'><img data-valign='middle' data-halign='center' class='pic' src='\/assets\/uploads\/Modell-bilder-mote-fashion-fotograf-klaer-sko-norge-fotobyraa09-1024x683.jpg' itemprop='contentUrl' \/><\/a><meta itemprop='name' content='3344' \/><meta itemprop='description' content='' \/><meta itemprop='description' content='' \/> <\/div><div class='item   no-text'><a title=''   rel='jtg-3484'  class='tile-inner mikado-lightbox' href='\/assets\/uploads\/Modell-bilder-mote-fashion-fotograf-klaer-sko-norge-fotobyraa01-1024x683.jpg'><img data-valign='middle' data-halign='center' class='pic' src='\/assets\/uploads\/Modell-bilder-mote-fashion-fotograf-klaer-sko-norge-fotobyraa01-1024x683.jpg' itemprop='contentUrl' \/><\/a><meta itemprop='name' content='3336' \/><meta itemprop='description' content='' \/><meta itemprop='description' content='' \/> <\/div><div class='item   no-text'><a title=''   rel='jtg-3484'  class='tile-inner mikado-lightbox' href='\/assets\/uploads\/Modell-bilder-mote-fashion-fotograf-klaer-sko-norge-fotobyraa12-1024x683.jpg'><img data-valign='middle' data-halign='center' class='pic' src='\/assets\/uploads\/Modell-bilder-mote-fashion-fotograf-klaer-sko-norge-fotobyraa12-1024x683.jpg' itemprop='contentUrl' \/><\/a><meta itemprop='name' content='3347' \/><meta itemprop='description' content='' \/><meta itemprop='description' content='' \/> <\/div><div class='item   no-text'><a title=''   rel='jtg-3484'  class='tile-inner mikado-lightbox' href='\/assets\/uploads\/Modell-bilder-mote-fashion-fotograf-klaer-sko-norge-fotobyraa15-1024x683.jpg'><img data-valign='middle' data-halign='center' class='pic' src='\/assets\/uploads\/Modell-bilder-mote-fashion-fotograf-klaer-sko-norge-fotobyraa15-1024x683.jpg' itemprop='contentUrl' \/><\/a><meta itemprop='name' content='3350' \/><meta itemprop='description' content='' \/><meta itemprop='description' content='' \/> <\/div><div class='item   no-text'><a title=''   rel='jtg-3484'  class='tile-inner mikado-lightbox' href='\/assets\/uploads\/Modell-bilder-mote-fashion-fotograf-klaer-sko-norge-fotobyraa03-1024x683.jpg'><img data-valign='middle' data-halign='center' class='pic' src='\/assets\/uploads\/Modell-bilder-mote-fashion-fotograf-klaer-sko-norge-fotobyraa03-1024x683.jpg' itemprop='contentUrl' \/><\/a><meta itemprop='name' content='3338' \/><meta itemprop='description' content='' \/><meta itemprop='description' content='' \/> <\/div><div class='item   no-text'><a title=''   rel='jtg-3484'  class='tile-inner mikado-lightbox' href='\/assets\/uploads\/Modell-bilder-mote-fashion-fotograf-klaer-sko-norge-fotobyraa04-1024x693.jpg'><img data-valign='middle' data-halign='center' class='pic' src='\/assets\/uploads\/Modell-bilder-mote-fashion-fotograf-klaer-sko-norge-fotobyraa04-1024x693.jpg' itemprop='contentUrl' \/><\/a><meta itemprop='name' content='3339' \/><meta itemprop='description' content='' \/><meta itemprop='description' content='' \/> <\/div><div class='item   no-text'><a title=''   rel='jtg-3484'  class='tile-inner mikado-lightbox' href='\/assets\/uploads\/Modell-bilder-mote-fashion-fotograf-klaer-sko-norge-fotobyraa17-1024x683.jpg'><img data-valign='middle' data-halign='center' class='pic' src='\/assets\/uploads\/Modell-bilder-mote-fashion-fotograf-klaer-sko-norge-fotobyraa17-1024x683.jpg' itemprop='contentUrl' \/><\/a><meta itemprop='name' content='3352' \/><meta itemprop='description' content='' \/><meta itemprop='description' content='' \/> <\/div><div class='item   no-text'><a title=''   rel='jtg-3484'  class='tile-inner mikado-lightbox' href='\/assets\/uploads\/Modell-bilder-mote-fashion-fotograf-klaer-sko-norge-fotobyraa05-1024x683.jpg'><img data-valign='middle' data-halign='center' class='pic' src='\/assets\/uploads\/Modell-bilder-mote-fashion-fotograf-klaer-sko-norge-fotobyraa05-1024x683.jpg' itemprop='contentUrl' \/><\/a><meta itemprop='name' content='3340' \/><meta itemprop='description' content='' \/><meta itemprop='description' content='' \/> <\/div><div class='item   no-text'><a title=''   rel='jtg-3484'  class='tile-inner mikado-lightbox' href='\/assets\/uploads\/Modell-bilder-mote-fashion-fotograf-klaer-sko-norge-fotobyraa18.jpg'><img data-valign='middle' data-halign='center' class='pic' src='\/assets\/uploads\/Modell-bilder-mote-fashion-fotograf-klaer-sko-norge-fotobyraa18.jpg' itemprop='contentUrl' \/><\/a><meta itemprop='name' content='3353' \/><meta itemprop='description' content='' \/><meta itemprop='description' content='' \/> <\/div><div class='item   no-text'><a title=''   rel='jtg-3484'  class='tile-inner mikado-lightbox' href='\/assets\/uploads\/Modell-bilder-mote-fashion-fotograf-klaer-sko-norge-fotobyraa16-1024x683.jpg'><img data-valign='middle' data-halign='center' class='pic' src='\/assets\/uploads\/Modell-bilder-mote-fashion-fotograf-klaer-sko-norge-fotobyraa16-1024x683.jpg' itemprop='contentUrl' \/><\/a><meta itemprop='name' content='3351' \/><meta itemprop='description' content='' \/><meta itemprop='description' content='' \/> <\/div><div class='item   no-text'><a title=''   rel='jtg-3484'  class='tile-inner mikado-lightbox' href='\/assets\/uploads\/Modell-bilder-mote-fashion-fotograf-klaer-sko-norge-fotobyraa06-1024x683.jpg'><img data-valign='middle' data-halign='center' class='pic' src='\/assets\/uploads\/Modell-bilder-mote-fashion-fotograf-klaer-sko-norge-fotobyraa06-1024x683.jpg' itemprop='contentUrl' \/><\/a><meta itemprop='name' content='3341' \/><meta itemprop='description' content='' \/><meta itemprop='description' content='' \/> <\/div><div class='item   no-text'><a title=''   rel='jtg-3484'  class='tile-inner mikado-lightbox' href='\/assets\/uploads\/Modell-bilder-mote-fashion-fotograf-klaer-sko-norge-fotobyraa08-1024x683.jpg'><img data-valign='middle' data-halign='center' class='pic' src='\/assets\/uploads\/Modell-bilder-mote-fashion-fotograf-klaer-sko-norge-fotobyraa08-1024x683.jpg' itemprop='contentUrl' \/><\/a><meta itemprop='name' content='3343' \/><meta itemprop='description' content='' \/><meta itemprop='description' content='' \/> <\/div><div class='item   no-text'><a title=''   rel='jtg-3484'  class='tile-inner mikado-lightbox' href='\/assets\/uploads\/Modell-bilder-mote-fashion-fotograf-klaer-sko-norge-fotobyraa11-1024x683.jpg'><img data-valign='middle' data-halign='center' class='pic' src='\/assets\/uploads\/Modell-bilder-mote-fashion-fotograf-klaer-sko-norge-fotobyraa11-1024x683.jpg' itemprop='contentUrl' \/><\/a><meta itemprop='name' content='3346' \/><meta itemprop='description' content='' \/><meta itemprop='description' content='' \/> <\/div><div class='item   no-text'><a title=''   rel='jtg-3484'  class='tile-inner mikado-lightbox' href='\/assets\/uploads\/Modell-bilder-mote-fashion-fotograf-klaer-sko-norge-fotobyraa07-1024x683.jpg'><img data-valign='middle' data-halign='center' class='pic' src='\/assets\/uploads\/Modell-bilder-mote-fashion-fotograf-klaer-sko-norge-fotobyraa07-1024x683.jpg' itemprop='contentUrl' \/><\/a><meta itemprop='name' content='3342' \/><meta itemprop='description' content='' \/><meta itemprop='description' content='' \/> <\/div><div class='item   no-text'><a title=''   rel='jtg-3484'  class='tile-inner mikado-lightbox' href='\/assets\/uploads\/Modell-bilder-mote-fashion-fotograf-klaer-sko-norge-fotobyraa02-1024x683.jpg'><img data-valign='middle' data-halign='center' class='pic' src='\/assets\/uploads\/Modell-bilder-mote-fashion-fotograf-klaer-sko-norge-fotobyraa02-1024x683.jpg' itemprop='contentUrl' \/><\/a><meta itemprop='name' content='3337' \/><meta itemprop='description' content='' \/><meta itemprop='description' content='' \/> <\/div><\/div><\/div><\/div><script type='text\/javascript'>jQuery('#jtg-3484').tilesGallery2({margin: 10,captionEffectDuration: 250,captionEffect: 'fade',captionEasing: 'swing',keepArea: false,enableTwitter: false,enableFacebook: false,enablePinterest: false,enableGplus: false,scrollEffect: ''});jQuery(function () {jQuery('#jtg-3484 .tile a.mikado-lightbox').swipebox({});});<\/script>\r\n<p><img decoding=\"async\" loading=\"lazy\" class=\"alignleft size-full wp-image-165\" src=\"https:\/\/firmafotografen.no\/assets\/uploads\/fotograf-mote.jpg\" alt=\"\" width=\"800\" height=\"389\" srcset=\"https:\/\/firmafotografen.no\/assets\/uploads\/fotograf-mote.jpg 800w, https:\/\/firmafotografen.no\/assets\/uploads\/fotograf-mote-430x209.jpg 430w, https:\/\/firmafotografen.no\/assets\/uploads\/fotograf-mote-150x73.jpg 150w, https:\/\/firmafotografen.no\/assets\/uploads\/fotograf-mote-700x340.jpg 700w\" sizes=\"(max-width: 800px) 100vw, 800px\" \/><br \/>\r\n<img decoding=\"async\" loading=\"lazy\" class=\"alignleft size-full wp-image-238\" src=\"https:\/\/firmafotografen.no\/assets\/uploads\/fasshion-oslo-fotograf.jpg\" alt=\"\" width=\"744\" height=\"903\" srcset=\"https:\/\/firmafotografen.no\/assets\/uploads\/fasshion-oslo-fotograf.jpg 744w, https:\/\/firmafotografen.no\/assets\/uploads\/fasshion-oslo-fotograf-430x522.jpg 430w, https:\/\/firmafotografen.no\/assets\/uploads\/fasshion-oslo-fotograf-150x182.jpg 150w, https:\/\/firmafotografen.no\/assets\/uploads\/fasshion-oslo-fotograf-700x850.jpg 700w\" sizes=\"(max-width: 744px) 100vw, 744px\" \/><\/p>\r\n<p>&nbsp;<\/p>","protected":false},"excerpt":{"rendered":"<p>Produktfotografering Mote, Fashion, Sko Vi tilbyr gode avtaler p\u00e5 reklame fotografering innen mote, kl\u00e6r, plagg og sko. Du f\u00e5r en<a class=\"ninja_pages_read_more\"  href=\"https:\/\/firmafotografen.no\/en\/bedriftsfotografering\/produkt-mote-fashion-sko\/\"><\/a><\/p>\n","protected":false},"author":1,"featured_media":655,"parent":18,"menu_order":0,"comment_status":"closed","ping_status":"closed","template":"","meta":{"_lmt_disableupdate":"no","_lmt_disable":""},"_links":{"self":[{"href":"https:\/\/firmafotografen.no\/en\/wp-json\/wp\/v2\/pages\/237"}],"collection":[{"href":"https:\/\/firmafotografen.no\/en\/wp-json\/wp\/v2\/pages"}],"about":[{"href":"https:\/\/firmafotografen.no\/en\/wp-json\/wp\/v2\/types\/page"}],"author":[{"embeddable":true,"href":"https:\/\/firmafotografen.no\/en\/wp-json\/wp\/v2\/users\/1"}],"replies":[{"embeddable":true,"href":"https:\/\/firmafotografen.no\/en\/wp-json\/wp\/v2\/comments?post=237"}],"version-history":[{"count":0,"href":"https:\/\/firmafotografen.no\/en\/wp-json\/wp\/v2\/pages\/237\/revisions"}],"up":[{"embeddable":true,"href":"https:\/\/firmafotografen.no\/en\/wp-json\/wp\/v2\/pages\/18"}],"wp:featuredmedia":[{"embeddable":true,"href":"https:\/\/firmafotografen.no\/en\/wp-json\/wp\/v2\/media\/655"}],"wp:attachment":[{"href":"https:\/\/firmafotografen.no\/en\/wp-json\/wp\/v2\/media?parent=237"}],"curies":[{"name":"wp","href":"https:\/\/api.w.org\/{rel}","templated":true}]}}