{"id":274,"date":"2017-07-06T22:30:33","date_gmt":"2017-07-06T22:30:33","guid":{"rendered":"https:\/\/firmafotografen.no\/?page_id=274"},"modified":"2018-07-25T16:52:35","modified_gmt":"2018-07-25T16:52:35","slug":"topp-kvalitet-video-introduksjon-og-presentasjon-av-eiendom","status":"publish","type":"page","link":"https:\/\/firmafotografen.no\/en\/eiendom\/topp-kvalitet-video-introduksjon-og-presentasjon-av-eiendom\/","title":{"rendered":"Topp kvalitet video introduksjon og presentasjon av eiendom"},"content":{"rendered":"<div id=\"pl-274\" class=\"panel-layout\">\r\n<div id=\"pg-274-0\" class=\"panel-grid panel-no-style\" data-style=\"{&quot;background_image_attachment&quot;:false,&quot;background_display&quot;:&quot;tile&quot;,&quot;cell_alignment&quot;:&quot;flex-start&quot;}\">\r\n<div id=\"pgc-274-0-0\" class=\"panel-grid-cell\" data-weight=\"0.66417910447761\">\r\n<div id=\"panel-274-0-0-0\" class=\"so-panel widget widget_sow-editor panel-first-child panel-last-child\" data-index=\"0\" data-style=\"{&quot;background_image_attachment&quot;:false,&quot;background_display&quot;:&quot;tile&quot;}\">\r\n<div class=\"so-widget-sow-editor so-widget-sow-editor-base\">\r\n<h3 class=\"widget-title\">Topp kvalitet video introduksjon og presentasjon av eiendom<\/h3>\r\n<div class=\"siteorigin-widget-tinymce textwidget\">\r\n\r\nSom et av de f\u00e5 fotografbedrifter i Norge som kan tilby boligfotografer, interi\u00f8rstylist og videografer, kan vi tilby sv\u00e6rt effektive l\u00f8sninger for \u00e5 \u00f8ke salg p\u00e5 bolig. I 2017 har vi startet \u00e5 tilby 3d opptak innen virtual reality og 3D video produksjon av eiendom.\r\n\r\nRom kan spilles inn i 3D slik at dette kan presenteres med 3D briller og virtual omgivelser med bevegelse og d\u00f8r\u00e5pnere. Med denne l\u00f8sningen kan potensielle kj\u00f8pere komme med bud uten \u00e5 v\u00e6re i eiendommen, men allikevel f\u00e5r en realistisk opplevelse av denne.\r\n\r\nVideo pakkene kan kombineres med boligfotografering og leveres som en pakketilbud.\r\n\r\nKontakt oss for mer informasjon\r\n\r\n<\/div>\r\n<\/div>\r\n<\/div>\r\n<\/div>\r\n<div id=\"pgc-274-0-1\" class=\"panel-grid-cell\" data-weight=\"0.33582089552239\">\r\n<div id=\"panel-274-0-1-0\" class=\"so-panel widget widget_sow-editor panel-first-child panel-last-child\" data-index=\"1\" data-style=\"{&quot;background_image_attachment&quot;:false,&quot;background_display&quot;:&quot;tile&quot;}\">\r\n<div class=\"so-widget-sow-editor so-widget-sow-editor-base\">\r\n<div class=\"siteorigin-widget-tinymce textwidget\">\r\n\r\n<img decoding=\"async\" loading=\"lazy\" class=\"size-full wp-image-276 aligncenter\" src=\"https:\/\/firmafotografen.no\/assets\/uploads\/3d-boligfoto-video.jpg\" alt=\"\" width=\"408\" height=\"216\" srcset=\"https:\/\/firmafotografen.no\/assets\/uploads\/3d-boligfoto-video.jpg 408w, https:\/\/firmafotografen.no\/assets\/uploads\/3d-boligfoto-video-150x79.jpg 150w\" sizes=\"(max-width: 408px) 100vw, 408px\" \/>\r\n\r\n<\/div>\r\n<\/div>\r\n<\/div>\r\n<\/div>\r\n<\/div>\r\n<\/div>","protected":false},"excerpt":{"rendered":"<p>Topp kvalitet video introduksjon og presentasjon av eiendom Som et av de f\u00e5 fotografbedrifter i Norge som kan tilby boligfotografer,<a class=\"ninja_pages_read_more\"  href=\"https:\/\/firmafotografen.no\/en\/eiendom\/topp-kvalitet-video-introduksjon-og-presentasjon-av-eiendom\/\"><\/a><\/p>\n","protected":false},"author":1,"featured_media":1679,"parent":98,"menu_order":0,"comment_status":"closed","ping_status":"closed","template":"","meta":{"_lmt_disableupdate":"","_lmt_disable":""},"_links":{"self":[{"href":"https:\/\/firmafotografen.no\/en\/wp-json\/wp\/v2\/pages\/274"}],"collection":[{"href":"https:\/\/firmafotografen.no\/en\/wp-json\/wp\/v2\/pages"}],"about":[{"href":"https:\/\/firmafotografen.no\/en\/wp-json\/wp\/v2\/types\/page"}],"author":[{"embeddable":true,"href":"https:\/\/firmafotografen.no\/en\/wp-json\/wp\/v2\/users\/1"}],"replies":[{"embeddable":true,"href":"https:\/\/firmafotografen.no\/en\/wp-json\/wp\/v2\/comments?post=274"}],"version-history":[{"count":0,"href":"https:\/\/firmafotografen.no\/en\/wp-json\/wp\/v2\/pages\/274\/revisions"}],"up":[{"embeddable":true,"href":"https:\/\/firmafotografen.no\/en\/wp-json\/wp\/v2\/pages\/98"}],"wp:featuredmedia":[{"embeddable":true,"href":"https:\/\/firmafotografen.no\/en\/wp-json\/wp\/v2\/media\/1679"}],"wp:attachment":[{"href":"https:\/\/firmafotografen.no\/en\/wp-json\/wp\/v2\/media?parent=274"}],"curies":[{"name":"wp","href":"https:\/\/api.w.org\/{rel}","templated":true}]}}