{"id":309,"date":"2017-07-06T23:02:34","date_gmt":"2017-07-06T23:02:34","guid":{"rendered":"https:\/\/firmafotografen.no\/?page_id=309"},"modified":"2018-04-27T14:40:06","modified_gmt":"2018-04-27T14:40:06","slug":"fotografer-med-konkurransedyktige-priser-i-norske-byer","status":"publish","type":"page","link":"https:\/\/firmafotografen.no\/en\/lokasjon-by\/fotografer-med-konkurransedyktige-priser-i-norske-byer\/","title":{"rendered":"Fotografer med konkurransedyktige priser i Norske byer"},"content":{"rendered":"<div id=\"pl-309\"  class=\"panel-layout\" ><div id=\"pg-309-0\"  class=\"panel-grid panel-no-style\" ><div id=\"pgc-309-0-0\"  class=\"panel-grid-cell\" ><div id=\"panel-309-0-0-0\" class=\"so-panel widget widget_sow-editor panel-first-child panel-last-child\" data-index=\"0\" ><div\n\t\t\t\n\t\t\tclass=\"so-widget-sow-editor so-widget-sow-editor-base\"\n\t\t\t\n\t\t>\n<div class=\"siteorigin-widget-tinymce textwidget\">\n\t<p>Selv om vi er en Oslobasert fotografering og mediabedrift hender det at v\u00e5r kompetanse trengs andre steder litt lenger unna som Bergen, Trondheim, Stavanger, Troms\u00f8 eller Kristiansand. Dette gjelder spesielt foto oppdrag som har lenger varighet og trenger h\u00f8y kompetanse nasjonalt eller internasjonalt.<\/p>\n<p>Du er velkommen til \u00e5 ta kontakt med oss og vi kan sammen se p\u00e5 l\u00f8sningene som vi kan levere deg som bedrift i din by eller internasjonalt og komme med et pristilbud som er uforpliktende.<\/p>\n<p>Du kan se v\u00e5re priser for Oslo og Akershus: prisliste<br \/>\nVed oppdrag i andre byer+land tilkommer det vanligvis hotellutgift og reiseutgifter.<\/p>\n<p> KONTAKT OSS FOR PRISTILBUD<\/p>\n<\/div>\n<\/div><\/div><\/div><\/div><div id=\"pg-309-1\"  class=\"panel-grid panel-no-style\" ><div id=\"pgc-309-1-0\"  class=\"panel-grid-cell\" ><div id=\"panel-309-1-0-0\" class=\"so-panel widget widget_sow-editor panel-first-child panel-last-child\" data-index=\"1\" ><div\n\t\t\t\n\t\t\tclass=\"so-widget-sow-editor so-widget-sow-editor-base\"\n\t\t\t\n\t\t>\n<div class=\"siteorigin-widget-tinymce textwidget\">\n\t<h4>Portrett av ansatte Norge\\Internasjonalt<\/h4>\n<p>Konsernledelse portrettbilder<br \/>- Business Executive ansiksfoto<br \/>- Fritt valg av bakgrunnsfarge\\gradeint\\Gaussian blur<br \/>- Fjerning av u\u00f8nskede flekker\\feil<br \/>- Mulighet til \u00e5 endre hudfarge og optimaliseringer.<br \/>- Oslo og Akershus bedrifter portrett<br \/>- Grupperabatt ved st\u00f8rre bestillinger og mange ansatte<br \/>- Oppm\u00f8te p\u00e5 arbeidsplassen eller fotostudio<br \/>- Frihet til \u00e5 velge tidspunkt for fotograferingen.<br \/>- Bilder klare til bruk i nettsiden eller print.<br \/>- Mulighet til \u00e5 gj\u00f8re endringer senere i tid.<\/p>\n<\/div>\n<\/div><\/div><\/div><div id=\"pgc-309-1-1\"  class=\"panel-grid-cell\" ><div id=\"panel-309-1-1-0\" class=\"so-panel widget widget_sow-editor panel-first-child panel-last-child\" data-index=\"2\" ><div\n\t\t\t\n\t\t\tclass=\"so-widget-sow-editor so-widget-sow-editor-base\"\n\t\t\t\n\t\t>\n<div class=\"siteorigin-widget-tinymce textwidget\">\n\t<h4>N\u00e6ringsliv fotografi\\NORGE\\INTERNASJ.<\/h4>\n<p>- Firma \u00e5rsrapport presentasjonsbilder<br \/>- Reklame &amp; Design fotografering<br \/>- Redaksjonell presentasjonsfoto<br \/>- Media fotografi av store hendelser<br \/>- Non-profit &amp; Organisasjonsfotografering<br \/>- Medisinsk og teknologi fotografering<br \/>- Nettstedsfotografi og rebranding<br \/>- Meny - Restaurant\\Cafe mat og retter<\/p>\n<\/div>\n<\/div><\/div><\/div><div id=\"pgc-309-1-2\"  class=\"panel-grid-cell\" ><div id=\"panel-309-1-2-0\" class=\"so-panel widget widget_sow-editor panel-first-child panel-last-child\" data-index=\"3\" ><div\n\t\t\t\n\t\t\tclass=\"so-widget-sow-editor so-widget-sow-editor-base\"\n\t\t\t\n\t\t>\n<div class=\"siteorigin-widget-tinymce textwidget\">\n\t<h4>Private eventer\\bursdag\\bryllup - norge<\/h4>\n<p>- Du velger tidsbruken etter din budsjett<br \/>- Markedets beste priser med h\u00f8y kvalitet<br \/>- Kamerateam for video opptak\\dokumentering<br \/>- Kjendis fotografering for media<br \/>- Rabatt p\u00e5 eventer med media interesse<br \/>- Full bruksrett p\u00e5 alle bilder<br \/>- Ingen bruk av dine bilder til kommersielle form\u00e5l<br \/>- Mulighet til bilderedigering p\u00e5 senere tid.<\/p>\n<\/div>\n<\/div><\/div><\/div><\/div><\/div>","protected":false},"excerpt":{"rendered":"<p>Selv om vi er en Oslobasert fotografering og mediabedrift hender det at v\u00e5r kompetanse trengs andre steder litt lenger unna<a class=\"ninja_pages_read_more\"  href=\"https:\/\/firmafotografen.no\/en\/lokasjon-by\/fotografer-med-konkurransedyktige-priser-i-norske-byer\/\"><\/a><\/p>\n","protected":false},"author":1,"featured_media":1993,"parent":297,"menu_order":0,"comment_status":"closed","ping_status":"closed","template":"","meta":{"_lmt_disableupdate":"","_lmt_disable":""},"_links":{"self":[{"href":"https:\/\/firmafotografen.no\/en\/wp-json\/wp\/v2\/pages\/309"}],"collection":[{"href":"https:\/\/firmafotografen.no\/en\/wp-json\/wp\/v2\/pages"}],"about":[{"href":"https:\/\/firmafotografen.no\/en\/wp-json\/wp\/v2\/types\/page"}],"author":[{"embeddable":true,"href":"https:\/\/firmafotografen.no\/en\/wp-json\/wp\/v2\/users\/1"}],"replies":[{"embeddable":true,"href":"https:\/\/firmafotografen.no\/en\/wp-json\/wp\/v2\/comments?post=309"}],"version-history":[{"count":0,"href":"https:\/\/firmafotografen.no\/en\/wp-json\/wp\/v2\/pages\/309\/revisions"}],"up":[{"embeddable":true,"href":"https:\/\/firmafotografen.no\/en\/wp-json\/wp\/v2\/pages\/297"}],"wp:featuredmedia":[{"embeddable":true,"href":"https:\/\/firmafotografen.no\/en\/wp-json\/wp\/v2\/media\/1993"}],"wp:attachment":[{"href":"https:\/\/firmafotografen.no\/en\/wp-json\/wp\/v2\/media?parent=309"}],"curies":[{"name":"wp","href":"https:\/\/api.w.org\/{rel}","templated":true}]}}