{"id":31,"date":"2017-07-05T05:21:10","date_gmt":"2017-07-05T05:21:10","guid":{"rendered":"https:\/\/firmafotografen.no\/?page_id=31"},"modified":"2020-01-07T20:32:49","modified_gmt":"2020-01-07T19:32:49","slug":"firma-event-fotografering","status":"publish","type":"page","link":"https:\/\/firmafotografen.no\/en\/bedriftsfotografering\/firma-event-fotografering\/","title":{"rendered":"Firma event fotografering"},"content":{"rendered":"<p>EVENT FOTOGRAF<\/p>\r\n<p><img decoding=\"async\" loading=\"lazy\" class=\"alignleft wp-image-32 size-full\" src=\"https:\/\/firmafotografen.no\/assets\/uploads\/event-fotograf-pris.jpg\" alt=\"fotograf event\" width=\"600\" height=\"400\" srcset=\"https:\/\/firmafotografen.no\/assets\/uploads\/event-fotograf-pris.jpg 600w, https:\/\/firmafotografen.no\/assets\/uploads\/event-fotograf-pris-430x287.jpg 430w, https:\/\/firmafotografen.no\/assets\/uploads\/event-fotograf-pris-150x100.jpg 150w\" sizes=\"(max-width: 600px) 100vw, 600px\" \/>Vi kan tilby dyktige fotografer til din bedriftsevent med mulighet for felt studio for portrett og pose-fotografi muligheter.<\/p>\r\n<p>Garantert gode bilder og fullt dekning av alle viktige hendelser under eventer er noen av godene vi kan tilby. Du bestemmer selv hvor lenge det skal fotograferes og hvor mange bilder som du \u00f8nsker. Bedriften din f\u00e5r selvf\u00f8lgelig full bruksrett p\u00e5 alle bilder uten begrensninger eller hemmelige kostnader.<\/p>\r\n<p>Dersom du har begrenset budsjett for eventen kan vi ogs\u00e5 tilby deg tilpassede priser, slik at du kan sikre noen meget gode bilder av eventen du kan bruke som referanse i dine prosjekter eller webside.<\/p>\r\n<p>Vi har noen meget gode referanser, ta kontakt for referansebilder<\/p>\r\n<p>&nbsp;<\/p>\r\n<p><strong>VIDEO OG FILM OPPTAK FOR BEDRIFTEVENTER<\/strong><\/p>\r\n<p>Altnet kan ogs\u00e5 stille opp med filmcrew for opptak av deler eller hele eventer. Se filmproduksjon for mer info.<\/p>\r\n<style>#jtg-13701 .item .icon { color:#ffffff }#jtg-13701 .item .caption { background-color: #ffffff; }#jtg-13701 .item .caption { background-color: rgba(0, 0, 0, 0.8); }#jtg-13701 .item .caption { color: #ffffff; }#jtg-13701 .items { width:100%; height:500px }<\/style><div class='mikado' id='jtg-13701'><div itemscope itemtype='http:\/\/schema.org\/ImageObject'><meta itemprop='author' content='firmafotografen.no'><div class='items'><div class='item   with-text'><a title='Fotograf: Aksel Lian'   rel='jtg-13701'  class='tile-inner mikado-lightbox' href='\/assets\/uploads\/konferanse-taler-foredrag-presentasjon-fotograf-3.jpg'><img data-valign='middle' data-halign='center' class='pic' src='\/assets\/uploads\/konferanse-taler-foredrag-presentasjon-fotograf-3.jpg' itemprop='contentUrl' \/><span class='caption'><span class='text' >Fotograf: Aksel Lian<\/span><\/span><\/a><meta itemprop='name' content='1364' \/><meta itemprop='description' content='Fotograf: Aksel Lian' \/><meta itemprop='description' content='Fotograf: Aksel Lian' \/> <\/div><div class='item   no-text'><a title=''   rel='jtg-13701'  class='tile-inner mikado-lightbox' href='\/assets\/uploads\/konferanse-taler-foredrag-presentasjon-fotograf-11.jpg'><img data-valign='middle' data-halign='center' class='pic' src='\/assets\/uploads\/konferanse-taler-foredrag-presentasjon-fotograf-11.jpg' itemprop='contentUrl' \/><\/a><meta itemprop='name' content='1367' \/><meta itemprop='description' content='' \/><meta itemprop='description' content='' \/> <\/div><div class='item   no-text'><a title=''   rel='jtg-13701'  class='tile-inner mikado-lightbox' href='\/assets\/uploads\/konferanse-taler-foredrag-presentasjon-fotograf-15.jpg'><img data-valign='middle' data-halign='center' class='pic' src='\/assets\/uploads\/konferanse-taler-foredrag-presentasjon-fotograf-15.jpg' itemprop='contentUrl' \/><\/a><meta itemprop='name' content='1369' \/><meta itemprop='description' content='' \/><meta itemprop='description' content='' \/> <\/div><div class='item   no-text'><a title=''   rel='jtg-13701'  class='tile-inner mikado-lightbox' href='\/assets\/uploads\/konferanse-taler-foredrag-presentasjon-fotograf-17.jpg'><img data-valign='middle' data-halign='center' class='pic' src='\/assets\/uploads\/konferanse-taler-foredrag-presentasjon-fotograf-17.jpg' itemprop='contentUrl' \/><\/a><meta itemprop='name' content='1370' \/><meta itemprop='description' content='' \/><meta itemprop='description' content='' \/> <\/div><div class='item   no-text'><a title=''   rel='jtg-13701'  class='tile-inner mikado-lightbox' href='\/assets\/uploads\/konferanse-taler-foredrag-presentasjon-fotograf-9.jpg'><img data-valign='middle' data-halign='center' class='pic' src='\/assets\/uploads\/konferanse-taler-foredrag-presentasjon-fotograf-9.jpg' itemprop='contentUrl' \/><\/a><meta itemprop='name' content='1366' \/><meta itemprop='description' content='' \/><meta itemprop='description' content='' \/> <\/div><div class='item   with-text'><a title='Fotograf: Aksel Lian'   rel='jtg-13701'  class='tile-inner mikado-lightbox' href='\/assets\/uploads\/konferanse-taler-foredrag-presentasjon-fotograf-13.jpg'><img data-valign='middle' data-halign='center' class='pic' src='\/assets\/uploads\/konferanse-taler-foredrag-presentasjon-fotograf-13.jpg' itemprop='contentUrl' \/><span class='caption'><span class='text' >Fotograf: Aksel Lian<\/span><\/span><\/a><meta itemprop='name' content='1368' \/><meta itemprop='description' content='Fotograf: Aksel Lian' \/><meta itemprop='description' content='Fotograf: Aksel Lian' \/> <\/div><div class='item   no-text'><a title=''   rel='jtg-13701'  class='tile-inner mikado-lightbox' href='\/assets\/uploads\/konferanse-taler-foredrag-presentasjon-fotograf-19.jpg'><img data-valign='middle' data-halign='center' class='pic' src='\/assets\/uploads\/konferanse-taler-foredrag-presentasjon-fotograf-19.jpg' itemprop='contentUrl' \/><\/a><meta itemprop='name' content='1371' \/><meta itemprop='description' content='' \/><meta itemprop='description' content='' \/> <\/div><div class='item   with-text'><a title='Fotograf: Aksel Lian'   rel='jtg-13701'  class='tile-inner mikado-lightbox' href='\/assets\/uploads\/Erna_Solberg-tale-1024x684.jpg'><img data-valign='middle' data-halign='center' class='pic' src='\/assets\/uploads\/Erna_Solberg-tale-1024x684.jpg' itemprop='contentUrl' \/><span class='caption'><span class='text' >Fotograf: Aksel Lian<\/span><\/span><\/a><meta itemprop='name' content='20485' \/><meta itemprop='description' content='Fotograf: Aksel Lian' \/><meta itemprop='description' content='Fotograf: Aksel Lian' \/> <\/div><div class='item   no-text'><a title=''   rel='jtg-13701'  class='tile-inner mikado-lightbox' href='\/assets\/uploads\/konferanse-taler-foredrag-presentasjon-fotograf-7.jpg'><img data-valign='middle' data-halign='center' class='pic' src='\/assets\/uploads\/konferanse-taler-foredrag-presentasjon-fotograf-7.jpg' itemprop='contentUrl' \/><\/a><meta itemprop='name' content='1365' \/><meta itemprop='description' content='' \/><meta itemprop='description' content='' \/> <\/div><div class='item   no-text'><a title=''   rel='jtg-13701'  class='tile-inner mikado-lightbox' href='\/assets\/uploads\/konferanse-taler-foredrag-presentasjon-fotograf-1.jpg'><img data-valign='middle' data-halign='center' class='pic' src='\/assets\/uploads\/konferanse-taler-foredrag-presentasjon-fotograf-1.jpg' itemprop='contentUrl' \/><\/a><meta itemprop='name' content='1363' \/><meta itemprop='description' content='' \/><meta itemprop='description' content='' \/> <\/div><\/div><\/div><\/div><script type='text\/javascript'>jQuery('#jtg-13701').tilesGallery2({margin: 10,captionEffectDuration: 250,captionEffect: 'fade',captionEasing: 'swing',keepArea: false,enableTwitter: false,enableFacebook: false,enablePinterest: false,enableGplus: false,scrollEffect: ''});jQuery(function () {jQuery('#jtg-13701 .tile a.mikado-lightbox').swipebox({});});<\/script>\r\n<h2><span style=\"font-size: 20px;\">VANGLIGE SP\u00d8RSM\u00c5L &#8211; EVENTBILDER &#8211; EVENTFOTOGRAFERING<\/span><\/h2>\r\n\t\t<section class=\"sc_fs_faq sc_card \">\n\t\t\t<div>\n\t\t\t\t<h2>Hvordan leveres bildene?<\/h2>\t\t\t\t<div>\n\t\t\t\t\t\t\t\t\t\t<p>\n\t\t\t\t\t\tBilder leveres i digital format via v\u00e5r nettbaserte, sikre bildeserver. Disse kan lastes ned enkeltvis eller samlet i komprimert ZIP fil.\t\t\t\t\t<\/p>\n\t\t\t\t<\/div>\n\t\t\t<\/div>\n\t\t<\/section>\n\t\t\t\t<section class=\"sc_fs_faq sc_card \">\n\t\t\t<div>\n\t\t\t\t<h2>Hva koster fotograferingen?<\/h2>\t\t\t\t<div>\n\t\t\t\t\t\t\t\t\t\t<p>\n\t\t\t\t\t\tPris vil avhenge av hva slags bilder som \u00f8nskes og antall bilder. Vi tilbyr priser fra 2500,- og tilbyr noen av landets beste priser.\t\t\t\t\t<\/p>\n\t\t\t\t<\/div>\n\t\t\t<\/div>\n\t\t<\/section>\n\t\t\t\t<section class=\"sc_fs_faq sc_card \">\n\t\t\t<div>\n\t\t\t\t<h2>F\u00f8lger etter behandling av bilder med i prisen?<\/h2>\t\t\t\t<div>\n\t\t\t\t\t\t\t\t\t\t<p>\n\t\t\t\t\t\tAlle bilder som vi leverer inkluderer etterbehandling og optimalisering.\t\t\t\t\t<\/p>\n\t\t\t\t<\/div>\n\t\t\t<\/div>\n\t\t<\/section>\n\t\t\t\t<section class=\"sc_fs_faq sc_card \">\n\t\t\t<div>\n\t\t\t\t<h2>Hvor tidlig m\u00e5 fotografering bestilles<\/h2>\t\t\t\t<div>\n\t\t\t\t\t\t\t\t\t\t<p>\n\t\t\t\t\t\tVi anbefaller \u00e5 booke fotograf minimum 2 uker f\u00f8r fotografering. Vi kan selvsagt ta imot oppdrag p\u00e5 kortere varsel, dersom det er ledig kapasistet.\t\t\t\t\t<\/p>\n\t\t\t\t<\/div>\n\t\t\t<\/div>\n\t\t<\/section>\n\t\t\t\t<section class=\"sc_fs_faq sc_card \">\n\t\t\t<div>\n\t\t\t\t<h2>Vannmerker dere bilder med logo eller signatur av fotograf<\/h2>\t\t\t\t<div>\n\t\t\t\t\t\t\t\t\t\t<p>\n\t\t\t\t\t\tSom standard merkes ikke v\u00e5re bilder med logosignatur. Ved utvalg av bilder der kunde \u00f8nsker \u00e5 velge \u00f8nskede bilder, blir bildene vannmerket, men endelige produkt leveres uten noen form for merking.\t\t\t\t\t<\/p>\n\t\t\t\t<\/div>\n\t\t\t<\/div>\n\t\t<\/section>\n\t\t\t\t<section class=\"sc_fs_faq sc_card \">\n\t\t\t<div>\n\t\t\t\t<h2>Kan dere fotografere i v\u00e5re lokaler?<\/h2>\t\t\t\t<div>\n\t\t\t\t\t\t\t\t\t\t<p>\n\t\t\t\t\t\tSelvsagt, s\u00e5fremt dere har tilgjengelig plass. For portretter m\u00e5 dere ha minimum 10kvm med plass.\t\t\t\t\t<\/p>\n\t\t\t\t<\/div>\n\t\t\t<\/div>\n\t\t<\/section>\n\t\t\t\t<section class=\"sc_fs_faq sc_card \">\n\t\t\t<div>\n\t\t\t\t<h2>Tar dere reisetillegg?<\/h2>\t\t\t\t<div>\n\t\t\t\t\t\t\t\t\t\t<p>\n\t\t\t\t\t\tVi tar reisetillegg basert p\u00e5 estimerte kostnader som parkering og reiseutgifter. Ofte inkluderer vi reisekostnader i totalprisen\t\t\t\t\t<\/p>\n\t\t\t\t<\/div>\n\t\t\t<\/div>\n\t\t<\/section>\n\t\t\t\t<section class=\"sc_fs_faq sc_card \">\n\t\t\t<div>\n\t\t\t\t<h2>M\u00e5 vi hente samtykke fra ansatte som fotograferes?<\/h2>\t\t\t\t<div>\n\t\t\t\t\t\t\t\t\t\t<p>\n\t\t\t\t\t\tDere b\u00f8r absolutt innhente skriftlig samtykke fra ansatte og informere hvordan bildene vil brukes. Husk at samtykke ogs\u00e5 n\u00e5r som helst kan tilbaketrekkes.\t\t\t\t\t<\/p>\n\t\t\t\t<\/div>\n\t\t\t<\/div>\n\t\t<\/section>\n\t\t\t\t<section class=\"sc_fs_faq sc_card \">\n\t\t\t<div>\n\t\t\t\t<h2>Hva er situasjonsbilder?<\/h2>\t\t\t\t<div>\n\t\t\t\t\t\t\t\t\t\t<p>\n\t\t\t\t\t\tSituasjonsbilder er en illustrasjon av en handling eller handling med bilder\t\t\t\t\t<\/p>\n\t\t\t\t<\/div>\n\t\t\t<\/div>\n\t\t<\/section>\n\t\t\t\t<section class=\"sc_fs_faq sc_card \">\n\t\t\t<div>\n\t\t\t\t<h2>Hva er milj\u00f8bilder?<\/h2>\t\t\t\t<div>\n\t\t\t\t\t\t\t\t\t\t<p>\n\t\t\t\t\t\tMilj\u00f8bilder er bilder viser atmosf\u00e6re og sosiale omgivelser med eller uten mennesker\t\t\t\t\t<\/p>\n\t\t\t\t<\/div>\n\t\t\t<\/div>\n\t\t<\/section>\n\t\t\n<script type=\"application\/ld+json\">\n\t{\n\t\t\"@context\": \"https:\/\/schema.org\",\n\t\t\"@type\": \"FAQPage\",\n\t\t\"mainEntity\": [\n\t\t\t\t\t{\n\t\t\t\t\"@type\": \"Question\",\n\t\t\t\t\"name\": \"Hvordan leveres bildene?\",\n\t\t\t\t\"acceptedAnswer\": {\n\t\t\t\t\t\"@type\": \"Answer\",\n\t\t\t\t\t\"text\": \"Bilder leveres i digital format via v\u00e5r nettbaserte, sikre bildeserver. Disse kan lastes ned enkeltvis eller samlet i komprimert ZIP fil.\"\n\t\t\t\t\t\t\t\t\t}\n\t\t\t}\n\t\t\t,\t\t\t\t{\n\t\t\t\t\"@type\": \"Question\",\n\t\t\t\t\"name\": \"Hva koster fotograferingen?\",\n\t\t\t\t\"acceptedAnswer\": {\n\t\t\t\t\t\"@type\": \"Answer\",\n\t\t\t\t\t\"text\": \"Pris vil avhenge av hva slags bilder som \u00f8nskes og antall bilder. Vi tilbyr priser fra 2500,- og tilbyr noen av landets beste priser.\"\n\t\t\t\t\t\t\t\t\t}\n\t\t\t}\n\t\t\t,\t\t\t\t{\n\t\t\t\t\"@type\": \"Question\",\n\t\t\t\t\"name\": \"F\u00f8lger etter behandling av bilder med i prisen?\",\n\t\t\t\t\"acceptedAnswer\": {\n\t\t\t\t\t\"@type\": \"Answer\",\n\t\t\t\t\t\"text\": \"Alle bilder som vi leverer inkluderer etterbehandling og optimalisering.\"\n\t\t\t\t\t\t\t\t\t}\n\t\t\t}\n\t\t\t,\t\t\t\t{\n\t\t\t\t\"@type\": \"Question\",\n\t\t\t\t\"name\": \"Hvor tidlig m\u00e5 fotografering bestilles\",\n\t\t\t\t\"acceptedAnswer\": {\n\t\t\t\t\t\"@type\": \"Answer\",\n\t\t\t\t\t\"text\": \"Vi anbefaller \u00e5 booke fotograf minimum 2 uker f\u00f8r fotografering. Vi kan selvsagt ta imot oppdrag p\u00e5 kortere varsel, dersom det er ledig kapasistet.\"\n\t\t\t\t\t\t\t\t\t}\n\t\t\t}\n\t\t\t,\t\t\t\t{\n\t\t\t\t\"@type\": \"Question\",\n\t\t\t\t\"name\": \"Vannmerker dere bilder med logo eller signatur av fotograf\",\n\t\t\t\t\"acceptedAnswer\": {\n\t\t\t\t\t\"@type\": \"Answer\",\n\t\t\t\t\t\"text\": \"Som standard merkes ikke v\u00e5re bilder med logosignatur. Ved utvalg av bilder der kunde \u00f8nsker \u00e5 velge \u00f8nskede bilder, blir bildene vannmerket, men endelige produkt leveres uten noen form for merking.\"\n\t\t\t\t\t\t\t\t\t}\n\t\t\t}\n\t\t\t,\t\t\t\t{\n\t\t\t\t\"@type\": \"Question\",\n\t\t\t\t\"name\": \"Kan dere fotografere i v\u00e5re lokaler?\",\n\t\t\t\t\"acceptedAnswer\": {\n\t\t\t\t\t\"@type\": \"Answer\",\n\t\t\t\t\t\"text\": \"Selvsagt, s\u00e5fremt dere har tilgjengelig plass. For portretter m\u00e5 dere ha minimum 10kvm med plass.\"\n\t\t\t\t\t\t\t\t\t}\n\t\t\t}\n\t\t\t,\t\t\t\t{\n\t\t\t\t\"@type\": \"Question\",\n\t\t\t\t\"name\": \"Tar dere reisetillegg?\",\n\t\t\t\t\"acceptedAnswer\": {\n\t\t\t\t\t\"@type\": \"Answer\",\n\t\t\t\t\t\"text\": \"Vi tar reisetillegg basert p\u00e5 estimerte kostnader som parkering og reiseutgifter. Ofte inkluderer vi reisekostnader i totalprisen\"\n\t\t\t\t\t\t\t\t\t}\n\t\t\t}\n\t\t\t,\t\t\t\t{\n\t\t\t\t\"@type\": \"Question\",\n\t\t\t\t\"name\": \"M\u00e5 vi hente samtykke fra ansatte som fotograferes?\",\n\t\t\t\t\"acceptedAnswer\": {\n\t\t\t\t\t\"@type\": \"Answer\",\n\t\t\t\t\t\"text\": \"Dere b\u00f8r absolutt innhente skriftlig samtykke fra ansatte og informere hvordan bildene vil brukes. Husk at samtykke ogs\u00e5 n\u00e5r som helst kan tilbaketrekkes.\"\n\t\t\t\t\t\t\t\t\t}\n\t\t\t}\n\t\t\t,\t\t\t\t{\n\t\t\t\t\"@type\": \"Question\",\n\t\t\t\t\"name\": \"Hva er situasjonsbilder?\",\n\t\t\t\t\"acceptedAnswer\": {\n\t\t\t\t\t\"@type\": \"Answer\",\n\t\t\t\t\t\"text\": \"Situasjonsbilder er en illustrasjon av en handling eller handling med bilder\"\n\t\t\t\t\t\t\t\t\t}\n\t\t\t}\n\t\t\t,\t\t\t\t{\n\t\t\t\t\"@type\": \"Question\",\n\t\t\t\t\"name\": \"Hva er milj\u00f8bilder?\",\n\t\t\t\t\"acceptedAnswer\": {\n\t\t\t\t\t\"@type\": \"Answer\",\n\t\t\t\t\t\"text\": \"Milj\u00f8bilder er bilder viser atmosf\u00e6re og sosiale omgivelser med eller uten mennesker\"\n\t\t\t\t\t\t\t\t\t}\n\t\t\t}\n\t\t\t\t\t\t]\n\t}\n<\/script>\n\r\n<p><strong>MESSER &#8211; KICKOFF &#8211; PROMOSJON &#8211; TEKNOLOGI<\/strong><\/p>\r\n<p>Vi tar oppdrag med timeavtale eller fulldagsfotografering. Antall bilder som blir levert varierer og sender du oss litt mer informasjon om deres event, vil vi kunne gi en n\u00f8yaktig estimat.<\/p>\r\n<p>&nbsp;<\/p>","protected":false},"excerpt":{"rendered":"<p>EVENT FOTOGRAF Vi kan tilby dyktige fotografer til din bedriftsevent med mulighet for felt studio for portrett og pose-fotografi muligheter.<a class=\"ninja_pages_read_more\"  href=\"https:\/\/firmafotografen.no\/en\/bedriftsfotografering\/firma-event-fotografering\/\"><\/a><\/p>\n","protected":false},"author":1,"featured_media":655,"parent":18,"menu_order":0,"comment_status":"closed","ping_status":"closed","template":"","meta":{"_lmt_disableupdate":"no","_lmt_disable":""},"_links":{"self":[{"href":"https:\/\/firmafotografen.no\/en\/wp-json\/wp\/v2\/pages\/31"}],"collection":[{"href":"https:\/\/firmafotografen.no\/en\/wp-json\/wp\/v2\/pages"}],"about":[{"href":"https:\/\/firmafotografen.no\/en\/wp-json\/wp\/v2\/types\/page"}],"author":[{"embeddable":true,"href":"https:\/\/firmafotografen.no\/en\/wp-json\/wp\/v2\/users\/1"}],"replies":[{"embeddable":true,"href":"https:\/\/firmafotografen.no\/en\/wp-json\/wp\/v2\/comments?post=31"}],"version-history":[{"count":2,"href":"https:\/\/firmafotografen.no\/en\/wp-json\/wp\/v2\/pages\/31\/revisions"}],"predecessor-version":[{"id":6774,"href":"https:\/\/firmafotografen.no\/en\/wp-json\/wp\/v2\/pages\/31\/revisions\/6774"}],"up":[{"embeddable":true,"href":"https:\/\/firmafotografen.no\/en\/wp-json\/wp\/v2\/pages\/18"}],"wp:featuredmedia":[{"embeddable":true,"href":"https:\/\/firmafotografen.no\/en\/wp-json\/wp\/v2\/media\/655"}],"wp:attachment":[{"href":"https:\/\/firmafotografen.no\/en\/wp-json\/wp\/v2\/media?parent=31"}],"curies":[{"name":"wp","href":"https:\/\/api.w.org\/{rel}","templated":true}]}}