{"id":312,"date":"2017-07-06T23:10:07","date_gmt":"2017-07-06T23:10:07","guid":{"rendered":"https:\/\/firmafotografen.no\/?page_id=312"},"modified":"2020-01-07T16:10:26","modified_gmt":"2020-01-07T15:10:26","slug":"lillestrom-fotografer-priser","status":"publish","type":"page","link":"https:\/\/firmafotografen.no\/en\/lokasjon-by\/lillestrom-fotografer-priser\/","title":{"rendered":"Fotografer med konkurransedyktige priser i Lillestrom"},"content":{"rendered":"<div id=\"pl-312\"  class=\"panel-layout\" ><div id=\"pg-312-0\"  class=\"panel-grid panel-no-style\" ><div id=\"pgc-312-0-0\"  class=\"panel-grid-cell\" ><div id=\"panel-312-0-0-0\" class=\"so-panel widget widget_sow-editor panel-first-child panel-last-child\" data-index=\"0\" ><div\n\t\t\t\n\t\t\tclass=\"so-widget-sow-editor so-widget-sow-editor-base\"\n\t\t\t\n\t\t>\n<div class=\"siteorigin-widget-tinymce textwidget\">\n\t<p>Vi har avtale med flere meget gode fotograf-freelancere i Lillestromog kan dekke alle typer fotografier og eventer. Vi er sv\u00e6rt kresne p\u00e5 erfaring og resultater p\u00e5 alle v\u00e5re samarbeidspartnere.<\/p>\n<p>Halvdag og heldagsfotografering p\u00e5 <strong>Norges varemesse<\/strong> - kontakt oss for pakkepris.<\/p>\n<p>Altnet AS fokuserer p\u00e5 bedriftsfotografi og portrett fotografering, men tar ogs\u00e5 oppdrag fra private n\u00e5 kapasiteten tillater dette. Det som skiller oss fra selvstendige fotografer er at vi kan ta i mot flere oppdrag, tilby garantert oppm\u00f8te med kvalifisert fotograf og garantere gode bilder p\u00e5 hvert eneste oppdrag.<\/p>\n<p>At vi har flere freelancere som spesialiserer seg p\u00e5 flere felt, gir oss ogs\u00e5 mulighet til \u00e5 sende riktig kompetanse til riktig oppdrag for \u00e5 forsikre gode bilder. Forn\u00f8yde kunder er n\u00f8kkelen for v\u00e5r suksess innen fotograferingsbransjen.<\/p>\n<p>Mulighet til \u00e5 bes\u00f8ke v\u00e5rt fotostudio p\u00e5 Ulven\\Alnabru der du kan se bildene f\u00f8r redigering\\print.<\/p>\n<p>Se v\u00e5r oversiktlige <a href=\"https:\/\/firmafotografen.no\/priser.html\">prisliste<\/a> for prisestimat p\u00e5 ditt fotografering og kameramann oppdrag.<\/p>\n<p>I tillegg til bilder kan vi tilbyr redigering av bilder og foto av alle typer og kan garantere gode resultater.<\/p>\n<h2><a class=\"art-button\" href=\"https:\/\/firmafotografen.no\/kontakt-oslo-fotograf.html\">\u00a0KONTAKT OSS FOR PRISTILBUD<\/a><\/h2>\n<h2><span style=\"font-size: 20px;\">VANGLIGE SP\u00d8RSM\u00c5L - BEDRIFTSBILDER OG BEDRIFTSFOTOGRAFERING<\/span><\/h2>\n<section class=\"sc_fs_faq sc_card \">\n<div>\n<h2>Hvordan leveres bildene?<\/h2>\n<div>\n<p>\n\t\t\t\t\t\tBilder leveres i digital format via v\u00e5r nettbaserte, sikre bildeserver. Disse kan lastes ned enkeltvis eller samlet i komprimert ZIP fil.\t\t\t\t\t<\/p>\n<\/p><\/div><\/div>\n<\/section>\n<section class=\"sc_fs_faq sc_card \">\n<div>\n<h2>Hva koster fotograferingen?<\/h2>\n<div>\n<p>\n\t\t\t\t\t\tPris vil avhenge av hva slags bilder som \u00f8nskes og antall bilder. Vi tilbyr priser fra 2500,- og tilbyr noen av landets beste priser.\t\t\t\t\t<\/p>\n<\/p><\/div><\/div>\n<\/section>\n<section class=\"sc_fs_faq sc_card \">\n<div>\n<h2>F\u00f8lger etter behandling av bilder med i prisen?<\/h2>\n<div>\n<p>\n\t\t\t\t\t\tAlle bilder som vi leverer inkluderer etterbehandling og optimalisering.\t\t\t\t\t<\/p>\n<\/p><\/div><\/div>\n<\/section>\n<section class=\"sc_fs_faq sc_card \">\n<div>\n<h2>Hvor tidlig m\u00e5 fotografering bestilles<\/h2>\n<div>\n<p>\n\t\t\t\t\t\tVi anbefaller \u00e5 booke fotograf minimum 2 uker f\u00f8r fotografering. Vi kan selvsagt ta imot oppdrag p\u00e5 kortere varsel, dersom det er ledig kapasistet.\t\t\t\t\t<\/p>\n<\/p><\/div><\/div>\n<\/section>\n<section class=\"sc_fs_faq sc_card \">\n<div>\n<h2>Vannmerker dere bilder med logo eller signatur av fotograf<\/h2>\n<div>\n<p>\n\t\t\t\t\t\tSom standard merkes ikke v\u00e5re bilder med logosignatur. Ved utvalg av bilder der kunde \u00f8nsker \u00e5 velge \u00f8nskede bilder, blir bildene vannmerket, men endelige produkt leveres uten noen form for merking.\t\t\t\t\t<\/p>\n<\/p><\/div><\/div>\n<\/section>\n<section class=\"sc_fs_faq sc_card \">\n<div>\n<h2>Kan dere fotografere i v\u00e5re lokaler?<\/h2>\n<div>\n<p>\n\t\t\t\t\t\tSelvsagt, s\u00e5fremt dere har tilgjengelig plass. For portretter m\u00e5 dere ha minimum 10kvm med plass.\t\t\t\t\t<\/p>\n<\/p><\/div><\/div>\n<\/section>\n<section class=\"sc_fs_faq sc_card \">\n<div>\n<h2>Tar dere reisetillegg?<\/h2>\n<div>\n<p>\n\t\t\t\t\t\tVi tar reisetillegg basert p\u00e5 estimerte kostnader som parkering og reiseutgifter. Ofte inkluderer vi reisekostnader i totalprisen\t\t\t\t\t<\/p>\n<\/p><\/div><\/div>\n<\/section>\n<section class=\"sc_fs_faq sc_card \">\n<div>\n<h2>M\u00e5 vi hente samtykke fra ansatte som fotograferes?<\/h2>\n<div>\n<p>\n\t\t\t\t\t\tDere b\u00f8r absolutt innhente skriftlig samtykke fra ansatte og informere hvordan bildene vil brukes. Husk at samtykke ogs\u00e5 n\u00e5r som helst kan tilbaketrekkes.\t\t\t\t\t<\/p>\n<\/p><\/div><\/div>\n<\/section>\n<section class=\"sc_fs_faq sc_card \">\n<div>\n<h2>Hva er situasjonsbilder?<\/h2>\n<div>\n<p>\n\t\t\t\t\t\tSituasjonsbilder er en illustrasjon av en handling eller handling med bilder\t\t\t\t\t<\/p>\n<\/p><\/div><\/div>\n<\/section>\n<section class=\"sc_fs_faq sc_card \">\n<div>\n<h2>Hva er milj\u00f8bilder?<\/h2>\n<div>\n<p>\n\t\t\t\t\t\tMilj\u00f8bilder er bilder viser atmosf\u00e6re og sosiale omgivelser med eller uten mennesker\t\t\t\t\t<\/p>\n<\/p><\/div><\/div>\n<\/section>\n<p><script type=\"application\/ld+json\">\n\t{\n\t\t\"@context\": \"https:\/\/schema.org\",\n\t\t\"@type\": \"FAQPage\",\n\t\t\"mainEntity\": [\n\t\t\t\t\t{\n\t\t\t\t\"@type\": \"Question\",\n\t\t\t\t\"name\": \"Hvordan leveres bildene?\",\n\t\t\t\t\"acceptedAnswer\": {\n\t\t\t\t\t\"@type\": \"Answer\",\n\t\t\t\t\t\"text\": \"Bilder leveres i digital format via v\u00e5r nettbaserte, sikre bildeserver. Disse kan lastes ned enkeltvis eller samlet i komprimert ZIP fil.\"\n\t\t\t\t\t\t\t\t\t}\n\t\t\t}\n\t\t\t,\t\t\t\t{\n\t\t\t\t\"@type\": \"Question\",\n\t\t\t\t\"name\": \"Hva koster fotograferingen?\",\n\t\t\t\t\"acceptedAnswer\": {\n\t\t\t\t\t\"@type\": \"Answer\",\n\t\t\t\t\t\"text\": \"Pris vil avhenge av hva slags bilder som \u00f8nskes og antall bilder. Vi tilbyr priser fra 2500,- og tilbyr noen av landets beste priser.\"\n\t\t\t\t\t\t\t\t\t}\n\t\t\t}\n\t\t\t,\t\t\t\t{\n\t\t\t\t\"@type\": \"Question\",\n\t\t\t\t\"name\": \"F\u00f8lger etter behandling av bilder med i prisen?\",\n\t\t\t\t\"acceptedAnswer\": {\n\t\t\t\t\t\"@type\": \"Answer\",\n\t\t\t\t\t\"text\": \"Alle bilder som vi leverer inkluderer etterbehandling og optimalisering.\"\n\t\t\t\t\t\t\t\t\t}\n\t\t\t}\n\t\t\t,\t\t\t\t{\n\t\t\t\t\"@type\": \"Question\",\n\t\t\t\t\"name\": \"Hvor tidlig m\u00e5 fotografering bestilles\",\n\t\t\t\t\"acceptedAnswer\": {\n\t\t\t\t\t\"@type\": \"Answer\",\n\t\t\t\t\t\"text\": \"Vi anbefaller \u00e5 booke fotograf minimum 2 uker f\u00f8r fotografering. Vi kan selvsagt ta imot oppdrag p\u00e5 kortere varsel, dersom det er ledig kapasistet.\"\n\t\t\t\t\t\t\t\t\t}\n\t\t\t}\n\t\t\t,\t\t\t\t{\n\t\t\t\t\"@type\": \"Question\",\n\t\t\t\t\"name\": \"Vannmerker dere bilder med logo eller signatur av fotograf\",\n\t\t\t\t\"acceptedAnswer\": {\n\t\t\t\t\t\"@type\": \"Answer\",\n\t\t\t\t\t\"text\": \"Som standard merkes ikke v\u00e5re bilder med logosignatur. Ved utvalg av bilder der kunde \u00f8nsker \u00e5 velge \u00f8nskede bilder, blir bildene vannmerket, men endelige produkt leveres uten noen form for merking.\"\n\t\t\t\t\t\t\t\t\t}\n\t\t\t}\n\t\t\t,\t\t\t\t{\n\t\t\t\t\"@type\": \"Question\",\n\t\t\t\t\"name\": \"Kan dere fotografere i v\u00e5re lokaler?\",\n\t\t\t\t\"acceptedAnswer\": {\n\t\t\t\t\t\"@type\": \"Answer\",\n\t\t\t\t\t\"text\": \"Selvsagt, s\u00e5fremt dere har tilgjengelig plass. For portretter m\u00e5 dere ha minimum 10kvm med plass.\"\n\t\t\t\t\t\t\t\t\t}\n\t\t\t}\n\t\t\t,\t\t\t\t{\n\t\t\t\t\"@type\": \"Question\",\n\t\t\t\t\"name\": \"Tar dere reisetillegg?\",\n\t\t\t\t\"acceptedAnswer\": {\n\t\t\t\t\t\"@type\": \"Answer\",\n\t\t\t\t\t\"text\": \"Vi tar reisetillegg basert p\u00e5 estimerte kostnader som parkering og reiseutgifter. Ofte inkluderer vi reisekostnader i totalprisen\"\n\t\t\t\t\t\t\t\t\t}\n\t\t\t}\n\t\t\t,\t\t\t\t{\n\t\t\t\t\"@type\": \"Question\",\n\t\t\t\t\"name\": \"M\u00e5 vi hente samtykke fra ansatte som fotograferes?\",\n\t\t\t\t\"acceptedAnswer\": {\n\t\t\t\t\t\"@type\": \"Answer\",\n\t\t\t\t\t\"text\": \"Dere b\u00f8r absolutt innhente skriftlig samtykke fra ansatte og informere hvordan bildene vil brukes. Husk at samtykke ogs\u00e5 n\u00e5r som helst kan tilbaketrekkes.\"\n\t\t\t\t\t\t\t\t\t}\n\t\t\t}\n\t\t\t,\t\t\t\t{\n\t\t\t\t\"@type\": \"Question\",\n\t\t\t\t\"name\": \"Hva er situasjonsbilder?\",\n\t\t\t\t\"acceptedAnswer\": {\n\t\t\t\t\t\"@type\": \"Answer\",\n\t\t\t\t\t\"text\": \"Situasjonsbilder er en illustrasjon av en handling eller handling med bilder\"\n\t\t\t\t\t\t\t\t\t}\n\t\t\t}\n\t\t\t,\t\t\t\t{\n\t\t\t\t\"@type\": \"Question\",\n\t\t\t\t\"name\": \"Hva er milj\u00f8bilder?\",\n\t\t\t\t\"acceptedAnswer\": {\n\t\t\t\t\t\"@type\": \"Answer\",\n\t\t\t\t\t\"text\": \"Milj\u00f8bilder er bilder viser atmosf\u00e6re og sosiale omgivelser med eller uten mennesker\"\n\t\t\t\t\t\t\t\t\t}\n\t\t\t}\n\t\t\t\t\t\t]\n\t}\n<\/script><\/p>\n<\/div>\n<\/div><\/div><\/div><\/div><div id=\"pg-312-1\"  class=\"panel-grid panel-no-style\" ><div id=\"pgc-312-1-0\"  class=\"panel-grid-cell\" ><div id=\"panel-312-1-0-0\" class=\"so-panel widget widget_sow-editor panel-first-child panel-last-child\" data-index=\"1\" ><div\n\t\t\t\n\t\t\tclass=\"so-widget-sow-editor so-widget-sow-editor-base\"\n\t\t\t\n\t\t>\n<div class=\"siteorigin-widget-tinymce textwidget\">\n\t<h4>Portrett av ansatte Norge\\Internasjonalt<\/h4>\n<p>Konsernledelse portrettbilder<br \/>- Business Executive ansiksfoto<br \/>- Fritt valg av bakgrunnsfarge\\gradeint\\Gaussian blur<br \/>- Fjerning av u\u00f8nskede flekker\\feil<br \/>- Mulighet til \u00e5 endre hudfarge og optimaliseringer.<br \/>- Oslo og Akershus bedrifter portrett<br \/>- Grupperabatt ved st\u00f8rre bestillinger og mange ansatte<br \/>- Oppm\u00f8te p\u00e5 arbeidsplassen eller fotostudio<br \/>- Frihet til \u00e5 velge tidspunkt for fotograferingen.<br \/>- Bilder klare til bruk i nettsiden eller print.<br \/>- Mulighet til \u00e5 gj\u00f8re endringer senere i tid.<\/p>\n<\/div>\n<\/div><\/div><\/div><div id=\"pgc-312-1-1\"  class=\"panel-grid-cell\" ><div id=\"panel-312-1-1-0\" class=\"so-panel widget widget_sow-editor panel-first-child panel-last-child\" data-index=\"2\" ><div\n\t\t\t\n\t\t\tclass=\"so-widget-sow-editor so-widget-sow-editor-base\"\n\t\t\t\n\t\t>\n<div class=\"siteorigin-widget-tinymce textwidget\">\n\t<h4>N\u00e6ringsliv fotografi\\NORGE\\INTERNASJ.<\/h4>\n<p>- Firma \u00e5rsrapport presentasjonsbilder<br \/>- Reklame &amp; Design fotografering<br \/>- Redaksjonell presentasjonsfoto<br \/>- Media fotografi av store hendelser<br \/>- Non-profit &amp; Organisasjonsfotografering<br \/>- Medisinsk og teknologi fotografering<br \/>- Nettstedsfotografi og rebranding<br \/>- Meny - Restaurant\\Cafe mat og retter<\/p>\n<\/div>\n<\/div><\/div><\/div><div id=\"pgc-312-1-2\"  class=\"panel-grid-cell\" ><div id=\"panel-312-1-2-0\" class=\"so-panel widget widget_sow-editor panel-first-child panel-last-child\" data-index=\"3\" ><div\n\t\t\t\n\t\t\tclass=\"so-widget-sow-editor so-widget-sow-editor-base\"\n\t\t\t\n\t\t>\n<div class=\"siteorigin-widget-tinymce textwidget\">\n\t<h4>Private eventer\\bursdag\\bryllup - norge<\/h4>\n<p>- Du velger tidsbruken etter din budsjett<br \/>- Markedets beste priser med h\u00f8y kvalitet<br \/>- Kamerateam for video opptak\\dokumentering<br \/>- Kjendis fotografering for media<br \/>- Rabatt p\u00e5 eventer med media interesse<br \/>- Full bruksrett p\u00e5 alle bilder<br \/>- Ingen bruk av dine bilder til kommersielle form\u00e5l<br \/>- Mulighet til bilderedigering p\u00e5 senere tid.<\/p>\n<\/div>\n<\/div><\/div><\/div><\/div><\/div>","protected":false},"excerpt":{"rendered":"<p>Vi har avtale med flere meget gode fotograf-freelancere i Lillestromog kan dekke alle typer fotografier og eventer. Vi er sv\u00e6rt<a class=\"ninja_pages_read_more\"  href=\"https:\/\/firmafotografen.no\/en\/lokasjon-by\/lillestrom-fotografer-priser\/\"><\/a><\/p>\n","protected":false},"author":1,"featured_media":302,"parent":297,"menu_order":0,"comment_status":"closed","ping_status":"closed","template":"","meta":{"_lmt_disableupdate":"no","_lmt_disable":""},"_links":{"self":[{"href":"https:\/\/firmafotografen.no\/en\/wp-json\/wp\/v2\/pages\/312"}],"collection":[{"href":"https:\/\/firmafotografen.no\/en\/wp-json\/wp\/v2\/pages"}],"about":[{"href":"https:\/\/firmafotografen.no\/en\/wp-json\/wp\/v2\/types\/page"}],"author":[{"embeddable":true,"href":"https:\/\/firmafotografen.no\/en\/wp-json\/wp\/v2\/users\/1"}],"replies":[{"embeddable":true,"href":"https:\/\/firmafotografen.no\/en\/wp-json\/wp\/v2\/comments?post=312"}],"version-history":[{"count":1,"href":"https:\/\/firmafotografen.no\/en\/wp-json\/wp\/v2\/pages\/312\/revisions"}],"predecessor-version":[{"id":6760,"href":"https:\/\/firmafotografen.no\/en\/wp-json\/wp\/v2\/pages\/312\/revisions\/6760"}],"up":[{"embeddable":true,"href":"https:\/\/firmafotografen.no\/en\/wp-json\/wp\/v2\/pages\/297"}],"wp:featuredmedia":[{"embeddable":true,"href":"https:\/\/firmafotografen.no\/en\/wp-json\/wp\/v2\/media\/302"}],"wp:attachment":[{"href":"https:\/\/firmafotografen.no\/en\/wp-json\/wp\/v2\/media?parent=312"}],"curies":[{"name":"wp","href":"https:\/\/api.w.org\/{rel}","templated":true}]}}