{"id":324,"date":"2017-07-06T23:19:26","date_gmt":"2017-07-06T23:19:26","guid":{"rendered":"https:\/\/firmafotografen.no\/?page_id=324"},"modified":"2019-05-16T21:23:21","modified_gmt":"2019-05-16T19:23:21","slug":"bedrift-priser-foto","status":"publish","type":"page","link":"https:\/\/firmafotografen.no\/en\/priser-fotograf\/bedrift-priser-foto\/","title":{"rendered":"Bedrift Priser Foto"},"content":{"rendered":"<div id=\"pl-324\" class=\"panel-layout\">\r\n<div id=\"pg-324-0\" class=\"panel-grid panel-no-style\" data-style=\"{&quot;background_image_attachment&quot;:false,&quot;background_display&quot;:&quot;tile&quot;,&quot;cell_alignment&quot;:&quot;flex-start&quot;}\">\r\n<div id=\"pgc-324-0-0\" class=\"panel-grid-cell\" data-weight=\"1\">\r\n<div id=\"panel-324-0-0-0\" class=\"so-panel widget widget_sow-editor panel-first-child panel-last-child\" data-index=\"0\" data-style=\"{&quot;background_image_attachment&quot;:false,&quot;background_display&quot;:&quot;tile&quot;}\">\r\n<div class=\"so-widget-sow-editor so-widget-sow-editor-base\">\r\n<div class=\"siteorigin-widget-tinymce textwidget\">\r\n<h2 style=\"text-align: center; margin-top: -1px; margin-bottom: -1px;\"><img decoding=\"async\" loading=\"lazy\" class=\"wp-image-345 alignleft\" src=\"https:\/\/firmafotografen.no\/assets\/uploads\/bedriftfoto.png\" alt=\"\" width=\"197\" height=\"197\" srcset=\"https:\/\/firmafotografen.no\/assets\/uploads\/bedriftfoto.png 512w, https:\/\/firmafotografen.no\/assets\/uploads\/bedriftfoto-430x430.png 430w, https:\/\/firmafotografen.no\/assets\/uploads\/bedriftfoto-150x150.png 150w\" sizes=\"(max-width: 197px) 100vw, 197px\" \/><\/h2>\r\n<h2 style=\"text-align: center;\"><span style=\"font-family: Aladin, Arial, 'Arial Unicode MS', Helvetica, sans-serif; font-size: 20px; font-weight: normal; color: #f08205;\">*<span style=\"color: #000000;\">Priser fra<\/span> 2500,- <\/span><\/h2>\r\n<p style=\"text-align: center;\"><span style=\"font-weight: bold;\">Profesjonell fotografering for foretak og bedrifter &#8211; <span style=\"font-size: 13px;\">Prisliste <\/span><span style=\"color: #f08205;\"> 01.05.2019<\/span><\/span><span style=\"font-family: Aladin, Arial, 'Arial Unicode MS', Helvetica, sans-serif; font-size: 20px; font-weight: normal; color: #f08205;\"><br><\/span><\/p>\r\n<p style=\"text-align: center;\"><span style=\"font-weight: bold;\"><span style=\"font-style: italic; font-size: 14px;\">Er dere en nyoppstartet eller mindre bedrift med begrenset budsjett? Kontakt oss uforpliktende og hyggelig samtale og vi finner en l\u00f8sning!<\/span><\/span><\/p>\r\n<p style=\"text-align: center;\"><span style=\"text-align: left;\">FOTOGRAF TIL BEDRIFTER &amp; N\u00c6RINGS OPPDRAG<\/span><\/p>\r\n<table id=\"A0884808\" class=\"sgmltable\" style=\"width: 75%; margin: 1px auto 1px auto;\" border=\"1\">\r\n<tbody>\r\n<tr>\r\n<th class=\"\" style=\"text-align: left; border-width: 1px; padding: 1px;\" valign=\"top\" align=\"left\">Tid<\/th>\r\n<th class=\"\" style=\"text-align: left; border-width: 1px; padding: 1px;\" valign=\"top\" align=\"left\">Type oppdrag<\/th>\r\n<th class=\"\" style=\"text-align: left; border-width: 1px; padding: 1px;\" valign=\"top\" align=\"left\">Pris<\/th>\r\n<th class=\"\" style=\"text-align: left; border-width: 1px; padding: 1px;\" valign=\"top\" align=\"center\"><span style=\"font-size: 14px;\">Omr\u00e5de<\/span><\/th>\r\n<\/tr>\r\n<tr>\r\n<td class=\"\" style=\"border-width: 1px; padding: 1px;\" valign=\"top\" align=\"left\"><span style=\"text-align: center; font-size: 16px;\">30min<\/span><\/td>\r\n<td class=\"\" style=\"border-width: 1px; padding: 1px;\" valign=\"top\" align=\"left\"><span style=\"font-size: 16px;\">Fotograf, ink oppm\u00f8te.<\/span><\/td>\r\n<td class=\"\" style=\"border-width: 1px; padding: 1px;\" valign=\"top\" align=\"left\"><span style=\"text-align: center; font-size: 16px; font-family: Arial;\"><span style=\"font-weight: bold;\">3600<\/span>,-<\/span><\/td>\r\n<td class=\"\" style=\"border-width: 1px; padding: 1px;\" valign=\"top\" align=\"center\">Oslo +25km<\/td>\r\n<\/tr>\r\n<tr>\r\n<td class=\"\" style=\"border-width: 1px; padding: 1px;\" valign=\"top\" align=\"left\"><span style=\"text-align: center; font-size: 16px;\">45min<\/span><\/td>\r\n<td class=\"\" style=\"border-width: 1px; padding: 1px;\" valign=\"top\" align=\"left\"><span style=\"font-size: 16px;\">Fotograf, ink oppm\u00f8te.<\/span><\/td>\r\n<td class=\"\" style=\"border-width: 1px; padding: 1px;\" valign=\"top\" align=\"left\"><span style=\"text-align: center; font-size: 16px; font-family: Arial;\"><span style=\"font-weight: bold;\">4500<\/span>,-<\/span><\/td>\r\n<td class=\"\" style=\"border-width: 1px; padding: 1px;\" valign=\"top\" align=\"center\">Oslo +25km<\/td>\r\n<\/tr>\r\n<tr>\r\n<td class=\"\" style=\"border-width: 1px; padding: 1px;\" valign=\"top\" align=\"left\"><span style=\"text-align: center; font-size: 16px;\">60min<\/span><\/td>\r\n<td class=\"\" style=\"border-width: 1px; padding: 1px;\" valign=\"top\" align=\"left\"><span style=\"font-size: 16px;\">Fotograf, ink oppm\u00f8te.<\/span><\/td>\r\n<td class=\"\" style=\"border-width: 1px; padding: 1px;\" valign=\"top\" align=\"left\"><span style=\"font-size: 16px;\"><span style=\"text-align: center; font-family: Arial;\"><span style=\"font-weight: bold;\">5500<\/span>,-<\/span><\/span><\/td>\r\n<td class=\"\" style=\"border-width: 1px; padding: 1px;\" valign=\"top\" align=\"center\">Oslo +25km<\/td>\r\n<\/tr>\r\n<tr>\r\n<td class=\"\" style=\"border-width: 1px; padding: 1px;\" valign=\"top\" align=\"left\"><span style=\"text-align: center; font-size: 14px;\">+45min<\/span><\/td>\r\n<td class=\"\" style=\"border-width: 1px; padding: 1px;\" valign=\"top\" align=\"left\"><span style=\"font-size: 16px;\">Forlenging av oppdrag<\/span><\/td>\r\n<td class=\"\" style=\"border-width: 1px; padding: 1px;\" valign=\"top\" align=\"left\"><span style=\"font-weight: bold; text-align: center; font-size: 16px; font-family: Arial;\">3.400,-<\/span><\/td>\r\n<td class=\"\" style=\"border-width: 1px; padding: 1px;\" valign=\"top\" align=\"center\">Oslo +25km<\/td>\r\n<\/tr>\r\n<tr>\r\n<td class=\"\" style=\"border-width: 1px; padding: 1px;\" valign=\"top\" align=\"left\"><span style=\"text-align: center; font-size: 14px;\">Halv dag<\/span><\/td>\r\n<td class=\"\" style=\"border-width: 1px; padding: 1px;\" valign=\"top\" align=\"left\">Fotografering oppt. 5timer<\/td>\r\n<td class=\"\" style=\"border-width: 1px; padding: 1px;\" valign=\"top\" align=\"left\"><span style=\"font-weight: bold; text-align: center; font-size: 16px;\">Kontakt oss<br><\/span><\/td>\r\n<td class=\"\" style=\"border-width: 1px; padding: 1px;\" valign=\"top\" align=\"center\">Hele landet<\/td>\r\n<\/tr>\r\n<tr>\r\n<td class=\"\" style=\"border-width: 1px; padding: 1px;\" valign=\"top\" align=\"left\"><span style=\"font-size: 14px;\"> <span style=\"text-align: center;\">Hel dag<\/span><\/span><\/td>\r\n<td class=\"\" style=\"border-width: 1px; padding: 1px;\" valign=\"top\" align=\"left\">Fotografering oppt. 9 timer<\/td>\r\n<td class=\"\" style=\"border-width: 1px; padding: 1px;\" valign=\"top\" align=\"left\"><span style=\"font-weight: bold; text-align: center;\">Kontakt oss<br><\/span><\/td>\r\n<td class=\"\" style=\"border-width: 1px; padding: 1px;\" valign=\"top\" align=\"center\">Hele landet<\/td>\r\n<\/tr>\r\n<tr>\r\n<td class=\"\" style=\"border-width: 1px; padding: 1px;\" valign=\"top\" align=\"left\"><span style=\"font-size: 16px;\">30min<\/span><\/td>\r\n<td class=\"\" style=\"border-width: 1px; padding: 1px;\" valign=\"top\" align=\"left\"><span style=\"font-size: 16px;\">Portrett ute<\/span><\/td>\r\n<td class=\"\" style=\"border-width: 1px; padding: 1px;\" valign=\"top\" align=\"left\"><span style=\"font-weight: bold; font-size: 16px; font-family: Arial;\">2800,-<\/span><\/td>\r\n<td class=\"\" style=\"border-width: 1px; padding: 1px;\" valign=\"top\" align=\"center\"><span style=\"font-size: 14px;\">Kun Oslo<\/span><\/td>\r\n<\/tr>\r\n<tr>\r\n<td class=\"\" style=\"border-width: 1px; padding: 1px;\" valign=\"top\" align=\"left\"><span style=\"font-size: 16px;\">30min<\/span><\/td>\r\n<td class=\"\" style=\"border-width: 1px; padding: 1px;\" valign=\"top\" align=\"left\"><span style=\"font-size: 16px;\">Portrett studio &#8211; inkludert 10 bilder<br><\/span><\/td>\r\n<td class=\"\" style=\"border-width: 1px; padding: 1px;\" valign=\"top\" align=\"left\"><span style=\"font-weight: bold; font-size: 16px; font-family: Arial;\">2800,-<\/span><\/td>\r\n<td class=\"\" style=\"border-width: 1px; padding: 1px;\" valign=\"top\" align=\"center\"><span style=\"font-size: 14px;\">Kun Oslo<\/span><\/td>\r\n<\/tr>\r\n<\/tbody>\r\n<\/table>\r\n<p>Prisene er eksklusiv mva.<\/p>\r\n<p><span style=\"font-weight: bold;\">Bilder medf\u00f8lger i prisen, antall vil variere etter oppdragstype og vil oppgis ved pristilbud eller foresp\u00f8rsel.<br><\/span><\/p>\r\n<p>Ingen bilder blir publisert verken p\u00e5 Internett eller v\u00e5re sider uten s\u00e6rlig tillatelse fra kunden. V\u00e5re priser gir ogs\u00e5 full bruksrett til alle bilder uten begrensning eller hemmelige kostnader.<\/p>\r\n<\/div>\r\n<\/div>\r\n<\/div>\r\n<\/div>\r\n<\/div>\r\n<\/div>\r\n<div class=\"SnapLinksContainer\" style=\"margin-left: 0px; margin-top: 0px; display: none;\">\r\n<div class=\"SL_SelectionRect\">\r\n<div class=\"SL_SelectionLabel\">&nbsp;<\/div>\r\n<\/div>\r\n<p><!-- Used for easily cloning the properly namespaced rect --><\/p>\r\n<\/div>","protected":false},"excerpt":{"rendered":"<p>*Priser fra 2500,- Profesjonell fotografering for foretak og bedrifter &#8211; Prisliste 01.05.2019 Er dere en nyoppstartet eller mindre bedrift med<a class=\"ninja_pages_read_more\"  href=\"https:\/\/firmafotografen.no\/en\/priser-fotograf\/bedrift-priser-foto\/\"><\/a><\/p>\n","protected":false},"author":1,"featured_media":1958,"parent":100,"menu_order":0,"comment_status":"closed","ping_status":"closed","template":"","meta":{"_lmt_disableupdate":"no","_lmt_disable":""},"_links":{"self":[{"href":"https:\/\/firmafotografen.no\/en\/wp-json\/wp\/v2\/pages\/324"}],"collection":[{"href":"https:\/\/firmafotografen.no\/en\/wp-json\/wp\/v2\/pages"}],"about":[{"href":"https:\/\/firmafotografen.no\/en\/wp-json\/wp\/v2\/types\/page"}],"author":[{"embeddable":true,"href":"https:\/\/firmafotografen.no\/en\/wp-json\/wp\/v2\/users\/1"}],"replies":[{"embeddable":true,"href":"https:\/\/firmafotografen.no\/en\/wp-json\/wp\/v2\/comments?post=324"}],"version-history":[{"count":2,"href":"https:\/\/firmafotografen.no\/en\/wp-json\/wp\/v2\/pages\/324\/revisions"}],"predecessor-version":[{"id":4348,"href":"https:\/\/firmafotografen.no\/en\/wp-json\/wp\/v2\/pages\/324\/revisions\/4348"}],"up":[{"embeddable":true,"href":"https:\/\/firmafotografen.no\/en\/wp-json\/wp\/v2\/pages\/100"}],"wp:featuredmedia":[{"embeddable":true,"href":"https:\/\/firmafotografen.no\/en\/wp-json\/wp\/v2\/media\/1958"}],"wp:attachment":[{"href":"https:\/\/firmafotografen.no\/en\/wp-json\/wp\/v2\/media?parent=324"}],"curies":[{"name":"wp","href":"https:\/\/api.w.org\/{rel}","templated":true}]}}