{"id":330,"date":"2017-07-06T23:24:50","date_gmt":"2017-07-06T23:24:50","guid":{"rendered":"https:\/\/firmafotografen.no\/?page_id=330"},"modified":"2020-06-25T11:15:03","modified_gmt":"2020-06-25T09:15:03","slug":"priser-bilderedigering-fiks-photoshop","status":"publish","type":"page","link":"https:\/\/firmafotografen.no\/en\/priser-fotograf\/priser-bilderedigering-fiks-photoshop\/","title":{"rendered":"Priser Bilderedigering &#038; Fiks -Photoshop"},"content":{"rendered":"<div id=\"pl-330\" class=\"panel-layout\">\r\n<div id=\"pg-330-0\" class=\"panel-grid panel-no-style\" data-style=\"{&quot;background_image_attachment&quot;:false,&quot;background_display&quot;:&quot;tile&quot;,&quot;cell_alignment&quot;:&quot;flex-start&quot;}\">\r\n<div id=\"pgc-330-0-0\" class=\"panel-grid-cell\" data-weight=\"0.5\">\r\n<div id=\"panel-330-0-0-0\" class=\"so-panel widget widget_sow-editor panel-first-child panel-last-child\" data-index=\"0\" data-style=\"{&quot;background_image_attachment&quot;:false,&quot;background_display&quot;:&quot;tile&quot;}\">\r\n<div class=\"so-widget-sow-editor so-widget-sow-editor-base\">\r\n<h3 class=\"widget-title\">Photoshop og Lightroom bilderedigering priser<\/h3>\r\n<div class=\"siteorigin-widget-tinymce textwidget\">\r\n<h2 style=\"text-align: center;\"><span style=\"color: #252932; font-family: Georgia, 'Times New Roman', Times, serif; font-size: 16px; text-align: left;\">Bilderedigering med lightroom eller Photoshop\u00a0<span style=\"font-size: 13px;\">Prisliste\u00a0<\/span><span style=\"color: #f08205;\">01.02.2017<\/span><\/span><\/h2>\r\n<h2 style=\"text-align: center;\"><img decoding=\"async\" loading=\"lazy\" class=\"size-full wp-image-281 aligncenter\" src=\"https:\/\/firmafotografen.no\/assets\/uploads\/photoshopit-250x200.jpg\" alt=\"\" width=\"250\" height=\"200\" srcset=\"https:\/\/firmafotografen.no\/assets\/uploads\/photoshopit-250x200.jpg 250w, https:\/\/firmafotografen.no\/assets\/uploads\/photoshopit-250x200-150x120.jpg 150w\" sizes=\"(max-width: 250px) 100vw, 250px\" \/><\/h2>\r\n<h2 style=\"text-align: center; margin-top: -1px; margin-bottom: -1px;\"><span style=\"font-family: Aladin, Arial, 'Arial Unicode MS', Helvetica, sans-serif; font-size: 20px; font-weight: normal; color: #f08205;\">*<span style=\"color: #000000;\">Priser fra<\/span>\u00a0790,-\u00a0<\/span><\/h2>\r\n<table id=\"A0884808\" class=\"sgmltable\" style=\"margin-right: auto; margin-left: auto; width: 74%;\" border=\"1\">\r\n<tbody>\r\n<tr>\r\n<th style=\"width: 65px; border-width: 1px;\" align=\"left\" valign=\"top\">Tid<\/th>\r\n<th style=\"border-width: 1px;\" align=\"left\" valign=\"top\">Type oppdrag<\/th>\r\n<th style=\"border-width: 1px;\" align=\"left\" valign=\"top\">Pris<\/th>\r\n<th style=\"border-width: 1px;\" align=\"center\" valign=\"top\">Antall<\/th>\r\n<\/tr>\r\n<tr>\r\n<td style=\"width: 65px; border-width: 1px;\" align=\"left\" valign=\"top\"><span style=\"text-align: center; font-weight: bold;\">1 dag<\/span><\/td>\r\n<td style=\"border-width: 1px;\" align=\"left\" valign=\"top\">Fjerning av elementer<\/td>\r\n<td style=\"border-width: 1px;\" align=\"left\" valign=\"top\"><span style=\"text-align: center;\"><span style=\"font-weight: bold;\">1.500<\/span>,-<\/span><\/td>\r\n<td style=\"border-width: 1px;\" align=\"center\" valign=\"top\">2-3<\/td>\r\n<\/tr>\r\n<tr>\r\n<td style=\"width: 65px; border-width: 1px;\" align=\"left\" valign=\"top\"><span style=\"text-align: center;\">2 dager<\/span><\/td>\r\n<td style=\"border-width: 1px;\" align=\"left\" valign=\"top\">Sette sammen bilder<\/td>\r\n<td style=\"border-width: 1px;\" align=\"left\" valign=\"top\"><span style=\"text-align: center;\"><span style=\"font-weight: bold;\">1.900<\/span>,-<\/span><\/td>\r\n<td style=\"border-width: 1px;\" align=\"center\" valign=\"top\">2-3<\/td>\r\n<\/tr>\r\n<tr>\r\n<td style=\"width: 65px; border-width: 1px;\" align=\"left\" valign=\"top\"><span style=\"text-align: center; font-weight: bold;\">1 dag<\/span><\/td>\r\n<td style=\"border-width: 1px;\" align=\"left\" valign=\"top\">Farge og skarphet<\/td>\r\n<td style=\"border-width: 1px;\" align=\"left\" valign=\"top\"><span style=\"font-weight: bold; text-align: center;\">790,-<\/span><\/td>\r\n<td style=\"border-width: 1px;\" align=\"center\" valign=\"top\">1<\/td>\r\n<\/tr>\r\n<tr>\r\n<td style=\"width: 65px; border-width: 1px;\" align=\"left\" valign=\"top\">1-2 dager<\/td>\r\n<td style=\"border-width: 1px;\" align=\"left\" valign=\"top\">Fri redigering<\/td>\r\n<td style=\"border-width: 1px;\" align=\"left\" valign=\"top\"><span style=\"font-weight: bold; text-align: center;\">850,-<\/span><\/td>\r\n<td style=\"border-width: 1px;\" align=\"center\" valign=\"top\">Avtales<\/td>\r\n<\/tr>\r\n<tr>\r\n<td style=\"width: 65px; border-width: 1px;\" align=\"left\" valign=\"top\"><span style=\"text-align: center;\">1 dag<\/span><\/td>\r\n<td style=\"border-width: 1px;\" align=\"left\" valign=\"top\">Svart og hvit\\svart<\/td>\r\n<td style=\"border-width: 1px;\" align=\"left\" valign=\"top\"><span style=\"font-weight: bold; text-align: center;\">850,-<\/span><\/td>\r\n<td style=\"border-width: 1px;\" align=\"center\" valign=\"top\">1<\/td>\r\n<\/tr>\r\n<tr>\r\n<td style=\"width: 65px; border-width: 1px;\" align=\"left\" valign=\"top\"><span style=\"font-weight: bold;\">1 dag<\/span><\/td>\r\n<td style=\"border-width: 1px;\" align=\"left\" valign=\"top\">Legge til elementer<\/td>\r\n<td style=\"border-width: 1px;\" align=\"left\" valign=\"top\"><span style=\"font-weight: bold;\">900,-<\/span><\/td>\r\n<td style=\"border-width: 1px;\" align=\"center\" valign=\"top\">1-3<\/td>\r\n<\/tr>\r\n<tr>\r\n<td style=\"width: 65px; border-width: 1px;\" align=\"left\" valign=\"top\">2 dager<\/td>\r\n<td style=\"border-width: 1px;\" align=\"left\" valign=\"top\">Redning av bilder<\/td>\r\n<td style=\"border-width: 1px;\" align=\"left\" valign=\"top\"><span style=\"font-weight: bold;\">1.500,-<\/span><\/td>\r\n<td style=\"border-width: 1px;\" align=\"center\" valign=\"top\">1<\/td>\r\n<\/tr>\r\n<tr>\r\n<td style=\"width: 65px; border-width: 1px;\" align=\"left\" valign=\"top\">1 dag<\/td>\r\n<td style=\"border-width: 1px;\" align=\"left\" valign=\"top\">Digitalisering av bilder<\/td>\r\n<td style=\"border-width: 1px;\" align=\"left\" valign=\"top\"><span style=\"font-weight: bold;\">1.500,-<\/span><\/td>\r\n<td style=\"border-width: 1px;\" align=\"center\" valign=\"top\">1<\/td>\r\n<\/tr>\r\n<\/tbody>\r\n<\/table>\r\n<p>Priser er eks. mva.<br \/>\r\nLast opp bilder direkte i v\u00e5rt\u00a0<a href=\"\/kontakt-oslo-fotograf\">kontaktskjema<\/a>\u00a0og vi sender deg uforpriktende pristilbud.<\/p>\r\n<\/div>\r\n<\/div>\r\n<\/div>\r\n<\/div>\r\n<div id=\"pgc-330-0-1\" class=\"panel-grid-cell\" data-weight=\"0.5\">\r\n<div id=\"panel-330-0-1-0\" class=\"so-panel widget widget_sow-editor panel-first-child panel-last-child\" data-index=\"1\" data-style=\"{&quot;background_image_attachment&quot;:false,&quot;background_display&quot;:&quot;tile&quot;}\">\r\n<div class=\"so-widget-sow-editor so-widget-sow-editor-base\">\r\n<h3 class=\"widget-title\">REDIGERING AV BILDER &#8211; BILDEFIKS<\/h3>\r\n<div class=\"siteorigin-widget-tinymce textwidget\">\r\n<p><img decoding=\"async\" loading=\"lazy\" class=\"size-full wp-image-280 aligncenter\" src=\"https:\/\/firmafotografen.no\/assets\/uploads\/bilderedigering-151x172-2-large.png\" alt=\"\" width=\"151\" height=\"172\" \/><\/p>\r\n<p>Vi har over 10 \u00e5rs erfaring med aktiv redigering i Photoshop og holder oss konstant i arbeid og dermed tilpasset nye teknologier og effekter<\/p>\r\n<p>Alle bilder kan forbedres og det er bare \u00e5 sende oss bilder som du \u00f8nsker redigert. Etter analyse sender vi deg en pristilbud med hva vi kommer til \u00e5 endre\\utf\u00f8re.<\/p>\r\n<p>Dersom vi mener at bildet ikke kan tilfredstille v\u00e5r forn\u00f8ydsgaranti sier vi i fra og du slipper \u00e5 betale en eneste krone.<br \/>\r\nLa oss gj\u00f8re dine bilder stilige med Adobe after effekts og photoshop, slik at du f\u00e5r super stilige og unike bilder av deg selv eller andre n\u00e6r deg.<\/p>\r\n<p>Bilder kan sendes til oss via kontakt siden sammen med oppdragsinfo.<\/p>\r\n<p>*Bedriftsfoto redigering vil mva. tilkomme.<br \/>\r\n*Priser vil variere ut ifra vanskelighetgrad og tidsbruk.<br \/>\r\n*<\/p>\r\n<p>Aktuelle oppdrag: Sette sammen bilder med effekter, fargelegging av gamle bilder, blurring personer, portrett redigering.<\/p>\r\n<p>For en uforpliktende tilbud p\u00e5 redigering av bilde trykk her<\/p>\r\n<\/div>\r\n<\/div>\r\n<\/div>\r\n<\/div>\r\n<\/div>\r\n<\/div>","protected":false},"excerpt":{"rendered":"<p>Photoshop og Lightroom bilderedigering priser Bilderedigering med lightroom eller Photoshop\u00a0Prisliste\u00a001.02.2017 *Priser fra\u00a0790,-\u00a0 Tid Type oppdrag Pris Antall 1 dag Fjerning<a class=\"ninja_pages_read_more\"  href=\"https:\/\/firmafotografen.no\/en\/priser-fotograf\/priser-bilderedigering-fiks-photoshop\/\"><\/a><\/p>\n","protected":false},"author":1,"featured_media":0,"parent":100,"menu_order":0,"comment_status":"closed","ping_status":"closed","template":"","meta":{"_lmt_disableupdate":"no","_lmt_disable":""},"_links":{"self":[{"href":"https:\/\/firmafotografen.no\/en\/wp-json\/wp\/v2\/pages\/330"}],"collection":[{"href":"https:\/\/firmafotografen.no\/en\/wp-json\/wp\/v2\/pages"}],"about":[{"href":"https:\/\/firmafotografen.no\/en\/wp-json\/wp\/v2\/types\/page"}],"author":[{"embeddable":true,"href":"https:\/\/firmafotografen.no\/en\/wp-json\/wp\/v2\/users\/1"}],"replies":[{"embeddable":true,"href":"https:\/\/firmafotografen.no\/en\/wp-json\/wp\/v2\/comments?post=330"}],"version-history":[{"count":2,"href":"https:\/\/firmafotografen.no\/en\/wp-json\/wp\/v2\/pages\/330\/revisions"}],"predecessor-version":[{"id":19278,"href":"https:\/\/firmafotografen.no\/en\/wp-json\/wp\/v2\/pages\/330\/revisions\/19278"}],"up":[{"embeddable":true,"href":"https:\/\/firmafotografen.no\/en\/wp-json\/wp\/v2\/pages\/100"}],"wp:attachment":[{"href":"https:\/\/firmafotografen.no\/en\/wp-json\/wp\/v2\/media?parent=330"}],"curies":[{"name":"wp","href":"https:\/\/api.w.org\/{rel}","templated":true}]}}