{"id":358,"date":"2017-07-06T23:46:15","date_gmt":"2017-07-06T23:46:15","guid":{"rendered":"https:\/\/firmafotografen.no\/?page_id=358"},"modified":"2018-04-27T13:56:01","modified_gmt":"2018-04-27T13:56:01","slug":"priser-pa-fotografer-info","status":"publish","type":"page","link":"https:\/\/firmafotografen.no\/en\/priser-pa-fotografer-info\/","title":{"rendered":"Priser p\u00e5 fotografer &#8211; info"},"content":{"rendered":"<div id=\"pl-358\"  class=\"panel-layout\" ><div id=\"pg-358-0\"  class=\"panel-grid panel-no-style\" ><div id=\"pgc-358-0-0\"  class=\"panel-grid-cell\" ><div id=\"panel-358-0-0-0\" class=\"so-panel widget widget_sow-editor panel-first-child panel-last-child\" data-index=\"0\" ><div\n\t\t\t\n\t\t\tclass=\"so-widget-sow-editor so-widget-sow-editor-base\"\n\t\t\t\n\t\t><h3 class=\"widget-title\">FLAKS ELLER ERFARING<\/h3>\n<div class=\"siteorigin-widget-tinymce textwidget\">\n\t<p>Tar man nok bilder, s\u00e5 m\u00e5 jo en av dem bli bra? JA! stemmer ganske godt i foto verdenen.<br \/>\nAlt kan fanges med bilder, med riktige instillinger og forst\u00e5else av det tekniske, s\u00e5klart.<br \/>\nFotografer tar ofte samme bilde med flere instillinger for \u00e5 sikre seg den unike og perfekte bildet.<\/p>\n<p>RIKTIG FOTO<br \/>\nN\u00e5r vi er ute p\u00e5 oppdrag liker vi \u00e5 ta bilder.. mange bilder, av alt..<br \/>\nOppdraget skal reflektere eventen, hendelsene og folk til stede. Du som kunde kan f\u00e5 bildene levert p\u00e5 usb, cd eller nettservice,<br \/>\nBildene tas med tilpasset fokus, vinkel, dimensjon og kontrast, slik at hvert bilde blir unik og tilfredstillende.<\/p>\n<\/div>\n<\/div><\/div><\/div><div id=\"pgc-358-0-1\"  class=\"panel-grid-cell\" ><div id=\"panel-358-0-1-0\" class=\"so-panel widget widget_sow-editor panel-first-child panel-last-child\" data-index=\"1\" ><div\n\t\t\t\n\t\t\tclass=\"so-widget-sow-editor so-widget-sow-editor-base\"\n\t\t\t\n\t\t><h3 class=\"widget-title\">VI TAR FASTE FOTO OPPDRAG<\/h3>\n<div class=\"siteorigin-widget-tinymce textwidget\">\n\t<p>Vi kan ta til oss faste oppdrag i Oslo og Akershus omr\u00e5det, dette kan v\u00e6re bilder til kampanjer, Facebook oppdateringer eller bilder til deres hjemmeside.<br \/>\nDersom du skulle trenge en fast avtale, kan vi gi rabatt p\u00e5 opptil 40% p\u00e5 v\u00e5re fotopriser.<br \/>\n<strong>ALLE KAN TA BILDER!<\/strong><\/p>\n<p>Firmafotografen er en komplett l\u00f8sning for deg som trenger proffe bilder for dagens digitale verden.<br \/>\nVi tilbyr l\u00f8sninger til alt fra webside bildeproduksjon til private eventer som bryllup og skoleball. V\u00e5re fotografer er erfarne og planlegger hvert oppdrag ut ifra \u00f8nsket resultat.<br \/>\nI v\u00e5r digitale verden har bilder virkelig blitt krydderet p\u00e5 hverdagen. En verden uten bilder blir en verden uten farger.<\/p>\n<\/div>\n<\/div><\/div><\/div><div id=\"pgc-358-0-2\"  class=\"panel-grid-cell\" ><div id=\"panel-358-0-2-0\" class=\"so-panel widget widget_sow-editor panel-first-child panel-last-child\" data-index=\"2\" ><div\n\t\t\t\n\t\t\tclass=\"so-widget-sow-editor so-widget-sow-editor-base\"\n\t\t\t\n\t\t><h3 class=\"widget-title\">HVORFOR KOSTER FOTOGRAFERING MYE?<\/h3>\n<div class=\"siteorigin-widget-tinymce textwidget\">\n\t<p>Mange blir overrasket over prisen p\u00e5 fototjenester fra bedrifter. Et oppdrag kan koste s\u00e5 lite som 1.500kr eller s\u00e5 h\u00f8yt som 20.000 kr.<\/p>\n<p>Mange private som velger en hobbyfotograf eller amat\u00f8rfotograf angrer oft\u00e5 p\u00e5 avgj\u00f8relsen n\u00e5r bildene kommer fram, om disse kommer fram i det hele tatt. Det er ingen \u00e5 holde ansvarlig og prisen som er betalt er borte vekk sammen med fotografen.<\/p>\n<p>Profesjonelle fotograf bedrifter tilby en tjeneste der kravene er skyh\u00f8ye. Bildene skal v\u00e6re bra, fotografen skal m\u00f8te opp til riktig tid, bildene skal etterbehandles og det skal selskape skal betale skatter og moms til staten.<\/p>\n<p>Selskaper bruker ogs\u00e5 dyrere kamera og fotografene har betydelig med erfaring og forst\u00e5else med utf\u00f8ring, service og det tekniske med fotografering.<\/p>\n<p>\u00a0<\/p>\n<\/div>\n<\/div><\/div><\/div><\/div><div id=\"pg-358-1\"  class=\"panel-grid panel-no-style\" ><div id=\"pgc-358-1-0\"  class=\"panel-grid-cell\" ><div id=\"panel-358-1-0-0\" class=\"so-panel widget widget_sow-editor panel-first-child panel-last-child\" data-index=\"3\" ><div\n\t\t\t\n\t\t\tclass=\"so-widget-sow-editor so-widget-sow-editor-base\"\n\t\t\t\n\t\t><h3 class=\"widget-title\">Webfotograf - Levende hjemmesider med dine egne bilder<\/h3>\n<div class=\"siteorigin-widget-tinymce textwidget\">\n\t<p>Trenger du bilder av dine lokaler, forretningside, varer eller tjenester, kan vi hjelpe deg med magiske bilder. Bilder er sv\u00e6rt viktige for \u00e5 f\u00e5 en webside til \u00e5 se profesjonell ut, og riktige bilde st\u00f8rrelser er n\u00f8kkelen til dette.<\/p>\n<p>Kontakt oss i dag og fortell oss om din bedrift, og vi vil komme med pristilbud og v\u00e5re ideer, helt kostnadsfitt.<\/p>\n<\/div>\n<\/div><\/div><\/div><div id=\"pgc-358-1-1\"  class=\"panel-grid-cell\" ><div id=\"panel-358-1-1-0\" class=\"so-panel widget widget_sow-editor panel-first-child panel-last-child\" data-index=\"4\" ><div\n\t\t\t\n\t\t\tclass=\"so-widget-sow-editor so-widget-sow-editor-base\"\n\t\t\t\n\t\t><h3 class=\"widget-title\">Fotografering og bilde redigering<\/h3>\n<div class=\"siteorigin-widget-tinymce textwidget\">\n\t<p>Har du noen gang h\u00f8rt om betegnelsen \"photoshopped\"Vel det vil p\u00e5 kort si at bildet er manipulert og ikke er ekte.<br \/>\nHar du et eller flere bilder som du ikke er helt forn\u00f8yd med? Flekker, lysing, ting som du vil ha fjernet, som for eksempel din eks?<br \/>\nTa kontakt med oss og vi kan hjelpe deg med ditt dr\u00f8mme bilde.<\/p>\n<p><strong>Eiendoms fotografer som \u00f8ker salget!<\/strong><\/p>\n<p>N\u00e5r du skal selge eiendom, vil bildene v\u00e6re den viktigste presentasjonen. V\u00e5r jobb er \u00e5 trekke interesserte, potensielle kunder med fantastiske bilder som best mulig reflekterer salgsobjektet.<br \/>\nFor oss er det sv\u00e6rt viktig \u00e5 ikke gjenspeile eiendom, rom, arealer p\u00e5 en uriktig m\u00e5te som strekking, forst\u00f8rring og andre lignende effekter.<\/p>\n<p>Se v\u00e5re oppdrag p\u00e5 fotografi galleri siden v\u00e5r.<\/p>\n<\/div>\n<\/div><\/div><\/div><\/div><\/div>","protected":false},"excerpt":{"rendered":"<p>Tar man nok bilder, s\u00e5 m\u00e5 jo en av dem bli bra? JA! stemmer ganske godt i foto verdenen. Alt<a class=\"ninja_pages_read_more\"  href=\"https:\/\/firmafotografen.no\/en\/priser-pa-fotografer-info\/\"><\/a><\/p>\n","protected":false},"author":1,"featured_media":1957,"parent":0,"menu_order":0,"comment_status":"closed","ping_status":"closed","template":"","meta":{"_lmt_disableupdate":"","_lmt_disable":""},"_links":{"self":[{"href":"https:\/\/firmafotografen.no\/en\/wp-json\/wp\/v2\/pages\/358"}],"collection":[{"href":"https:\/\/firmafotografen.no\/en\/wp-json\/wp\/v2\/pages"}],"about":[{"href":"https:\/\/firmafotografen.no\/en\/wp-json\/wp\/v2\/types\/page"}],"author":[{"embeddable":true,"href":"https:\/\/firmafotografen.no\/en\/wp-json\/wp\/v2\/users\/1"}],"replies":[{"embeddable":true,"href":"https:\/\/firmafotografen.no\/en\/wp-json\/wp\/v2\/comments?post=358"}],"version-history":[{"count":0,"href":"https:\/\/firmafotografen.no\/en\/wp-json\/wp\/v2\/pages\/358\/revisions"}],"wp:featuredmedia":[{"embeddable":true,"href":"https:\/\/firmafotografen.no\/en\/wp-json\/wp\/v2\/media\/1957"}],"wp:attachment":[{"href":"https:\/\/firmafotografen.no\/en\/wp-json\/wp\/v2\/media?parent=358"}],"curies":[{"name":"wp","href":"https:\/\/api.w.org\/{rel}","templated":true}]}}