{"id":364,"date":"2019-02-04T23:53:11","date_gmt":"2019-02-04T22:53:11","guid":{"rendered":"https:\/\/firmafotografen.no\/?page_id=364"},"modified":"2020-01-22T12:27:22","modified_gmt":"2020-01-22T11:27:22","slug":"vanlige-sporsmal-innen-fotografering","status":"publish","type":"page","link":"https:\/\/firmafotografen.no\/en\/vanlige-sporsmal-innen-fotografering\/","title":{"rendered":"Vanlige sp\u00f8rsm\u00e5l innen fotografering"},"content":{"rendered":"<h3>SP\u00d8RSM\u00c5L TIL FOTOGRAFEN<\/h3>\r\n<p>Her er de vanligste sp\u00f8rsm\u00e5lene vi f\u00e5r fra v\u00e5re kunder.<\/p>\r\n<p>&nbsp;<\/p>\r\n<h3>Kan jeg bruke bildene akkurat som jeg vil og hvem har rettighetene p\u00e5 bilder?<\/h3>\r\n<p>Vi gir full bruksrett til v\u00e5re kunder etter betaling p\u00e5 oppdrag har funnet sted. Du har mulighet til \u00e5 bruke bildene akkurat som du selv \u00f8nsker inkludert reklame. Det er den som tar bildet som har rettighet p\u00e5 bildet og kan gi bruksrett etter avtale, noe som vi gj\u00f8r hvis ikke annet har blitt s\u00e6rlig avtalt.<\/p>\r\n<h3><strong><br \/><\/strong>Har en fotograf lov til \u00e5 legge fram bilder av sine kunder p\u00e5 sin webside uten \u00e5 f\u00e5 samtykke?<\/h3>\r\n<p>Fotografen har lov til \u00e5 vise fram sitt verk og vanligvis kan ikke bilder publiseres uten tillatelse fra den som har blitt avbildet. Mange fotografer bruker websider som fungerer med no-index, alts\u00e5 sider som ikke skal publiseres av s\u00f8kemotorer. Dette er ofte en d\u00e5rlig l\u00f8sning da s\u00f8kemotorene selv bestemmer om dette skal respekteres eller ikke. Videre er det mye uenighet om dette er lov eller ikke og det kan nevnes at det skal mye til for at en fotograf vinner p\u00e5 en slik sak i lengden.<\/p>\r\n<p>Vi publiserer bilder kun med tillatelse fra de som har blit fotografert og synes det er ufint \u00e5 ikke sp\u00f8rre.<\/p>\r\n<p>&nbsp;<\/p>\r\n<h3>Hvor mange bilder f\u00e5r jeg med 1 times fotografering hos dere?<\/h3>\r\n<p>Vi pr\u00f8ver alltid \u00e5 levere ekstra bilder, spesielt for eventer, sport og bryllupsoppdrag. For slike oppdrag vil tilbud fra oss inneholde antall minimumbilder som forventes levert. Det leveres ofte flere bilder enn lovet, til kundens forn\u00f8yelse.<\/p>\r\n<h3>&nbsp;<\/h3>\r\n<h3>Hvordan kalkuleres pris for foto oppdrag?<\/h3>\r\n<p><strong>Kort sagt<\/strong>: ut ifra vanskelighetsniv\u00e5, lysforhold og tidsbegrensning.<\/p>\r\n<p>Pris vil avhenge av flere faktorer og kan variere veldig mye. Faktorer som lysforhold, tidsbegrensede \u00f8yeblikk som premieutdelinger, fange maratonl\u00f8peren ved m\u00e5lstreken vil v\u00e6re mer utfordrende enn \u00e5 ta portretter. Dette gjelder ogs\u00e5 gruppebilder der mindre grupper er lettere \u00e5 fotografere enn 100 personer st\u00e5ende p\u00e5 3 rader.<\/p>\r\n<p>&nbsp;<\/p>\r\n<h3>Bildebehandling og etterbehandling<\/h3>\r\n<p>Det er sjeldent bilder kan leveres uten gjennomgang og optimalisering. De fleste bilder vil v\u00e6re bedre etter behandling b\u00e5de i detaljer og kontrast. Gjennomsnitt bildebehandlingstid&nbsp; er fotograferingstid ganger 1 eller 1.5<\/p>\r\n<p>&nbsp;<\/p>\r\n<h3>Hvor lang tid tar det \u00e5 f\u00e5 bildene levert?<\/h3>\r\n<p>Oftest innen 2-3 virkedager om oppdraget er betalt i sin helhet.<br \/>Vi sier ifra f\u00f8r oppdrags start n\u00e5r vi forventer \u00e5 f\u00e5 levert bildene og kan i disse tilfeller levere en segment av disse om det er behov.<\/p>\r\n<p>&nbsp;<\/p>\r\n<h3>Jeg \u00f8nsker bildene levert p\u00e5 usb-minnepenn, er dette mulig?<\/h3>\r\n<p>Dette er ingen problem, mot et lite tillegg i pris kan du hente bildene p\u00e5 minnepenn s\u00e5 fort bildene er behandlet.<br \/><strong><br \/><\/strong><\/p>\r\n<h3>Jeg har allerede f\u00e5tt bilder og er forn\u00f8yd, men \u00f8nsker \u00e5 f\u00e5 disse i mindre st\u00f8rrelse for nettbruk, hva vil dette koste?<\/h3>\r\n<p>Vi kan komprimere og web optimalisere bildeserier som vi har tilgjengelig fra oppdrag eller bilder som du har tatt selv. Prisen vil variere med antall bilder, kontakt oss for pris med antall bilder du \u00f8nsker optimalisert.<\/p>\r\n<h3>&nbsp;<\/h3>\r\n<h3><i class=\"fa fa-comments \" ><\/i> Hva gj\u00f8r vi hvis vi ikke er forn\u00f8yd med bildene?<\/h3>\r\n<p>Vi operer med forn\u00f8ydgaranti og har v\u00e5re egne krav til kvalitet p\u00e5 bilder. Dersom du ikke er forn\u00f8yd med bildene og det ligger skj\u00f8nn i dette, kanseller vi krav og du f\u00e5r oftest allikevel bruksrett p\u00e5 bildene.<\/p>\r\n<p>Det er vel verdt \u00e5 nevne at vi jobber oftest med aktiv kvalitetsjekk under fotografering. Fotografen sjekker kvalitet p\u00e5 bilder under fotografering for \u00e5 forsikre seg om at bilder er av forventet kvalitet og bytter ut lagringsmedia flere ganger i tilfelle noe uforventet skulle skje.<\/p>\r\n<p>&nbsp;<\/p>\r\n<h3>Jeg har f\u00e5tt mye billigere tilbud fra en annen fotograf, kan pris forhandles?<\/h3>\r\n<p>Vi vet at pris er ofte en veldig viktig faktor n\u00e5r kunden skal velge fotograf eller fotografbedrift. Prisen reflekterer ofte kvaliteten p\u00e5 b\u00e5de fotografen og bildene som leveres. Det er viktig \u00e5 forsikre seg at fotografen som tilbyr sv\u00e6rt lav pris i forhold til seri\u00f8se fotografer, faktisk kan levere gode resultater. Vi pr\u00f8ver ofte \u00e5 hjelpe kunder som har en litt lavere budsjett for fotografering og det er bare \u00e5 ta kontakt.<\/p>\r\n<p>&nbsp;<\/p>\r\n<h3>Jobber deres fotografer p\u00e5 s\u00f8ndager og helligdager? koster det ekstra?<\/h3>\r\n<p>Ja, vi tar imot oppdrag i alle \u00e5rets dager. Det kommer et lite pristillegg for s\u00f8ndager, og 50% tillegg for helligdager. Pris blir oppgitt p\u00e5 pristilbudet.<\/p>\r\n<p>&nbsp;<\/p>\r\n<p><strong>Kan jeg f\u00e5 rabatt p\u00e5 mine bilder?<\/strong><\/p>\r\n<p>Vi kan tilby flere muligheter for rabatt p\u00e5 fotograferingen. Du kan for eksempel stille som referanse kunde, og om du er privat kunde, la oss bruke noen av bildene som referanse bilder. Vi hjelper til der vi kan, s\u00e5 det er bare \u00e5 ta kontakt.<\/p>\r\n<p>&nbsp;<\/p>\r\n<h3><strong>Hva mener dere om retusjering av matrester og lignende p\u00e5 bilder?<\/strong><\/h3>\r\n<p>Hvis en har v\u00e6rt uheldig og f\u00e5tt med ting som ikke hadde v\u00e6rt p\u00e5 bildet om en var klar over det, er det helt OK \u00e5 korrigere. Samme gjelder med uheldige timing med kviser, munns\u00e5r og morgenkvist.<\/p>\r\n<p>&nbsp;<\/p>\r\n<p>&nbsp;<\/p>\r\n\r\n","protected":false},"excerpt":{"rendered":"<p>SP\u00d8RSM\u00c5L TIL FOTOGRAFEN Her er de vanligste sp\u00f8rsm\u00e5lene vi f\u00e5r fra v\u00e5re kunder. &nbsp; Kan jeg bruke bildene akkurat som<a class=\"ninja_pages_read_more\"  href=\"https:\/\/firmafotografen.no\/en\/vanlige-sporsmal-innen-fotografering\/\"><\/a><\/p>\n","protected":false},"author":1,"featured_media":2928,"parent":0,"menu_order":0,"comment_status":"closed","ping_status":"closed","template":"","meta":{"_lmt_disableupdate":"no","_lmt_disable":""},"_links":{"self":[{"href":"https:\/\/firmafotografen.no\/en\/wp-json\/wp\/v2\/pages\/364"}],"collection":[{"href":"https:\/\/firmafotografen.no\/en\/wp-json\/wp\/v2\/pages"}],"about":[{"href":"https:\/\/firmafotografen.no\/en\/wp-json\/wp\/v2\/types\/page"}],"author":[{"embeddable":true,"href":"https:\/\/firmafotografen.no\/en\/wp-json\/wp\/v2\/users\/1"}],"replies":[{"embeddable":true,"href":"https:\/\/firmafotografen.no\/en\/wp-json\/wp\/v2\/comments?post=364"}],"version-history":[{"count":4,"href":"https:\/\/firmafotografen.no\/en\/wp-json\/wp\/v2\/pages\/364\/revisions"}],"predecessor-version":[{"id":7554,"href":"https:\/\/firmafotografen.no\/en\/wp-json\/wp\/v2\/pages\/364\/revisions\/7554"}],"wp:featuredmedia":[{"embeddable":true,"href":"https:\/\/firmafotografen.no\/en\/wp-json\/wp\/v2\/media\/2928"}],"wp:attachment":[{"href":"https:\/\/firmafotografen.no\/en\/wp-json\/wp\/v2\/media?parent=364"}],"curies":[{"name":"wp","href":"https:\/\/api.w.org\/{rel}","templated":true}]}}