{"id":368,"date":"2017-07-06T23:55:54","date_gmt":"2017-07-06T23:55:54","guid":{"rendered":"https:\/\/firmafotografen.no\/?p=368"},"modified":"2020-07-14T21:40:25","modified_gmt":"2020-07-14T19:40:25","slug":"vare-fotografer","status":"publish","type":"page","link":"https:\/\/firmafotografen.no\/en\/vare-fotografer\/","title":{"rendered":"V\u00e5re fotografer"},"content":{"rendered":"<section class=\"wpb-content-wrapper\"><p><\/p>\r\n<div id=\"pl-368\" class=\"panel-layout\">\r\n<div id=\"pg-368-0\" class=\"panel-grid panel-no-style\" data-style=\"{&quot;background_display&quot;:&quot;tile&quot;,&quot;cell_alignment&quot;:&quot;flex-start&quot;}\">\r\n<div id=\"pgc-368-0-0\" class=\"panel-grid-cell\" data-weight=\"0.33333333333333\">\r\n<div id=\"panel-368-0-0-0\" class=\"so-panel widget widget_sow-editor panel-first-child panel-last-child\" data-index=\"0\" data-style=\"{&quot;background_image_attachment&quot;:false,&quot;background_display&quot;:&quot;tile&quot;}\">\r\n<div class=\"so-widget-sow-editor so-widget-sow-editor-base\">\r\n<div class=\"siteorigin-widget-tinymce textwidget\">Firmafotografen er en Oslobasert fotograf bedrift med flere \u00e5rs erfaring med fotografering for b\u00e5de n\u00e6ringsliv, private kunder og offentlig sektor b\u00e5de i Norge og i Europa.<\/div>\r\n<div class=\"siteorigin-widget-tinymce textwidget\">Med gode samarbeidspartnere og proffe freelance fotografer, tilbyr vi gode l\u00f8sninger for enhver behov.<\/div>\r\n<\/div>\r\n<div class=\"siteorigin-widget-tinymce textwidget\">\r\n<h2><span style=\"font-size: 20px;\">AKSEL LIAN<\/span><\/h2>\r\n<p class=\" bd-textblock-175 bd-content-element\">Aksel har flere \u00e5rs erfaring innen n\u00e6ringsfotografering og<\/p>\r\n<p class=\" bd-textblock-175 bd-content-element\">har spesialisert seg innen bedriftsfotografering og bedriftseksponering.<\/p>\r\n<div class=\"bd-separator-46 bd-separator-center bd-separator-content-center clearfix\">&nbsp;<img decoding=\"async\" loading=\"lazy\" class=\"alignnone size-full wp-image-856\" src=\"https:\/\/firmafotografen.no\/assets\/uploads\/aksel-lian.jpg\" sizes=\"(max-width: 400px) 100vw, 400px\" srcset=\"https:\/\/firmafotografen.no\/assets\/uploads\/aksel-lian.jpg 400w, https:\/\/firmafotografen.no\/assets\/uploads\/aksel-lian-291x300.jpg 291w\" alt=\"Aksel Lian\" width=\"400\" height=\"413\"><\/div>\r\n<p>&nbsp;<\/p>\r\n<div id=\"pgc-368-0-1\" class=\"panel-grid-cell\" data-weight=\"0.33333333333333\">\r\n<div id=\"panel-368-0-1-0\" class=\"so-panel widget widget_sow-editor panel-first-child panel-last-child\" data-index=\"1\" data-style=\"{&quot;background_display&quot;:&quot;tile&quot;}\">\r\n<div class=\"so-widget-sow-editor so-widget-sow-editor-base\">\r\n<div class=\"siteorigin-widget-tinymce textwidget\">\r\n<h3 id=\"Fotograf Hakan Kocali\" class=\" bd-textblock-177 bd-content-element\">HAKAN KOCALI<\/h3>\r\n<p>5 \u00e5rs erfaring innen media\\freelance fotografering internasjonalt.<br \/>Tar oppdrag innen event\\natur\\landskap\\privat<\/p>\r\n<p><img decoding=\"async\" loading=\"lazy\" class=\"alignnone size-full wp-image-854\" src=\"https:\/\/firmafotografen.no\/assets\/uploads\/Hakan_kocali-fotograf.jpg\" sizes=\"(max-width: 400px) 100vw, 400px\" srcset=\"https:\/\/firmafotografen.no\/assets\/uploads\/Hakan_kocali-fotograf.jpg 400w, https:\/\/firmafotografen.no\/assets\/uploads\/Hakan_kocali-fotograf-300x200.jpg 300w, https:\/\/firmafotografen.no\/assets\/uploads\/Hakan_kocali-fotograf-272x182.jpg 272w\" alt=\"Hakan Kocali\" width=\"400\" height=\"267\"><\/p>\r\n<p class=\" bd-textblock-179 bd-content-element\">&nbsp;<\/p>\r\n<\/div>\r\n<\/div>\r\n<\/div>\r\n<\/div>\r\n<div id=\"pgc-368-0-2\" class=\"panel-grid-cell\" data-weight=\"0.33333333333333\">\r\n<div id=\"panel-368-0-2-0\" class=\"so-panel widget widget_sow-editor panel-first-child panel-last-child\" data-index=\"2\" data-style=\"{&quot;background_display&quot;:&quot;tile&quot;}\">\r\n<div class=\"so-widget-sow-editor so-widget-sow-editor-base\">\r\n<div class=\"siteorigin-widget-tinymce textwidget\">&nbsp;<\/div>\r\n<\/div>\r\n<\/div>\r\n<\/div>\r\n<\/div>\r\n<div id=\"pg-368-1\" class=\"panel-grid panel-no-style\" data-style=\"{&quot;background_display&quot;:&quot;tile&quot;,&quot;cell_alignment&quot;:&quot;flex-start&quot;}\">\r\n<div id=\"pgc-368-1-0\" class=\"panel-grid-cell\" data-weight=\"0.33333333333333\">\r\n<div id=\"panel-368-1-0-0\" class=\"so-panel widget widget_sow-editor panel-first-child panel-last-child\" data-index=\"3\" data-style=\"{&quot;background_display&quot;:&quot;tile&quot;}\">\r\n<div class=\"so-widget-sow-editor so-widget-sow-editor-base\">\r\n<div class=\"siteorigin-widget-tinymce textwidget\">\r\n<h3 class=\" bd-textblock-156 bd-content-element\">Private bilder<\/h3>\r\n<p class=\" bd-textblock-158 bd-content-element\">Vi tar alle typer private fotografi oppdrag og tilbyr fastpris eller timepris. Alle bilder leveres digitalt, optimalisert og klare til print eller sosiale medier.<\/p>\r\n<\/div>\r\n<\/div>\r\n<\/div>\r\n<\/div>\r\n<div id=\"pgc-368-1-1\" class=\"panel-grid-cell\" data-weight=\"0.33333333333333\">\r\n<div id=\"panel-368-1-1-0\" class=\"so-panel widget widget_sow-editor panel-first-child panel-last-child\" data-index=\"4\" data-style=\"{&quot;background_display&quot;:&quot;tile&quot;}\">\r\n<div class=\"so-widget-sow-editor so-widget-sow-editor-base\">\r\n<div class=\"siteorigin-widget-tinymce textwidget\">\r\n<h3 class=\" bd-textblock-163 bd-content-element\">Media Ready<\/h3>\r\n<p class=\" bd-textblock-165 bd-content-element\">Profesjonell fotografering for bedrifter for promotering, portrett av ansatte og websider. Alle bilder kan fritt publiseres av bedriften til forretningsform\u00e5l.<\/p>\r\n<\/div>\r\n<\/div>\r\n<\/div>\r\n<\/div>\r\n<div id=\"pgc-368-1-2\" class=\"panel-grid-cell\" data-weight=\"0.33333333333333\">\r\n<div id=\"panel-368-1-2-0\" class=\"so-panel widget widget_sow-editor panel-first-child panel-last-child\" data-index=\"5\" data-style=\"{&quot;background_display&quot;:&quot;tile&quot;}\">\r\n<div class=\"so-widget-sow-editor so-widget-sow-editor-base\">\r\n<div class=\"siteorigin-widget-tinymce textwidget\">\r\n<h3 class=\" bd-textblock-169 bd-content-element\">Alle rettigheter<\/h3>\r\n<p class=\" bd-textblock-171 bd-content-element\">Fotografering for utf\u00f8rt for n\u00e6ringsdrivende f\u00e5r full bruksrett. Bildene kan fitt brukes til alle form\u00e5l selskapet skulle ha behov for. Det f\u00f8lger egne betingelser for offentlig fotografering. Ta kontakt for mer info.<\/p>\r\n<\/div>\r\n<\/div>\r\n<\/div>\r\n<\/div>\r\n<\/div>\r\n<\/div>\r\n<div class=\"SnapLinksContainer\" style=\"margin-left: 0px; margin-top: 0px; display: none;\">\r\n<div class=\"SL_SelectionRect\">\r\n<div class=\"SL_SelectionLabel\">&nbsp;<\/div>\r\n<\/div>\r\n<p><!-- Used for easily cloning the properly namespaced rect --><\/p>\r\n<\/div>\r\n<\/div>\r\n<\/div>\r\n<\/div>\r\n<p><\/p>\r\n<\/section>","protected":false},"excerpt":{"rendered":"<p>Firmafotografen er en Oslobasert fotograf bedrift med flere \u00e5rs erfaring med fotografering for b\u00e5de n\u00e6ringsliv, private kunder og offentlig sektor<a class=\"ninja_pages_read_more\"  href=\"https:\/\/firmafotografen.no\/en\/vare-fotografer\/\"><\/a><\/p>\n","protected":false},"author":1,"featured_media":856,"parent":0,"menu_order":0,"comment_status":"open","ping_status":"open","template":"","meta":{"_lmt_disableupdate":"no","_lmt_disable":""},"_links":{"self":[{"href":"https:\/\/firmafotografen.no\/en\/wp-json\/wp\/v2\/pages\/368"}],"collection":[{"href":"https:\/\/firmafotografen.no\/en\/wp-json\/wp\/v2\/pages"}],"about":[{"href":"https:\/\/firmafotografen.no\/en\/wp-json\/wp\/v2\/types\/page"}],"author":[{"embeddable":true,"href":"https:\/\/firmafotografen.no\/en\/wp-json\/wp\/v2\/users\/1"}],"replies":[{"embeddable":true,"href":"https:\/\/firmafotografen.no\/en\/wp-json\/wp\/v2\/comments?post=368"}],"version-history":[{"count":15,"href":"https:\/\/firmafotografen.no\/en\/wp-json\/wp\/v2\/pages\/368\/revisions"}],"predecessor-version":[{"id":19814,"href":"https:\/\/firmafotografen.no\/en\/wp-json\/wp\/v2\/pages\/368\/revisions\/19814"}],"wp:featuredmedia":[{"embeddable":true,"href":"https:\/\/firmafotografen.no\/en\/wp-json\/wp\/v2\/media\/856"}],"wp:attachment":[{"href":"https:\/\/firmafotografen.no\/en\/wp-json\/wp\/v2\/media?parent=368"}],"curies":[{"name":"wp","href":"https:\/\/api.w.org\/{rel}","templated":true}]}}