{"id":383,"date":"2017-07-07T00:15:28","date_gmt":"2017-07-07T00:15:28","guid":{"rendered":"https:\/\/firmafotografen.no\/?page_id=383"},"modified":"2018-04-27T12:23:32","modified_gmt":"2018-04-27T12:23:32","slug":"trenger-du-noen-som-kan-ferdigbehandle-dine-bilder","status":"publish","type":"page","link":"https:\/\/firmafotografen.no\/en\/bilderedigering\/trenger-du-noen-som-kan-ferdigbehandle-dine-bilder\/","title":{"rendered":"Trenger du noen som kan ferdigbehandle dine bilder?"},"content":{"rendered":"<strong>BILDEREDIGERING OG OPTIMALISERING<\/strong>\r\nDersom du er en fotograf p\u00e5 som heltid eller rett og slett liker \u00e5 ta bilder, men mangler kunnskap innen\r\n\r\nPhotoshop, Lightroom eller andre redigeringsprogrammer, kan vi hjelpe deg.\r\n\r\nBildene dine kan lastes opp direkte til din egen mappe i v\u00e5r sikre server.\r\nMed en enkel drag and drop funksjon kan du laste opp h\u00f8yoppl\u00f8sningsbilder i hele mapper eller enkeltvis.\r\nBildene behandles etter avtale og du kan direkte skrive hvordan bildene skal redigeres i hvert enkelt bilde.\r\n\r\n<img decoding=\"async\" loading=\"lazy\" class=\"size-full wp-image-385 aligncenter\" src=\"https:\/\/firmafotografen.no\/assets\/uploads\/lastopp-large.jpg\" alt=\"\" width=\"775\" height=\"387\" srcset=\"https:\/\/firmafotografen.no\/assets\/uploads\/lastopp-large.jpg 775w, https:\/\/firmafotografen.no\/assets\/uploads\/lastopp-large-430x215.jpg 430w, https:\/\/firmafotografen.no\/assets\/uploads\/lastopp-large-150x75.jpg 150w, https:\/\/firmafotografen.no\/assets\/uploads\/lastopp-large-700x350.jpg 700w\" sizes=\"(max-width: 775px) 100vw, 775px\" \/>\r\n\r\n<strong>KAN ALLE BILDER REDDES?<\/strong>\r\n<img decoding=\"async\" loading=\"lazy\" class=\"alignleft size-full wp-image-384\" src=\"https:\/\/firmafotografen.no\/assets\/uploads\/fotografer-billig.jpg\" alt=\"\" width=\"385\" height=\"261\" srcset=\"https:\/\/firmafotografen.no\/assets\/uploads\/fotografer-billig.jpg 385w, https:\/\/firmafotografen.no\/assets\/uploads\/fotografer-billig-150x102.jpg 150w\" sizes=\"(max-width: 385px) 100vw, 385px\" \/>\r\nI blant er man s\u00e5 uheldig at bilder som man tar, rett og slett er elendige. Du pr\u00f8ver alle redigeringsprogrammer som du finner og pr\u00f8ver lykken med selv mobile applikasjoner p\u00e5 mobil.\r\n<strong>Hvor g\u00e5r egentlig grensen p\u00e5 ureddelige bilder?<\/strong>\r\nDet er ofte at bildet kan inneholde en del sand, ogs\u00e5 kjent som sm\u00e5 pixler. Disse \u00f8ker med iso h\u00f8yden og forekommer der det er lite lys tilgjengelig eller oftest i nattbilder. Sandkorn effekter kan minimeres ved \u00e5 \u00f8ke luminance ogs\u00e5 kjent som noise reduction. Som alt her i verden kommer dette for en pris, og du ofrer klarheten i bildet. Dette kan i visse tilfeller v\u00e6re en akseptabel forveksling for bilder som skal printes.\r\n\r\n<strong>Motion blur<\/strong><em>\r\nDen klare grensen forekommer i bilder som har for mye motion blur. Dette er for\u00e5rsaket av bevegelse av kamera eller subjektet og f\u00f8rt til at fokus ikke ble holdt lenge nok til \u00e5 fange objektivet. Her er det ofte meget enkelt \u00e5 se om bildet kan reddes. Er det for stor motion blur er bildet fortapt selv med photoshop.<\/em>\r\n","protected":false},"excerpt":{"rendered":"<p>BILDEREDIGERING OG OPTIMALISERING Dersom du er en fotograf p\u00e5 som heltid eller rett og slett liker \u00e5 ta bilder, men<a class=\"ninja_pages_read_more\"  href=\"https:\/\/firmafotografen.no\/en\/bilderedigering\/trenger-du-noen-som-kan-ferdigbehandle-dine-bilder\/\"><\/a><\/p>\n","protected":false},"author":1,"featured_media":1752,"parent":102,"menu_order":0,"comment_status":"closed","ping_status":"closed","template":"","meta":{"_lmt_disableupdate":"","_lmt_disable":""},"_links":{"self":[{"href":"https:\/\/firmafotografen.no\/en\/wp-json\/wp\/v2\/pages\/383"}],"collection":[{"href":"https:\/\/firmafotografen.no\/en\/wp-json\/wp\/v2\/pages"}],"about":[{"href":"https:\/\/firmafotografen.no\/en\/wp-json\/wp\/v2\/types\/page"}],"author":[{"embeddable":true,"href":"https:\/\/firmafotografen.no\/en\/wp-json\/wp\/v2\/users\/1"}],"replies":[{"embeddable":true,"href":"https:\/\/firmafotografen.no\/en\/wp-json\/wp\/v2\/comments?post=383"}],"version-history":[{"count":0,"href":"https:\/\/firmafotografen.no\/en\/wp-json\/wp\/v2\/pages\/383\/revisions"}],"up":[{"embeddable":true,"href":"https:\/\/firmafotografen.no\/en\/wp-json\/wp\/v2\/pages\/102"}],"wp:featuredmedia":[{"embeddable":true,"href":"https:\/\/firmafotografen.no\/en\/wp-json\/wp\/v2\/media\/1752"}],"wp:attachment":[{"href":"https:\/\/firmafotografen.no\/en\/wp-json\/wp\/v2\/media?parent=383"}],"curies":[{"name":"wp","href":"https:\/\/api.w.org\/{rel}","templated":true}]}}