{"id":392,"date":"2017-07-07T00:20:54","date_gmt":"2017-07-07T00:20:54","guid":{"rendered":"https:\/\/firmafotografen.no\/?p=392"},"modified":"2018-04-27T12:25:14","modified_gmt":"2018-04-27T12:25:14","slug":"bilderettigheter-og-lisens-hos-oss","status":"publish","type":"page","link":"https:\/\/firmafotografen.no\/en\/bilderettigheter-og-lisens-hos-oss\/","title":{"rendered":"Bilderettigheter og lisens hos oss"},"content":{"rendered":"Hos Altnet AS f\u00e5r du tydelig informasjon om dine bruksrettigheter p\u00e5 bilder som blir levert.\r\n\r\n&nbsp;\r\n\r\n<strong>Bedriftsfotografering<\/strong>\r\n\r\nSom standard gir vi kunder som bestiller bedriftsfotografering fri bruksrett inkludert reklame og andre form\u00e5l. Rettighetene gis til den bedrift som bestiller tjenester og kan ikke videreselges.\r\n\r\n&nbsp;\r\n\r\n<strong>Privat fotografering<\/strong>\r\n\r\nSom privatkunde f\u00e5r du full bruksrett og salgstillatelse p\u00e5 dine bilder. V\u00e5re freelance fotografer gir full bruksrett til Altnet AS som videre gir deg bruksretten.\r\nSelskapet bruker ikke private bilder til promotering av egne tjenester uten tillatelse.\r\n\r\nDet er flere paragrafer i det norske lovverket som handler om retten til eget bilde. De viktigste er imidlertid \u00e5vl. \u00a7 45c, strl. \u00a7 390 og personopplysningsloven (popplyl.). Retten til eget bilde fremg\u00e5r ogs\u00e5 av det ulovfestede personvernet (rettspraksis). Opp mot dette m\u00e5 en blant annet se p\u00e5 Grunn\u00adloven \u00a7 100 (om ytringsfrihet) i kombinasjon med avgj\u00f8relser i Den Europeiske Menneskerettsdomstolens (EMD) som dr\u00f8fter avveiingen mellom artiklene 8 (om vern av privatlivet) og 10 (om ytringsfrihet) i den europeiske menneskeretts\u00adkonvensjonen (EMK). Denne konvensjonens er tatt inn i norsk rett gjennom Menneskerettsloven.\r\n\r\nDen bestemmelsen som angir hovedregelen mht. retten til eget bilde finner man i \u00e5vl. \u00a7 45c, der det heter:\r\nFotografi som avbilder en person kan ikke gjengis eller vises offentlig uten samtykke av den avbildede.\r\n\r\nDet er noen unntak fra denne regelen, men hovedregelen er alts\u00e5 at personen som er avbildet m\u00e5 ha gitt samtykke f\u00f8r bildet kan vises offentlig.\r\n\r\nBestemmelsen i \u00e5vl. \u00a7 45c har todelt begrunnelse: P\u00e5 den ene siden er det en person\u00advernbestemmelse som verner om den avbildedes integritet. P\u00e5 den andre siden er den et vern av eget bilde som formuesgode. Dersom bildet utnyttes kommersielt er det rimelig at den som det er avbildet f\u00e5r del i inntektene. (Jongers 2006)\r\n","protected":false},"excerpt":{"rendered":"<p>Hos Altnet AS f\u00e5r du tydelig informasjon om dine bruksrettigheter p\u00e5 bilder som blir levert. &nbsp; Bedriftsfotografering Som standard gir<a class=\"ninja_pages_read_more\"  href=\"https:\/\/firmafotografen.no\/en\/bilderettigheter-og-lisens-hos-oss\/\"><\/a><\/p>\n","protected":false},"author":1,"featured_media":0,"parent":0,"menu_order":0,"comment_status":"open","ping_status":"open","template":"","meta":{"_lmt_disableupdate":"","_lmt_disable":""},"_links":{"self":[{"href":"https:\/\/firmafotografen.no\/en\/wp-json\/wp\/v2\/pages\/392"}],"collection":[{"href":"https:\/\/firmafotografen.no\/en\/wp-json\/wp\/v2\/pages"}],"about":[{"href":"https:\/\/firmafotografen.no\/en\/wp-json\/wp\/v2\/types\/page"}],"author":[{"embeddable":true,"href":"https:\/\/firmafotografen.no\/en\/wp-json\/wp\/v2\/users\/1"}],"replies":[{"embeddable":true,"href":"https:\/\/firmafotografen.no\/en\/wp-json\/wp\/v2\/comments?post=392"}],"version-history":[{"count":0,"href":"https:\/\/firmafotografen.no\/en\/wp-json\/wp\/v2\/pages\/392\/revisions"}],"wp:attachment":[{"href":"https:\/\/firmafotografen.no\/en\/wp-json\/wp\/v2\/media?parent=392"}],"curies":[{"name":"wp","href":"https:\/\/api.w.org\/{rel}","templated":true}]}}