{"id":412,"date":"2017-07-07T01:10:32","date_gmt":"2017-07-07T01:10:32","guid":{"rendered":"https:\/\/firmafotografen.no\/?page_id=412"},"modified":"2019-03-30T21:34:48","modified_gmt":"2019-03-30T20:34:48","slug":"familie-og-slektsfotografering","status":"publish","type":"page","link":"https:\/\/firmafotografen.no\/en\/privat-fotografering\/familie-og-slektsfotografering\/","title":{"rendered":"Familiefotografering og slektsfotografering"},"content":{"rendered":"<h2><strong>FAMILIEFOTOGRAFERING<\/strong><\/h2>\r\n<p>Vi tilbyr fotografering for familiealbum, sleksoversikt, med oppm\u00f8te p\u00e5 avtalt sted.<\/p>\r\n<p>Du f\u00e5r mange g\u00f8yale bilder som dekker de fleste fototyper og f\u00e5r mange nok bilder til \u00e5 lage familiealbum.<br \/>\r\nAlle bildene optimaliseres med magiske farger og shading og er digitalisert klare til print.<\/p>\r\n<p><strong>Fotografering i studio<\/strong><\/p>\r\n<p>Dersom dere \u00f8nsker studiobilder i grupper eller enkeltvis, har vi en fotostudio p\u00e5 Fornebu, Oslo.<\/p>\r\n<p>Studiofotografering egner seg best dersom dere \u00f8nsker portrettbilder i tillegg til gruppebilde.<\/p>\r\n<p>Det er flere valgmuligheter n\u00e5r det gjelder bakgrunn og det er ogs\u00e5 mulighet med bilderedigering og retusjering.<\/p>\r\n<p><strong>Retusjering av studiobilder<\/strong><\/p>\r\n<p>Uansett debatt rundt retusjering av bilder, spesielt av barn, mener vi at det blir litt feil \u00e5 ha brunost rester eller kortvarige s\u00e5r p\u00e5 portrettbildene til barna.<\/p>\r\n<p>Spesielt hvis dette skal henges opp p\u00e5 veggen i stor st\u00f8rrelse. Vi mener at alt som er kortvarige og uheldige b\u00f8r retusjeres og dette inkluderer: kviser, sm\u00e5 s\u00e5r som ikke vil legge arr, matrester i ansiktet, bomullrester, h\u00e5r i ansikt som skiller seg ut, barbering kutts\u00e5r, r\u00f8dhet p\u00e5 hud og lignende.<\/p>\r\n<p><strong>Gruppefotografering ute<\/strong><\/p>\r\n<p>Dersom dere er mange og det er store forskjeller p\u00e5 h\u00f8yder, anbefaller vi i ta bilder ute, gjerne med litt utsikt og gr\u00f8nt i bakgrunne.<\/p>\r\n<p>Sollys gir en mer naturlig og konsistent belysning enn hvilken som helst form for kunstig lys.\u00a0 Fotografen kan med god lys ogs\u00e5 ta bilder med mer dybde og f\u00e5 med mer av bakgrunnen i tillegg til bokeh(blurring).<\/p>\r\n<p>Gode plasser for familiebilder:<\/p>\r\n<ul>\r\n\t<li>Parker<\/li>\r\n\t<li>Historiske steder<\/li>\r\n\t<li>Steder med sj\u00f8utsikt<\/li>\r\n\t<li>Steder der byen kan f\u00e5s i bakgrunn<\/li>\r\n<\/ul>\r\n<p><strong>Familie portretter<\/strong><\/p>\r\n<p>N\u00e5r du bestiller gruppebilder av familien, kan det v\u00e6re lurt mer portretter av alle medlemmene med likt bakgrunn. Dette kan gj\u00f8res i studio, men ogs\u00e5 ute med bokeh bakgrunn(uskarp bakgrunn). For familier som \u00f8nsker kan ogs\u00e5 fotografen ta distanse bilder mens familien er i aktivitet. Dette kan v\u00e6re grilling, tivoli, tusenfryd, sportsaktiviteter o.l.<\/p>\r\n<p>&nbsp;<\/p>\r\n<p><strong>Gruppebilde av familie<\/strong><\/p>\r\n<p>Gruppebilder av familien kan tas ute eller i studio. Utefotografering resulterer ofte i mer livlige bilder og som ser mer naturlige ut, samtidig som de er finere \u00e5 se p\u00e5 n\u00e5r disse henger p\u00e5 veggen.<\/p>\r\n<p>Studiobilder gir oss litt mere muligheter til \u00e5 tilpasse bakgrunn, muligheter til m\u00f8rke bakgrunner som kan v\u00e6re litt t\u00f8ffe og flere alternativer n\u00e5r det gjelder retusjering og photoshop.<\/p>\r\n<p>&nbsp;<\/p>\r\n<p><br \/>\r\nDu kan <a href=\"https:\/\/firmafotografen.no\/kontakt-fotograf-oslo-drammen-lillestrom\/\">kontakte oss<\/a> for pristilbud og informasjon p\u00e5 familiefotografering<\/p>\r\n","protected":false},"excerpt":{"rendered":"<p>FAMILIEFOTOGRAFERING Vi tilbyr fotografering for familiealbum, sleksoversikt, med oppm\u00f8te p\u00e5 avtalt sted. Du f\u00e5r mange g\u00f8yale bilder som dekker de<a class=\"ninja_pages_read_more\"  href=\"https:\/\/firmafotografen.no\/en\/privat-fotografering\/familie-og-slektsfotografering\/\"><\/a><\/p>\n","protected":false},"author":1,"featured_media":0,"parent":42,"menu_order":0,"comment_status":"closed","ping_status":"closed","template":"","meta":{"_lmt_disableupdate":"no","_lmt_disable":""},"_links":{"self":[{"href":"https:\/\/firmafotografen.no\/en\/wp-json\/wp\/v2\/pages\/412"}],"collection":[{"href":"https:\/\/firmafotografen.no\/en\/wp-json\/wp\/v2\/pages"}],"about":[{"href":"https:\/\/firmafotografen.no\/en\/wp-json\/wp\/v2\/types\/page"}],"author":[{"embeddable":true,"href":"https:\/\/firmafotografen.no\/en\/wp-json\/wp\/v2\/users\/1"}],"replies":[{"embeddable":true,"href":"https:\/\/firmafotografen.no\/en\/wp-json\/wp\/v2\/comments?post=412"}],"version-history":[{"count":3,"href":"https:\/\/firmafotografen.no\/en\/wp-json\/wp\/v2\/pages\/412\/revisions"}],"predecessor-version":[{"id":4031,"href":"https:\/\/firmafotografen.no\/en\/wp-json\/wp\/v2\/pages\/412\/revisions\/4031"}],"up":[{"embeddable":true,"href":"https:\/\/firmafotografen.no\/en\/wp-json\/wp\/v2\/pages\/42"}],"wp:attachment":[{"href":"https:\/\/firmafotografen.no\/en\/wp-json\/wp\/v2\/media?parent=412"}],"curies":[{"name":"wp","href":"https:\/\/api.w.org\/{rel}","templated":true}]}}