{"id":434,"date":"2017-07-07T13:27:27","date_gmt":"2017-07-07T13:27:27","guid":{"rendered":"https:\/\/firmafotografen.no\/?page_id=434"},"modified":"2020-06-04T13:49:25","modified_gmt":"2020-06-04T11:49:25","slug":"ledig-stilling-fotograf","status":"publish","type":"page","link":"https:\/\/firmafotografen.no\/en\/ledig-stilling-fotograf\/","title":{"rendered":"Ledig stilling fotograf"},"content":{"rendered":"<p>Firmafotografen ser etter flere erfarne freelance fotografer med eget selskap, som kan ta oppdrag for oss.<\/p>\r\n<p>Som en st\u00f8rre akt\u00f8r innen fotografering, er vi alltid p\u00e5 utkikk etter gode fotografer som er service innstillt og leverer gode resultater.<\/p>\r\n<p>Vi er lokalisert i Oslo, men kan v\u00e6re interessert i et samarbeid, dersom du befinner deg i andre byer.<\/p>\r\n<p>De fleste av v\u00e5re oppdrag er fra n\u00e6ringsliv, men vi tar ogs\u00e5 oppdrag fra private kunder som inkluderer portretter, bursdager og diverse arrangement.<\/p>\r\n<p>&nbsp;<\/p>\r\n<p>Vi kan tilby spennende oppdrag, ferdig behandling av bilder og utstyr til l\u00e5n.<\/p>\r\n<p>Send oss din CV og beskrivelse av erfaring og gjerne et godt antall med RAW bilder fra dine tidligere shoots.<\/p>\r\n<p>RAW bilder kan lastes opp til v\u00e5r fotoserver dersom du ikke har nettlagring tilgjengelig.<\/p>\r\n<p>&nbsp;<\/p>\r\n<p>jobb@dropp.no merk emne med &#8220;fotograf freelance&#8221;<\/p>\r\n<p>&nbsp;<\/p>","protected":false},"excerpt":{"rendered":"<p>Firmafotografen ser etter flere erfarne freelance fotografer med eget selskap, som kan ta oppdrag for oss. Som en st\u00f8rre akt\u00f8r<a class=\"ninja_pages_read_more\"  href=\"https:\/\/firmafotografen.no\/en\/ledig-stilling-fotograf\/\"><\/a><\/p>\n","protected":false},"author":1,"featured_media":0,"parent":0,"menu_order":0,"comment_status":"closed","ping_status":"closed","template":"","meta":{"_lmt_disableupdate":"no","_lmt_disable":""},"_links":{"self":[{"href":"https:\/\/firmafotografen.no\/en\/wp-json\/wp\/v2\/pages\/434"}],"collection":[{"href":"https:\/\/firmafotografen.no\/en\/wp-json\/wp\/v2\/pages"}],"about":[{"href":"https:\/\/firmafotografen.no\/en\/wp-json\/wp\/v2\/types\/page"}],"author":[{"embeddable":true,"href":"https:\/\/firmafotografen.no\/en\/wp-json\/wp\/v2\/users\/1"}],"replies":[{"embeddable":true,"href":"https:\/\/firmafotografen.no\/en\/wp-json\/wp\/v2\/comments?post=434"}],"version-history":[{"count":4,"href":"https:\/\/firmafotografen.no\/en\/wp-json\/wp\/v2\/pages\/434\/revisions"}],"predecessor-version":[{"id":18778,"href":"https:\/\/firmafotografen.no\/en\/wp-json\/wp\/v2\/pages\/434\/revisions\/18778"}],"wp:attachment":[{"href":"https:\/\/firmafotografen.no\/en\/wp-json\/wp\/v2\/media?parent=434"}],"curies":[{"name":"wp","href":"https:\/\/api.w.org\/{rel}","templated":true}]}}