{"id":442,"date":"2017-07-08T08:34:30","date_gmt":"2017-07-08T08:34:30","guid":{"rendered":"https:\/\/firmafotografen.no\/?page_id=442"},"modified":"2020-09-20T10:36:19","modified_gmt":"2020-09-20T08:36:19","slug":"konfirmasjonsbilder-fotografering","status":"publish","type":"page","link":"https:\/\/firmafotografen.no\/en\/privat-fotografering\/konfirmasjonsbilder-fotografering\/","title":{"rendered":"Konfirmasjonsbilder fotografering"},"content":{"rendered":"<p><\/p>\r\n<p>La en profesjonell ta seg av fotograferingen og s\u00f8rg for gode bilder av konfirmantene og gjestene, mens du nyter feiringen.<\/p>\r\n<p>N\u00e5r det er p\u00e5 tide med konfirmasjon, velger mange \u00e5 ta bildene selv. Et kamera er alt som skal til for \u00e5 bekrefte at ideen er god og at dette vil g\u00e5 s\u00e5 greit.<br \/>\r\nMange konfirmanter blir ofte nok ganske skuffet over uklare bilder n\u00e5r disse skal printes og f\u00e5 sin plass p\u00e5 veggen.<\/p>\r\n<p>Vi tilbyr <strong>portretter av konfirmanter<\/strong>, sesjonsfotografering for <strong>Baptistisk konfirmasjon<\/strong>, <strong>Katolsk konfirmasjon<\/strong> og <strong>borgerlig konfirmasjon<\/strong> (<span class=\"st\"><em>Humanistisk konfirmasjon<\/em> <\/span>).<\/p>\r\n<p>P\u00e5 sesjonsfotograferingen er fotografen til disposisjon i tidsrommet som er avtalt og holder seg til oppdragsavtale, men tar gjerne imot \u00f8nsker fra oppdragsgiver. Du f\u00e5r med dette antall bilder etter \u00f8nske og dokumenterer denne dagen med gode bilder for ungdommen.<\/p>\r\n<p><a href=\"https:\/\/firmafotografen.no\/kontakt-oslo-fotograf\/\">Kontakt oss for et godt pristilbud p\u00e5 konfirmasjonsbilder<\/a><\/p>\r\n<h3><span id=\"Baptistisk_konfirmasjon\" class=\"mw-headline\">\u00a0<\/span><\/h3>\r\n<p>Se ogs\u00e5 <a href=\"https:\/\/firmafotografen.no\/konfirmant-fotografering-pakker-og-priser\/\">konfirmasjonsbilder pakkepriser <\/a><\/p>\r\n<\/p>\r\n<p><\/p>","protected":false},"excerpt":{"rendered":"<p>La en profesjonell ta seg av fotograferingen og s\u00f8rg for gode bilder av konfirmantene og gjestene, mens du nyter feiringen.<a class=\"ninja_pages_read_more\"  href=\"https:\/\/firmafotografen.no\/en\/privat-fotografering\/konfirmasjonsbilder-fotografering\/\"><\/a><\/p>\n","protected":false},"author":1,"featured_media":2920,"parent":42,"menu_order":0,"comment_status":"closed","ping_status":"closed","template":"","meta":{"_lmt_disableupdate":"no","_lmt_disable":""},"_links":{"self":[{"href":"https:\/\/firmafotografen.no\/en\/wp-json\/wp\/v2\/pages\/442"}],"collection":[{"href":"https:\/\/firmafotografen.no\/en\/wp-json\/wp\/v2\/pages"}],"about":[{"href":"https:\/\/firmafotografen.no\/en\/wp-json\/wp\/v2\/types\/page"}],"author":[{"embeddable":true,"href":"https:\/\/firmafotografen.no\/en\/wp-json\/wp\/v2\/users\/1"}],"replies":[{"embeddable":true,"href":"https:\/\/firmafotografen.no\/en\/wp-json\/wp\/v2\/comments?post=442"}],"version-history":[{"count":1,"href":"https:\/\/firmafotografen.no\/en\/wp-json\/wp\/v2\/pages\/442\/revisions"}],"predecessor-version":[{"id":20666,"href":"https:\/\/firmafotografen.no\/en\/wp-json\/wp\/v2\/pages\/442\/revisions\/20666"}],"up":[{"embeddable":true,"href":"https:\/\/firmafotografen.no\/en\/wp-json\/wp\/v2\/pages\/42"}],"wp:featuredmedia":[{"embeddable":true,"href":"https:\/\/firmafotografen.no\/en\/wp-json\/wp\/v2\/media\/2920"}],"wp:attachment":[{"href":"https:\/\/firmafotografen.no\/en\/wp-json\/wp\/v2\/media?parent=442"}],"curies":[{"name":"wp","href":"https:\/\/api.w.org\/{rel}","templated":true}]}}