{"id":4494,"date":"2019-11-15T22:08:44","date_gmt":"2019-11-15T21:08:44","guid":{"rendered":"https:\/\/firmafotografen.no\/?page_id=4494"},"modified":"2019-11-15T22:08:44","modified_gmt":"2019-11-15T21:08:44","slug":"fotograf-for-workshop-og-seminarer","status":"publish","type":"page","link":"https:\/\/firmafotografen.no\/en\/fotograf-for-workshop-og-seminarer\/","title":{"rendered":"Fotograf for Workshop og seminarer"},"content":{"rendered":"<p>Vi bist\u00e5r med b\u00e5de fotografering og produserer kortfilm for din arrangement.<\/p>\r\n<p>Gjelder hovedsakelig i Oslo og n\u00e6rliggende.&nbsp;<\/p>","protected":false},"excerpt":{"rendered":"<p>Vi bist\u00e5r med b\u00e5de fotografering og produserer kortfilm for din arrangement. Gjelder hovedsakelig i Oslo og n\u00e6rliggende.&nbsp;<\/p>\n","protected":false},"author":1,"featured_media":4004,"parent":0,"menu_order":0,"comment_status":"closed","ping_status":"closed","template":"","meta":{"_lmt_disableupdate":"no","_lmt_disable":""},"_links":{"self":[{"href":"https:\/\/firmafotografen.no\/en\/wp-json\/wp\/v2\/pages\/4494"}],"collection":[{"href":"https:\/\/firmafotografen.no\/en\/wp-json\/wp\/v2\/pages"}],"about":[{"href":"https:\/\/firmafotografen.no\/en\/wp-json\/wp\/v2\/types\/page"}],"author":[{"embeddable":true,"href":"https:\/\/firmafotografen.no\/en\/wp-json\/wp\/v2\/users\/1"}],"replies":[{"embeddable":true,"href":"https:\/\/firmafotografen.no\/en\/wp-json\/wp\/v2\/comments?post=4494"}],"version-history":[{"count":1,"href":"https:\/\/firmafotografen.no\/en\/wp-json\/wp\/v2\/pages\/4494\/revisions"}],"predecessor-version":[{"id":4495,"href":"https:\/\/firmafotografen.no\/en\/wp-json\/wp\/v2\/pages\/4494\/revisions\/4495"}],"wp:featuredmedia":[{"embeddable":true,"href":"https:\/\/firmafotografen.no\/en\/wp-json\/wp\/v2\/media\/4004"}],"wp:attachment":[{"href":"https:\/\/firmafotografen.no\/en\/wp-json\/wp\/v2\/media?parent=4494"}],"curies":[{"name":"wp","href":"https:\/\/api.w.org\/{rel}","templated":true}]}}