{"id":52,"date":"2019-01-05T05:43:57","date_gmt":"2019-01-05T04:43:57","guid":{"rendered":"https:\/\/firmafotografen.no\/?page_id=52"},"modified":"2021-02-19T10:33:53","modified_gmt":"2021-02-19T09:33:53","slug":"bryllupsfotografering","status":"publish","type":"page","link":"https:\/\/firmafotografen.no\/en\/privat-fotografering\/bryllupsfotografering\/","title":{"rendered":"Bryllupsfotografering &#8211; Bryllupsfotograf"},"content":{"rendered":"<section class=\"wpb-content-wrapper\"><p>&nbsp;<\/p>\r\n<div id=\"pl-52\" class=\"panel-layout\">\r\n<div id=\"pg-52-0\" class=\"panel-grid panel-no-style\" data-style=\"{&quot;background_display&quot;:&quot;tile&quot;,&quot;cell_alignment&quot;:&quot;flex-start&quot;}\">\r\n<div id=\"pgc-52-0-0\" class=\"panel-grid-cell\" data-weight=\"0.35776997366111\">\r\n<div id=\"panel-52-0-0-0\" class=\"so-panel widget widget_sow-editor panel-first-child panel-last-child\" data-index=\"0\" data-style=\"{&quot;background_image_attachment&quot;:false,&quot;background_display&quot;:&quot;tile&quot;}\">\r\n<div class=\"so-widget-sow-editor so-widget-sow-editor-base\">\r\n<div class=\"siteorigin-widget-tinymce textwidget\">\r\n<p>En bryllup er for alle involverte en spennende men krevende opplevelse. Bildene er for mange den viktigste delen og det er viktig at disse reflekterer hele opplevelsen i h\u00f8y detalj og p\u00e5 en god m\u00e5te.<\/p>\r\n<p>Vi tilbyr erfarne <a class=\"reloaded-link ToHighlightColumn\" href=\"https:\/\/firmafotografen.no\/vare-fotografer\/\">bryllupsfotografer<\/a> med mange \u00e5rs erfaring innen bransjen. Vi kan tilpasse pakker til alle budsjetter og \u00f8nsker, samtidig som vi kan garantere meget h\u00f8y kvalitets bilder.<\/p>\r\n<p>Vi tilbyr blant annet heldagsfotografering, halvdagsfotografering og enkeltoppdrags fotografering.<\/p>\r\n<p>Det kan ogs\u00e5 ofte v\u00e6re aktuelt med flere fotografer under bryllupet. Med dette kan vi ta flere bilder samtidig og fange ansiktsuttrykk, glede og overraskelser.<br \/>\r\nFotograf nr 2 blir da rabattert og vi kan ofte tilby l\u00e6rlinger til dette.<\/p>\r\n<p><a href=\"https:\/\/firmafotografen.no\/kontakt-oslo-fotograf\/\">F\u00c5 ET GODT PRISTILBUD P\u00c5 BRYLLUPSFOTOGRAF<\/a><\/p>\r\n<\/div>\r\n<\/div>\r\n<\/div>\r\n<\/div>\r\n<div id=\"pgc-52-0-1\" class=\"panel-grid-cell\" data-weight=\"0.64223002633889\">\r\n<div id=\"panel-52-0-1-0\" class=\"so-panel widget widget_sow-editor panel-first-child panel-last-child\" data-index=\"1\" data-style=\"{&quot;background_display&quot;:&quot;tile&quot;}\">\r\n<div class=\"so-widget-sow-editor so-widget-sow-editor-base\">\r\n<div class=\"siteorigin-widget-tinymce textwidget\">\r\n<p><img decoding=\"async\" loading=\"lazy\" class=\"alignnone  wp-image-875\" src=\"https:\/\/firmafotografen.no\/assets\/uploads\/bryllupsfotograf.jpg\" sizes=\"(max-width: 800px) 100vw, 800px\" srcset=\"https:\/\/firmafotografen.no\/assets\/uploads\/bryllupsfotograf.jpg 800w, https:\/\/firmafotografen.no\/assets\/uploads\/bryllupsfotograf-300x197.jpg 300w, https:\/\/firmafotografen.no\/assets\/uploads\/bryllupsfotograf-768x504.jpg 768w\" alt=\"Fotograf oslo\" width=\"718\" height=\"471\" \/><\/p>\r\n<\/div>\r\n<\/div>\r\n<\/div>\r\n<\/div>\r\n<\/div>\r\n<div id=\"pg-52-1\" class=\"panel-grid panel-no-style\" data-style=\"{&quot;background_display&quot;:&quot;tile&quot;,&quot;cell_alignment&quot;:&quot;flex-start&quot;}\">\r\n<div id=\"pgc-52-1-0\" class=\"panel-grid-cell\" data-weight=\"0.33333333333333\">\r\n<div id=\"panel-52-1-0-0\" class=\"so-panel widget widget_sow-editor panel-first-child panel-last-child\" data-index=\"2\" data-style=\"{&quot;background_display&quot;:&quot;tile&quot;}\">\r\n<div class=\"so-widget-sow-editor so-widget-sow-editor-base\">\r\n<div class=\"siteorigin-widget-tinymce textwidget\">\r\n<p><strong>Hvorfor det er store forskjeller i pris p\u00e5 bryllupsfotografer<\/strong><\/p>\r\n<p>Mange som ofte lurer p\u00e5 hvordan priser p\u00e5 bryllupsfotografer kan svinge s\u00e5pass mye og variasjonen p\u00e5 antall bilder som leveres per oppdrag.<br \/>\r\nEn ting som er felles er at det er billigere med mindre timer fotografering og dette gjelder ogs\u00e5 bryllupsbilder. Det ene er at fotografen trenger \u00e5 betale mindre til sin eventuelle assistent og mindre tid p\u00e5 redigering av bilder.<\/p>\r\n<p>Om du leier en amat\u00f8rfotograf eller ber en bekjent ta seg av fotograferingen vil du ofte slippe sv\u00e6rt billig unna. Sp\u00f8rsm\u00e5let blir da om ditt et av de viktigste hendelsene i ditt liv blir dokumenteres godt nok eller om du f\u00e5r m\u00f8rke og uklare bilder.<\/p>\r\n<p>Det er f\u00e5 fotografer som t\u00f8r \u00e5 ta sjansen p\u00e5 \u00e5 kalle seg erfaren bryllupsfotograf uten \u00e5 faktisk ha erfaringen. De fleste er fullt klar over viktigheten med binding til en slik avtale.<\/p>\r\n<p>&nbsp;<\/p>\r\n<\/div>\r\n<\/div>\r\n<\/div>\r\n<\/div>\r\n<div id=\"pgc-52-1-1\" class=\"panel-grid-cell\" data-weight=\"0.33333333333333\">\r\n<div id=\"panel-52-1-1-0\" class=\"so-panel widget widget_sow-editor panel-first-child panel-last-child\" data-index=\"3\" data-style=\"{&quot;background_display&quot;:&quot;tile&quot;}\">\r\n<div class=\"so-widget-sow-editor so-widget-sow-editor-base\">\r\n<div class=\"siteorigin-widget-tinymce textwidget\">\r\n<p><strong>Hvordan f\u00e5 en billigere pris p\u00e5\u00a0 bryllupsfotografering?<\/strong><\/p>\r\n<p>Med litt hjemmelekse s\u00e5 kan du f\u00e5 fotografen til \u00e5 g\u00e5 ned litt i pris, men ikke forvent for mye nedgang fra en proff fotograf, prisen reflekterer ofte kvaliteten som skal leveres og er ofte godt gjennomtenkt.<\/p>\r\n<p>V\u00e6r spesifikt p\u00e5 typer bilder du \u00f8nsker og hvilken deler av bryllupet du \u00f8nsker \u00e5 f\u00e5 frem.<br \/>\r\nFotografens jobb er \u00e5 dokumentere alt som skjer, slik at ingenting g\u00e5r tapt, for det er litt kjedelig med kun fokus p\u00e5 brudeparet og at ingen gjestene kommer frem p\u00e5 noen av bildene.<br \/>\r\nVed \u00e5 avtale pauser mellom fotograferingen kan totalprisen ogs\u00e5 g\u00e5 ned, men her gjelder det \u00e5 avtale p\u00e5 forh\u00e5nd, slik at fotografen er til stede n\u00e5r noe viktig skjer.<\/p>\r\n<\/div>\r\n<\/div>\r\n<\/div>\r\n<\/div>\r\n<div id=\"pgc-52-1-2\" class=\"panel-grid-cell\" data-weight=\"0.33333333333333\">\r\n<div id=\"panel-52-1-2-0\" class=\"so-panel widget widget_sow-editor panel-first-child panel-last-child\" data-index=\"4\" data-style=\"{&quot;background_display&quot;:&quot;tile&quot;}\">\r\n<div class=\"so-widget-sow-editor so-widget-sow-editor-base\">\r\n<div class=\"siteorigin-widget-tinymce textwidget\">\r\n<p><strong>V\u00e6r sosial med fotografen<\/strong><\/p>\r\n<p>Fotografer er ofte ganske enslige under oppdraget, folk unng\u00e5r dem som pesten og veldig f\u00e5 tar en prat for frykten av \u00e5 forstyrre.<\/p>\r\n<p>Som oppdragsgiver er det meget viktig \u00e5 ha en aktiv dialog med fotografen, da blir det lettere \u00e5 sp\u00f8rre fotografen og henvise til bilder du \u00f8nsker skal tas.<\/p>\r\n<p>Det er ofte slik at innleier kun snakker med fotografen ved oppm\u00f8te og deretter lar fotografen ta seg av bilder. Det er viktig \u00e5 huske p\u00e5 at oppdragsgiver ofte kjenner sine egne gjester og det hjelper utrolig mye p\u00e5 motivasjon til \u00e5 bli tatt bilde av, n\u00e5r de vet at de f\u00e5r disse bildene sendt til dem i ettertid.<\/p>\r\n<\/div>\r\n<\/div>\r\n<\/div>\r\n<\/div>\r\n<\/div>\r\n<div id=\"pg-52-2\" class=\"panel-grid panel-no-style\" data-style=\"{&quot;background_display&quot;:&quot;tile&quot;,&quot;cell_alignment&quot;:&quot;flex-start&quot;}\">\r\n<div id=\"pgc-52-2-0\" class=\"panel-grid-cell\" data-weight=\"0.5\">\r\n<div id=\"panel-52-2-0-0\" class=\"so-panel widget widget_sow-editor panel-first-child panel-last-child\" data-index=\"5\" data-style=\"{&quot;background_display&quot;:&quot;tile&quot;}\">\r\n<div class=\"so-widget-sow-editor so-widget-sow-editor-base\">\r\n<div class=\"siteorigin-widget-tinymce textwidget\">\r\n<p><strong>FILM PRODUKSJON AV BRYLLUP<\/strong><\/p>\r\n<p>N\u00e5r en \u00f8nsker mer en bare bilder, er video neste steg. Med dagens 4K opptak, kan man godt si at framtiden er her. Med 3840&#215;2160 i oppl\u00f8sning er selv utklipte bilder fra video meget tilfredsstillende.<br \/>\r\nDersom du vurderer en meget profesjonell video som forteller et av dine viktigste dager, har vi l\u00f8sningen.<br \/>\r\nMed v\u00e5rt videopakke f\u00e5r du hele bryllupsdagen med alle h\u00f8ydepunkter i flere lengder og formater.<br \/>\r\nVi f\u00f8lger dere fra starten av dagen, f\u00e5r med oss det viktigste, og setter sammen en imponerende film som du kan f\u00e5 i flere lengder. Disse er som vanlig p\u00e5 3minutter(intro), 10min(kortversjon) og 30min(langversjon). Ta kontakt med oss for \u00e5 se v\u00e5re referanse produksjoner og d\u00f8m selv.<\/p>\r\n<p>Vi kan trygt si at det er f\u00e5 til ingen i Norge som produserer tilsvarende produksjons kvalitet for bryllupsdagen.<br \/>\r\nDersom du bestiller video produksjon f\u00e5r du ogs\u00e5 mulighet til \u00e5 bestille fotograf som kombinasjons pakke til meget kraftig redusert pris.<br \/>\r\nDu kan dermed slippe unna med en fantastisk video og proffe bilder for nesten tilsvarende pris som kun fotografering hos andre.<\/p>\r\n<p><a href=\"https:\/\/firmafotografen.no\/kontakt-oslo-fotograf\/\">KONTAKT OSS FOR BRYLLUPSFILM<\/a><\/p>\r\n<\/div>\r\n<\/div>\r\n<\/div>\r\n<\/div>\r\n<div id=\"pgc-52-2-1\" class=\"panel-grid-cell\" data-weight=\"0.5\">\r\n<div id=\"panel-52-2-1-0\" class=\"so-panel widget widget_sow-editor panel-first-child panel-last-child\" data-index=\"6\" data-style=\"{&quot;background_display&quot;:&quot;tile&quot;}\">\r\n<div class=\"so-widget-sow-editor so-widget-sow-editor-base\">\r\n<div class=\"siteorigin-widget-tinymce textwidget\">\r\n<p><strong>Noen sp\u00f8rsm\u00e5l og svar til bryllupsfotografer<\/strong><\/p>\r\n<p>Kunde: Kan jeg bestille fotografen bare for en time? For eksempel til en bestemt del av bryllupet?<\/p>\r\n<p>FF: Ja, det kan du. Vi kan ogs\u00e5 skreddersy fotograferingssesjonene slik at vi kan dekke dine behov.<\/p>\r\n<p>Kunde: M\u00e5 jeg betale for bilder enkeltvis eller f\u00e5r jeg alle bilder som fotografen tar?<\/p>\r\n<p>FF: Vi opererer vanligvis med et antall bilder per oppdrag. Dersom vi avtaler 100 bilder f\u00e5r du alle disse digitalt ferdig behandlet og redigert.<\/p>\r\n<p>Kunde: Printer dere ogs\u00e5 bilder?<\/p>\r\n<p>FF: Nei, ettersom prisene for print har blitt s\u00e5pass rimelig har vi valgt \u00e5 slutte med dette. Du kan sende bilder til f.eks. JapanPhoto eller Fotoknutsen for \u00e5 f\u00e5 disse printet og sendt i posten.<\/p>\r\n<\/div>\r\n<\/div>\r\n<\/div>\r\n<\/div>\r\n<\/div>\r\n<div id=\"pg-52-3\" class=\"panel-grid panel-no-style\" data-style=\"{&quot;background_display&quot;:&quot;tile&quot;,&quot;cell_alignment&quot;:&quot;flex-start&quot;}\">\r\n<div id=\"pgc-52-3-0\" class=\"panel-grid-cell\" data-weight=\"0.58330462903253\">\r\n<div id=\"panel-52-3-0-0\" class=\"so-panel widget widget_sow-editor panel-first-child panel-last-child\" data-index=\"7\" data-style=\"{&quot;background_display&quot;:&quot;tile&quot;}\">\r\n<div class=\"so-widget-sow-editor so-widget-sow-editor-base\">\r\n<div class=\"siteorigin-widget-tinymce textwidget\">\r\n<p>Her er en kort video om bryllups fotografering<\/p>\r\n<p><iframe loading=\"lazy\" src=\"https:\/\/www.youtube.com\/embed\/3x9tb3J8c9I?wmode=transparent&amp;amp;wmode=transparent&amp;amp;wmode=transparent&amp;amp;wmode=transparent&amp;amp;wmode=transparent&amp;amp;wmode=transparent&amp;amp;wmode=transparent&amp;amp;wmode=transparent&amp;amp;wmode=transparent\" width=\"600\" height=\"325\" frameborder=\"0\" allowfullscreen=\"allowfullscreen\"><\/iframe><\/p>\r\n<p><script type=\"application\/ld+json\">\r\n                        {\r\n                          \"@context\": \"https:\/\/schema.org\",\r\n                          \"@type\": \"VideoObject\",\r\n                          \"name\": \"Bryllupsfotograf priser\",\r\n                          \"description\": \"En kort video om bryllupsfotografering som karriere(engelsk)\",\r\n                          \"thumbnailUrl\": \"https:\/\/firmafotografen.no\/images\/bryllup2-2.jpg\",\r\n                          \"uploadDate\": \"2017-03-05T08:01:00+02:00\",\r\n                          \"duration\": \"PT10M16\",\r\n                          \"contentUrl\": \"https:\/\/firmafotografen.no\/fotograf-privat\/bryllupsfotografering.html\",\r\n                          \"embedUrl\": \"https:\/\/firmafotografen.no\/fotograf-privat\/bryllupsfotografering.html\",\r\n                          \"interactionCount\": \"2347\"\r\n                        }\r\n                        <\/script><\/p>\r\n<\/div>\r\n<\/div>\r\n<\/div>\r\n<\/div>\r\n<div id=\"pgc-52-3-1\" class=\"panel-grid-cell\" data-weight=\"0.41669537096747\">\r\n<div id=\"panel-52-3-1-0\" class=\"so-panel widget widget_sow-editor panel-first-child panel-last-child\" data-index=\"8\" data-style=\"{&quot;background_display&quot;:&quot;tile&quot;}\">\r\n<div class=\"so-widget-sow-editor so-widget-sow-editor-base\">\r\n<div class=\"siteorigin-widget-tinymce textwidget\">\r\n<h4>Antall bilder og bruksrett p\u00e5 bryllups bilder<\/h4>\r\n<p>I motsetning til mange fotografer som virkelig tjener p\u00e5 uklare priser, der kunder opplever sjokk moment, der det m\u00e5 betales opptil tusener for enkelte bilder, har vi valgt \u00e5 holde det enkelt.<br \/>\r\nHos oss f\u00e5r du et komplett tilbud p\u00e5 bryllups bilder, der totalpris avtales p\u00e5 forh\u00e5nd. Vi estimerer antall digitale bilder som skal leveres og dette framkommer i tilbudet v\u00e5rt.<\/p>\r\n<h4>Dine bilder forblir private og publiseres ikke p\u00e5 nett<\/h4>\r\n<p>Som et av de f\u00e5 fotograf selskapene, publiserer vi ikke private bilder som referanse p\u00e5 v\u00e5re sider. Du slipper dermed \u00e5 ha dine private bilder flytende p\u00e5 nett via fotografens hjemmesider. Alle bilder som publiseres som referanse, foresp\u00f8rres kunden f\u00f8r eventuell publisering.<\/p>\r\n<\/div>\r\n<\/div>\r\n<\/div>\r\n<\/div>\r\n<\/div>\r\n<\/div>\r\n<div class=\"SnapLinksContainer\" style=\"margin-left: 0px; margin-top: 0px; display: none;\">\r\n<div class=\"SL_SelectionRect\">\r\n<div class=\"SL_SelectionLabel\">\u00a0<\/div>\r\n<\/div>\r\n<p><!-- Used for easily cloning the properly namespaced rect --><\/p>\r\n<\/div>\r\n<p>&nbsp;<\/p><\/section>","protected":false},"excerpt":{"rendered":"<p>&nbsp; En bryllup er for alle involverte en spennende men krevende opplevelse. Bildene er for mange den viktigste delen og<a class=\"ninja_pages_read_more\"  href=\"https:\/\/firmafotografen.no\/en\/privat-fotografering\/bryllupsfotografering\/\"><\/a><\/p>\n","protected":false},"author":1,"featured_media":627,"parent":42,"menu_order":0,"comment_status":"closed","ping_status":"closed","template":"","meta":{"_lmt_disableupdate":"no","_lmt_disable":""},"_links":{"self":[{"href":"https:\/\/firmafotografen.no\/en\/wp-json\/wp\/v2\/pages\/52"}],"collection":[{"href":"https:\/\/firmafotografen.no\/en\/wp-json\/wp\/v2\/pages"}],"about":[{"href":"https:\/\/firmafotografen.no\/en\/wp-json\/wp\/v2\/types\/page"}],"author":[{"embeddable":true,"href":"https:\/\/firmafotografen.no\/en\/wp-json\/wp\/v2\/users\/1"}],"replies":[{"embeddable":true,"href":"https:\/\/firmafotografen.no\/en\/wp-json\/wp\/v2\/comments?post=52"}],"version-history":[{"count":2,"href":"https:\/\/firmafotografen.no\/en\/wp-json\/wp\/v2\/pages\/52\/revisions"}],"predecessor-version":[{"id":21382,"href":"https:\/\/firmafotografen.no\/en\/wp-json\/wp\/v2\/pages\/52\/revisions\/21382"}],"up":[{"embeddable":true,"href":"https:\/\/firmafotografen.no\/en\/wp-json\/wp\/v2\/pages\/42"}],"wp:featuredmedia":[{"embeddable":true,"href":"https:\/\/firmafotografen.no\/en\/wp-json\/wp\/v2\/media\/627"}],"wp:attachment":[{"href":"https:\/\/firmafotografen.no\/en\/wp-json\/wp\/v2\/media?parent=52"}],"curies":[{"name":"wp","href":"https:\/\/api.w.org\/{rel}","templated":true}]}}