{"id":542,"date":"2017-07-13T20:57:01","date_gmt":"2017-07-13T20:57:01","guid":{"rendered":"https:\/\/firmafotografen.no\/?page_id=542"},"modified":"2021-11-17T16:07:34","modified_gmt":"2021-11-17T15:07:34","slug":"film-og-3d-bilder-for-eiendom","status":"publish","type":"page","link":"https:\/\/firmafotografen.no\/en\/eiendom\/film-og-3d-bilder-for-eiendom\/","title":{"rendered":"3D eller HD 4K video av eiendom"},"content":{"rendered":"Som et av de f\u00e5\u00a0 selskaper som kan levere 3d video i Norge har vi gleden av \u00e5 kunne tilby produksjon av virtual reality og 3D video produksjon av eiendom.\r\nRom kan spilles inn i 3D slik at dette kan presenteres med 3D briller og virtual omgivelser med bevegelse og d\u00f8r\u00e5pnere. Med denne l\u00f8sningen kan potensielle kj\u00f8pere komme med bud uten \u00e5 v\u00e6re i eiendommen, men allikevel f\u00e5r en realistisk opplevelse av denne.\r\n\r\nVideo pakkene kan kombineres med boligfotografering fra erfaren boligfotograf og interi\u00f8rfotograf med rabaterte priser.\r\n\r\n<a href=\"https:\/\/firmafotografen.no\/kontakt-oslo-fotograf\/\">Kontakt oss for mer informasjon<\/a>","protected":false},"excerpt":{"rendered":"<p>Som et av de f\u00e5\u00a0 selskaper som kan levere 3d video i Norge har vi gleden av \u00e5 kunne tilby<a class=\"ninja_pages_read_more\"  href=\"https:\/\/firmafotografen.no\/en\/eiendom\/film-og-3d-bilder-for-eiendom\/\"><\/a><\/p>\n","protected":false},"author":1,"featured_media":644,"parent":98,"menu_order":0,"comment_status":"closed","ping_status":"closed","template":"","meta":{"_lmt_disableupdate":"no","_lmt_disable":""},"_links":{"self":[{"href":"https:\/\/firmafotografen.no\/en\/wp-json\/wp\/v2\/pages\/542"}],"collection":[{"href":"https:\/\/firmafotografen.no\/en\/wp-json\/wp\/v2\/pages"}],"about":[{"href":"https:\/\/firmafotografen.no\/en\/wp-json\/wp\/v2\/types\/page"}],"author":[{"embeddable":true,"href":"https:\/\/firmafotografen.no\/en\/wp-json\/wp\/v2\/users\/1"}],"replies":[{"embeddable":true,"href":"https:\/\/firmafotografen.no\/en\/wp-json\/wp\/v2\/comments?post=542"}],"version-history":[{"count":1,"href":"https:\/\/firmafotografen.no\/en\/wp-json\/wp\/v2\/pages\/542\/revisions"}],"predecessor-version":[{"id":22439,"href":"https:\/\/firmafotografen.no\/en\/wp-json\/wp\/v2\/pages\/542\/revisions\/22439"}],"up":[{"embeddable":true,"href":"https:\/\/firmafotografen.no\/en\/wp-json\/wp\/v2\/pages\/98"}],"wp:featuredmedia":[{"embeddable":true,"href":"https:\/\/firmafotografen.no\/en\/wp-json\/wp\/v2\/media\/644"}],"wp:attachment":[{"href":"https:\/\/firmafotografen.no\/en\/wp-json\/wp\/v2\/media?parent=542"}],"curies":[{"name":"wp","href":"https:\/\/api.w.org\/{rel}","templated":true}]}}