{"id":56,"date":"2017-07-05T05:50:55","date_gmt":"2017-07-05T05:50:55","guid":{"rendered":"https:\/\/firmafotografen.no\/?page_id=56"},"modified":"2024-12-18T04:32:27","modified_gmt":"2024-12-18T03:32:27","slug":"skoleball-fotografering","status":"publish","type":"page","link":"https:\/\/firmafotografen.no\/en\/privat-fotografering\/skoleball-fotografering\/","title":{"rendered":"Skoleball fotografering"},"content":{"rendered":"<div id=\"pl-56\" class=\"panel-layout\">\r\n<div id=\"pg-56-0\" class=\"panel-grid panel-no-style\" data-style=\"{&quot;background_display&quot;:&quot;tile&quot;,&quot;cell_alignment&quot;:&quot;flex-start&quot;}\">\r\n<div id=\"pgc-56-0-0\" class=\"panel-grid-cell\" data-weight=\"0.55253688100104\">\r\n<div id=\"panel-56-0-0-0\" class=\"so-panel widget widget_sow-editor panel-first-child panel-last-child\" data-index=\"0\" data-style=\"{&quot;background_display&quot;:&quot;tile&quot;}\">\r\n<div class=\"so-widget-sow-editor so-widget-sow-editor-base\">\r\n<div class=\"siteorigin-widget-tinymce textwidget\">\r\n<p>Skoleball er en ganske g\u00f8yal event og absolutt verdt \u00e5 bestille en fotograf for. Gode minner oppbevares med gode bilder og dette kan v\u00e6re den perfekte gaven til ungdommene som deltar i ball.<\/p>\r\n<p>Du kan selv skreddersy hva som skal fotograferes og varighet p\u00e5 oppdraget.<br \/>\r\nVi tilbyr forskjellige pakker med rabatterte priser som passer budsjettet til enhver skole og foreldre som oftest m\u00e5 ta for seg en stram budsjett.<\/p>\r\n<p>For pengeinnsamling har vi egen form som dere kan bruke. Det er mulighet for kontant betaling ved skoleball dagen eller via faktura.<\/p>\r\n<p><em><br \/>\r\nVi kan tilby skredderydde pakker for de som skulle \u00f8nske en litt mer celebrity fotoshoot:<\/em><\/p>\r\n<\/div>\r\n<\/div>\r\n<\/div>\r\n<\/div>\r\n<div id=\"pgc-56-0-1\" class=\"panel-grid-cell\" data-weight=\"0.44746311899896\">\r\n<div id=\"panel-56-0-1-0\" class=\"so-panel widget widget_sow-editor panel-first-child panel-last-child\" data-index=\"1\" data-style=\"{&quot;background_display&quot;:&quot;tile&quot;}\">\r\n<div class=\"so-widget-sow-editor so-widget-sow-editor-base\">\r\n<div class=\"siteorigin-widget-tinymce textwidget\">\r\n<p><img decoding=\"async\" loading=\"lazy\" class=\"alignnone wp-image-1076\" src=\"https:\/\/firmafotografen.no\/assets\/uploads\/skoleball-juleball-fotograf-1.jpg\" sizes=\"(max-width: 255px) 100vw, 255px\" srcset=\"https:\/\/firmafotografen.no\/assets\/uploads\/skoleball-juleball-fotograf-1.jpg 400w, https:\/\/firmafotografen.no\/wp-content\/uploads\/skoleball-juleball-fotograf-1-150x150.jpg 150w, https:\/\/firmafotografen.no\/assets\/uploads\/skoleball-juleball-fotograf-1-300x300.jpg 300w\" alt=\"\" width=\"255\" height=\"255\" \/><\/p>\r\n<\/div>\r\n<\/div>\r\n<\/div>\r\n<\/div>\r\n<\/div>\r\n<div id=\"pg-56-1\" class=\"panel-grid panel-no-style\" data-style=\"{&quot;background_display&quot;:&quot;tile&quot;,&quot;cell_alignment&quot;:&quot;flex-start&quot;}\">\r\n<div id=\"pgc-56-1-0\" class=\"panel-grid-cell\" data-weight=\"0.5\">\r\n<div id=\"panel-56-1-0-0\" class=\"so-panel widget widget_sow-editor panel-first-child panel-last-child\" data-index=\"2\" data-style=\"{&quot;background_display&quot;:&quot;tile&quot;}\">\r\n<div class=\"so-widget-sow-editor so-widget-sow-editor-base\">\r\n<div class=\"siteorigin-widget-tinymce textwidget\">\r\n<p><strong>ANKOMST FOTOGRAFERING AV PARRENE P\u00c5 R\u00d8D L\u00d8PER <\/strong><\/p>\r\n<p>Fotografen tar bilder av ankommende med blitz, som gir en kjendis f\u00f8lelse til deltakerne. Det kan bestilles flere fotografer til rabatterte priser til \u00e5 \u00f8ke spenningen og f\u00f8lelsen for ungdommene.<\/p>\r\n<p><strong>PORTRETT FOTOGRAFERING AV PARR\\ALENE<\/strong><\/p>\r\n<p>Vi setter opp lerret og tar foto av de som \u00f8nsker parrvis eller alene. Selv om mange ofte blir sv\u00e6rt nerv\u00f8se ved slike fotograferinger, blir resultatene oftest enest\u00e5ende.<\/p>\r\n<p>Etter oppdraget behandler vi bilder som er oftes den mest tidskrevende delen. Her justeres farger og kontraster for den ultimate resultat. Bildene kan etter behandling lastes ned digitalt via v\u00e5r skreddersydde nettl\u00f8sning som lagres for deg i 6 m\u00e5neder.<\/p>\r\n<\/div>\r\n<\/div>\r\n<\/div>\r\n<\/div>\r\n<div id=\"pgc-56-1-1\" class=\"panel-grid-cell\" data-weight=\"0.5\">\r\n<div id=\"panel-56-1-1-0\" class=\"so-panel widget widget_sow-editor panel-first-child panel-last-child\" data-index=\"3\" data-style=\"{&quot;background_display&quot;:&quot;tile&quot;}\">\r\n<div class=\"so-widget-sow-editor so-widget-sow-editor-base\">\r\n<div class=\"siteorigin-widget-tinymce textwidget\">\r\n<p><strong>SELFIE SHOT OG GRUPPE SELFIES<\/strong><\/p>\r\n<p>Selfies ser ut til \u00e5 ha kommet for \u00e5 bli. Med selfie shots, tar fotografen bilder fra kameravinkel og h\u00f8yde, slik at bilder ser ut til \u00e5 v\u00e6re selfies.<br \/>\r\nDet som klart skiller seg ut er kvaliteten og proff looken p\u00e5 bildene som vil overraske og imponere alle som ser bildene.<\/p>\r\n<p><strong>MULIGHET TIL \u00c5 BETALE KONTANT<\/strong><\/p>\r\n<p>Dersom du har glemt \u00e5 melde deg p\u00e5 for fotografering, tilbyr vi ogs\u00e5 drop-in p\u00e5 v\u00e5re photoshoots. Alle transaksjoner medf\u00f8lger faktura for de som skulle \u00f8nske dette.<\/p>\r\n<\/div>\r\n<\/div>\r\n<\/div>\r\n<\/div>\r\n<\/div>\r\n<div id=\"pg-56-2\" class=\"panel-grid panel-no-style\" data-style=\"{&quot;background_display&quot;:&quot;tile&quot;,&quot;cell_alignment&quot;:&quot;flex-start&quot;}\">\r\n<div id=\"pgc-56-2-0\" class=\"panel-grid-cell\" data-weight=\"1\">\r\n<div id=\"panel-56-2-0-0\" class=\"so-panel widget widget_sow-editor panel-first-child panel-last-child\" data-index=\"4\" data-style=\"{&quot;background_display&quot;:&quot;tile&quot;}\">\r\n<div class=\"so-widget-sow-editor so-widget-sow-editor-base\">\r\n<div class=\"siteorigin-widget-tinymce textwidget\">\r\n<p><strong>Best pris og verdi skoleball\\juleball fotopakker<\/strong><br \/>\r\n<span id=\"Pris\"><\/span><br \/>\r\nAlle pakkene inneholder digital tilgang til bildefiler i HD format. Bilder lagres i SSL sikret digital server med passord tilgang.<br \/>\r\nBilder kan lastes og deles i sosiale medier.<\/p>\r\n<div class=\"wpsm-comptable-wrap\">\r\n<table id=\"wpsm-table-3\" class=\"wpsm-comptable wpsm-comptable-responsive\" style=\"width: 1063px; height: 288px;\">\r\n<thead class=\"wpsm-thead wpsm-thead-purple\">\r\n<tr style=\"height: 24px;\">\r\n<th style=\"width: 207.45px; height: 24px;\"><span style=\"font-size: 10pt;\">Skoleball\\Juleball<\/span><\/th>\r\n<th style=\"width: 143.717px; height: 24px;\"><span style=\"font-size: 10pt;\">Induviduelle bilder<\/span><\/th>\r\n<th style=\"width: 72.1px; height: 24px;\"><span style=\"font-size: 10pt;\">Par bilder<\/span><\/th>\r\n<th style=\"width: 110.65px; height: 24px;\"><span style=\"font-size: 10pt;\">Gruppebilder (3-6 pers.)<br \/>\r\n<\/span><\/th>\r\n<th style=\"width: 96.45px; height: 24px;\"><span style=\"font-size: 10pt;\">F\u00f8rste dans<br \/>\r\n<\/span><\/th>\r\n<th style=\"width: 130.933px; height: 24px;\"><span style=\"font-size: 10pt;\">Stemningsbilder<\/span><\/th>\r\n<th style=\"width: 108.617px; height: 24px;\"><span style=\"font-size: 10pt;\">Ankomst bilder<\/span><\/th>\r\n<th style=\"width: 141.083px; height: 24px;\"><span style=\"font-size: 10pt;\">Pris <br \/>\r\n<\/span><\/th>\r\n<\/tr>\r\n<\/thead>\r\n<tbody class=\"wpsm-tbody\">\r\n<tr style=\"height: 48px;\">\r\n<td style=\"width: 207.45px; height: 48px;\"><b>Grunnpakken<\/b><\/td>\r\n<td style=\"width: 143.717px; height: 48px;\"><span style=\"color: green;\">Ja<\/span><\/td>\r\n<td style=\"width: 72.1px; height: 48px;\"><span style=\"color: green;\">Ja<\/span><\/td>\r\n<td style=\"width: 110.65px; height: 48px;\"><span style=\"color: green;\">Ja<\/span><\/td>\r\n<td style=\"width: 96.45px; height: 48px;\"><span style=\"color: red;\">Nei<\/span><\/td>\r\n<td style=\"width: 130.933px; height: 48px;\"><span style=\"color: red;\">Nei<\/span><\/td>\r\n<td style=\"width: 108.617px; height: 48px;\"><span style=\"color: red;\">Nei<\/span><\/td>\r\n<td style=\"width: 141.083px; height: 48px;\">Fastpris<br \/>\r\n6000,-<\/td>\r\n<\/tr>\r\n<tr style=\"height: 48px;\">\r\n<td style=\"width: 207.45px; height: 48px;\"><b>Pluss pakken<\/b><\/td>\r\n<td style=\"width: 143.717px; height: 48px;\"><span style=\"color: green;\">Ja<\/span><\/td>\r\n<td style=\"width: 72.1px; height: 48px;\"><span style=\"color: green;\">Ja<\/span><\/td>\r\n<td style=\"width: 110.65px; height: 48px;\"><span style=\"color: green;\">Ja<\/span><\/td>\r\n<td style=\"width: 96.45px; height: 48px;\"><span style=\"color: red;\">Nei<\/span><\/td>\r\n<td style=\"width: 130.933px; height: 48px;\"><span style=\"color: green;\">Ja<\/span><\/td>\r\n<td style=\"width: 108.617px; height: 48px;\"><span style=\"color: green;\">Ja<\/span><\/td>\r\n<td style=\"width: 141.083px; height: 48px;\">Fastpris<br \/>\r\n7500,-<\/td>\r\n<\/tr>\r\n<tr style=\"height: 48px;\">\r\n<td style=\"width: 207.45px; height: 48px;\"><b>Delux pro pakken<\/b><\/td>\r\n<td style=\"width: 143.717px; height: 48px;\"><span style=\"color: green;\">Ja<\/span><\/td>\r\n<td style=\"width: 72.1px; height: 48px;\"><span style=\"color: green;\">Ja<\/span><\/td>\r\n<td style=\"width: 110.65px; height: 48px;\"><span style=\"color: green;\">Ja<\/span><\/td>\r\n<td style=\"width: 96.45px; height: 48px;\"><span style=\"color: green;\">Ja<\/span><\/td>\r\n<td style=\"width: 130.933px; height: 48px;\"><span style=\"color: green;\">Ja<\/span><\/td>\r\n<td style=\"width: 108.617px; height: 48px;\"><span style=\"color: green;\">Ja<\/span><\/td>\r\n<td style=\"width: 141.083px; height: 48px;\">Fastpris<br \/>\r\n8500,-<\/td>\r\n<\/tr>\r\n<tr style=\"height: 72px;\">\r\n<td style=\"width: 207.45px; height: 72px;\"><b>All in pakken<\/b><br \/>\r\nEkstra fotograf for ankomst og zoom in bilder<\/td>\r\n<td style=\"width: 143.717px; height: 72px;\"><span style=\"color: green;\">Ja<\/span><\/td>\r\n<td style=\"width: 72.1px; height: 72px;\"><span style=\"color: green;\">Ja<\/span><\/td>\r\n<td style=\"width: 110.65px; height: 72px;\"><span style=\"color: green;\">Ja<\/span><\/td>\r\n<td style=\"width: 96.45px; height: 72px;\"><span style=\"color: green;\">Ja<\/span><\/td>\r\n<td style=\"width: 130.933px; height: 72px;\"><span style=\"color: green;\">Ja<\/span><\/td>\r\n<td style=\"width: 108.617px; height: 72px;\"><span style=\"color: green;\">Ja<\/span><\/td>\r\n<td style=\"width: 141.083px; height: 72px;\">Total pris<br \/>\r\n10900,-<\/td>\r\n<\/tr>\r\n<tr style=\"height: 24px;\">\r\n<td style=\"width: 207.45px; height: 24px;\">Drop in<\/td>\r\n<td style=\"width: 143.717px; height: 24px;\"><span style=\"color: green;\">Ja<\/span><\/td>\r\n<td style=\"width: 72.1px; height: 24px;\"><span style=\"color: red;\">Nei<\/span><\/td>\r\n<td style=\"width: 110.65px; height: 24px;\">&#8211;<\/td>\r\n<td style=\"width: 96.45px; height: 24px;\">&#8211;<\/td>\r\n<td style=\"width: 130.933px; height: 24px;\">&#8211;<\/td>\r\n<td style=\"width: 108.617px; height: 24px;\">&#8211;<\/td>\r\n<td style=\"width: 141.083px; height: 24px;\">250,- per pers.<\/td>\r\n<\/tr>\r\n<tr style=\"height: 24px;\">\r\n<td style=\"width: 207.45px; height: 24px;\">Drop in +<\/td>\r\n<td style=\"width: 143.717px; height: 24px;\"><span style=\"color: green;\">Ja<\/span><\/td>\r\n<td style=\"width: 72.1px; height: 24px;\"><span style=\"color: green;\">Ja<\/span><\/td>\r\n<td style=\"width: 110.65px; height: 24px;\"><span style=\"color: green;\">Ja<\/span><\/td>\r\n<td style=\"width: 96.45px; height: 24px;\">&#8211;<\/td>\r\n<td style=\"width: 130.933px; height: 24px;\">&#8211;<\/td>\r\n<td style=\"width: 108.617px; height: 24px;\">&#8211;<\/td>\r\n<td style=\"width: 141.083px; height: 24px;\">400,- per pers.<\/td>\r\n<\/tr>\r\n<\/tbody>\r\n<\/table>\r\n<\/div>\r\n<p>Pakkene er inkludert bilder.<\/p>\r\n<p>Dersom dere \u00f8nsker gruppebilde av alle i juleballet, er det en fastpris p\u00e5 2000,- inkludert 3 bilder.<\/p>\r\n<p><strong>Priser er inkl. mva.<\/strong><\/p>\r\n<\/div>\r\n<\/div>\r\n<\/div>\r\n<\/div>\r\n<\/div>\r\n<\/div>\r\n<div class=\"SnapLinksContainer\" style=\"margin-left: 0px; margin-top: 0px; display: none;\">\r\n<div class=\"SL_SelectionRect\">\r\n<div class=\"SL_SelectionLabel\">\u00a0<\/div>\r\n<\/div>\r\n<!-- Used for easily cloning the properly namespaced rect --><\/div>","protected":false},"excerpt":{"rendered":"<p>Skoleball er en ganske g\u00f8yal event og absolutt verdt \u00e5 bestille en fotograf for. Gode minner oppbevares med gode bilder<a class=\"ninja_pages_read_more\"  href=\"https:\/\/firmafotografen.no\/en\/privat-fotografering\/skoleball-fotografering\/\"><\/a><\/p>\n","protected":false},"author":1,"featured_media":1076,"parent":42,"menu_order":0,"comment_status":"closed","ping_status":"closed","template":"","meta":{"_lmt_disableupdate":"no","_lmt_disable":"no"},"_links":{"self":[{"href":"https:\/\/firmafotografen.no\/en\/wp-json\/wp\/v2\/pages\/56"}],"collection":[{"href":"https:\/\/firmafotografen.no\/en\/wp-json\/wp\/v2\/pages"}],"about":[{"href":"https:\/\/firmafotografen.no\/en\/wp-json\/wp\/v2\/types\/page"}],"author":[{"embeddable":true,"href":"https:\/\/firmafotografen.no\/en\/wp-json\/wp\/v2\/users\/1"}],"replies":[{"embeddable":true,"href":"https:\/\/firmafotografen.no\/en\/wp-json\/wp\/v2\/comments?post=56"}],"version-history":[{"count":1,"href":"https:\/\/firmafotografen.no\/en\/wp-json\/wp\/v2\/pages\/56\/revisions"}],"predecessor-version":[{"id":26317,"href":"https:\/\/firmafotografen.no\/en\/wp-json\/wp\/v2\/pages\/56\/revisions\/26317"}],"up":[{"embeddable":true,"href":"https:\/\/firmafotografen.no\/en\/wp-json\/wp\/v2\/pages\/42"}],"wp:featuredmedia":[{"embeddable":true,"href":"https:\/\/firmafotografen.no\/en\/wp-json\/wp\/v2\/media\/1076"}],"wp:attachment":[{"href":"https:\/\/firmafotografen.no\/en\/wp-json\/wp\/v2\/media?parent=56"}],"curies":[{"name":"wp","href":"https:\/\/api.w.org\/{rel}","templated":true}]}}