{"id":62,"date":"2017-07-05T05:57:24","date_gmt":"2017-07-05T05:57:24","guid":{"rendered":"https:\/\/firmafotografen.no\/?page_id=62"},"modified":"2018-08-09T17:56:51","modified_gmt":"2022-01-05T08:20:11","slug":"barnehage-fotografering","status":"publish","type":"page","link":"https:\/\/firmafotografen.no\/en\/andre-fotooppdrag\/barnehage-fotografering\/","title":{"rendered":"Barnehage fotografering"},"content":{"rendered":"<p>Vi tar faste eller per bestilling oppdrag for barnehager i Oslo omr\u00e5det.<\/p>\r\n<p>Det er mulighet til \u00e5 bestille rabattert samlebilder der alle foreldre kan betale samlet, eller velge bilder til kj\u00f8p enkeltvis<\/p>\r\n<p>Bestillinger m\u00e5 gj\u00f8res minimum 2 uker f\u00f8r fotografering og bilder leveres innen 1 uke fra oppdragsdato.<\/p>\r\n<p>&nbsp;<\/p>\r\n<p>Bilder leveres til foreldre via v\u00e5r SSL kryptert bildeserver eller via v\u00e5r nettshop med sikker tilgang.<\/p>\r\n<div class=\"SnapLinksContainer\" style=\"margin-left: 0px; margin-top: 0px; display: none;\">\r\n<div class=\"SL_SelectionRect\">\r\n<div class=\"SL_SelectionLabel\">\u00a0<\/div>\r\n<\/div>\r\n<!-- Used for easily cloning the properly namespaced rect --><\/div>","protected":false},"excerpt":{"rendered":"<p>Vi tar faste eller per bestilling oppdrag for barnehager i Oslo omr\u00e5det. Det er mulighet til \u00e5 bestille rabattert samlebilder<a class=\"ninja_pages_read_more\"  href=\"https:\/\/firmafotografen.no\/en\/andre-fotooppdrag\/barnehage-fotografering\/\"><\/a><\/p>\n","protected":false},"author":1,"featured_media":570,"parent":54,"menu_order":0,"comment_status":"closed","ping_status":"closed","template":"","meta":{"_lmt_disableupdate":"","_lmt_disable":""},"_links":{"self":[{"href":"https:\/\/firmafotografen.no\/en\/wp-json\/wp\/v2\/pages\/62"}],"collection":[{"href":"https:\/\/firmafotografen.no\/en\/wp-json\/wp\/v2\/pages"}],"about":[{"href":"https:\/\/firmafotografen.no\/en\/wp-json\/wp\/v2\/types\/page"}],"author":[{"embeddable":true,"href":"https:\/\/firmafotografen.no\/en\/wp-json\/wp\/v2\/users\/1"}],"replies":[{"embeddable":true,"href":"https:\/\/firmafotografen.no\/en\/wp-json\/wp\/v2\/comments?post=62"}],"version-history":[{"count":0,"href":"https:\/\/firmafotografen.no\/en\/wp-json\/wp\/v2\/pages\/62\/revisions"}],"up":[{"embeddable":true,"href":"https:\/\/firmafotografen.no\/en\/wp-json\/wp\/v2\/pages\/54"}],"wp:featuredmedia":[{"embeddable":true,"href":"https:\/\/firmafotografen.no\/en\/wp-json\/wp\/v2\/media\/570"}],"wp:attachment":[{"href":"https:\/\/firmafotografen.no\/en\/wp-json\/wp\/v2\/media?parent=62"}],"curies":[{"name":"wp","href":"https:\/\/api.w.org\/{rel}","templated":true}]}}