{"id":65,"date":"2017-07-05T05:57:47","date_gmt":"2017-07-05T05:57:47","guid":{"rendered":"https:\/\/firmafotografen.no\/?page_id=65"},"modified":"2020-01-07T20:39:23","modified_gmt":"2020-01-07T19:39:23","slug":"event-fotografering-privat","status":"publish","type":"page","link":"https:\/\/firmafotografen.no\/en\/privat-fotografering\/event-fotografering-privat\/","title":{"rendered":"Event fotografering privat"},"content":{"rendered":"<p><strong>Hva gj\u00f8r en event fotograf?<\/strong><\/p>\r\n<p>Kort forklart s\u00e5 skal fotografen pr\u00f8ve \u00e5 vise frem alt som skjedde og hvordan det hele s\u00e5 ut. Hvis du gikk glipp av eventen, skal du kunne nesten f\u00f8le at du var der selv ved \u00e5 se p\u00e5 bildene.<\/p>\r\n<p>Det vanlige er at man tar f\u00f8r event bilder av lokalen\\stedet og dokumenterer endringen og menneske effekten av det hele. F\u00f8r event bildene kan ofte v\u00e6re nyttige for oppdragsgiver for \u00e5 promotere lignende eventer i en senere tid eller se forbedringspotensialet til neste gang.<\/p>\r\n<p>Det er alltid det viktigste hendelsene som prioriteres, dette selvf\u00f8lgelig etter avtale med oppdragsgiver. Taler, ankomster, show, interaksjoner er ofte fokusbilder som skal tas.<\/p>\r\n<p>Fotografen skal blende seg inn og skal selvf\u00f8lgelig v\u00e6re lett \u00e5 komme i kontakt med for gjester under eventen, slik at ingen f\u00f8ler seg utelatt.<\/p>\r\n<p>Priser og antall bilder<\/p>\r\n<p>Hvert oppdrag gjennomg\u00e5s f\u00f8r event og du kan selv bestemme hvor lenge fotografen er til stede og hvor mange bilder som du \u00f8nsker.<\/p>\r\n<p>Du har mulighet til \u00e5 booke fra 30 min og opptil hel dag om dette skulle v\u00e6re \u00f8nskelig. Vi kan ogs\u00e5 gi prisavslag om eventen deler seg over flere timer, der du bare trenger fotograf for deler av dette.<\/p>\r\n<p><img decoding=\"async\" loading=\"lazy\" class=\"alignnone wp-image-1526 size-full\" src=\"\/assets\/uploads\/bursdagsfeiring-1.jpg\" alt=\"fotograf event\" width=\"350\" height=\"218\" srcset=\"https:\/\/firmafotografen.no\/assets\/uploads\/bursdagsfeiring-1.jpg 350w, https:\/\/firmafotografen.no\/assets\/uploads\/bursdagsfeiring-1-150x93.jpg 150w, https:\/\/firmafotografen.no\/assets\/uploads\/bursdagsfeiring-1-300x187.jpg 300w, https:\/\/firmafotografen.no\/assets\/uploads\/bursdagsfeiring-1-267x166.jpg 267w\" sizes=\"(max-width: 350px) 100vw, 350px\" \/><\/p>\r\n<p>F\u00c5 PRISTILBUD ELLER BESTILL DIREKTE<\/p>\r\n<h2><span style=\"font-size: 20px;\">VANGLIGE SP\u00d8RSM\u00c5L &#8211; EVENTBILDER &#8211; EVENTFOTOGRAFERING &#8211; PRIVAT<\/span><\/h2>\r\n\t\t<section class=\"sc_fs_faq sc_card \">\n\t\t\t<div>\n\t\t\t\t<h2>Hvordan leveres bildene?<\/h2>\t\t\t\t<div>\n\t\t\t\t\t\t\t\t\t\t<p>\n\t\t\t\t\t\tBilder leveres i digital format via v\u00e5r nettbaserte, sikre bildeserver. Disse kan lastes ned enkeltvis eller samlet i komprimert ZIP fil.\t\t\t\t\t<\/p>\n\t\t\t\t<\/div>\n\t\t\t<\/div>\n\t\t<\/section>\n\t\t\t\t<section class=\"sc_fs_faq sc_card \">\n\t\t\t<div>\n\t\t\t\t<h2>Hva koster fotograferingen?<\/h2>\t\t\t\t<div>\n\t\t\t\t\t\t\t\t\t\t<p>\n\t\t\t\t\t\tPris vil avhenge av hva slags bilder som \u00f8nskes og antall bilder. Vi tilbyr priser fra 2500,- og tilbyr noen av landets beste priser.\t\t\t\t\t<\/p>\n\t\t\t\t<\/div>\n\t\t\t<\/div>\n\t\t<\/section>\n\t\t\t\t<section class=\"sc_fs_faq sc_card \">\n\t\t\t<div>\n\t\t\t\t<h2>F\u00f8lger etter behandling av bilder med i prisen?<\/h2>\t\t\t\t<div>\n\t\t\t\t\t\t\t\t\t\t<p>\n\t\t\t\t\t\tAlle bilder som vi leverer inkluderer etterbehandling og optimalisering.\t\t\t\t\t<\/p>\n\t\t\t\t<\/div>\n\t\t\t<\/div>\n\t\t<\/section>\n\t\t\t\t<section class=\"sc_fs_faq sc_card \">\n\t\t\t<div>\n\t\t\t\t<h2>Hvor tidlig m\u00e5 fotografering bestilles<\/h2>\t\t\t\t<div>\n\t\t\t\t\t\t\t\t\t\t<p>\n\t\t\t\t\t\tVi anbefaller \u00e5 booke fotograf minimum 2 uker f\u00f8r fotografering. Vi kan selvsagt ta imot oppdrag p\u00e5 kortere varsel, dersom det er ledig kapasistet.\t\t\t\t\t<\/p>\n\t\t\t\t<\/div>\n\t\t\t<\/div>\n\t\t<\/section>\n\t\t\t\t<section class=\"sc_fs_faq sc_card \">\n\t\t\t<div>\n\t\t\t\t<h2>Vannmerker dere bilder med logo eller signatur av fotograf<\/h2>\t\t\t\t<div>\n\t\t\t\t\t\t\t\t\t\t<p>\n\t\t\t\t\t\tSom standard merkes ikke v\u00e5re bilder med logosignatur. Ved utvalg av bilder der kunde \u00f8nsker \u00e5 velge \u00f8nskede bilder, blir bildene vannmerket, men endelige produkt leveres uten noen form for merking.\t\t\t\t\t<\/p>\n\t\t\t\t<\/div>\n\t\t\t<\/div>\n\t\t<\/section>\n\t\t\t\t<section class=\"sc_fs_faq sc_card \">\n\t\t\t<div>\n\t\t\t\t<h2>Publiserer dere bildene p\u00e5 nett<\/h2>\t\t\t\t<div>\n\t\t\t\t\t\t\t\t\t\t<p>\n\t\t\t\t\t\tPrivatbilder forblir privat, og vi publiserer ikke private bilder uten avtale\t\t\t\t\t<\/p>\n\t\t\t\t<\/div>\n\t\t\t<\/div>\n\t\t<\/section>\n\t\t\t\t<section class=\"sc_fs_faq sc_card \">\n\t\t\t<div>\n\t\t\t\t<h2>Tar dere reisetillegg?<\/h2>\t\t\t\t<div>\n\t\t\t\t\t\t\t\t\t\t<p>\n\t\t\t\t\t\tVi tar reisetillegg basert p\u00e5 estimerte kostnader som parkering og reiseutgifter. Ofte inkluderer vi reisekostnader i totalprisen\t\t\t\t\t<\/p>\n\t\t\t\t<\/div>\n\t\t\t<\/div>\n\t\t<\/section>\n\t\t\n<script type=\"application\/ld+json\">\n\t{\n\t\t\"@context\": \"https:\/\/schema.org\",\n\t\t\"@type\": \"FAQPage\",\n\t\t\"mainEntity\": [\n\t\t\t\t\t{\n\t\t\t\t\"@type\": \"Question\",\n\t\t\t\t\"name\": \"Hvordan leveres bildene?\",\n\t\t\t\t\"acceptedAnswer\": {\n\t\t\t\t\t\"@type\": \"Answer\",\n\t\t\t\t\t\"text\": \"Bilder leveres i digital format via v\u00e5r nettbaserte, sikre bildeserver. Disse kan lastes ned enkeltvis eller samlet i komprimert ZIP fil.\"\n\t\t\t\t\t\t\t\t\t}\n\t\t\t}\n\t\t\t,\t\t\t\t{\n\t\t\t\t\"@type\": \"Question\",\n\t\t\t\t\"name\": \"Hva koster fotograferingen?\",\n\t\t\t\t\"acceptedAnswer\": {\n\t\t\t\t\t\"@type\": \"Answer\",\n\t\t\t\t\t\"text\": \"Pris vil avhenge av hva slags bilder som \u00f8nskes og antall bilder. Vi tilbyr priser fra 2500,- og tilbyr noen av landets beste priser.\"\n\t\t\t\t\t\t\t\t\t}\n\t\t\t}\n\t\t\t,\t\t\t\t{\n\t\t\t\t\"@type\": \"Question\",\n\t\t\t\t\"name\": \"F\u00f8lger etter behandling av bilder med i prisen?\",\n\t\t\t\t\"acceptedAnswer\": {\n\t\t\t\t\t\"@type\": \"Answer\",\n\t\t\t\t\t\"text\": \"Alle bilder som vi leverer inkluderer etterbehandling og optimalisering.\"\n\t\t\t\t\t\t\t\t\t}\n\t\t\t}\n\t\t\t,\t\t\t\t{\n\t\t\t\t\"@type\": \"Question\",\n\t\t\t\t\"name\": \"Hvor tidlig m\u00e5 fotografering bestilles\",\n\t\t\t\t\"acceptedAnswer\": {\n\t\t\t\t\t\"@type\": \"Answer\",\n\t\t\t\t\t\"text\": \"Vi anbefaller \u00e5 booke fotograf minimum 2 uker f\u00f8r fotografering. Vi kan selvsagt ta imot oppdrag p\u00e5 kortere varsel, dersom det er ledig kapasistet.\"\n\t\t\t\t\t\t\t\t\t}\n\t\t\t}\n\t\t\t,\t\t\t\t{\n\t\t\t\t\"@type\": \"Question\",\n\t\t\t\t\"name\": \"Vannmerker dere bilder med logo eller signatur av fotograf\",\n\t\t\t\t\"acceptedAnswer\": {\n\t\t\t\t\t\"@type\": \"Answer\",\n\t\t\t\t\t\"text\": \"Som standard merkes ikke v\u00e5re bilder med logosignatur. Ved utvalg av bilder der kunde \u00f8nsker \u00e5 velge \u00f8nskede bilder, blir bildene vannmerket, men endelige produkt leveres uten noen form for merking.\"\n\t\t\t\t\t\t\t\t\t}\n\t\t\t}\n\t\t\t,\t\t\t\t{\n\t\t\t\t\"@type\": \"Question\",\n\t\t\t\t\"name\": \"Publiserer dere bildene p\u00e5 nett\",\n\t\t\t\t\"acceptedAnswer\": {\n\t\t\t\t\t\"@type\": \"Answer\",\n\t\t\t\t\t\"text\": \"Privatbilder forblir privat, og vi publiserer ikke private bilder uten avtale\"\n\t\t\t\t\t\t\t\t\t}\n\t\t\t}\n\t\t\t,\t\t\t\t{\n\t\t\t\t\"@type\": \"Question\",\n\t\t\t\t\"name\": \"Tar dere reisetillegg?\",\n\t\t\t\t\"acceptedAnswer\": {\n\t\t\t\t\t\"@type\": \"Answer\",\n\t\t\t\t\t\"text\": \"Vi tar reisetillegg basert p\u00e5 estimerte kostnader som parkering og reiseutgifter. Ofte inkluderer vi reisekostnader i totalprisen\"\n\t\t\t\t\t\t\t\t\t}\n\t\t\t}\n\t\t\t\t\t\t]\n\t}\n<\/script>\n\r\n","protected":false},"excerpt":{"rendered":"<p>Hva gj\u00f8r en event fotograf? Kort forklart s\u00e5 skal fotografen pr\u00f8ve \u00e5 vise frem alt som skjedde og hvordan det<a class=\"ninja_pages_read_more\"  href=\"https:\/\/firmafotografen.no\/en\/privat-fotografering\/event-fotografering-privat\/\"><\/a><\/p>\n","protected":false},"author":1,"featured_media":3068,"parent":42,"menu_order":0,"comment_status":"closed","ping_status":"closed","template":"","meta":{"_lmt_disableupdate":"no","_lmt_disable":""},"_links":{"self":[{"href":"https:\/\/firmafotografen.no\/en\/wp-json\/wp\/v2\/pages\/65"}],"collection":[{"href":"https:\/\/firmafotografen.no\/en\/wp-json\/wp\/v2\/pages"}],"about":[{"href":"https:\/\/firmafotografen.no\/en\/wp-json\/wp\/v2\/types\/page"}],"author":[{"embeddable":true,"href":"https:\/\/firmafotografen.no\/en\/wp-json\/wp\/v2\/users\/1"}],"replies":[{"embeddable":true,"href":"https:\/\/firmafotografen.no\/en\/wp-json\/wp\/v2\/comments?post=65"}],"version-history":[{"count":3,"href":"https:\/\/firmafotografen.no\/en\/wp-json\/wp\/v2\/pages\/65\/revisions"}],"predecessor-version":[{"id":6778,"href":"https:\/\/firmafotografen.no\/en\/wp-json\/wp\/v2\/pages\/65\/revisions\/6778"}],"up":[{"embeddable":true,"href":"https:\/\/firmafotografen.no\/en\/wp-json\/wp\/v2\/pages\/42"}],"wp:featuredmedia":[{"embeddable":true,"href":"https:\/\/firmafotografen.no\/en\/wp-json\/wp\/v2\/media\/3068"}],"wp:attachment":[{"href":"https:\/\/firmafotografen.no\/en\/wp-json\/wp\/v2\/media?parent=65"}],"curies":[{"name":"wp","href":"https:\/\/api.w.org\/{rel}","templated":true}]}}