{"id":67,"date":"2017-07-05T05:58:22","date_gmt":"2017-07-05T05:58:22","guid":{"rendered":"https:\/\/firmafotografen.no\/?page_id=67"},"modified":"2023-10-04T23:07:57","modified_gmt":"2023-10-04T21:07:57","slug":"portrettbilder-privat-oslo-og-akershus","status":"publish","type":"page","link":"https:\/\/firmafotografen.no\/en\/privat-fotografering\/portrettbilder-privat-oslo-og-akershus\/","title":{"rendered":"Portrettbilder privat &#8211; Oslo og Akershus"},"content":{"rendered":"[fluid][html css_md=&#8221;width:677px;&#8221; css=&#8221;width:938px;&#8221;]Portrett fotografering<\/p>\r\n<p>Vi tilbyr rimelig portrettfotografering for bl.a. Cv, pass, f\u00f8rerkort, sertifikater og visum.<\/p>\r\n<p>Det kan v\u00e6re en god investering \u00e5 ta profesjonelle bilder som du kan bruke i mange \u00e5r framover, der du presenteres best mulig.<br \/>\r\nDet har blitt en selvf\u00f8lge \u00e5 ta med svart\\hvitt portrett bilde p\u00e5 CV og s\u00f8knader, noe som ogs\u00e5 kan \u00f8ke sjansen for stillingen.<\/p>\r\n<p>Portrettfoto kan tas i studio, hjemme eller p\u00e5 avtalt sted. Bildene f\u00e5r du levert digitalt og disse kan framkalles hos de fleste fotobutikker.<\/p>\r\n[\/html][\/fluid]","protected":false},"excerpt":{"rendered":"<p>[fluid][html css_md=&#8221;width:677px;&#8221; css=&#8221;width:938px;&#8221;]Portrett fotografering Vi tilbyr rimelig portrettfotografering for bl.a. Cv, pass, f\u00f8rerkort, sertifikater og visum. Det kan v\u00e6re en<a class=\"ninja_pages_read_more\"  href=\"https:\/\/firmafotografen.no\/en\/privat-fotografering\/portrettbilder-privat-oslo-og-akershus\/\"><\/a><\/p>\n","protected":false},"author":1,"featured_media":2922,"parent":42,"menu_order":0,"comment_status":"closed","ping_status":"closed","template":"","meta":{"_lmt_disableupdate":"no","_lmt_disable":"no"},"_links":{"self":[{"href":"https:\/\/firmafotografen.no\/en\/wp-json\/wp\/v2\/pages\/67"}],"collection":[{"href":"https:\/\/firmafotografen.no\/en\/wp-json\/wp\/v2\/pages"}],"about":[{"href":"https:\/\/firmafotografen.no\/en\/wp-json\/wp\/v2\/types\/page"}],"author":[{"embeddable":true,"href":"https:\/\/firmafotografen.no\/en\/wp-json\/wp\/v2\/users\/1"}],"replies":[{"embeddable":true,"href":"https:\/\/firmafotografen.no\/en\/wp-json\/wp\/v2\/comments?post=67"}],"version-history":[{"count":1,"href":"https:\/\/firmafotografen.no\/en\/wp-json\/wp\/v2\/pages\/67\/revisions"}],"predecessor-version":[{"id":25395,"href":"https:\/\/firmafotografen.no\/en\/wp-json\/wp\/v2\/pages\/67\/revisions\/25395"}],"up":[{"embeddable":true,"href":"https:\/\/firmafotografen.no\/en\/wp-json\/wp\/v2\/pages\/42"}],"wp:featuredmedia":[{"embeddable":true,"href":"https:\/\/firmafotografen.no\/en\/wp-json\/wp\/v2\/media\/2922"}],"wp:attachment":[{"href":"https:\/\/firmafotografen.no\/en\/wp-json\/wp\/v2\/media?parent=67"}],"curies":[{"name":"wp","href":"https:\/\/api.w.org\/{rel}","templated":true}]}}