{"id":69,"date":"2017-07-05T05:58:44","date_gmt":"2017-07-05T05:58:44","guid":{"rendered":"https:\/\/firmafotografen.no\/?page_id=69"},"modified":"2018-04-27T14:08:01","modified_gmt":"2022-01-05T08:20:11","slug":"barn-og-baby-fotografering","status":"publish","type":"page","link":"https:\/\/firmafotografen.no\/en\/privat-fotografering\/barn-og-baby-fotografering\/","title":{"rendered":"Barn og baby fotografering"},"content":{"rendered":"Vi tar ogs\u00e5 oppdrag innen barne og babyfotografering p\u00e5 foresp\u00f8rsel. Selv om firmafotografen ikke fokuserer p\u00e5 dette har vi allikevel dyktige fotografer med erfaring rundt dette.\r\n\r\nFirmafotografen kan tilby portrett, bakgrunnsredigering og fotosesjoner for print.\r\n\r\nBilder som er private forblir private og brukes ikke som referanse og utstilling p\u00e5 v\u00e5re hjemmesider eller internett uten godkjenning, noe som skiller oss fra mange andre fotografer som bruker deg til selvpromotering i n\u00e6ringssamenheng.\r\n","protected":false},"excerpt":{"rendered":"<p>Vi tar ogs\u00e5 oppdrag innen barne og babyfotografering p\u00e5 foresp\u00f8rsel. Selv om firmafotografen ikke fokuserer p\u00e5 dette har vi allikevel<a class=\"ninja_pages_read_more\"  href=\"https:\/\/firmafotografen.no\/en\/privat-fotografering\/barn-og-baby-fotografering\/\"><\/a><\/p>\n","protected":false},"author":1,"featured_media":0,"parent":42,"menu_order":0,"comment_status":"closed","ping_status":"closed","template":"","meta":{"_lmt_disableupdate":"","_lmt_disable":""},"_links":{"self":[{"href":"https:\/\/firmafotografen.no\/en\/wp-json\/wp\/v2\/pages\/69"}],"collection":[{"href":"https:\/\/firmafotografen.no\/en\/wp-json\/wp\/v2\/pages"}],"about":[{"href":"https:\/\/firmafotografen.no\/en\/wp-json\/wp\/v2\/types\/page"}],"author":[{"embeddable":true,"href":"https:\/\/firmafotografen.no\/en\/wp-json\/wp\/v2\/users\/1"}],"replies":[{"embeddable":true,"href":"https:\/\/firmafotografen.no\/en\/wp-json\/wp\/v2\/comments?post=69"}],"version-history":[{"count":0,"href":"https:\/\/firmafotografen.no\/en\/wp-json\/wp\/v2\/pages\/69\/revisions"}],"up":[{"embeddable":true,"href":"https:\/\/firmafotografen.no\/en\/wp-json\/wp\/v2\/pages\/42"}],"wp:attachment":[{"href":"https:\/\/firmafotografen.no\/en\/wp-json\/wp\/v2\/media?parent=69"}],"curies":[{"name":"wp","href":"https:\/\/api.w.org\/{rel}","templated":true}]}}