{"id":71,"date":"2017-07-05T05:59:40","date_gmt":"2017-07-05T05:59:40","guid":{"rendered":"https:\/\/firmafotografen.no\/?page_id=71"},"modified":"2019-03-01T02:06:44","modified_gmt":"2019-03-01T01:06:44","slug":"kjaeledyr-pet-fotografering-hund-katt-diverse","status":"publish","type":"page","link":"https:\/\/firmafotografen.no\/en\/privat-fotografering\/kjaeledyr-pet-fotografering-hund-katt-diverse\/","title":{"rendered":"Dyrefotograf &#8211; Priser, boooking"},"content":{"rendered":"<section class=\"wpb-content-wrapper\">[vc_row][vc_column][vc_column_text]\r\n<div id=\"pl-71\" class=\"panel-layout\">\r\n<div id=\"pg-71-0\" class=\"panel-grid panel-no-style\" data-style=\"{\">\r\n<div id=\"pgc-71-0-0\" class=\"panel-grid-cell\" data-weight=\"0.6062335381914\">\r\n<div id=\"panel-71-0-0-0\" class=\"so-panel widget widget_sow-editor panel-first-child panel-last-child\" data-index=\"0\" data-style=\"{\">\r\n<div class=\"so-widget-sow-editor so-widget-sow-editor-base\">\r\n<div class=\"siteorigin-widget-tinymce textwidget\">\r\n<p><strong>Hund, Katt, Kj\u00e6ledyr Fotografering<\/strong><\/p>\r\n<p>\u00d8nsker du bilder av ditt kj\u00e6dyr i full HD oppl\u00f8sning til print eller bruk i sosiale medier?<\/p>\r\n<p>Vi tilbyr hjemmefotografering der din hund, katt, hest, hamster eller andre dyr f\u00f8ler seg komfortabel for naturlige bilder. Du kan bestille enkeltfotografering, kostymefotografering eller en av v\u00e5re pet-pakker for bilder som du kan bruke livet ut av din kj\u00e6re.<\/p>\r\n<p>Priser fra kun 1490,-<br \/>\r\n<a href=\"https:\/\/firmafotografen.no\/kontakt-oslo-fotograf\/\">Kontakt oss<\/a> for pristilbud, myauuu<\/p>\r\n<\/div>\r\n<\/div>\r\n<\/div>\r\n<\/div>\r\n<\/div>\r\n<\/div>\r\n<p><img decoding=\"async\" loading=\"lazy\" class=\"alignnone size-full wp-image-1431\" src=\"\/assets\/uploads\/dyrefotograf-hunder.jpg\" alt=\"\" width=\"800\" height=\"533\" srcset=\"https:\/\/firmafotografen.no\/assets\/uploads\/dyrefotograf-hunder.jpg 800w, https:\/\/firmafotografen.no\/assets\/uploads\/dyrefotograf-hunder-430x286.jpg 430w, https:\/\/firmafotografen.no\/assets\/uploads\/dyrefotograf-hunder-150x100.jpg 150w, https:\/\/firmafotografen.no\/assets\/uploads\/dyrefotograf-hunder-700x466.jpg 700w, https:\/\/firmafotografen.no\/assets\/uploads\/dyrefotograf-hunder-300x200.jpg 300w, https:\/\/firmafotografen.no\/assets\/uploads\/dyrefotograf-hunder-768x512.jpg 768w, https:\/\/firmafotografen.no\/assets\/uploads\/dyrefotograf-hunder-267x178.jpg 267w, https:\/\/firmafotografen.no\/assets\/uploads\/dyrefotograf-hunder-272x182.jpg 272w\" sizes=\"(max-width: 800px) 100vw, 800px\" \/><\/p>\r\n<p><img decoding=\"async\" loading=\"lazy\" class=\"alignnone wp-image-3382\" src=\"\/assets\/uploads\/modell-mote-kvinne-reklamefoto-7263-1425x921.jpg\" alt=\"\" width=\"799\" height=\"516\" srcset=\"https:\/\/firmafotografen.no\/assets\/uploads\/modell-mote-kvinne-reklamefoto-7263-1425x921.jpg 1425w, https:\/\/firmafotografen.no\/assets\/uploads\/modell-mote-kvinne-reklamefoto-7263-1425x921-430x278.jpg 430w, https:\/\/firmafotografen.no\/assets\/uploads\/modell-mote-kvinne-reklamefoto-7263-1425x921-150x97.jpg 150w, https:\/\/firmafotografen.no\/assets\/uploads\/modell-mote-kvinne-reklamefoto-7263-1425x921-700x452.jpg 700w, https:\/\/firmafotografen.no\/assets\/uploads\/modell-mote-kvinne-reklamefoto-7263-1425x921-300x194.jpg 300w, https:\/\/firmafotografen.no\/assets\/uploads\/modell-mote-kvinne-reklamefoto-7263-1425x921-768x496.jpg 768w, https:\/\/firmafotografen.no\/assets\/uploads\/modell-mote-kvinne-reklamefoto-7263-1425x921-1024x662.jpg 1024w, https:\/\/firmafotografen.no\/assets\/uploads\/modell-mote-kvinne-reklamefoto-7263-1425x921-800x517.jpg 800w, https:\/\/firmafotografen.no\/assets\/uploads\/modell-mote-kvinne-reklamefoto-7263-1425x921-267x173.jpg 267w, https:\/\/firmafotografen.no\/assets\/uploads\/modell-mote-kvinne-reklamefoto-7263-1425x921-600x388.jpg 600w\" sizes=\"(max-width: 799px) 100vw, 799px\" \/><\/p>\r\n<p><img decoding=\"async\" loading=\"lazy\" class=\"alignnone wp-image-3385\" src=\"\/assets\/uploads\/dyrfotografering-oslo-fotograf-Hakan_Kocali.jpg\" alt=\"\" width=\"798\" height=\"556\" srcset=\"https:\/\/firmafotografen.no\/assets\/uploads\/dyrfotografering-oslo-fotograf-Hakan_Kocali.jpg 1200w, https:\/\/firmafotografen.no\/assets\/uploads\/dyrfotografering-oslo-fotograf-Hakan_Kocali-430x300.jpg 430w, https:\/\/firmafotografen.no\/assets\/uploads\/dyrfotografering-oslo-fotograf-Hakan_Kocali-150x105.jpg 150w, https:\/\/firmafotografen.no\/assets\/uploads\/dyrfotografering-oslo-fotograf-Hakan_Kocali-700x488.jpg 700w, https:\/\/firmafotografen.no\/assets\/uploads\/dyrfotografering-oslo-fotograf-Hakan_Kocali-300x209.jpg 300w, https:\/\/firmafotografen.no\/assets\/uploads\/dyrfotografering-oslo-fotograf-Hakan_Kocali-768x535.jpg 768w, https:\/\/firmafotografen.no\/assets\/uploads\/dyrfotografering-oslo-fotograf-Hakan_Kocali-1024x713.jpg 1024w, https:\/\/firmafotografen.no\/assets\/uploads\/dyrfotografering-oslo-fotograf-Hakan_Kocali-800x557.jpg 800w, https:\/\/firmafotografen.no\/assets\/uploads\/dyrfotografering-oslo-fotograf-Hakan_Kocali-267x186.jpg 267w, https:\/\/firmafotografen.no\/assets\/uploads\/dyrfotografering-oslo-fotograf-Hakan_Kocali-600x418.jpg 600w\" sizes=\"(max-width: 798px) 100vw, 798px\" \/><\/p>\r\n<p><img decoding=\"async\" loading=\"lazy\" class=\"alignnone size-full wp-image-1432\" src=\"\/assets\/uploads\/dyrefotograf-hunder2.jpg\" alt=\"\" width=\"800\" height=\"533\" srcset=\"https:\/\/firmafotografen.no\/assets\/uploads\/dyrefotograf-hunder2.jpg 800w, https:\/\/firmafotografen.no\/assets\/uploads\/dyrefotograf-hunder2-430x286.jpg 430w, https:\/\/firmafotografen.no\/assets\/uploads\/dyrefotograf-hunder2-150x100.jpg 150w, https:\/\/firmafotografen.no\/assets\/uploads\/dyrefotograf-hunder2-700x466.jpg 700w, https:\/\/firmafotografen.no\/assets\/uploads\/dyrefotograf-hunder2-300x200.jpg 300w, https:\/\/firmafotografen.no\/assets\/uploads\/dyrefotograf-hunder2-768x512.jpg 768w, https:\/\/firmafotografen.no\/assets\/uploads\/dyrefotograf-hunder2-267x178.jpg 267w, https:\/\/firmafotografen.no\/assets\/uploads\/dyrefotograf-hunder2-272x182.jpg 272w\" sizes=\"(max-width: 800px) 100vw, 800px\" \/><\/p>\r\n<p><img decoding=\"async\" loading=\"lazy\" class=\"alignnone size-full wp-image-3980\" src=\"\/assets\/uploads\/dyrefotografering-katt-1.jpg\" alt=\"fotograf bilder av dyr - katt\" width=\"800\" height=\"534\" srcset=\"https:\/\/firmafotografen.no\/assets\/uploads\/dyrefotografering-katt-1.jpg 800w, https:\/\/firmafotografen.no\/assets\/uploads\/dyrefotografering-katt-1-430x287.jpg 430w, https:\/\/firmafotografen.no\/assets\/uploads\/dyrefotografering-katt-1-150x100.jpg 150w, https:\/\/firmafotografen.no\/assets\/uploads\/dyrefotografering-katt-1-700x467.jpg 700w, https:\/\/firmafotografen.no\/assets\/uploads\/dyrefotografering-katt-1-300x200.jpg 300w, https:\/\/firmafotografen.no\/assets\/uploads\/dyrefotografering-katt-1-768x513.jpg 768w, https:\/\/firmafotografen.no\/assets\/uploads\/dyrefotografering-katt-1-267x178.jpg 267w, https:\/\/firmafotografen.no\/assets\/uploads\/dyrefotografering-katt-1-600x401.jpg 600w, https:\/\/firmafotografen.no\/assets\/uploads\/dyrefotografering-katt-1-272x182.jpg 272w\" sizes=\"(max-width: 800px) 100vw, 800px\" \/>\u00a0 <img decoding=\"async\" loading=\"lazy\" class=\"alignnone size-full wp-image-1434\" src=\"\/assets\/uploads\/dyrefotograf-hunder4.jpg\" alt=\"\" width=\"800\" height=\"533\" srcset=\"https:\/\/firmafotografen.no\/assets\/uploads\/dyrefotograf-hunder4.jpg 800w, https:\/\/firmafotografen.no\/assets\/uploads\/dyrefotograf-hunder4-430x286.jpg 430w, https:\/\/firmafotografen.no\/assets\/uploads\/dyrefotograf-hunder4-150x100.jpg 150w, https:\/\/firmafotografen.no\/assets\/uploads\/dyrefotograf-hunder4-700x466.jpg 700w, https:\/\/firmafotografen.no\/assets\/uploads\/dyrefotograf-hunder4-300x200.jpg 300w, https:\/\/firmafotografen.no\/assets\/uploads\/dyrefotograf-hunder4-768x512.jpg 768w, https:\/\/firmafotografen.no\/assets\/uploads\/dyrefotograf-hunder4-267x178.jpg 267w, https:\/\/firmafotografen.no\/assets\/uploads\/dyrefotograf-hunder4-272x182.jpg 272w\" sizes=\"(max-width: 800px) 100vw, 800px\" \/><\/p>\r\n<div id=\"pl-71\" class=\"panel-layout\">\r\n<div id=\"pg-71-0\" class=\"panel-grid panel-no-style\" data-style=\"{\">\r\n<div id=\"pgc-71-0-1\" class=\"panel-grid-cell\" data-weight=\"0.3937664618086\">\r\n<div id=\"panel-71-0-1-0\" class=\"so-panel widget widget_sow-editor panel-first-child panel-last-child\" data-index=\"1\" data-style=\"{\">\r\n<div class=\"so-widget-sow-editor so-widget-sow-editor-base\">\r\n<div class=\"siteorigin-widget-tinymce textwidget\">\r\n<p><strong><img decoding=\"async\" loading=\"lazy\" class=\"alignnone size-full wp-image-3982\" src=\"\/assets\/uploads\/dyrefotografering-katt-3.jpg\" alt=\"fotograf bilder av dyr - katt\" width=\"800\" height=\"533\" srcset=\"https:\/\/firmafotografen.no\/assets\/uploads\/dyrefotografering-katt-3.jpg 800w, https:\/\/firmafotografen.no\/assets\/uploads\/dyrefotografering-katt-3-430x286.jpg 430w, https:\/\/firmafotografen.no\/assets\/uploads\/dyrefotografering-katt-3-150x100.jpg 150w, https:\/\/firmafotografen.no\/assets\/uploads\/dyrefotografering-katt-3-700x466.jpg 700w, https:\/\/firmafotografen.no\/assets\/uploads\/dyrefotografering-katt-3-300x200.jpg 300w, https:\/\/firmafotografen.no\/assets\/uploads\/dyrefotografering-katt-3-768x512.jpg 768w, https:\/\/firmafotografen.no\/assets\/uploads\/dyrefotografering-katt-3-267x178.jpg 267w, https:\/\/firmafotografen.no\/assets\/uploads\/dyrefotografering-katt-3-600x400.jpg 600w, https:\/\/firmafotografen.no\/assets\/uploads\/dyrefotografering-katt-3-272x182.jpg 272w\" sizes=\"(max-width: 800px) 100vw, 800px\" \/>Har du sp\u00f8rsm\u00e5l om fotografering av dyr?<\/strong><\/p>\r\n<p>Du kan kontakte oss p\u00e5 tlf: 400 935 45 eller petfoto@dropp.no<br \/>\r\nAlternativt kan du bruke v\u00e5r kontaktskjema &#8211; fotograf<br \/>\r\nTa kontakt for referansebilder og prosjekter, vi tilbyr ogs\u00e5 konsultasjonstime med fremvisning ved st\u00f8rre oppdrag.<\/p>\r\n<\/div>\r\n<\/div>\r\n<\/div>\r\n<\/div>\r\n<\/div>\r\n<\/div>\r\n<p>&nbsp;<\/p>\r\n[\/vc_column_text][\/vc_column][\/vc_row][vc_row][vc_column][vc_media_grid grid_id=&#8221;vc_gid:1549406302632-e5493200-9845-2&#8243; include=&#8221;3980,3981,3982,3385,1432,1431,1433,1435,1434,831,836&#8243;][\/vc_column][\/vc_row]<\/section>","protected":false},"excerpt":{"rendered":"<p>[vc_row][vc_column][vc_column_text] Hund, Katt, Kj\u00e6ledyr Fotografering \u00d8nsker du bilder av ditt kj\u00e6dyr i full HD oppl\u00f8sning til print eller bruk i<a class=\"ninja_pages_read_more\"  href=\"https:\/\/firmafotografen.no\/en\/privat-fotografering\/kjaeledyr-pet-fotografering-hund-katt-diverse\/\"><\/a><\/p>\n","protected":false},"author":1,"featured_media":1433,"parent":42,"menu_order":0,"comment_status":"closed","ping_status":"closed","template":"","meta":{"_lmt_disableupdate":"no","_lmt_disable":""},"_links":{"self":[{"href":"https:\/\/firmafotografen.no\/en\/wp-json\/wp\/v2\/pages\/71"}],"collection":[{"href":"https:\/\/firmafotografen.no\/en\/wp-json\/wp\/v2\/pages"}],"about":[{"href":"https:\/\/firmafotografen.no\/en\/wp-json\/wp\/v2\/types\/page"}],"author":[{"embeddable":true,"href":"https:\/\/firmafotografen.no\/en\/wp-json\/wp\/v2\/users\/1"}],"replies":[{"embeddable":true,"href":"https:\/\/firmafotografen.no\/en\/wp-json\/wp\/v2\/comments?post=71"}],"version-history":[{"count":0,"href":"https:\/\/firmafotografen.no\/en\/wp-json\/wp\/v2\/pages\/71\/revisions"}],"up":[{"embeddable":true,"href":"https:\/\/firmafotografen.no\/en\/wp-json\/wp\/v2\/pages\/42"}],"wp:featuredmedia":[{"embeddable":true,"href":"https:\/\/firmafotografen.no\/en\/wp-json\/wp\/v2\/media\/1433"}],"wp:attachment":[{"href":"https:\/\/firmafotografen.no\/en\/wp-json\/wp\/v2\/media?parent=71"}],"curies":[{"name":"wp","href":"https:\/\/api.w.org\/{rel}","templated":true}]}}