{"id":76,"date":"2017-07-05T06:01:15","date_gmt":"2017-07-05T06:01:15","guid":{"rendered":"https:\/\/firmafotografen.no\/?page_id=76"},"modified":"2020-01-07T20:39:56","modified_gmt":"2020-01-07T19:39:56","slug":"bursdagsfotografering","status":"publish","type":"page","link":"https:\/\/firmafotografen.no\/en\/privat-fotografering\/bursdagsfotografering\/","title":{"rendered":"Bursdagsfotografering"},"content":{"rendered":"<div id=\"pl-76\" class=\"panel-layout\">\r\n<div id=\"pg-76-0\" class=\"panel-grid panel-no-style\" data-style=\"{&quot;background_display&quot;:&quot;tile&quot;,&quot;cell_alignment&quot;:&quot;flex-start&quot;}\">\r\n<div id=\"pgc-76-0-0\" class=\"panel-grid-cell\" data-weight=\"0.54741000877963\">\r\n<div id=\"panel-76-0-0-0\" class=\"so-panel widget widget_sow-editor panel-first-child panel-last-child\" data-index=\"0\" data-style=\"{&quot;background_image_attachment&quot;:false,&quot;background_display&quot;:&quot;tile&quot;}\">\r\n<div class=\"so-widget-sow-editor so-widget-sow-editor-base\">\r\n<div class=\"siteorigin-widget-tinymce textwidget\">\r\n<p>Vi tilbyr bursdagsfotografering for b\u00e5de voksne og barn.<br \/>Fotografen m\u00f8ter opp til avtalt tid og fotograferer i hele oppdragslengden.<br \/>Du bestemmer selv hvor lenge du \u00f8nsker fotografen til stede og dette avtales ved bestilling. Vi opererer med x antall bilder som leveres i v\u00e5r digitale l\u00f8sning 2-3 dager etter endt oppdrag.<\/p>\r\n<p>Vi tilbyr alt fra 30minutter og opptil heldagsfotografering for bursdagsfeiringer.<\/p>\r\n<h2><span style=\"font-size: 20px;\">VANGLIGE SP\u00d8RSM\u00c5L &#8211; EVENTBILDER &#8211; EVENTFOTOGRAFERING<\/span><\/h2>\r\n\t\t<section class=\"sc_fs_faq sc_card \">\n\t\t\t<div>\n\t\t\t\t<h2>Hvordan leveres bildene?<\/h2>\t\t\t\t<div>\n\t\t\t\t\t\t\t\t\t\t<p>\n\t\t\t\t\t\tBilder leveres i digital format via v\u00e5r nettbaserte, sikre bildeserver. Disse kan lastes ned enkeltvis eller samlet i komprimert ZIP fil.\t\t\t\t\t<\/p>\n\t\t\t\t<\/div>\n\t\t\t<\/div>\n\t\t<\/section>\n\t\t\t\t<section class=\"sc_fs_faq sc_card \">\n\t\t\t<div>\n\t\t\t\t<h2>Hva koster fotograferingen?<\/h2>\t\t\t\t<div>\n\t\t\t\t\t\t\t\t\t\t<p>\n\t\t\t\t\t\tPris vil avhenge av hva slags bilder som \u00f8nskes og antall bilder. Vi tilbyr priser fra 2500,- og tilbyr noen av landets beste priser.\t\t\t\t\t<\/p>\n\t\t\t\t<\/div>\n\t\t\t<\/div>\n\t\t<\/section>\n\t\t\t\t<section class=\"sc_fs_faq sc_card \">\n\t\t\t<div>\n\t\t\t\t<h2>F\u00f8lger etter behandling av bilder med i prisen?<\/h2>\t\t\t\t<div>\n\t\t\t\t\t\t\t\t\t\t<p>\n\t\t\t\t\t\tAlle bilder som vi leverer inkluderer etterbehandling og optimalisering.\t\t\t\t\t<\/p>\n\t\t\t\t<\/div>\n\t\t\t<\/div>\n\t\t<\/section>\n\t\t\t\t<section class=\"sc_fs_faq sc_card \">\n\t\t\t<div>\n\t\t\t\t<h2>Hvor tidlig m\u00e5 fotografering bestilles<\/h2>\t\t\t\t<div>\n\t\t\t\t\t\t\t\t\t\t<p>\n\t\t\t\t\t\tVi anbefaller \u00e5 booke fotograf minimum 2 uker f\u00f8r fotografering. Vi kan selvsagt ta imot oppdrag p\u00e5 kortere varsel, dersom det er ledig kapasistet.\t\t\t\t\t<\/p>\n\t\t\t\t<\/div>\n\t\t\t<\/div>\n\t\t<\/section>\n\t\t\t\t<section class=\"sc_fs_faq sc_card \">\n\t\t\t<div>\n\t\t\t\t<h2>Vannmerker dere bilder med logo eller signatur av fotograf<\/h2>\t\t\t\t<div>\n\t\t\t\t\t\t\t\t\t\t<p>\n\t\t\t\t\t\tSom standard merkes ikke v\u00e5re bilder med logosignatur. Ved utvalg av bilder der kunde \u00f8nsker \u00e5 velge \u00f8nskede bilder, blir bildene vannmerket, men endelige produkt leveres uten noen form for merking.\t\t\t\t\t<\/p>\n\t\t\t\t<\/div>\n\t\t\t<\/div>\n\t\t<\/section>\n\t\t\t\t<section class=\"sc_fs_faq sc_card \">\n\t\t\t<div>\n\t\t\t\t<h2>Publiserer dere bildene p\u00e5 nett<\/h2>\t\t\t\t<div>\n\t\t\t\t\t\t\t\t\t\t<p>\n\t\t\t\t\t\tPrivatbilder forblir privat, og vi publiserer ikke private bilder uten avtale\t\t\t\t\t<\/p>\n\t\t\t\t<\/div>\n\t\t\t<\/div>\n\t\t<\/section>\n\t\t\t\t<section class=\"sc_fs_faq sc_card \">\n\t\t\t<div>\n\t\t\t\t<h2>Tar dere reisetillegg?<\/h2>\t\t\t\t<div>\n\t\t\t\t\t\t\t\t\t\t<p>\n\t\t\t\t\t\tVi tar reisetillegg basert p\u00e5 estimerte kostnader som parkering og reiseutgifter. Ofte inkluderer vi reisekostnader i totalprisen\t\t\t\t\t<\/p>\n\t\t\t\t<\/div>\n\t\t\t<\/div>\n\t\t<\/section>\n\t\t\n<script type=\"application\/ld+json\">\n\t{\n\t\t\"@context\": \"https:\/\/schema.org\",\n\t\t\"@type\": \"FAQPage\",\n\t\t\"mainEntity\": [\n\t\t\t\t\t{\n\t\t\t\t\"@type\": \"Question\",\n\t\t\t\t\"name\": \"Hvordan leveres bildene?\",\n\t\t\t\t\"acceptedAnswer\": {\n\t\t\t\t\t\"@type\": \"Answer\",\n\t\t\t\t\t\"text\": \"Bilder leveres i digital format via v\u00e5r nettbaserte, sikre bildeserver. Disse kan lastes ned enkeltvis eller samlet i komprimert ZIP fil.\"\n\t\t\t\t\t\t\t\t\t}\n\t\t\t}\n\t\t\t,\t\t\t\t{\n\t\t\t\t\"@type\": \"Question\",\n\t\t\t\t\"name\": \"Hva koster fotograferingen?\",\n\t\t\t\t\"acceptedAnswer\": {\n\t\t\t\t\t\"@type\": \"Answer\",\n\t\t\t\t\t\"text\": \"Pris vil avhenge av hva slags bilder som \u00f8nskes og antall bilder. Vi tilbyr priser fra 2500,- og tilbyr noen av landets beste priser.\"\n\t\t\t\t\t\t\t\t\t}\n\t\t\t}\n\t\t\t,\t\t\t\t{\n\t\t\t\t\"@type\": \"Question\",\n\t\t\t\t\"name\": \"F\u00f8lger etter behandling av bilder med i prisen?\",\n\t\t\t\t\"acceptedAnswer\": {\n\t\t\t\t\t\"@type\": \"Answer\",\n\t\t\t\t\t\"text\": \"Alle bilder som vi leverer inkluderer etterbehandling og optimalisering.\"\n\t\t\t\t\t\t\t\t\t}\n\t\t\t}\n\t\t\t,\t\t\t\t{\n\t\t\t\t\"@type\": \"Question\",\n\t\t\t\t\"name\": \"Hvor tidlig m\u00e5 fotografering bestilles\",\n\t\t\t\t\"acceptedAnswer\": {\n\t\t\t\t\t\"@type\": \"Answer\",\n\t\t\t\t\t\"text\": \"Vi anbefaller \u00e5 booke fotograf minimum 2 uker f\u00f8r fotografering. Vi kan selvsagt ta imot oppdrag p\u00e5 kortere varsel, dersom det er ledig kapasistet.\"\n\t\t\t\t\t\t\t\t\t}\n\t\t\t}\n\t\t\t,\t\t\t\t{\n\t\t\t\t\"@type\": \"Question\",\n\t\t\t\t\"name\": \"Vannmerker dere bilder med logo eller signatur av fotograf\",\n\t\t\t\t\"acceptedAnswer\": {\n\t\t\t\t\t\"@type\": \"Answer\",\n\t\t\t\t\t\"text\": \"Som standard merkes ikke v\u00e5re bilder med logosignatur. Ved utvalg av bilder der kunde \u00f8nsker \u00e5 velge \u00f8nskede bilder, blir bildene vannmerket, men endelige produkt leveres uten noen form for merking.\"\n\t\t\t\t\t\t\t\t\t}\n\t\t\t}\n\t\t\t,\t\t\t\t{\n\t\t\t\t\"@type\": \"Question\",\n\t\t\t\t\"name\": \"Publiserer dere bildene p\u00e5 nett\",\n\t\t\t\t\"acceptedAnswer\": {\n\t\t\t\t\t\"@type\": \"Answer\",\n\t\t\t\t\t\"text\": \"Privatbilder forblir privat, og vi publiserer ikke private bilder uten avtale\"\n\t\t\t\t\t\t\t\t\t}\n\t\t\t}\n\t\t\t,\t\t\t\t{\n\t\t\t\t\"@type\": \"Question\",\n\t\t\t\t\"name\": \"Tar dere reisetillegg?\",\n\t\t\t\t\"acceptedAnswer\": {\n\t\t\t\t\t\"@type\": \"Answer\",\n\t\t\t\t\t\"text\": \"Vi tar reisetillegg basert p\u00e5 estimerte kostnader som parkering og reiseutgifter. Ofte inkluderer vi reisekostnader i totalprisen\"\n\t\t\t\t\t\t\t\t\t}\n\t\t\t}\n\t\t\t\t\t\t]\n\t}\n<\/script>\n\r\n<p>Om du har sp\u00f8rsm\u00e5l om pris og avtaler kan du kontakte oss via kontaktdelen nederst p\u00e5 denne siden<\/p>\r\n<p><a href=\"https:\/\/firmafotografen.no\/fa-tilbud\/\">F\u00c5 PRISTILBUD -BURSDAGSFOTOGRAFERING<\/a><\/p>\r\n<p>Se <a href=\"https:\/\/firmafotografen.no\/priser-fotograf\/privat-priser-foto\/\">priser p\u00e5 fotograf <\/a>og husk at vi er fleksible n\u00e5r det gjelder mindre oppdrag og for deg som har begrenset budsjett.<\/p>\r\n<p><a href=\"https:\/\/firmafotografen.no\/kontakt-oslo-fotograf\/\">Kontakt oss for et godt fotografering tilbud<\/a><\/p>\r\n<\/div>\r\n<\/div>\r\n<\/div>\r\n<\/div>\r\n<div id=\"pgc-76-0-1\" class=\"panel-grid-cell\" data-weight=\"0.45258999122037\">\r\n<div id=\"panel-76-0-1-0\" class=\"so-panel widget widget_sow-editor panel-first-child panel-last-child\" data-index=\"1\" data-style=\"{&quot;background_display&quot;:&quot;tile&quot;}\">\r\n<div class=\"so-widget-sow-editor so-widget-sow-editor-base\">\r\n<div class=\"siteorigin-widget-tinymce textwidget\">\r\n<p><img decoding=\"async\" loading=\"lazy\" class=\"alignnone size-medium wp-image-698\" src=\"https:\/\/firmafotografen.no\/assets\/uploads\/bursdag-barn-large-300x111.jpg\" sizes=\"(max-width: 300px) 100vw, 300px\" srcset=\"https:\/\/firmafotografen.no\/assets\/uploads\/bursdag-barn-large-300x111.jpg 300w, https:\/\/firmafotografen.no\/assets\/uploads\/bursdag-barn-large-768x283.jpg 768w, https:\/\/firmafotografen.no\/assets\/uploads\/bursdag-barn-large.jpg 840w\" alt=\"bursdagsfotograf oslo\" width=\"300\" height=\"111\"><\/p>\r\n<\/div>\r\n<\/div>\r\n<\/div>\r\n<\/div>\r\n<\/div>\r\n<div id=\"pg-76-1\" class=\"panel-grid panel-no-style\" data-style=\"{&quot;background_display&quot;:&quot;tile&quot;,&quot;cell_alignment&quot;:&quot;flex-start&quot;}\">\r\n<div id=\"pgc-76-1-0\" class=\"panel-grid-cell\" data-weight=\"0.5\">\r\n<div id=\"panel-76-1-0-0\" class=\"so-panel widget widget_sow-editor panel-first-child panel-last-child\" data-index=\"2\" data-style=\"{&quot;background_display&quot;:&quot;tile&quot;}\">\r\n<div class=\"so-widget-sow-editor so-widget-sow-editor-base\">\r\n<div class=\"siteorigin-widget-tinymce textwidget\">\r\n<p><span style=\"font-style: italic;\">Populere aldre for fotografbooking og storfeiringer. F\u00e5 morsomme bursdagsbilder som fanger \u00f8yeblikket.<br \/><\/span><\/p>\r\n<p>Dersom du \u00f8nsker morsomme bilder, hjelper vi til med \u00e5 heve stemningen for bildet. Utvalgte bilder kan ogs\u00e5 deles med alle gjester eller deltagere.<\/p>\r\n<p><span style=\"font-size: 26px; font-weight: bold; color: #0d6172;\">30 \u00e5r<\/span> <span style=\"color: #0d6172;\">|<\/span> <span style=\"font-size: 22px; color: #0d6172;\">40 \u00e5r<\/span> <span style=\"color: #0d6172;\">|<\/span> <span style=\"font-size: 26px; color: #0d6172;\">50 \u00e5r<\/span> <span style=\"color: #0d6172;\">| 60 \u00e5r |<\/span> <span style=\"font-size: 13px; color: #0d6172;\">70 \u00e5r<\/span> <span style=\"color: #0d6172;\">|<\/span> <span style=\"font-size: 11px; color: #0d6172;\">80 \u00e5r<\/span><\/p>\r\n<p><span style=\"font-size: 22px; color: #0d6172;\">35 \u00e5r<\/span> <span style=\"color: #0d6172;\">|<\/span> <span style=\"color: #0d6172;\">45 \u00e5r<\/span> <span style=\"color: #0d6172;\">|<\/span> <span style=\"font-size: 13px; color: #0d6172;\">55 \u00e5r<\/span> <span style=\"color: #0d6172;\">|<\/span> <span style=\"font-size: 12px; color: #0d6172;\">65 \u00e5r<\/span><\/p>\r\n<\/div>\r\n<\/div>\r\n<\/div>\r\n<\/div>\r\n<div id=\"pgc-76-1-1\" class=\"panel-grid-cell\" data-weight=\"0.5\">\r\n<div id=\"panel-76-1-1-0\" class=\"so-panel widget widget_sow-editor panel-first-child panel-last-child\" data-index=\"3\" data-style=\"{&quot;background_display&quot;:&quot;tile&quot;}\">\r\n<div class=\"so-widget-sow-editor so-widget-sow-editor-base\">\r\n<div class=\"siteorigin-widget-tinymce textwidget\">&nbsp;<\/div>\r\n<\/div>\r\n<\/div>\r\n<\/div>\r\n<\/div>\r\n<div id=\"pg-76-2\" class=\"panel-grid panel-no-style\" data-style=\"{&quot;background_display&quot;:&quot;tile&quot;,&quot;cell_alignment&quot;:&quot;flex-start&quot;}\">\r\n<div id=\"pgc-76-2-0\" class=\"panel-grid-cell\" data-weight=\"0.33333333333333\">\r\n<div id=\"panel-76-2-0-0\" class=\"so-panel widget widget_sow-editor panel-first-child panel-last-child\" data-index=\"4\" data-style=\"{&quot;background_display&quot;:&quot;tile&quot;}\">\r\n<div class=\"so-widget-sow-editor so-widget-sow-editor-base\">\r\n<div class=\"siteorigin-widget-tinymce textwidget\">\r\n<p style=\"text-align: center;\"><span style=\"font-size: 18px;\">MINNER FOR LIVET<\/span><\/p>\r\n<hr width=\"50\">\r\n<p style=\"text-align: center;\">N\u00e5r man \u00f8nsker \u00e5 feire sin bursdag eller andres p\u00e5 en litt st\u00f8rre omfang enn vanlig vil en fotograf v\u00e6re en god investering.<\/p>\r\n<p style=\"text-align: center;\"><img decoding=\"async\" loading=\"lazy\" class=\"superframe alignnone wp-image-705 size-full\" src=\"https:\/\/firmafotografen.no\/assets\/uploads\/bursdagsfeiring.jpg\" sizes=\"(max-width: 350px) 100vw, 350px\" srcset=\"https:\/\/firmafotografen.no\/assets\/uploads\/bursdagsfeiring.jpg 350w, https:\/\/firmafotografen.no\/assets\/uploads\/bursdagsfeiring-300x187.jpg 300w\" alt=\"Gaver gaver!\" width=\"350\" height=\"218\"><br \/><span style=\"font-family: comic sans ms,sans-serif;\">Bursdagsgaver<\/span><\/p>\r\n<\/div>\r\n<\/div>\r\n<\/div>\r\n<\/div>\r\n<div id=\"pgc-76-2-1\" class=\"panel-grid-cell\" data-weight=\"0.33333333333333\">\r\n<div id=\"panel-76-2-1-0\" class=\"so-panel widget widget_sow-editor panel-first-child panel-last-child\" data-index=\"5\" data-style=\"{&quot;background_display&quot;:&quot;tile&quot;}\">\r\n<div class=\"so-widget-sow-editor so-widget-sow-editor-base\">\r\n<div class=\"siteorigin-widget-tinymce textwidget\">\r\n<p style=\"text-align: center;\"><span style=\"font-size: 18px;\">HVORFOR BESTILLE FOTOGRAF?<\/span><\/p>\r\n<hr width=\"50\">\r\n<p style=\"text-align: center;\">En professjonell fotograf vil s\u00f8rge for at alt som skjer dokumenteres med bilder, slik at minner blir til bilder og av bildene holder h\u00f8y kvalitet.<\/p>\r\n<p style=\"text-align: center;\"><img decoding=\"async\" loading=\"lazy\" class=\"superframe alignnone wp-image-716 size-full\" src=\"https:\/\/firmafotografen.no\/assets\/uploads\/bursdagsfotograf-oslo-large.jpg\" sizes=\"(max-width: 400px) 100vw, 400px\" srcset=\"https:\/\/firmafotografen.no\/assets\/uploads\/bursdagsfotograf-oslo-large.jpg 400w, https:\/\/firmafotografen.no\/assets\/uploads\/bursdagsfotograf-oslo-large-300x188.jpg 300w\" alt=\"\" width=\"400\" height=\"250\"><br \/><span style=\"font-family: comic sans ms,sans-serif;\">Interi\u00f8r og bordbilder<\/span><\/p>\r\n<\/div>\r\n<\/div>\r\n<\/div>\r\n<\/div>\r\n<div id=\"pgc-76-2-2\" class=\"panel-grid-cell\" data-weight=\"0.33333333333333\">\r\n<div id=\"panel-76-2-2-0\" class=\"so-panel widget widget_sow-editor panel-first-child panel-last-child\" data-index=\"6\" data-style=\"{&quot;background_display&quot;:&quot;tile&quot;}\">\r\n<div class=\"so-widget-sow-editor so-widget-sow-editor-base\">\r\n<div class=\"siteorigin-widget-tinymce textwidget\">\r\n<p style=\"text-align: center;\"><span style=\"font-size: 18px;\">BILDER AV OMGIVELSENE<\/span><\/p>\r\n<hr width=\"50\">\r\n<p style=\"text-align: center;\">Du f\u00e5r gode oversiktsbilder som viser hvor, hvordan og hvorfor bursdagen holdes, samtidig som atmosf\u00e6ren fanges i bilder.<\/p>\r\n<p style=\"text-align: center;\"><img decoding=\"async\" loading=\"lazy\" class=\"superframe alignnone wp-image-719 size-full\" src=\"https:\/\/firmafotografen.no\/assets\/uploads\/bursdagsfeiring-fotograf.jpg\" sizes=\"(max-width: 400px) 100vw, 400px\" srcset=\"https:\/\/firmafotografen.no\/assets\/uploads\/bursdagsfeiring-fotograf.jpg 400w, https:\/\/firmafotografen.no\/assets\/uploads\/bursdagsfeiring-fotograf-300x188.jpg 300w\" alt=\"\" width=\"400\" height=\"250\"><br \/><span style=\"font-family: comic sans ms,sans-serif;\">Heltsbilder av eventen<\/span><\/p>\r\n<\/div>\r\n<\/div>\r\n<\/div>\r\n<\/div>\r\n<\/div>\r\n<div id=\"pg-76-3\" class=\"panel-grid panel-no-style\" data-style=\"{&quot;background_display&quot;:&quot;tile&quot;,&quot;cell_alignment&quot;:&quot;flex-start&quot;}\">\r\n<div id=\"pgc-76-3-0\" class=\"panel-grid-cell\" data-weight=\"0.33333333333333\">\r\n<div id=\"panel-76-3-0-0\" class=\"so-panel widget widget_sow-editor panel-first-child panel-last-child\" data-index=\"7\" data-style=\"{&quot;background_display&quot;:&quot;tile&quot;}\">\r\n<div class=\"so-widget-sow-editor so-widget-sow-editor-base\">\r\n<div class=\"siteorigin-widget-tinymce textwidget\">\r\n<p style=\"text-align: center;\"><span style=\"font-size: 18px;\">BILDER AV MAT OG SNACKS<\/span><\/p>\r\n<hr width=\"50\">\r\n<p style=\"text-align: center;\">Maten b\u00f8r slett ikke glemmes, da en god bursdag er en bursdag med god mat.<\/p>\r\n<p style=\"text-align: center;\"><img decoding=\"async\" loading=\"lazy\" class=\"superframe alignnone wp-image-720 size-full\" src=\"https:\/\/firmafotografen.no\/assets\/uploads\/bursdag-fotograf-mat.jpg\" sizes=\"(max-width: 350px) 100vw, 350px\" srcset=\"https:\/\/firmafotografen.no\/assets\/uploads\/bursdag-fotograf-mat.jpg 350w, https:\/\/firmafotografen.no\/assets\/uploads\/bursdag-fotograf-mat-300x187.jpg 300w\" alt=\"\" width=\"350\" height=\"218\"><br \/><span style=\"font-family: comic sans ms,sans-serif;\">Bilder av servering og mat<\/span><\/p>\r\n<\/div>\r\n<\/div>\r\n<\/div>\r\n<\/div>\r\n<div id=\"pgc-76-3-1\" class=\"panel-grid-cell\" data-weight=\"0.33333333333333\">\r\n<div id=\"panel-76-3-1-0\" class=\"so-panel widget widget_sow-editor panel-first-child panel-last-child\" data-index=\"8\" data-style=\"{&quot;background_display&quot;:&quot;tile&quot;}\">\r\n<div class=\"so-widget-sow-editor so-widget-sow-editor-base\">\r\n<div class=\"siteorigin-widget-tinymce textwidget\">\r\n<p style=\"text-align: center;\"><span style=\"font-size: 18px;\">ANTALL BILDER<\/span><\/p>\r\n<hr width=\"50\">\r\n<p style=\"text-align: center;\">Vi avtaler p\u00e5 forh\u00e5nd minsteantall p\u00e5 bilder som skal leveres, og gir deg en leveringsdato.<\/p>\r\n<p style=\"text-align: center;\"><img decoding=\"async\" loading=\"lazy\" class=\"superframe alignnone wp-image-721 size-full\" src=\"https:\/\/firmafotografen.no\/assets\/uploads\/bursdag-gjesteliste-1.jpg\" sizes=\"(max-width: 350px) 100vw, 350px\" srcset=\"https:\/\/firmafotografen.no\/assets\/uploads\/bursdag-gjesteliste-1.jpg 350w, https:\/\/firmafotografen.no\/wp-content\/uploads\/bursdag-gjesteliste-1-300x187.jpg 300w\" alt=\"\" width=\"350\" height=\"218\"><br \/><span style=\"font-family: comic sans ms,sans-serif;\">Gjestelister og invitasjoner<\/span><\/p>\r\n<\/div>\r\n<\/div>\r\n<\/div>\r\n<\/div>\r\n<div id=\"pgc-76-3-2\" class=\"panel-grid-cell\" data-weight=\"0.33333333333333\">\r\n<div id=\"panel-76-3-2-0\" class=\"so-panel widget widget_sow-editor panel-first-child panel-last-child\" data-index=\"9\" data-style=\"{&quot;background_display&quot;:&quot;tile&quot;}\">\r\n<div class=\"so-widget-sow-editor so-widget-sow-editor-base\">\r\n<div class=\"siteorigin-widget-tinymce textwidget\">\r\n<p style=\"text-align: center;\"><span style=\"font-size: 18px;\">PRISER<\/span><\/p>\r\n<hr width=\"50\">\r\n<p style=\"text-align: center;\">Du kan se <a href=\"\/priser-privat\">prisoversikt<\/a> for en estimat. Vi har prispakker som passer alle budsjetter.<\/p>\r\n<p style=\"text-align: center;\"><img decoding=\"async\" loading=\"lazy\" class=\"superframe alignnone wp-image-722 size-full\" src=\"https:\/\/firmafotografen.no\/assets\/uploads\/fotografering-av-gaver.jpg\" sizes=\"(max-width: 349px) 100vw, 349px\" srcset=\"https:\/\/firmafotografen.no\/assets\/uploads\/fotografering-av-gaver.jpg 349w, https:\/\/firmafotografen.no\/assets\/uploads\/fotografering-av-gaver-300x199.jpg 300w, https:\/\/firmafotografen.no\/wp-content\/uploads\/fotografering-av-gaver-272x182.jpg 272w\" alt=\"\" width=\"349\" height=\"232\"><br \/>V\u00e5re priser p\u00e5 bursdagsfotografer<\/p>\r\n<\/div>\r\n<\/div>\r\n<\/div>\r\n<\/div>\r\n<\/div>\r\n<div id=\"pg-76-4\" class=\"panel-grid panel-no-style\" data-style=\"{&quot;background_display&quot;:&quot;tile&quot;,&quot;cell_alignment&quot;:&quot;flex-start&quot;}\">\r\n<div id=\"pgc-76-4-0\" class=\"panel-grid-cell\" data-style=\"{&quot;background_display&quot;:&quot;tile&quot;,&quot;vertical_alignment&quot;:&quot;auto&quot;}\" data-weight=\"0.42273924495171\">\r\n<div id=\"panel-76-4-0-0\" class=\"so-panel widget widget_sow-editor panel-first-child panel-last-child\" data-index=\"10\" data-style=\"{&quot;background_display&quot;:&quot;tile&quot;}\">\r\n<div class=\"so-widget-sow-editor so-widget-sow-editor-base\">\r\n<div class=\"siteorigin-widget-tinymce textwidget\">\r\n<p><img decoding=\"async\" loading=\"lazy\" class=\"superframe wp-image-702 size-full alignleft\" src=\"https:\/\/firmafotografen.no\/assets\/uploads\/128-600x400.jpg\" sizes=\"(max-width: 600px) 100vw, 600px\" srcset=\"https:\/\/firmafotografen.no\/assets\/uploads\/128-600x400.jpg 600w, https:\/\/firmafotografen.no\/assets\/uploads\/128-600x400-300x200.jpg 300w, https:\/\/firmafotografen.no\/assets\/uploads\/128-600x400-272x182.jpg 272w\" alt=\"Bursdagsferiering fotograf\" width=\"600\" height=\"400\"><\/p>\r\n<\/div>\r\n<\/div>\r\n<\/div>\r\n<\/div>\r\n<div id=\"pgc-76-4-1\" class=\"panel-grid-cell\" data-weight=\"0.57726075504829\">\r\n<div id=\"panel-76-4-1-0\" class=\"so-panel widget widget_sow-editor panel-first-child panel-last-child\" data-index=\"11\" data-style=\"{&quot;background_display&quot;:&quot;tile&quot;}\">\r\n<div class=\"so-widget-sow-editor so-widget-sow-editor-base\">\r\n<div class=\"siteorigin-widget-tinymce textwidget\">\r\n<p><strong>HVORDAN FOTOGRAFERES BURSDAG<\/strong><\/p>\r\n<p>Fotografen m\u00f8ter opp til avtalt tid og introduserer seg til oppdragsgiver. Det foretas en rask befaring av stedet der bursdagen holdes og bestiller f\u00e5r mulighet til \u00e5 introdusere fotografen til sine gjester.<\/p>\r\n<p>Fotografen forteller kort om hvordan fotograferingen skal skje, bekrefte hvor lenge han\\hun skal v\u00e6re tilstede og noterer eventuelle tilbakemeldinger og viktige tidspunkter fra bestiller.<\/p>\r\n<p>Fotografen f\u00f8lger instruks fra oppdragsbeskrivelsen og er ellers fleksibel iht. grupperfotograferinger og andre foresp\u00f8rsler.<\/p>\r\n<p>Etter endt oppdrag melder fotografen fra til oppdragsgiver og informere om forventet leveringstid og eventuelle merknader.<\/p>\r\n<p>Bildene leveres via v\u00e5r fotoserver som kan deles med gjestene og sendes videre for printing.<\/p>\r\n<\/div>\r\n<\/div>\r\n<\/div>\r\n<\/div>\r\n<\/div>\r\n<div id=\"pg-76-5\" class=\"panel-grid panel-no-style\" data-style=\"{&quot;background_display&quot;:&quot;tile&quot;,&quot;cell_alignment&quot;:&quot;flex-start&quot;}\">\r\n<div id=\"pgc-76-5-0\" class=\"panel-grid-cell\" data-weight=\"0.5\">\r\n<div id=\"panel-76-5-0-0\" class=\"so-panel widget widget_sow-editor panel-first-child panel-last-child\" data-index=\"12\" data-style=\"{&quot;background_display&quot;:&quot;tile&quot;}\">\r\n<div class=\"so-widget-sow-editor so-widget-sow-editor-base\">\r\n<div class=\"siteorigin-widget-tinymce textwidget\">\r\n<p><strong>BARNEBURSDAG FOTOGRAF RUTINER<\/strong><\/p>\r\n<p>Det er alltid viktig at fotografen er sosial og lett \u00e5 f\u00e5 kontakt med av barn. Barn har alltid mange sp\u00f8rsm\u00e5l og er oftest veldig nysgjerrige. \u00c5 ta bilder skal v\u00e6re g\u00f8y, samtidig som fotografen ikke g\u00e5r glipp av store \u00f8yeblik som bl\u00e5sing av lys og lek som foreg\u00e5r.<\/p>\r\n<p>Etter endt oppdrag f\u00e5r du tilgang til din egen bildedatebase som du kan dele med de andre foreldrene og mulighet til \u00e5 sende disse til print.<\/p>\r\n<p>Det er ogs\u00e5 mulighet til \u00e5 bestille portrett fotografering med bakgrunnsredigering der barna kan ha sin favoritt tegnefilm eller karakterer i sitt bilde.<\/p>\r\n<\/div>\r\n<\/div>\r\n<\/div>\r\n<\/div>\r\n<div id=\"pgc-76-5-1\" class=\"panel-grid-cell\" data-weight=\"0.5\">\r\n<div id=\"panel-76-5-1-0\" class=\"so-panel widget widget_sow-editor panel-first-child panel-last-child\" data-index=\"13\" data-style=\"{&quot;background_display&quot;:&quot;tile&quot;}\">\r\n<div class=\"so-widget-sow-editor so-widget-sow-editor-base\">\r\n<div class=\"siteorigin-widget-tinymce textwidget\">&nbsp;<\/div>\r\n<\/div>\r\n<\/div>\r\n<\/div>\r\n<\/div>\r\n<\/div>\r\n","protected":false},"excerpt":{"rendered":"<p>Vi tilbyr bursdagsfotografering for b\u00e5de voksne og barn.Fotografen m\u00f8ter opp til avtalt tid og fotograferer i hele oppdragslengden.Du bestemmer selv<a class=\"ninja_pages_read_more\"  href=\"https:\/\/firmafotografen.no\/en\/privat-fotografering\/bursdagsfotografering\/\"><\/a><\/p>\n","protected":false},"author":1,"featured_media":989,"parent":42,"menu_order":0,"comment_status":"closed","ping_status":"closed","template":"","meta":{"_lmt_disableupdate":"no","_lmt_disable":""},"_links":{"self":[{"href":"https:\/\/firmafotografen.no\/en\/wp-json\/wp\/v2\/pages\/76"}],"collection":[{"href":"https:\/\/firmafotografen.no\/en\/wp-json\/wp\/v2\/pages"}],"about":[{"href":"https:\/\/firmafotografen.no\/en\/wp-json\/wp\/v2\/types\/page"}],"author":[{"embeddable":true,"href":"https:\/\/firmafotografen.no\/en\/wp-json\/wp\/v2\/users\/1"}],"replies":[{"embeddable":true,"href":"https:\/\/firmafotografen.no\/en\/wp-json\/wp\/v2\/comments?post=76"}],"version-history":[{"count":2,"href":"https:\/\/firmafotografen.no\/en\/wp-json\/wp\/v2\/pages\/76\/revisions"}],"predecessor-version":[{"id":6779,"href":"https:\/\/firmafotografen.no\/en\/wp-json\/wp\/v2\/pages\/76\/revisions\/6779"}],"up":[{"embeddable":true,"href":"https:\/\/firmafotografen.no\/en\/wp-json\/wp\/v2\/pages\/42"}],"wp:featuredmedia":[{"embeddable":true,"href":"https:\/\/firmafotografen.no\/en\/wp-json\/wp\/v2\/media\/989"}],"wp:attachment":[{"href":"https:\/\/firmafotografen.no\/en\/wp-json\/wp\/v2\/media?parent=76"}],"curies":[{"name":"wp","href":"https:\/\/api.w.org\/{rel}","templated":true}]}}