{"id":773,"date":"2017-07-19T01:56:05","date_gmt":"2017-07-19T01:56:05","guid":{"rendered":"https:\/\/firmafotografen.no\/?p=773"},"modified":"2020-07-15T02:55:38","modified_gmt":"2020-07-15T00:55:38","slug":"bedriftsfotografer-bergen","status":"publish","type":"page","link":"https:\/\/firmafotografen.no\/en\/bedriftsfotografer-bergen\/","title":{"rendered":"Bedriftsfotografer Bergen"},"content":{"rendered":"<section class=\"wpb-content-wrapper\"><p><\/p>\r\n<h3>ST\u00d8RRE FOTOOPPDRAG I BERGEN<\/h3>\r\n<p>Selv om vi for det meste er stasjonert i Oslo, sier vi ikke nei til oppdrag i andre vakre norske byer, og Bergen er ingen unntak! \ud83d\ude42<\/p>\r\n<p>Vi kan stille opp med med flere fotografer til event og bedriftsfotografering av st\u00f8rre eventer og omfang i Bergen.<br \/>\r\nDu kan bestille<\/a> alt fra halvdagsfotografering for messer, eventer og forretningsrelaterte oppdrag.<br \/>\r\nPristilbud med oversikt og endelig pris f\u00e5r du innen 24timer<\/p>\r\n<h4>Mindre fotooppdrag i Bergen<\/h4>\r\n<p>Det hender ogs\u00e5 at vi har reserverte oppdrag i tidsrommet du \u00f8nsker, slik at vi kan ta mindre oppdrag ogs\u00e5. Ta <a href=\"https:\/\/firmafotografen.no\/kontakt-oslo-fotograf\/\">kontakt med oss for fotografering i Bergen<\/a><\/p>\r\n<h3>REKLAME OG DIVERSE FILMPRODUKSJON I BERGEN<\/h3>\r\n<p>Filmteamet v\u00e5rt kan stille opp til video og filmproduksjon av eventer, taler, konserter, pressemeldinger og andre bedrift og offentlige begivenheter.<br \/>\r\nTa kontakt minimum 3 dager f\u00f8r generell video opptak og minimum 1 uke f\u00f8r st\u00f8rre produksjoner.<\/p>\r\n<\/p>\r\n<p><\/p>\r\n<\/section>","protected":false},"excerpt":{"rendered":"<p>ST\u00d8RRE FOTOOPPDRAG I BERGEN Selv om vi for det meste er stasjonert i Oslo, sier vi ikke nei til oppdrag<a class=\"ninja_pages_read_more\"  href=\"https:\/\/firmafotografen.no\/en\/bedriftsfotografer-bergen\/\"><\/a><\/p>\n","protected":false},"author":1,"featured_media":0,"parent":0,"menu_order":0,"comment_status":"open","ping_status":"open","template":"","meta":{"_lmt_disableupdate":"no","_lmt_disable":""},"_links":{"self":[{"href":"https:\/\/firmafotografen.no\/en\/wp-json\/wp\/v2\/pages\/773"}],"collection":[{"href":"https:\/\/firmafotografen.no\/en\/wp-json\/wp\/v2\/pages"}],"about":[{"href":"https:\/\/firmafotografen.no\/en\/wp-json\/wp\/v2\/types\/page"}],"author":[{"embeddable":true,"href":"https:\/\/firmafotografen.no\/en\/wp-json\/wp\/v2\/users\/1"}],"replies":[{"embeddable":true,"href":"https:\/\/firmafotografen.no\/en\/wp-json\/wp\/v2\/comments?post=773"}],"version-history":[{"count":11,"href":"https:\/\/firmafotografen.no\/en\/wp-json\/wp\/v2\/pages\/773\/revisions"}],"predecessor-version":[{"id":19850,"href":"https:\/\/firmafotografen.no\/en\/wp-json\/wp\/v2\/pages\/773\/revisions\/19850"}],"wp:attachment":[{"href":"https:\/\/firmafotografen.no\/en\/wp-json\/wp\/v2\/media?parent=773"}],"curies":[{"name":"wp","href":"https:\/\/api.w.org\/{rel}","templated":true}]}}