{"id":78,"date":"2017-07-05T06:01:47","date_gmt":"2017-07-05T06:01:47","guid":{"rendered":"https:\/\/firmafotografen.no\/?page_id=78"},"modified":"2018-04-27T14:20:29","modified_gmt":"2022-01-05T08:20:11","slug":"eksotiske-bilder","status":"publish","type":"page","link":"https:\/\/firmafotografen.no\/en\/privat-fotografering\/eksotiske-bilder\/","title":{"rendered":"Eksotiske-naken bilder"},"content":{"rendered":"<div id=\"pl-78\"  class=\"panel-layout\" ><div id=\"pg-78-0\"  class=\"panel-grid panel-no-style\" ><div id=\"pgc-78-0-0\"  class=\"panel-grid-cell panel-grid-cell-empty\" ><\/div><\/div><div id=\"pg-78-1\"  class=\"panel-grid panel-no-style\" ><div id=\"pgc-78-1-0\"  class=\"panel-grid-cell\" ><div id=\"panel-78-1-0-0\" class=\"so-panel widget widget_sow-editor panel-first-child panel-last-child\" data-index=\"0\" ><div\n\t\t\t\n\t\t\tclass=\"so-widget-sow-editor so-widget-sow-editor-base\"\n\t\t\t\n\t\t>\n<div class=\"siteorigin-widget-tinymce textwidget\">\n\t<p><strong>Vi tilbyr bakgrunnsredigering som gir mange muligheter<\/strong><\/p>\n<p>Med mulighet til \u00e5 endre bakgrunn, har vi mange muligheter for \u00e5 oppn\u00e5 maksimal effekt med bilder som vi tar. Vi fotograferer med gr\u00f8nn eller bl\u00e5 chroma bakgrunn, slik at vi enkelt kan legge til bakgrunn og andre elementer til \u00e5 oppn\u00e5 meget forfriskende bilder.<\/p>\n<p>En foto-sesjon tar ca. 1 time og du f\u00e5r bildene redigert med Photoshop og levert digitalt via sikker nettl\u00f8sning. Bildene blir selvf\u00f8lgelig ikke publisert p\u00e5 nett uten s\u00e6rskilt tillatelse fra den avbildede.<\/p>\n<p><strong>Den perfekte gave<\/strong><\/p>\n<p>Bilder kan f\u00e5 fantasien og lysten til \u00e5 aktiveres, og sexye bilder kan v\u00e6re en vel verdt innvestering og egner seg utmerket som gave til din kj\u00e6re.<br \/> Vi tilbyr on-site fotografering eller i fotostudio.<\/p>\n<p><strong>Naken\\lettkledde bilder til blogg<\/strong><\/p>\n<p>Dersom du driver en blogg med litt friere grenser, kan eksotiske og forfriskende bilder \u00f8ke bes\u00f8kstall og returraten p\u00e5 dine lesere. En sesjon kan gi mange bilder, som du kan bruke for lang tid framover for \u00e5 legge det lille ekstra til din blogg.<\/p>\n<\/div>\n<\/div><\/div><\/div><div id=\"pgc-78-1-1\"  class=\"panel-grid-cell\" ><div id=\"panel-78-1-1-0\" class=\"so-panel widget widget_sow-editor panel-first-child panel-last-child\" data-index=\"1\" ><div\n\t\t\t\n\t\t\tclass=\"so-widget-sow-editor so-widget-sow-editor-base\"\n\t\t\t\n\t\t><h3 class=\"widget-title\">Nude photos in Oslo<\/h3>\n<div class=\"siteorigin-widget-tinymce textwidget\">\n\t<p>We can offer a 30-45minutes photosession for exotic naked photos.<\/p>\n<p>Photography is usually done at the clients home or prearranged location.<\/p>\n<p>\u00a0<\/p>\n<p>Fixed price is 3500,- NOK for 10 images, and for an additional fee, this can be extended.<\/p>\n<p>\u00a0<\/p>\n<\/div>\n<\/div><\/div><\/div><\/div><\/div>","protected":false},"excerpt":{"rendered":"<p>Vi tilbyr bakgrunnsredigering som gir mange muligheterMed mulighet til \u00e5 endre bakgrunn, har vi mange muligheter for \u00e5 oppn\u00e5 maksimal<a class=\"ninja_pages_read_more\"  href=\"https:\/\/firmafotografen.no\/en\/privat-fotografering\/eksotiske-bilder\/\"><\/a><\/p>\n","protected":false},"author":1,"featured_media":2915,"parent":42,"menu_order":0,"comment_status":"closed","ping_status":"closed","template":"","meta":{"_lmt_disableupdate":"","_lmt_disable":""},"_links":{"self":[{"href":"https:\/\/firmafotografen.no\/en\/wp-json\/wp\/v2\/pages\/78"}],"collection":[{"href":"https:\/\/firmafotografen.no\/en\/wp-json\/wp\/v2\/pages"}],"about":[{"href":"https:\/\/firmafotografen.no\/en\/wp-json\/wp\/v2\/types\/page"}],"author":[{"embeddable":true,"href":"https:\/\/firmafotografen.no\/en\/wp-json\/wp\/v2\/users\/1"}],"replies":[{"embeddable":true,"href":"https:\/\/firmafotografen.no\/en\/wp-json\/wp\/v2\/comments?post=78"}],"version-history":[{"count":0,"href":"https:\/\/firmafotografen.no\/en\/wp-json\/wp\/v2\/pages\/78\/revisions"}],"up":[{"embeddable":true,"href":"https:\/\/firmafotografen.no\/en\/wp-json\/wp\/v2\/pages\/42"}],"wp:featuredmedia":[{"embeddable":true,"href":"https:\/\/firmafotografen.no\/en\/wp-json\/wp\/v2\/media\/2915"}],"wp:attachment":[{"href":"https:\/\/firmafotografen.no\/en\/wp-json\/wp\/v2\/media?parent=78"}],"curies":[{"name":"wp","href":"https:\/\/api.w.org\/{rel}","templated":true}]}}