{"id":780,"date":"2017-07-19T01:59:17","date_gmt":"2017-07-19T01:59:17","guid":{"rendered":"https:\/\/firmafotografen.no\/?p=780"},"modified":"2020-08-01T13:38:30","modified_gmt":"2020-08-01T11:38:30","slug":"bedriftsfotografer-trondheim","status":"publish","type":"page","link":"https:\/\/firmafotografen.no\/en\/bedriftsfotografer-trondheim\/","title":{"rendered":"Bedriftsfotografer Trondheim"},"content":{"rendered":"<h3>ST\u00d8RRE FOTOOPPDRAG I TRONDHEIM<\/h3>\r\n<p>Selv om vi for det meste er stasjonert i Oslo, tar vi ogs\u00e5 opptak i andre byer, inkludert Trondheim:)<\/p>\r\n<p>Vi kan stille opp med med flere fotografer til event og bedriftsfotografering av st\u00f8rre eventer og omfang i Trondheim.<br>Du kan bestille<\/a> alt fra halvdagsfotografering for messer, eventer, promo og forretningsrelaterte oppdrag.<br>Pristilbud med oversikt og endelig pris f\u00e5r du innen 24timer<\/p>\r\n<h4>Mindre fotooppdrag i Trondheim<\/h4>\r\n<p>Det hender ogs\u00e5 at vi har reserverte oppdrag i tidsrommet du \u00f8nsker, slik at vi kan ta mindre oppdrag ogs\u00e5. Ta <a href=\"https:\/\/firmafotografen.no\/kontakt-oslo-fotograf\/\">kontakt med oss for fotografering i Trondheim<\/a><\/p>\r\n<h3>REKLAME OG DIVERSE FILMPRODUKSJON I TRONDHEIM<\/h3>\r\n<p>Filmteamet v\u00e5rt kan stille opp til video og filmproduksjon av eventer, taler, konserter, pressemeldinger og andre bedrift og offentlige begivenheter.<br>Ta kontakt minimum 3 dager f\u00f8r generell video opptak og minimum 1 uke f\u00f8r st\u00f8rre produksjoner.<\/p>","protected":false},"excerpt":{"rendered":"<p>ST\u00d8RRE FOTOOPPDRAG I TRONDHEIM Selv om vi for det meste er stasjonert i Oslo, tar vi ogs\u00e5 opptak i andre<a class=\"ninja_pages_read_more\"  href=\"https:\/\/firmafotografen.no\/en\/bedriftsfotografer-trondheim\/\"><\/a><\/p>\n","protected":false},"author":1,"featured_media":20274,"parent":0,"menu_order":0,"comment_status":"open","ping_status":"open","template":"","meta":{"_lmt_disableupdate":"no","_lmt_disable":""},"_links":{"self":[{"href":"https:\/\/firmafotografen.no\/en\/wp-json\/wp\/v2\/pages\/780"}],"collection":[{"href":"https:\/\/firmafotografen.no\/en\/wp-json\/wp\/v2\/pages"}],"about":[{"href":"https:\/\/firmafotografen.no\/en\/wp-json\/wp\/v2\/types\/page"}],"author":[{"embeddable":true,"href":"https:\/\/firmafotografen.no\/en\/wp-json\/wp\/v2\/users\/1"}],"replies":[{"embeddable":true,"href":"https:\/\/firmafotografen.no\/en\/wp-json\/wp\/v2\/comments?post=780"}],"version-history":[{"count":1,"href":"https:\/\/firmafotografen.no\/en\/wp-json\/wp\/v2\/pages\/780\/revisions"}],"predecessor-version":[{"id":20275,"href":"https:\/\/firmafotografen.no\/en\/wp-json\/wp\/v2\/pages\/780\/revisions\/20275"}],"wp:featuredmedia":[{"embeddable":true,"href":"https:\/\/firmafotografen.no\/en\/wp-json\/wp\/v2\/media\/20274"}],"wp:attachment":[{"href":"https:\/\/firmafotografen.no\/en\/wp-json\/wp\/v2\/media?parent=780"}],"curies":[{"name":"wp","href":"https:\/\/api.w.org\/{rel}","templated":true}]}}