{"id":80,"date":"2017-07-05T06:02:10","date_gmt":"2017-07-05T06:02:10","guid":{"rendered":"https:\/\/firmafotografen.no\/?page_id=80"},"modified":"2018-08-23T17:28:27","modified_gmt":"2022-01-05T08:20:11","slug":"begravelse-fotografering","status":"publish","type":"page","link":"https:\/\/firmafotografen.no\/en\/privat-fotografering\/begravelse-fotografering\/","title":{"rendered":"Begravelse fotografering"},"content":{"rendered":"<p>Dersom du ser etter en fotograf med erfaring fra begravelser \u00f8nsker vi f\u00f8rst \u00e5 kondolere dersom du har mistet noen du er glad i.<\/p>\r\n<p>Tap av liv er alltid leit og selv om tiden heler de fleste s\u00e5r, er det ikke alltid en \u00f8nsker \u00e5 glemme.<br \/>\r\nFotografering under begravelsen kan for mange gi bilder som kan holde de gode minnene i livet og respekten en har gitt ved \u00e5 komme til begravelsen.<\/p>\r\n<p><img decoding=\"async\" loading=\"lazy\" class=\"size-full wp-image-1529 aligncenter\" src=\"\/assets\/uploads\/fotograf-begravelse-passer.jpg\" alt=\"\" width=\"400\" height=\"266\" srcset=\"https:\/\/firmafotografen.no\/assets\/uploads\/fotograf-begravelse-passer.jpg 400w, https:\/\/firmafotografen.no\/assets\/uploads\/fotograf-begravelse-passer-150x100.jpg 150w, https:\/\/firmafotografen.no\/assets\/uploads\/fotograf-begravelse-passer-300x200.jpg 300w, https:\/\/firmafotografen.no\/assets\/uploads\/fotograf-begravelse-passer-267x178.jpg 267w, https:\/\/firmafotografen.no\/assets\/uploads\/fotograf-begravelse-passer-272x182.jpg 272w\" sizes=\"(max-width: 400px) 100vw, 400px\" \/><\/p>\r\n<p>Mange finner stor glede ved \u00e5 kunne sammen se p\u00e5 bilder til den siste reisen og n\u00e5r tiden kommer kan man sette stor pris p\u00e5 bildene.<\/p>\r\n<p>Fotograferingen foreg\u00e5r i bakgrunnen og det er fokus p\u00e5 oversiktsbilder, minnene og seremonien. Det brukes ikke blits eller lys under fotograferingen i begravelser.<br \/>\r\nDersom det skal holdes en minnestund i ettertid, kan vi inkludere dette i pristilbudet.<\/p>\r\n<p>Bildene leveres b\u00e5de i farger og svart\\hvitt i digital format. V\u00e5re bilder uten vannmerker\\signatur og kan brukes fritt privat. H\u00f8yoppl\u00f8sning bildef\u00a0 iler gir deg mulighet til \u00e5 framkalle\u00a0 prints akkurat som du \u00f8nsker. Dersom \u00f8nskelig kan vi ogs\u00e5 v\u00e6re behjelpelig med bestilling av bl.a. takkekort og minne fotob\u00f8ker.<\/p>\r\n<style>#jtg-33645 .item .icon { color:#ffffff }#jtg-33645 .item .caption { background-color: #ffffff; }#jtg-33645 .item .caption { background-color: rgba(0, 0, 0, 0.8); }#jtg-33645 .item .caption { color: #ffffff; }#jtg-33645 .items { width:100%; height:500px }<\/style><div class='mikado' id='jtg-33645'><div itemscope itemtype='http:\/\/schema.org\/ImageObject'><meta itemprop='author' content='firmafotografen.no'><div class='items'><div class='item   no-text'><a title=''   rel='jtg-33645'  class='tile-inner mikado-lightbox' href='\/assets\/uploads\/svart-hvitt-begravelse-seremoni-minnestund-oslo-akershus-fotografering-02-702x1024.jpg'><img data-valign='middle' data-halign='center' class='pic' src='\/assets\/uploads\/svart-hvitt-begravelse-seremoni-minnestund-oslo-akershus-fotografering-02-702x1024.jpg' itemprop='contentUrl' \/><\/a><meta itemprop='name' content='3320' \/><meta itemprop='description' content='' \/><meta itemprop='description' content='' \/> <\/div><div class='item   no-text'><a title=''   rel='jtg-33645'  class='tile-inner mikado-lightbox' href='\/assets\/uploads\/begravelse-seremoni-minnestund-oslo-akershus-fotografering-07-1024x683.jpg'><img data-valign='middle' data-halign='center' class='pic' src='\/assets\/uploads\/begravelse-seremoni-minnestund-oslo-akershus-fotografering-07-1024x683.jpg' itemprop='contentUrl' \/><\/a><meta itemprop='name' content='3327' \/><meta itemprop='description' content='' \/><meta itemprop='description' content='' \/> <\/div><div class='item   no-text'><a title=''   rel='jtg-33645'  class='tile-inner mikado-lightbox' href='\/assets\/uploads\/begravelse-seremoni-minnestund-oslo-akershus-fotografering-09-1024x683.jpg'><img data-valign='middle' data-halign='center' class='pic' src='\/assets\/uploads\/begravelse-seremoni-minnestund-oslo-akershus-fotografering-09-1024x683.jpg' itemprop='contentUrl' \/><\/a><meta itemprop='name' content='3314' \/><meta itemprop='description' content='' \/><meta itemprop='description' content='' \/> <\/div><div class='item   no-text'><a title=''   rel='jtg-33645'  class='tile-inner mikado-lightbox' href='\/assets\/uploads\/begravelse-seremoni-minnestund-oslo-akershus-fotografering-11-1024x683.jpg'><img data-valign='middle' data-halign='center' class='pic' src='\/assets\/uploads\/begravelse-seremoni-minnestund-oslo-akershus-fotografering-11-1024x683.jpg' itemprop='contentUrl' \/><\/a><meta itemprop='name' content='3316' \/><meta itemprop='description' content='' \/><meta itemprop='description' content='' \/> <\/div><div class='item   no-text'><a title=''   rel='jtg-33645'  class='tile-inner mikado-lightbox' href='\/assets\/uploads\/begravelse-seremoni-minnestund-oslo-akershus-fotografering-01-683x1024.jpg'><img data-valign='middle' data-halign='center' class='pic' src='\/assets\/uploads\/begravelse-seremoni-minnestund-oslo-akershus-fotografering-01-683x1024.jpg' itemprop='contentUrl' \/><\/a><meta itemprop='name' content='3321' \/><meta itemprop='description' content='' \/><meta itemprop='description' content='' \/> <\/div><div class='item   no-text'><a title=''   rel='jtg-33645'  class='tile-inner mikado-lightbox' href='\/assets\/uploads\/begravelse-seremoni-minnestund-oslo-akershus-fotografering-13-1024x683.jpg'><img data-valign='middle' data-halign='center' class='pic' src='\/assets\/uploads\/begravelse-seremoni-minnestund-oslo-akershus-fotografering-13-1024x683.jpg' itemprop='contentUrl' \/><\/a><meta itemprop='name' content='3318' \/><meta itemprop='description' content='' \/><meta itemprop='description' content='' \/> <\/div><div class='item   no-text'><a title=''   rel='jtg-33645'  class='tile-inner mikado-lightbox' href='\/assets\/uploads\/begravelse-seremoni-minnestund-oslo-akershus-fotografering-08-1024x635.jpg'><img data-valign='middle' data-halign='center' class='pic' src='\/assets\/uploads\/begravelse-seremoni-minnestund-oslo-akershus-fotografering-08-1024x635.jpg' itemprop='contentUrl' \/><\/a><meta itemprop='name' content='3313' \/><meta itemprop='description' content='' \/><meta itemprop='description' content='' \/> <\/div><div class='item   no-text'><a title=''   rel='jtg-33645'  class='tile-inner mikado-lightbox' href='\/assets\/uploads\/begravelse-seremoni-minnestund-oslo-akershus-fotografering-02-702x1024.jpg'><img data-valign='middle' data-halign='center' class='pic' src='\/assets\/uploads\/begravelse-seremoni-minnestund-oslo-akershus-fotografering-02-702x1024.jpg' itemprop='contentUrl' \/><\/a><meta itemprop='name' content='3322' \/><meta itemprop='description' content='' \/><meta itemprop='description' content='' \/> <\/div><div class='item   no-text'><a title=''   rel='jtg-33645'  class='tile-inner mikado-lightbox' href='\/assets\/uploads\/begravelse-seremoni-minnestund-oslo-akershus-fotografering-03-682x1024.jpg'><img data-valign='middle' data-halign='center' class='pic' src='\/assets\/uploads\/begravelse-seremoni-minnestund-oslo-akershus-fotografering-03-682x1024.jpg' itemprop='contentUrl' \/><\/a><meta itemprop='name' content='3323' \/><meta itemprop='description' content='' \/><meta itemprop='description' content='' \/> <\/div><div class='item   no-text'><a title=''   rel='jtg-33645'  class='tile-inner mikado-lightbox' href='\/assets\/uploads\/begravelse-seremoni-minnestund-oslo-akershus-fotografering-04-1024x760.jpg'><img data-valign='middle' data-halign='center' class='pic' src='\/assets\/uploads\/begravelse-seremoni-minnestund-oslo-akershus-fotografering-04-1024x760.jpg' itemprop='contentUrl' \/><\/a><meta itemprop='name' content='3324' \/><meta itemprop='description' content='' \/><meta itemprop='description' content='' \/> <\/div><div class='item   no-text'><a title=''   rel='jtg-33645'  class='tile-inner mikado-lightbox' href='\/assets\/uploads\/begravelse-seremoni-minnestund-oslo-akershus-fotografering-14-1024x683.jpg'><img data-valign='middle' data-halign='center' class='pic' src='\/assets\/uploads\/begravelse-seremoni-minnestund-oslo-akershus-fotografering-14-1024x683.jpg' itemprop='contentUrl' \/><\/a><meta itemprop='name' content='3319' \/><meta itemprop='description' content='' \/><meta itemprop='description' content='' \/> <\/div><div class='item   no-text'><a title=''   rel='jtg-33645'  class='tile-inner mikado-lightbox' href='\/assets\/uploads\/begravelse-seremoni-minnestund-oslo-akershus-fotografering-10-1024x683.jpg'><img data-valign='middle' data-halign='center' class='pic' src='\/assets\/uploads\/begravelse-seremoni-minnestund-oslo-akershus-fotografering-10-1024x683.jpg' itemprop='contentUrl' \/><\/a><meta itemprop='name' content='3315' \/><meta itemprop='description' content='' \/><meta itemprop='description' content='' \/> <\/div><div class='item   no-text'><a title=''   rel='jtg-33645'  class='tile-inner mikado-lightbox' href='\/assets\/uploads\/begravelse-seremoni-minnestund-oslo-akershus-fotografering-12-1024x683.jpg'><img data-valign='middle' data-halign='center' class='pic' src='\/assets\/uploads\/begravelse-seremoni-minnestund-oslo-akershus-fotografering-12-1024x683.jpg' itemprop='contentUrl' \/><\/a><meta itemprop='name' content='3317' \/><meta itemprop='description' content='' \/><meta itemprop='description' content='' \/> <\/div><div class='item   no-text'><a title=''   rel='jtg-33645'  class='tile-inner mikado-lightbox' href='\/assets\/uploads\/begravelse-seremoni-minnestund-oslo-akershus-fotografering-05-1024x683.jpg'><img data-valign='middle' data-halign='center' class='pic' src='\/assets\/uploads\/begravelse-seremoni-minnestund-oslo-akershus-fotografering-05-1024x683.jpg' itemprop='contentUrl' \/><\/a><meta itemprop='name' content='3325' \/><meta itemprop='description' content='' \/><meta itemprop='description' content='' \/> <\/div><div class='item   no-text'><a title=''   rel='jtg-33645'  class='tile-inner mikado-lightbox' href='\/assets\/uploads\/svart-hvitt-begravelse-seremoni-minnestund-oslo-akershus-fotografering-14-1024x683.jpg'><img data-valign='middle' data-halign='center' class='pic' src='\/assets\/uploads\/svart-hvitt-begravelse-seremoni-minnestund-oslo-akershus-fotografering-14-1024x683.jpg' itemprop='contentUrl' \/><\/a><meta itemprop='name' content='3328' \/><meta itemprop='description' content='' \/><meta itemprop='description' content='' \/> <\/div><div class='item   no-text'><a title=''   rel='jtg-33645'  class='tile-inner mikado-lightbox' href='\/assets\/uploads\/begravelse-seremoni-minnestund-oslo-akershus-fotografering-06-1024x683.jpg'><img data-valign='middle' data-halign='center' class='pic' src='\/assets\/uploads\/begravelse-seremoni-minnestund-oslo-akershus-fotografering-06-1024x683.jpg' itemprop='contentUrl' \/><\/a><meta itemprop='name' content='3326' \/><meta itemprop='description' content='' \/><meta itemprop='description' content='' \/> <\/div><\/div><\/div><\/div><script type='text\/javascript'>jQuery('#jtg-33645').tilesGallery2({margin: 10,captionEffectDuration: 250,captionEffect: 'fade',captionEasing: 'swing',keepArea: false,enableTwitter: false,enableFacebook: false,enablePinterest: false,enableGplus: false,scrollEffect: ''});jQuery(function () {jQuery('#jtg-33645 .tile a.mikado-lightbox').swipebox({});});<\/script>\r\n<p>&nbsp;<\/p>\r\n<p>&nbsp;<\/p>\r\n<p>Kontakt oss for veiledning og bestilling av fotografering under begravelse eller minnestunder.<\/p>\r\n<p>&nbsp;<\/p>\r\n<p>&nbsp;<\/p>\r\n<p>&nbsp;<\/p>\r\n<div class=\"SnapLinksContainer\" style=\"margin-left: 0px; margin-top: 0px; display: none;\">\r\n<div class=\"SL_SelectionRect\" style=\"top: 41px; left: 577px; height: 0px; width: 0px;\">\r\n<div class=\"SL_SelectionLabel\">\u00a0<\/div>\r\n<\/div>\r\n<!-- Used for easily cloning the properly namespaced rect --><\/div>","protected":false},"excerpt":{"rendered":"<p>Dersom du ser etter en fotograf med erfaring fra begravelser \u00f8nsker vi f\u00f8rst \u00e5 kondolere dersom du har mistet noen<a class=\"ninja_pages_read_more\"  href=\"https:\/\/firmafotografen.no\/en\/privat-fotografering\/begravelse-fotografering\/\"><\/a><\/p>\n","protected":false},"author":1,"featured_media":1529,"parent":42,"menu_order":0,"comment_status":"closed","ping_status":"closed","template":"","meta":{"_lmt_disableupdate":"","_lmt_disable":""},"_links":{"self":[{"href":"https:\/\/firmafotografen.no\/en\/wp-json\/wp\/v2\/pages\/80"}],"collection":[{"href":"https:\/\/firmafotografen.no\/en\/wp-json\/wp\/v2\/pages"}],"about":[{"href":"https:\/\/firmafotografen.no\/en\/wp-json\/wp\/v2\/types\/page"}],"author":[{"embeddable":true,"href":"https:\/\/firmafotografen.no\/en\/wp-json\/wp\/v2\/users\/1"}],"replies":[{"embeddable":true,"href":"https:\/\/firmafotografen.no\/en\/wp-json\/wp\/v2\/comments?post=80"}],"version-history":[{"count":0,"href":"https:\/\/firmafotografen.no\/en\/wp-json\/wp\/v2\/pages\/80\/revisions"}],"up":[{"embeddable":true,"href":"https:\/\/firmafotografen.no\/en\/wp-json\/wp\/v2\/pages\/42"}],"wp:featuredmedia":[{"embeddable":true,"href":"https:\/\/firmafotografen.no\/en\/wp-json\/wp\/v2\/media\/1529"}],"wp:attachment":[{"href":"https:\/\/firmafotografen.no\/en\/wp-json\/wp\/v2\/media?parent=80"}],"curies":[{"name":"wp","href":"https:\/\/api.w.org\/{rel}","templated":true}]}}