{"id":82,"date":"2017-07-05T06:02:47","date_gmt":"2017-07-05T06:02:47","guid":{"rendered":"https:\/\/firmafotografen.no\/?page_id=82"},"modified":"2020-03-22T20:30:52","modified_gmt":"2020-03-22T19:30:52","slug":"video-og-filmproduksjon-privat","status":"publish","type":"page","link":"https:\/\/firmafotografen.no\/en\/privat-fotografering\/video-og-filmproduksjon-privat\/","title":{"rendered":"Video og filmproduksjon -Privat"},"content":{"rendered":"<p>Filmproduksjon og video opptak &#8211; Bryllup, fest, event, bursdager<br \/>\r\nAktuelle omr\u00e5der:<\/p>\r\n<p><a href=\"https:\/\/firmafotografen.no\/privat-fotografering\/bryllupsfotografering\/\">Bryllup video produksjon &#8220;My story&#8221;<\/a><\/p>\r\n<p>Vi produserer film fra bryllupsdagen med usl\u00e5elig kvalitet og produksjonsresultat. Booker du fotograf og kameramann\\filmproduksjon, kan vi tilby dere meget gode priser samlet.<\/p>\r\n<p>Vi har ekstern kontrakt for h\u00f8y oppl\u00f8snings video-dokumentering og opptak og tar oppdrag innen disse i Oslo og Akershus omr\u00e5det med hovedfokus mot bedrifter, men tar ogs\u00e5 private oppdrag. Video blir tatt i 4k eller 1080p oppl\u00f8sning og det er mange muligheter til effekt eller teksting etter avtale.<br \/>\r\nKombiner video\\filmproduksjon med en av v\u00e5re fotopakker for meget attraktive priser.<\/p>\r\n<p><a href=\"https:\/\/firmafotografen.no\/video-opptak-filmproduksjon\/\">Se noen av v\u00e5re video produksjoner<\/a><\/p>\r\n<p>Da oppdragsmengden varierer anbefaller vi \u00e5 ta kontakt i god tid, slik at vi kan stille opp med kamerateam p\u00e5 ditt oppdrag.<\/p>\r\n<p><iframe loading=\"lazy\" width=\"640\" height=\"360\" src=\"https:\/\/www.youtube.com\/embed\/i8Y6Fim0VP4?feature=player_embedded\" frameborder=\"0\" allowfullscreen><\/iframe><\/p>\r\n","protected":false},"excerpt":{"rendered":"<p>Filmproduksjon og video opptak &#8211; Bryllup, fest, event, bursdager Aktuelle omr\u00e5der: Bryllup video produksjon &#8220;My story&#8221; Vi produserer film fra<a class=\"ninja_pages_read_more\"  href=\"https:\/\/firmafotografen.no\/en\/privat-fotografering\/video-og-filmproduksjon-privat\/\"><\/a><\/p>\n","protected":false},"author":1,"featured_media":0,"parent":42,"menu_order":0,"comment_status":"closed","ping_status":"closed","template":"","meta":{"_lmt_disableupdate":"no","_lmt_disable":""},"_links":{"self":[{"href":"https:\/\/firmafotografen.no\/en\/wp-json\/wp\/v2\/pages\/82"}],"collection":[{"href":"https:\/\/firmafotografen.no\/en\/wp-json\/wp\/v2\/pages"}],"about":[{"href":"https:\/\/firmafotografen.no\/en\/wp-json\/wp\/v2\/types\/page"}],"author":[{"embeddable":true,"href":"https:\/\/firmafotografen.no\/en\/wp-json\/wp\/v2\/users\/1"}],"replies":[{"embeddable":true,"href":"https:\/\/firmafotografen.no\/en\/wp-json\/wp\/v2\/comments?post=82"}],"version-history":[{"count":1,"href":"https:\/\/firmafotografen.no\/en\/wp-json\/wp\/v2\/pages\/82\/revisions"}],"predecessor-version":[{"id":16944,"href":"https:\/\/firmafotografen.no\/en\/wp-json\/wp\/v2\/pages\/82\/revisions\/16944"}],"up":[{"embeddable":true,"href":"https:\/\/firmafotografen.no\/en\/wp-json\/wp\/v2\/pages\/42"}],"wp:attachment":[{"href":"https:\/\/firmafotografen.no\/en\/wp-json\/wp\/v2\/media?parent=82"}],"curies":[{"name":"wp","href":"https:\/\/api.w.org\/{rel}","templated":true}]}}