{"id":821,"date":"2017-07-19T14:43:52","date_gmt":"2017-07-19T14:43:52","guid":{"rendered":"https:\/\/firmafotografen.no\/?page_id=821"},"modified":"2025-08-14T23:14:09","modified_gmt":"2025-08-14T21:14:09","slug":"pristilbud-bildebehandling-redigering","status":"publish","type":"page","link":"https:\/\/firmafotografen.no\/en\/pristilbud-bildebehandling-redigering\/","title":{"rendered":"Get offer on Image Editing (Photoshop) in Norway"},"content":{"rendered":"Get offer on Image Editing (Photoshop) in Norway<\/h3>\n<p><b>Send oss ditt bilde<\/b> for et pristilbud og v\u00e6r trygg p\u00e5 at all bildebehandling utf\u00f8res trygt og sikkert innenfor Norges grenser.<br \/>\nMed over 15 \u00e5rs erfaring er v\u00e5r Photoshop- og retusjekspert blant Norges fremste p\u00e5 reparasjon, restaurering, korrigering, optimalisering og behandling av digitale bilder. <\/p>\n<p>\nLast opp bildet du \u00f8nsker redigert og beskriv hva som \u00f8nsket endret. Du f\u00e5r da et pristilbud innen 24t.<\/p>\n<p>\nVi har eget opplastningsl\u00f8sning for r\u00e5-filer, ta kontakt \ud83d\ude42 <\/p>\n<p>Send inn skjemaet eller be om lenke, s\u00e5 f\u00e5r du tilgang til v\u00e5rt opplastningssystem for store r\u00e5filer eller mange filer.<\/p>\n<p><b>Husk at dine bilder IKKE blir delt med en tredje part.<\/b><br \/>\n<\/p>\n<p>\n<\/div><hr id=\"fld_7274914_1\" class=\"\" style=\"width: 100%\" \/><\/div><\/div><div id=\"CF596f6df07eafc_1-row-2\"  class=\"row \"><div  class=\"col-sm-6  first_col\"><div id=\"cf2-fld_692467_1\" class=\"cf2-field-wrapper\" data-field-id=\"fld_692467_1\"><\/div><hr id=\"fld_7462405_1\" class=\"\" style=\"width: 100%\" \/><div data-field-wrapper=\"fld_3291612\" class=\"form-group\" id=\"fld_3291612_1-wrap\">\r\n\t<label id=\"fld_3291612Label\" for=\"fld_3291612_1\" class=\"control-label\">Oppdragsbeskrivelse<\/label>\r\n\t<div class=\"\">\r\n\t\t<textarea name=\"fld_3291612\" value=\"\" data-field=\"fld_3291612\" class=\"form-control\" id=\"fld_3291612_1\" rows=\"4\"    aria-labelledby=\"fld_3291612Label\" aria-describedby=\"fld_3291612Caption\" ><\/textarea>\n\t\t<span id=\"fld_3291612Caption\" class=\"help-block\">Hva \u00f8nsker du at vi skal forandre p\u00e5 bildet(ene)?<\/span>\r\n\t<\/div>\r\n<\/div>\r\n<\/div><div  class=\"col-sm-6  last_col\"><div data-field-wrapper=\"fld_2052580\" class=\"form-group\" id=\"fld_2052580_1-wrap\">\r\n\t<label id=\"fld_2052580Label\" for=\"fld_2052580_1\" class=\"control-label\">Navn<\/label>\r\n\t<div class=\"\">\r\n\t\t<input placeholder=\"Navn, Etternavn\"   type=\"text\" data-field=\"fld_2052580\" class=\" form-control\" id=\"fld_2052580_1\" name=\"fld_2052580\" value=\"\" data-type=\"text\"   aria-labelledby=\"fld_2052580Label\" >\t\t\t<\/div>\r\n<\/div>\r\n<div data-field-wrapper=\"fld_500429\" class=\"form-group\" id=\"fld_500429_1-wrap\">\r\n\t<label id=\"fld_500429Label\" for=\"fld_500429_1\" class=\"control-label\">telefon<\/label>\r\n\t<div class=\"\">\r\n\t\t<input    type=\"number\" data-field=\"fld_500429\" class=\" form-control\" id=\"fld_500429_1\" name=\"fld_500429\" value=\"\" data-type=\"number\" min=\"8\" data-parsley-type=\"number\"   aria-labelledby=\"fld_500429Label\" >\t\t\t<\/div>\r\n<\/div>\r\n<div data-field-wrapper=\"fld_6346166\" class=\"form-group\" id=\"fld_6346166_1-wrap\">\r\n\t<label id=\"fld_6346166Label\" for=\"fld_6346166_1\" class=\"control-label\">epost <span aria-hidden=\"true\" role=\"presentation\" class=\"field_required\" style=\"color:#ee0000;\">*<\/span><\/label>\r\n\t<div class=\"\">\r\n\t\t<input placeholder=\"Epost\"  required type=\"email\" data-field=\"fld_6346166\" class=\" form-control\" id=\"fld_6346166_1\" name=\"fld_6346166\" value=\"\" data-type=\"email\" aria-required=\"true\"   aria-labelledby=\"fld_6346166Label\" >\t\t\t<\/div>\r\n<\/div>\r\n<\/div><\/div><div id=\"CF596f6df07eafc_1-row-3\"  class=\"row  last_row\"><div  class=\"col-sm-2  first_col\"><div data-field-wrapper=\"fld_6705745\" class=\"form-group\" id=\"fld_6705745_1-wrap\">\r\n<div class=\"\">\r\n\t<input  class=\"btn sendbut\" type=\"submit\" name=\"fld_6705745\" id=\"fld_6705745_1\" value=\"Send meg tilbud!\" data-field=\"fld_6705745\"  >\n<\/div>\r\n<\/div>\r\n\t<input class=\"button_trigger_1\" type=\"hidden\" name=\"fld_6705745\" id=\"fld_6705745_1_btn\" value=\"\" data-field=\"fld_6705745\"  \/>\n<\/div><div  class=\"col-sm-4 \"><\/div><div  class=\"col-sm-6  last_col\"><\/div><\/div><\/form>\r\n<\/div>\r\n\r\n<br>\r\n<\/br><div class=\"caldera-grid\" id=\"caldera_form_2\" data-cf-ver=\"1.9.5\" data-cf-form-id=\"CF689e512fdf81d\"><div id=\"caldera_notices_2\" data-spinner=\"https:\/\/firmafotografen.no\/wp-admin\/images\/spinner.gif\"><\/div><form data-instance=\"2\" class=\"CF689e512fdf81d caldera_forms_form cfajax-trigger\" method=\"POST\" enctype=\"multipart\/form-data\" id=\"CF689e512fdf81d_2\" data-form-id=\"CF689e512fdf81d\" aria-label=\"Image editing (Photoshop)\" data-target=\"#caldera_notices_2\" data-template=\"#cfajax_CF689e512fdf81d-tmpl\" data-cfajax=\"CF689e512fdf81d\" data-load-element=\"_parent\" data-load-class=\"cf_processing\" data-post-disable=\"0\" data-action=\"cf_process_ajax_submit\" data-request=\"https:\/\/firmafotografen.no\/en\/cf-api\/CF689e512fdf81d\" data-hiderows=\"true\">\r\n<input type=\"hidden\" id=\"_cf_verify_CF689e512fdf81d\" name=\"_cf_verify\" value=\"097d32a99c\"  data-nonce-time=\"1775507713\" \/><input type=\"hidden\" name=\"_wp_http_referer\" value=\"\/en\/wp-json\/wp\/v2\/pages\/821\" \/><div id=\"cf2-CF689e512fdf81d_2\"><\/div><input type=\"hidden\" name=\"_cf_frm_id\" value=\"CF689e512fdf81d\">\r\n<input type=\"hidden\" name=\"_cf_frm_ct\" value=\"2\">\r\n<input type=\"hidden\" name=\"cfajax\" value=\"CF689e512fdf81d\">\r\n<input type=\"hidden\" name=\"_cf_cr_pst\" value=\"821\">\r\n<div class=\"hide\" style=\"display:none; overflow:hidden;height:0;width:0;\">\r\n<label>Twitter<\/label><input type=\"text\" name=\"twitter\" value=\"\" autocomplete=\"off\">\r\n<\/div><div id=\"CF689e512fdf81d_2-row-1\"  class=\"row  first_row\"><div  class=\"col-sm-12  single\"><div class=\"\"><h2> NORWEGIAN PHOTOSHOP ARTIST - CONFIDENTIAL IMAGE EDITING<\/h2>\n<h3>Get offer on Image Editing (Photoshop) in Norway<\/h3>\n<p><b>Send us your image<\/b> for a price quote and rest assured that all image editing is carried out safely and securely within Norway.<br \/>\nWith over 15 years of experience, our Photoshop and retouching expert is among Norway\u2019s leading specialists in repair, restoration, correction, optimization, and processing of digital images. <\/p>\n<p>\nUpload the image you want edited and describe the changes you\u2019d like. You will receive a price quote within 24 hours.<\/p>\n<p>\nWe have our own upload solution for RAW files \u2013 feel free to contact us \ud83d\ude42 <\/p>\n<p>Submit the form or request a link to gain access to our upload system for large RAW files or multiple files.<\/p>\n<p><b>Remember that your images will NOT be shared with any third party.<\/b><br \/>\n<\/p>\n<p>\n<\/div><hr id=\"fld_7274914_2\" class=\"\" style=\"width: 100%\" \/><\/div><\/div><div id=\"CF689e512fdf81d_2-row-2\"  class=\"row \"><div  class=\"col-sm-6  first_col\"><div id=\"cf2-fld_692467_2\" class=\"cf2-field-wrapper\" data-field-id=\"fld_692467_2\"><\/div><hr id=\"fld_7462405_2\" class=\"\" style=\"width: 100%\" \/><div data-field-wrapper=\"fld_3291612\" class=\"form-group\" id=\"fld_3291612_2-wrap\">\r\n\t<label id=\"fld_3291612Label\" for=\"fld_3291612_2\" class=\"control-label\">Describe changes you want<\/label>\r\n\t<div class=\"\">\r\n\t\t<textarea name=\"fld_3291612\" value=\"\" data-field=\"fld_3291612\" class=\"form-control\" id=\"fld_3291612_2\" rows=\"4\"    aria-labelledby=\"fld_3291612Label\" aria-describedby=\"fld_3291612Caption\" ><\/textarea>\n\t\t<span id=\"fld_3291612Caption\" class=\"help-block\">What changes do you want us to make to the image?<\/span>\r\n\t<\/div>\r\n<\/div>\r\n<\/div><div  class=\"col-sm-6  last_col\"><div data-field-wrapper=\"fld_2052580\" class=\"form-group\" id=\"fld_2052580_2-wrap\">\r\n\t<label id=\"fld_2052580Label\" for=\"fld_2052580_2\" class=\"control-label\">Your Name<\/label>\r\n\t<div class=\"\">\r\n\t\t<input placeholder=\"Navn, Etternavn\"   type=\"text\" data-field=\"fld_2052580\" class=\" form-control\" id=\"fld_2052580_2\" name=\"fld_2052580\" value=\"\" data-type=\"text\"   aria-labelledby=\"fld_2052580Label\" >\t\t\t<\/div>\r\n<\/div>\r\n<div data-field-wrapper=\"fld_500429\" class=\"form-group\" id=\"fld_500429_2-wrap\">\r\n\t<label id=\"fld_500429Label\" for=\"fld_500429_2\" class=\"control-label\">Telephone (not required)<\/label>\r\n\t<div class=\"\">\r\n\t\t<input    type=\"number\" data-field=\"fld_500429\" class=\" form-control\" id=\"fld_500429_2\" name=\"fld_500429\" value=\"\" data-type=\"number\" min=\"8\" data-parsley-type=\"number\"   aria-labelledby=\"fld_500429Label\" >\t\t\t<\/div>\r\n<\/div>\r\n<div data-field-wrapper=\"fld_6346166\" class=\"form-group\" id=\"fld_6346166_2-wrap\">\r\n\t<label id=\"fld_6346166Label\" for=\"fld_6346166_2\" class=\"control-label\">Your E-mail <span aria-hidden=\"true\" role=\"presentation\" class=\"field_required\" style=\"color:#ee0000;\">*<\/span><\/label>\r\n\t<div class=\"\">\r\n\t\t<input placeholder=\"Epost\"  required type=\"email\" data-field=\"fld_6346166\" class=\" form-control\" id=\"fld_6346166_2\" name=\"fld_6346166\" value=\"\" data-type=\"email\" aria-required=\"true\"   aria-labelledby=\"fld_6346166Label\" >\t\t\t<\/div>\r\n<\/div>\r\n<\/div><\/div><div id=\"CF689e512fdf81d_2-row-3\"  class=\"row  last_row\"><div  class=\"col-sm-2  first_col\"><div data-field-wrapper=\"fld_6705745\" class=\"form-group\" id=\"fld_6705745_2-wrap\">\r\n<div class=\"\">\r\n\t<input  class=\"btn sendbut\" type=\"submit\" name=\"fld_6705745\" id=\"fld_6705745_2\" value=\"Get offer!\" data-field=\"fld_6705745\"  >\n<\/div>\r\n<\/div>\r\n\t<input class=\"button_trigger_2\" type=\"hidden\" name=\"fld_6705745\" id=\"fld_6705745_2_btn\" value=\"\" data-field=\"fld_6705745\"  \/>\n<\/div><div  class=\"col-sm-4 \"><\/div><div  class=\"col-sm-6  last_col\"><\/div><\/div><\/form>\r\n<\/div>","protected":false},"excerpt":{"rendered":"Get offer on Image Editing (Photoshop) in Norway Send oss ditt bilde for et pristilbud og v\u00e6r trygg p\u00e5 at<a class=\"ninja_pages_read_more\"  href=\"https:\/\/firmafotografen.no\/en\/pristilbud-bildebehandling-redigering\/\"><\/a>","protected":false},"author":1,"featured_media":0,"parent":0,"menu_order":0,"comment_status":"closed","ping_status":"closed","template":"","meta":{"_lmt_disableupdate":"no","_lmt_disable":"no"},"_links":{"self":[{"href":"https:\/\/firmafotografen.no\/en\/wp-json\/wp\/v2\/pages\/821"}],"collection":[{"href":"https:\/\/firmafotografen.no\/en\/wp-json\/wp\/v2\/pages"}],"about":[{"href":"https:\/\/firmafotografen.no\/en\/wp-json\/wp\/v2\/types\/page"}],"author":[{"embeddable":true,"href":"https:\/\/firmafotografen.no\/en\/wp-json\/wp\/v2\/users\/1"}],"replies":[{"embeddable":true,"href":"https:\/\/firmafotografen.no\/en\/wp-json\/wp\/v2\/comments?post=821"}],"version-history":[{"count":2,"href":"https:\/\/firmafotografen.no\/en\/wp-json\/wp\/v2\/pages\/821\/revisions"}],"predecessor-version":[{"id":26665,"href":"https:\/\/firmafotografen.no\/en\/wp-json\/wp\/v2\/pages\/821\/revisions\/26665"}],"wp:attachment":[{"href":"https:\/\/firmafotografen.no\/en\/wp-json\/wp\/v2\/media?parent=821"}],"curies":[{"name":"wp","href":"https:\/\/api.w.org\/{rel}","templated":true}]}}