{"id":827,"date":"2017-07-19T21:10:33","date_gmt":"2017-07-19T21:10:33","guid":{"rendered":"https:\/\/firmafotografen.no\/?page_id=827"},"modified":"2018-04-27T13:44:55","modified_gmt":"2018-04-27T13:44:55","slug":"naturfotograf-landskapsportrett","status":"publish","type":"page","link":"https:\/\/firmafotografen.no\/en\/naturfotograf-landskapsportrett\/","title":{"rendered":"Naturfotograf &#8211; Landskapsportrett"},"content":{"rendered":"<h1><span style=\"font-size: 18pt;\">BILDER MED NATUR OG LANDSKAP I FOKUS<\/span> \u2191\u2192<\/h1>\r\nN\u00e5r det er behov for \u00e5 f\u00e5 fram motiver og slagord med en miks av natur, er naturfotografering ideelt.\r\nAktuelle omr\u00e5der kan v\u00e6re \u00e5 f\u00e5 fram en beskjed eller ide med bilder, hvor natur, dyr og mennesker er en del av bakgrunnen eller forgrunnen.\r\nNaturelle bakgrunnsportretter passer utmerket til reklamer, kampanjer og promotering av produkter og tjenester.\r\n\r\nDersom deres bedrift, organisasjon trenger h\u00f8yoppl\u00f8sningsbilder til \u00e5 ytre hva dere st\u00e5r for, er det bare \u00e5 ta <a href=\"https:\/\/firmafotografen.no\/kontakt-oslo-fotograf\/\">kontakt med oss <\/a>for natur og bakgrunnsportrett fotografering.\r\n\r\n&nbsp;\r\n\r\n<style>#jtg-4782 .item .icon { color:#ffffff }#jtg-4782 .item .caption { background-color: #ffffff; }#jtg-4782 .item .caption { background-color: rgba(0, 0, 0, 0.8); }#jtg-4782 .item .caption { color: #ffffff; }#jtg-4782 .items { width:100%; height:400px }<\/style><div class='mikado' id='jtg-4782'><div itemscope itemtype='http:\/\/schema.org\/ImageObject'><meta itemprop='author' content='firmafotografen.no'><div class='items'><div class='item   with-text'><a title='Naturportretter som kan brukes til bakgrunn i skjermer, reklamepaneler og websider.'   rel='jtg-4782'  class='tile-inner mikado-lightbox' href='\/assets\/uploads\/Natur-dyr-portrett-fotograf-priser-6.jpg'><img data-valign='middle' data-halign='center' class='pic' src='\/assets\/uploads\/Natur-dyr-portrett-fotograf-priser-6.jpg' itemprop='contentUrl' \/><span class='caption'><span class='text' >Naturportretter som kan brukes til bakgrunn i skjermer, reklamepaneler og websider.<\/span><\/span><\/a><meta itemprop='name' content='835' \/><meta itemprop='description' content='Naturportretter som kan brukes til bakgrunn i skjermer, reklamepaneler og websider.' \/><meta itemprop='description' content='Naturportretter som kan brukes til bakgrunn i skjermer, reklamepaneler og websider.' \/> <\/div><div class='item   with-text'><a title='Naturportretter som kan brukes til bakgrunn i skjermer, reklamepaneler og websider.'   rel='jtg-4782'  class='tile-inner mikado-lightbox' href='\/assets\/uploads\/Natur-dyr-portrett-fotograf-priser-5.jpg'><img data-valign='middle' data-halign='center' class='pic' src='\/assets\/uploads\/Natur-dyr-portrett-fotograf-priser-5.jpg' itemprop='contentUrl' \/><span class='caption'><span class='text' >Naturportretter som kan brukes til bakgrunn i skjermer, reklamepaneler og websider.<\/span><\/span><\/a><meta itemprop='name' content='834' \/><meta itemprop='description' content='Naturportretter som kan brukes til bakgrunn i skjermer, reklamepaneler og websider.' \/><meta itemprop='description' content='Naturportretter som kan brukes til bakgrunn i skjermer, reklamepaneler og websider.' \/> <\/div><div class='item   with-text'><a title='Naturportretter som kan brukes til bakgrunn i skjermer, reklamepaneler og websider.'   rel='jtg-4782'  class='tile-inner mikado-lightbox' href='\/assets\/uploads\/Natur-dyr-portrett-fotograf-priser-8.jpg'><img data-valign='middle' data-halign='center' class='pic' src='\/assets\/uploads\/Natur-dyr-portrett-fotograf-priser-8.jpg' itemprop='contentUrl' \/><span class='caption'><span class='text' >Naturportretter som kan brukes til bakgrunn i skjermer, reklamepaneler og websider.<\/span><\/span><\/a><meta itemprop='name' content='837' \/><meta itemprop='description' content='Naturportretter som kan brukes til bakgrunn i skjermer, reklamepaneler og websider.' \/><meta itemprop='description' content='Naturportretter som kan brukes til bakgrunn i skjermer, reklamepaneler og websider.' \/> <\/div><div class='item   with-text'><a title='Naturportretter som kan brukes til bakgrunn i skjermer, reklamepaneler og websider.'   rel='jtg-4782'  class='tile-inner mikado-lightbox' href='\/assets\/uploads\/Natur-dyr-portrett-fotograf-priser-3.jpg'><img data-valign='middle' data-halign='center' class='pic' src='\/assets\/uploads\/Natur-dyr-portrett-fotograf-priser-3.jpg' itemprop='contentUrl' \/><span class='caption'><span class='text' >Naturportretter som kan brukes til bakgrunn i skjermer, reklamepaneler og websider.<\/span><\/span><\/a><meta itemprop='name' content='832' \/><meta itemprop='description' content='Naturportretter som kan brukes til bakgrunn i skjermer, reklamepaneler og websider.' \/><meta itemprop='description' content='Naturportretter som kan brukes til bakgrunn i skjermer, reklamepaneler og websider.' \/> <\/div><div class='item   with-text'><a title='Naturportretter som kan brukes til bakgrunn i skjermer, reklamepaneler og websider.'   rel='jtg-4782'  class='tile-inner mikado-lightbox' href='\/assets\/uploads\/Natur-dyr-portrett-fotograf-priser-2.jpg'><img data-valign='middle' data-halign='center' class='pic' src='\/assets\/uploads\/Natur-dyr-portrett-fotograf-priser-2.jpg' itemprop='contentUrl' \/><span class='caption'><span class='text' >Naturportretter som kan brukes til bakgrunn i skjermer, reklamepaneler og websider.<\/span><\/span><\/a><meta itemprop='name' content='831' \/><meta itemprop='description' content='Naturportretter som kan brukes til bakgrunn i skjermer, reklamepaneler og websider.' \/><meta itemprop='description' content='Naturportretter som kan brukes til bakgrunn i skjermer, reklamepaneler og websider.' \/> <\/div><div class='item   with-text'><a title='Naturportretter som kan brukes til bakgrunn i skjermer, reklamepaneler og websider.'   rel='jtg-4782'  class='tile-inner mikado-lightbox' href='\/assets\/uploads\/Natur-dyr-portrett-fotograf-priser-1.jpg'><img data-valign='middle' data-halign='center' class='pic' src='\/assets\/uploads\/Natur-dyr-portrett-fotograf-priser-1.jpg' itemprop='contentUrl' \/><span class='caption'><span class='text' >Naturportretter som kan brukes til bakgrunn i skjermer, reklamepaneler og websider.<\/span><\/span><\/a><meta itemprop='name' content='830' \/><meta itemprop='description' content='Naturportretter som kan brukes til bakgrunn i skjermer, reklamepaneler og websider.' \/><meta itemprop='description' content='Naturportretter som kan brukes til bakgrunn i skjermer, reklamepaneler og websider.' \/> <\/div><div class='item   with-text'><a title='Naturportretter som kan brukes til bakgrunn i skjermer, reklamepaneler og websider.'   rel='jtg-4782'  class='tile-inner mikado-lightbox' href='\/assets\/uploads\/Natur-dyr-portrett-fotograf-priser-9.jpg'><img data-valign='middle' data-halign='center' class='pic' src='\/assets\/uploads\/Natur-dyr-portrett-fotograf-priser-9.jpg' itemprop='contentUrl' \/><span class='caption'><span class='text' >Naturportretter som kan brukes til bakgrunn i skjermer, reklamepaneler og websider.<\/span><\/span><\/a><meta itemprop='name' content='838' \/><meta itemprop='description' content='Naturportretter som kan brukes til bakgrunn i skjermer, reklamepaneler og websider.' \/><meta itemprop='description' content='Naturportretter som kan brukes til bakgrunn i skjermer, reklamepaneler og websider.' \/> <\/div><div class='item   with-text'><a title='Naturportretter som kan brukes til bakgrunn i skjermer, reklamepaneler og websider.'   rel='jtg-4782'  class='tile-inner mikado-lightbox' href='\/assets\/uploads\/Natur-dyr-portrett-fotograf-priser-7.jpg'><img data-valign='middle' data-halign='center' class='pic' src='\/assets\/uploads\/Natur-dyr-portrett-fotograf-priser-7.jpg' itemprop='contentUrl' \/><span class='caption'><span class='text' >Naturportretter som kan brukes til bakgrunn i skjermer, reklamepaneler og websider.<\/span><\/span><\/a><meta itemprop='name' content='836' \/><meta itemprop='description' content='Naturportretter som kan brukes til bakgrunn i skjermer, reklamepaneler og websider.' \/><meta itemprop='description' content='Naturportretter som kan brukes til bakgrunn i skjermer, reklamepaneler og websider.' \/> <\/div><div class='item   with-text'><a title='Naturportretter som kan brukes til bakgrunn i skjermer, reklamepaneler og websider.'   rel='jtg-4782'  class='tile-inner mikado-lightbox' href='\/assets\/uploads\/Natur-dyr-portrett-fotograf-priser-4.jpg'><img data-valign='middle' data-halign='center' class='pic' src='\/assets\/uploads\/Natur-dyr-portrett-fotograf-priser-4.jpg' itemprop='contentUrl' \/><span class='caption'><span class='text' >Naturportretter som kan brukes til bakgrunn i skjermer, reklamepaneler og websider.<\/span><\/span><\/a><meta itemprop='name' content='833' \/><meta itemprop='description' content='Naturportretter som kan brukes til bakgrunn i skjermer, reklamepaneler og websider.' \/><meta itemprop='description' content='Naturportretter som kan brukes til bakgrunn i skjermer, reklamepaneler og websider.' \/> <\/div><\/div><\/div><\/div><script type='text\/javascript'>jQuery('#jtg-4782').tilesGallery2({margin: 10,captionEffectDuration: 250,captionEffect: 'fade',captionEasing: 'swing',keepArea: false,enableTwitter: false,enableFacebook: false,enablePinterest: true,enableGplus: false,scrollEffect: ''});jQuery(function () {jQuery('#jtg-4782 .tile a.mikado-lightbox').swipebox({});});<\/script>\r\n\r\n<div class=\"SnapLinksContainer\" style=\"margin-left: 0px; margin-top: 0px; display: none;\">\r\n<div class=\"SL_SelectionRect\">\r\n<div class=\"SL_SelectionLabel\"><\/div>\r\n<\/div>\r\n<!-- Used for easily cloning the properly namespaced rect --><\/div>","protected":false},"excerpt":{"rendered":"<p>BILDER MED NATUR OG LANDSKAP I FOKUS \u2191\u2192 N\u00e5r det er behov for \u00e5 f\u00e5 fram motiver og slagord med<a class=\"ninja_pages_read_more\"  href=\"https:\/\/firmafotografen.no\/en\/naturfotograf-landskapsportrett\/\"><\/a><\/p>\n","protected":false},"author":1,"featured_media":2000,"parent":0,"menu_order":0,"comment_status":"closed","ping_status":"closed","template":"","meta":{"_lmt_disableupdate":"","_lmt_disable":""},"_links":{"self":[{"href":"https:\/\/firmafotografen.no\/en\/wp-json\/wp\/v2\/pages\/827"}],"collection":[{"href":"https:\/\/firmafotografen.no\/en\/wp-json\/wp\/v2\/pages"}],"about":[{"href":"https:\/\/firmafotografen.no\/en\/wp-json\/wp\/v2\/types\/page"}],"author":[{"embeddable":true,"href":"https:\/\/firmafotografen.no\/en\/wp-json\/wp\/v2\/users\/1"}],"replies":[{"embeddable":true,"href":"https:\/\/firmafotografen.no\/en\/wp-json\/wp\/v2\/comments?post=827"}],"version-history":[{"count":0,"href":"https:\/\/firmafotografen.no\/en\/wp-json\/wp\/v2\/pages\/827\/revisions"}],"wp:featuredmedia":[{"embeddable":true,"href":"https:\/\/firmafotografen.no\/en\/wp-json\/wp\/v2\/media\/2000"}],"wp:attachment":[{"href":"https:\/\/firmafotografen.no\/en\/wp-json\/wp\/v2\/media?parent=827"}],"curies":[{"name":"wp","href":"https:\/\/api.w.org\/{rel}","templated":true}]}}