{"id":84,"date":"2017-07-05T06:03:18","date_gmt":"2017-07-05T06:03:18","guid":{"rendered":"https:\/\/firmafotografen.no\/?page_id=84"},"modified":"2018-04-27T14:12:33","modified_gmt":"2022-01-05T08:20:11","slug":"diverse-fotografering-oslo","status":"publish","type":"page","link":"https:\/\/firmafotografen.no\/en\/privat-fotografering\/diverse-fotografering-oslo\/","title":{"rendered":"Diverse fotografering Oslo"},"content":{"rendered":"<strong>Med en profesjonell fotograf i Oslo <\/strong>f\u00e5r du mulighet til \u00e5 fange viktige \u00f8yeblikk enten om det skulle v\u00e6re for privat eller forretning. Med meget gode priser i Oslo, f\u00e5r du fri bruksrett p\u00e5 bildene og f\u00e5r et klart og tydelig oppdragsavtale. Du slipper dermed \u00e5 tenke p\u00e5 hvor mange bilder du f\u00e5r og unng\u00e5r uhyggelig overraskelser der du m\u00e5 betale for enkelte bilder eller h\u00f8yoppl\u00f8sning digitale filer.\r\n\r\n&nbsp;\r\n\r\n<a href=\"https:\/\/firmafotografen.no\/priser-fotograf\/privat-priser-foto\/\">Fotografering privat prisliste <\/a>\r\n\r\n<a href=\"https:\/\/firmafotografen.no\/priser-fotograf\/bedrift-priser-foto\/\">Fotografering n\u00e6ringsliv prisliste<\/a>\r\n","protected":false},"excerpt":{"rendered":"<p>Med en profesjonell fotograf i Oslo f\u00e5r du mulighet til \u00e5 fange viktige \u00f8yeblikk enten om det skulle v\u00e6re for<a class=\"ninja_pages_read_more\"  href=\"https:\/\/firmafotografen.no\/en\/privat-fotografering\/diverse-fotografering-oslo\/\"><\/a><\/p>\n","protected":false},"author":1,"featured_media":0,"parent":42,"menu_order":0,"comment_status":"closed","ping_status":"closed","template":"","meta":{"_lmt_disableupdate":"","_lmt_disable":""},"_links":{"self":[{"href":"https:\/\/firmafotografen.no\/en\/wp-json\/wp\/v2\/pages\/84"}],"collection":[{"href":"https:\/\/firmafotografen.no\/en\/wp-json\/wp\/v2\/pages"}],"about":[{"href":"https:\/\/firmafotografen.no\/en\/wp-json\/wp\/v2\/types\/page"}],"author":[{"embeddable":true,"href":"https:\/\/firmafotografen.no\/en\/wp-json\/wp\/v2\/users\/1"}],"replies":[{"embeddable":true,"href":"https:\/\/firmafotografen.no\/en\/wp-json\/wp\/v2\/comments?post=84"}],"version-history":[{"count":0,"href":"https:\/\/firmafotografen.no\/en\/wp-json\/wp\/v2\/pages\/84\/revisions"}],"up":[{"embeddable":true,"href":"https:\/\/firmafotografen.no\/en\/wp-json\/wp\/v2\/pages\/42"}],"wp:attachment":[{"href":"https:\/\/firmafotografen.no\/en\/wp-json\/wp\/v2\/media?parent=84"}],"curies":[{"name":"wp","href":"https:\/\/api.w.org\/{rel}","templated":true}]}}