{"id":842,"date":"2017-07-19T21:40:34","date_gmt":"2017-07-19T21:40:34","guid":{"rendered":"https:\/\/firmafotografen.no\/?page_id=842"},"modified":"2018-04-27T13:27:14","modified_gmt":"2018-04-27T13:27:14","slug":"landskap-arkitektur-prospekt-fotografering","status":"publish","type":"page","link":"https:\/\/firmafotografen.no\/en\/landskap-arkitektur-prospekt-fotografering\/","title":{"rendered":"Landskap &#8211; Arkitektur &#8211; Prospekt fotografering"},"content":{"rendered":"N\u00e5r du trenger bilder som virkelig f\u00e5r fram byningsarkitektur, design og landskap, vil bildene fortelle sin egen historie.\r\nEt godt bilde vil kunne f\u00e5 fram et budskap, oftest med detaljer som ikke kommer fram med ord.\r\n\r\nMed Landskapsfotopakkene v\u00e5res f\u00e5r du alt i fra et bilde og opptil \u00f8nsket antall. Med meget gode priser og full bruksrett til n\u00e6ringsform\u00e5l, er vi anbefalt av flere referansekunder.\r\n<a href=\"https:\/\/firmafotografen.no\/kontakt-oslo-fotograf\/\">Kontakt oss <\/a>for gratis presentasjon av v\u00e5re tidligere fotooppdrag og se resultatene selv.\r\n\r\n<style>#jtg-5466 .item .icon { color:#ffffff }#jtg-5466 .item .caption { background-color: #ffffff; }#jtg-5466 .item .caption { background-color: rgba(0, 0, 0, 0.8); }#jtg-5466 .item .caption { color: #ffffff; }#jtg-5466 .items { width:100%; height:500px }<\/style><div class='mikado' id='jtg-5466'><div itemscope itemtype='http:\/\/schema.org\/ImageObject'><meta itemprop='author' content='firmafotografen.no'><div class='items'><div class='item   with-text'><a title='Fotografer i Oslo for reklame og bakgrunnsfotografering'   rel='jtg-5466'  class='tile-inner mikado-lightbox' href='\/assets\/uploads\/Prospekt-arkitektur-bygg-fotograf-priser-6.jpg'><img data-valign='middle' data-halign='center' class='pic' src='\/assets\/uploads\/Prospekt-arkitektur-bygg-fotograf-priser-6.jpg' itemprop='contentUrl' \/><span class='caption'><span class='text' >Fotografer i Oslo for reklame og bakgrunnsfotografering<\/span><\/span><\/a><meta itemprop='name' content='849' \/><meta itemprop='description' content='Fotografer i Oslo for reklame og bakgrunnsfotografering' \/><meta itemprop='description' content='Fotografer i Oslo for reklame og bakgrunnsfotografering' \/> <\/div><div class='item   with-text'><a title='Fotografer i Oslo for reklame og bakgrunnsfotografering'   rel='jtg-5466'  class='tile-inner mikado-lightbox' href='\/assets\/uploads\/Prospekt-arkitektur-bygg-fotograf-priser-7.jpg'><img data-valign='middle' data-halign='center' class='pic' src='\/assets\/uploads\/Prospekt-arkitektur-bygg-fotograf-priser-7.jpg' itemprop='contentUrl' \/><span class='caption'><span class='text' >Fotografer i Oslo for reklame og bakgrunnsfotografering<\/span><\/span><\/a><meta itemprop='name' content='850' \/><meta itemprop='description' content='Fotografer i Oslo for reklame og bakgrunnsfotografering' \/><meta itemprop='description' content='Fotografer i Oslo for reklame og bakgrunnsfotografering' \/> <\/div><div class='item   with-text'><a title='Fotografer i Oslo for reklame og bakgrunnsfotografering'   rel='jtg-5466'  class='tile-inner mikado-lightbox' href='\/assets\/uploads\/Prospekt-arkitektur-bygg-fotograf-priser-5.jpg'><img data-valign='middle' data-halign='center' class='pic' src='\/assets\/uploads\/Prospekt-arkitektur-bygg-fotograf-priser-5.jpg' itemprop='contentUrl' \/><span class='caption'><span class='text' >Fotografer i Oslo for reklame og bakgrunnsfotografering<\/span><\/span><\/a><meta itemprop='name' content='848' \/><meta itemprop='description' content='Fotografer i Oslo for reklame og bakgrunnsfotografering' \/><meta itemprop='description' content='Fotografer i Oslo for reklame og bakgrunnsfotografering' \/> <\/div><div class='item   with-text'><a title='Fotografer i Oslo for reklame og bakgrunnsfotografering'   rel='jtg-5466'  class='tile-inner mikado-lightbox' href='\/assets\/uploads\/Prospekt-arkitektur-bygg-fotograf-priser-4.jpg'><img data-valign='middle' data-halign='center' class='pic' src='\/assets\/uploads\/Prospekt-arkitektur-bygg-fotograf-priser-4.jpg' itemprop='contentUrl' \/><span class='caption'><span class='text' >Fotografer i Oslo for reklame og bakgrunnsfotografering<\/span><\/span><\/a><meta itemprop='name' content='847' \/><meta itemprop='description' content='Fotografer i Oslo for reklame og bakgrunnsfotografering' \/><meta itemprop='description' content='Fotografer i Oslo for reklame og bakgrunnsfotografering' \/> <\/div><div class='item   with-text'><a title='Fotografer i Oslo for reklame og bakgrunnsfotografering'   rel='jtg-5466'  class='tile-inner mikado-lightbox' href='\/assets\/uploads\/Prospekt-arkitektur-bygg-fotograf-priser-2.jpg'><img data-valign='middle' data-halign='center' class='pic' src='\/assets\/uploads\/Prospekt-arkitektur-bygg-fotograf-priser-2.jpg' itemprop='contentUrl' \/><span class='caption'><span class='text' >Fotografer i Oslo for reklame og bakgrunnsfotografering<\/span><\/span><\/a><meta itemprop='name' content='845' \/><meta itemprop='description' content='Fotografer i Oslo for reklame og bakgrunnsfotografering' \/><meta itemprop='description' content='Fotografer i Oslo for reklame og bakgrunnsfotografering' \/> <\/div><div class='item   with-text'><a title='Fotografer i Oslo for reklame og bakgrunnsfotografering'   rel='jtg-5466'  class='tile-inner mikado-lightbox' href='\/assets\/uploads\/Prospekt-arkitektur-bygg-fotograf-priser-3.jpg'><img data-valign='middle' data-halign='center' class='pic' src='\/assets\/uploads\/Prospekt-arkitektur-bygg-fotograf-priser-3.jpg' itemprop='contentUrl' \/><span class='caption'><span class='text' >Fotografer i Oslo for reklame og bakgrunnsfotografering<\/span><\/span><\/a><meta itemprop='name' content='846' \/><meta itemprop='description' content='Fotografer i Oslo for reklame og bakgrunnsfotografering' \/><meta itemprop='description' content='Fotografer i Oslo for reklame og bakgrunnsfotografering' \/> <\/div><\/div><\/div><\/div><script type='text\/javascript'>jQuery('#jtg-5466').tilesGallery2({margin: 10,captionEffectDuration: 250,captionEffect: 'fade',captionEasing: 'swing',keepArea: false,enableTwitter: false,enableFacebook: false,enablePinterest: false,enableGplus: false,scrollEffect: ''});jQuery(function () {jQuery('#jtg-5466 .tile a.mikado-lightbox').swipebox({});});<\/script>\r\n","protected":false},"excerpt":{"rendered":"<p>N\u00e5r du trenger bilder som virkelig f\u00e5r fram byningsarkitektur, design og landskap, vil bildene fortelle sin egen historie. Et godt<a class=\"ninja_pages_read_more\"  href=\"https:\/\/firmafotografen.no\/en\/landskap-arkitektur-prospekt-fotografering\/\"><\/a><\/p>\n","protected":false},"author":1,"featured_media":1993,"parent":0,"menu_order":0,"comment_status":"closed","ping_status":"closed","template":"","meta":{"_lmt_disableupdate":"","_lmt_disable":""},"_links":{"self":[{"href":"https:\/\/firmafotografen.no\/en\/wp-json\/wp\/v2\/pages\/842"}],"collection":[{"href":"https:\/\/firmafotografen.no\/en\/wp-json\/wp\/v2\/pages"}],"about":[{"href":"https:\/\/firmafotografen.no\/en\/wp-json\/wp\/v2\/types\/page"}],"author":[{"embeddable":true,"href":"https:\/\/firmafotografen.no\/en\/wp-json\/wp\/v2\/users\/1"}],"replies":[{"embeddable":true,"href":"https:\/\/firmafotografen.no\/en\/wp-json\/wp\/v2\/comments?post=842"}],"version-history":[{"count":0,"href":"https:\/\/firmafotografen.no\/en\/wp-json\/wp\/v2\/pages\/842\/revisions"}],"wp:featuredmedia":[{"embeddable":true,"href":"https:\/\/firmafotografen.no\/en\/wp-json\/wp\/v2\/media\/1993"}],"wp:attachment":[{"href":"https:\/\/firmafotografen.no\/en\/wp-json\/wp\/v2\/media?parent=842"}],"curies":[{"name":"wp","href":"https:\/\/api.w.org\/{rel}","templated":true}]}}