{"id":92,"date":"2017-07-05T06:06:24","date_gmt":"2017-07-05T06:06:24","guid":{"rendered":"https:\/\/firmafotografen.no\/?page_id=92"},"modified":"2018-04-27T13:09:32","modified_gmt":"2018-04-27T13:09:32","slug":"indtorduksjonsvideo-kort-lang","status":"publish","type":"page","link":"https:\/\/firmafotografen.no\/en\/video-opptak-filmproduksjon\/indtorduksjonsvideo-kort-lang\/","title":{"rendered":"Indtorduksjonsvideo Kort- Lang"},"content":{"rendered":"<strong>5-10 sekunders reklamefilm<\/strong>\r\n\r\nEgnet godt for direkte til poenget meldinger, hvor seer ikke f\u00e5r en sjanse til \u00e5 unng\u00e5 meldingen\\budskapet. Lengden er ikke s\u00e5 plagsom for audiensen.\r\nSuperkorte reklamefilmer har blitt mer og mer populert takket v\u00e6re sosiale medier og websider, ettersom lange reklamer blir irriterende for mange.\r\n\r\nDen korte versjonen kan v\u00e6re en utklipp av en lenger reklame med mer detaljert innhold og egner seg for \u00e5 p\u00e5minne budskapet. Denne lengden er ogs\u00e5 mer budsjettvennlig og kan brukes til \u00e5 n\u00e5 mange seere med sine korte sekvenser. Nedsiden er kanskje at det i blant blir litt for kort for \u00e5 f\u00e5 budskapet over og egner seg ikke til alle proukter eller tjenester.\r\n\r\n<strong>15 sekunders reklamefilm<\/strong>\r\n\r\nDenne lengden gir mer tid til \u00e5 fange seeren og tilbyr en mer effektiv huske prosent blant seere. Dette kan v\u00e6re en god lengde for introduksjonsreklamer der nye tjenester, produkter eller tilbud presenteres.\r\n\r\nBudsjettet er ogs\u00e5 lavere enn lengre reklamefilmer og kan passe mindre til mellomstore bedrifter som har en mindre budsjett godt.\r\n\r\nTiden tilgjengelig er nok til \u00e5 f\u00e5 over budskapet over til seere, selv om det er ganske vanlig at nettbrukere hopper over videon etter 5 sekunder eller f\u00f8rste mulighet de f\u00e5r. 15sekunders filmer har ogs\u00e5 en h\u00f8yere delingsrate i sosiale medier om seeren finner den til \u00e5 v\u00e6re underholdende eller g\u00f8yal nok. Dette kan gi reklamefilmen en gratis ridetur p\u00e5 nett og kan n\u00e5 enda flere uten kostnad og for lengre tid.\r\n\r\nDet er verdt \u00e5 merke at tiden kan v\u00e6re for knapp til \u00e5 synke inn hos seer, men er en utmerket valg spesielt for nettsider med klare budskaper.\r\n\r\n<strong>30 sekunders reklamefilm<\/strong>\r\n\r\nDen mest brukte lengden i dag og popul\u00e6r for st\u00f8rre bedrifter som \u00f8nsker en mer detaljert presentasjon av tjenester og produkter.\r\n30 sekunders video kan v\u00e6re utmerket for reklamer med god humor og som kan f\u00e5 seer til \u00e5 le, underholdningsverdien b\u00f8r settes h\u00f8yt eller b\u00f8r starte med en fengende f\u00f8rste 5 sekunder for \u00e5 fange seer.\r\n\r\nDet kan forventes en h\u00f8yere andel hukommelsesverdi og denne kan kombineres med kortere video for \u00e5 friske opp budskap.\r\nDenne lengden kan v\u00e6re altfor lang for webbruk og egner seg best for Tv og hjemmesider.\r\n\r\n\r\n\r\n<div class=\"SnapLinksContainer\" style=\"margin-left: 0px; margin-top: 0px; display: none;\">\r\n<div class=\"SL_SelectionRect\">\r\n<div class=\"SL_SelectionLabel\"><\/div>\r\n<\/div>\r\n<!-- Used for easily cloning the properly namespaced rect --><\/div>","protected":false},"excerpt":{"rendered":"<p>5-10 sekunders reklamefilm Egnet godt for direkte til poenget meldinger, hvor seer ikke f\u00e5r en sjanse til \u00e5 unng\u00e5 meldingen\\budskapet.<a class=\"ninja_pages_read_more\"  href=\"https:\/\/firmafotografen.no\/en\/video-opptak-filmproduksjon\/indtorduksjonsvideo-kort-lang\/\"><\/a><\/p>\n","protected":false},"author":1,"featured_media":1957,"parent":86,"menu_order":0,"comment_status":"closed","ping_status":"closed","template":"","meta":{"_lmt_disableupdate":"","_lmt_disable":""},"_links":{"self":[{"href":"https:\/\/firmafotografen.no\/en\/wp-json\/wp\/v2\/pages\/92"}],"collection":[{"href":"https:\/\/firmafotografen.no\/en\/wp-json\/wp\/v2\/pages"}],"about":[{"href":"https:\/\/firmafotografen.no\/en\/wp-json\/wp\/v2\/types\/page"}],"author":[{"embeddable":true,"href":"https:\/\/firmafotografen.no\/en\/wp-json\/wp\/v2\/users\/1"}],"replies":[{"embeddable":true,"href":"https:\/\/firmafotografen.no\/en\/wp-json\/wp\/v2\/comments?post=92"}],"version-history":[{"count":0,"href":"https:\/\/firmafotografen.no\/en\/wp-json\/wp\/v2\/pages\/92\/revisions"}],"up":[{"embeddable":true,"href":"https:\/\/firmafotografen.no\/en\/wp-json\/wp\/v2\/pages\/86"}],"wp:featuredmedia":[{"embeddable":true,"href":"https:\/\/firmafotografen.no\/en\/wp-json\/wp\/v2\/media\/1957"}],"wp:attachment":[{"href":"https:\/\/firmafotografen.no\/en\/wp-json\/wp\/v2\/media?parent=92"}],"curies":[{"name":"wp","href":"https:\/\/api.w.org\/{rel}","templated":true}]}}