{"id":1545,"date":"2018-02-25T15:12:55","date_gmt":"2018-02-25T15:12:55","guid":{"rendered":"https:\/\/firmafotografen.no\/?post_type=product&#038;p=1545"},"modified":"2022-11-18T01:26:48","modified_gmt":"2022-11-18T00:26:48","slug":"fotograf-til-bursdag","status":"publish","type":"product","link":"https:\/\/firmafotografen.no\/en\/produkt\/fotograf-til-bursdag\/","title":{"rendered":"Fotograf til bursdag"},"content":{"rendered":"<p>Bursdagsfotografering i Oslo og Akershus omr\u00e5det.<\/p>","protected":false},"excerpt":{"rendered":"<p>Vi tilbyr bursdagsfotografering for b\u00e5de voksne og barn.<br \/>\nFotografen m\u00f8ter opp til avtalt tid og fotograferer i hele oppdragslengden.<br \/>\nDu bestemmer selv hvor lenge du \u00f8nsker fotografen til stede og dette avtales ved bestilling. Vi opererer med x antall bilder som leveres i v\u00e5r digitale l\u00f8sning 2-3 dager etter endt oppdrag.<\/p>\n<p>&nbsp;<\/p>\n<p><strong>Privacy og publisering<\/strong><\/p>\n<p>Vi setter stor fokus p\u00e5 personvern og publiserer dermed ikke personbilder p\u00e5 nett uten s\u00e6rlig godkjenning.<\/p>\n<p>Mange fotografer velger \u00e5 publisere sitt arbeid p\u00e5 sine hjemmesider eller nett og disse bildene sprer seg ofte ukontrollert uten kontroll.<\/p>\n<p>Hos firmafotografen <strong>forblir private bilder private<\/strong>.<\/p>\n<p>&nbsp;<\/p>\n","protected":false},"featured_media":4131,"comment_status":"open","ping_status":"closed","template":"","meta":{"_lmt_disableupdate":"no","_lmt_disable":""},"product_cat":[194,202],"product_tag":[],"_links":{"self":[{"href":"https:\/\/firmafotografen.no\/en\/wp-json\/wp\/v2\/product\/1545"}],"collection":[{"href":"https:\/\/firmafotografen.no\/en\/wp-json\/wp\/v2\/product"}],"about":[{"href":"https:\/\/firmafotografen.no\/en\/wp-json\/wp\/v2\/types\/product"}],"replies":[{"embeddable":true,"href":"https:\/\/firmafotografen.no\/en\/wp-json\/wp\/v2\/comments?post=1545"}],"wp:featuredmedia":[{"embeddable":true,"href":"https:\/\/firmafotografen.no\/en\/wp-json\/wp\/v2\/media\/4131"}],"wp:attachment":[{"href":"https:\/\/firmafotografen.no\/en\/wp-json\/wp\/v2\/media?parent=1545"}],"wp:term":[{"taxonomy":"product_cat","embeddable":true,"href":"https:\/\/firmafotografen.no\/en\/wp-json\/wp\/v2\/product_cat?post=1545"},{"taxonomy":"product_tag","embeddable":true,"href":"https:\/\/firmafotografen.no\/en\/wp-json\/wp\/v2\/product_tag?post=1545"}],"curies":[{"name":"wp","href":"https:\/\/api.w.org\/{rel}","templated":true}]}}