{"id":1564,"date":"2018-02-25T19:58:37","date_gmt":"2018-02-25T19:58:37","guid":{"rendered":"https:\/\/firmafotografen.no\/?post_type=product&#038;p=1564"},"modified":"2022-11-18T01:26:48","modified_gmt":"2022-11-18T00:26:48","slug":"portrett-for-bedrift","status":"publish","type":"product","link":"https:\/\/firmafotografen.no\/en\/produkt\/portrett-for-bedrift\/","title":{"rendered":"Portrett for bedrift"},"content":{"rendered":"<p>Kontakt oss for prisoversikt, gjennomgang eller planlegging for bedriftsfotografering.<\/p>\r\n<p>Vi kan gi gode rabatter for st\u00f8rre oppdrag og det er mulig \u00e5 bestille kombinasjoner som portrettbilder og julebordfotografering.<\/p>\r\n<p>Prisene er veiledende og oppdragsdato bekreftes innen 24 timer.<br>Vi anbefaler \u00e5 booke i god tid f\u00f8r \u00f8nsket dato, da det til tider kan v\u00e6re stor oppdragsp\u00e5gang.<\/p>","protected":false},"excerpt":{"rendered":"<p>Komplette l\u00f8sninger for portrettfotografering av ansatte og ledelse.<\/p>\n","protected":false},"featured_media":0,"comment_status":"open","ping_status":"closed","template":"","meta":{"_lmt_disableupdate":"no","_lmt_disable":""},"product_cat":[204],"product_tag":[206,205],"_links":{"self":[{"href":"https:\/\/firmafotografen.no\/en\/wp-json\/wp\/v2\/product\/1564"}],"collection":[{"href":"https:\/\/firmafotografen.no\/en\/wp-json\/wp\/v2\/product"}],"about":[{"href":"https:\/\/firmafotografen.no\/en\/wp-json\/wp\/v2\/types\/product"}],"replies":[{"embeddable":true,"href":"https:\/\/firmafotografen.no\/en\/wp-json\/wp\/v2\/comments?post=1564"}],"wp:attachment":[{"href":"https:\/\/firmafotografen.no\/en\/wp-json\/wp\/v2\/media?parent=1564"}],"wp:term":[{"taxonomy":"product_cat","embeddable":true,"href":"https:\/\/firmafotografen.no\/en\/wp-json\/wp\/v2\/product_cat?post=1564"},{"taxonomy":"product_tag","embeddable":true,"href":"https:\/\/firmafotografen.no\/en\/wp-json\/wp\/v2\/product_tag?post=1564"}],"curies":[{"name":"wp","href":"https:\/\/api.w.org\/{rel}","templated":true}]}}